{"id":969,"date":"2022-09-01T11:04:50","date_gmt":"2022-09-01T09:04:50","guid":{"rendered":"http:\/\/loeilduloup.fr\/?page_id=969"},"modified":"2024-06-19T11:06:27","modified_gmt":"2024-06-19T09:06:27","slug":"ateliers-en-milieu-scolaire","status":"publish","type":"page","link":"https:\/\/loeilduloup.fr\/en\/ateliers-en-milieu-scolaire\/","title":{"rendered":"Workshops in schools"},"content":{"rendered":"<p><strong><mark style=\"background-color:rgba(0, 0, 0, 0);color:#aa2d66\" class=\"has-inline-color\">Developing critical thinking and the culture of consent in the love and sex lives of teenagers<\/mark><\/strong><\/p>\n\n\n\n<p>During our various visits to secondary schools, the statements and questions of young people show us how much <strong>sexuality can be a source of ignorance and confusion<\/strong>, misunderstanding and anxiety (methods of contraction and treatment of STIs, means of contraception, anatomy, risk-taking, etc.). Above all, to what extent<strong> it is the subject of beliefs<\/strong> <strong>who<\/strong>, for some, <strong>may<\/strong> <strong>lead to risk-taking<\/strong> as well as a failure to respect others or to listen to oneself in one's own desires.<\/p>\n\n\n\n<p>Even today, girls and boys still have a very stereotypical view of their roles and places in society, their relationships and sexuality. For example, we see that the deeply rooted belief that men are not capable of controlling themselves sexually or have greater sexual needs than women often serves to justify sexist and sexual violence.<\/p>\n\n\n\n<p><strong><mark style=\"background-color:rgba(0, 0, 0, 0);color:#66bcbe\" class=\"has-inline-color\">PUBLIC<\/mark><\/strong><br>Pupils of secondary schools, high schools, SEGPA<\/p>\n\n\n\n<p><strong><mark style=\"background-color:rgba(0, 0, 0, 0);color:#66bcbe\" class=\"has-inline-color\">FORMATS AND TYPES OF INTERVENTIONS<\/mark><\/strong><br>2 (or more) 2-hour sessions in half a class. A facilitator in each half-group.<br>\u2013 Discussion and awareness-raising groups&nbsp;<br>- Moving debate<\/p>\n\n\n\n<div class=\"wp-block-columns is-layout-flex wp-container-core-columns-is-layout-9d6595d7 wp-block-columns-is-layout-flex\">\n<div class=\"wp-block-column is-vertically-aligned-top is-layout-flow wp-block-column-is-layout-flow\">\n<p><strong><mark style=\"background-color:rgba(0, 0, 0, 0);color:#66bcbe\" class=\"has-inline-color\">AIMS<\/mark><mark style=\"background-color:rgba(0, 0, 0, 0);color:#66bcbe\" class=\"has-inline-color\"><\/mark><\/strong><\/p>\n\n\n\n<ul class=\"wp-block-list\">\n<li>Stimulating critical thinking<\/li>\n\n\n\n<li>Begin the deconstruction of representations, stereotypes and prejudices<\/li>\n\n\n\n<li>Developing self-awareness and awareness of one's behavior<\/li>\n\n\n\n<li>Strengthening the power to act<\/li>\n\n\n\n<li>Acquire the knowledge necessary to take care of your relational, emotional and sexual life<\/li>\n<\/ul>\n<\/div>\n\n\n\n<div class=\"wp-block-column is-vertically-aligned-top is-layout-flow wp-block-column-is-layout-flow\">\n<p><strong><mark style=\"background-color:rgba(0, 0, 0, 0);color:#66bcbe\" class=\"has-inline-color\">SUBJECTS<\/mark><\/strong><\/p>\n\n\n\n<ul class=\"wp-block-list\">\n<li>Inequalities and discrimination<\/li>\n\n\n\n<li>Relationships between girls and boys, sexism, LGBTQIphobias, gender issues<\/li>\n\n\n\n<li>Anatomy, puberty<\/li>\n\n\n\n<li>Drague, s\u00e9duction, sentiment amoureux<\/li>\n\n\n\n<li>Staring, social pressures<\/li>\n\n\n\n<li>Emotional, relational and sexual life, risk prevention and violence prevention<\/li>\n<\/ul>\n<\/div>\n<\/div>\n\n\n\n<p class=\"has-text-align-center has-medium-font-size\"><strong><a href=\"http:\/\/loeilduloup.fr\/en\/contact\/\"><mark style=\"background-color:rgba(0, 0, 0, 0);color:#db6232\" class=\"has-inline-color\">Nous contacter pour organiser un atelier<\/mark><\/a><\/strong><\/p>","protected":false},"excerpt":{"rendered":"<p>D\u00e9velopper l&rsquo;esprit critique et la culture du consentement dans la vie amoureuse et sexuelle des adolescents Lors de nos diverses interventions en coll\u00e8ges et lyc\u00e9es, les affirmations et questionnements des jeunes nous montrent \u00e0 quel point la sexualit\u00e9 peut \u00eatre source d\u2019ignorance et de confusion, d\u2019incompr\u00e9hension et d\u2019anxi\u00e9t\u00e9 (modes de contraction et soin des IST,&hellip; <a href=\"https:\/\/loeilduloup.fr\/en\/ateliers-en-milieu-scolaire\/\" class=\"more-link\">Continue reading <span class=\"screen-reader-text\">Workshops in schools<\/span><\/a><\/p>","protected":false},"author":1,"featured_media":1121,"parent":0,"menu_order":0,"comment_status":"closed","ping_status":"closed","template":"templates\/full-width-page.php","meta":{"footnotes":""},"tags":[],"class_list":["post-969","page","type-page","status-publish","has-post-thumbnail","hentry","without-featured-image"],"yoast_head":"<!-- This site is optimized with the Yoast SEO plugin v27.4 - https:\/\/yoast.com\/product\/yoast-seo-wordpress\/ -->\n<title>Ateliers en milieu scolaire -<\/title>\n<meta name=\"robots\" content=\"index, follow, max-snippet:-1, max-image-preview:large, max-video-preview:-1\" \/>\n<link rel=\"canonical\" href=\"https:\/\/loeilduloup.fr\/en\/ateliers-en-milieu-scolaire\/\" \/>\n<meta property=\"og:locale\" content=\"en_GB\" \/>\n<meta property=\"og:type\" content=\"article\" \/>\n<meta property=\"og:title\" content=\"Ateliers en milieu scolaire -\" \/>\n<meta property=\"og:description\" content=\"D\u00e9velopper l&rsquo;esprit critique et la culture du consentement dans la vie amoureuse et sexuelle des adolescents Lors de nos diverses interventions en coll\u00e8ges et lyc\u00e9es, les affirmations et questionnements des jeunes nous montrent \u00e0 quel point la sexualit\u00e9 peut \u00eatre source d\u2019ignorance et de confusion, d\u2019incompr\u00e9hension et d\u2019anxi\u00e9t\u00e9 (modes de contraction et soin des IST,&hellip; Continue reading Ateliers en milieu scolaire\" \/>\n<meta property=\"og:url\" content=\"https:\/\/loeilduloup.fr\/en\/ateliers-en-milieu-scolaire\/\" \/>\n<meta property=\"article:modified_time\" content=\"2024-06-19T09:06:27+00:00\" \/>\n<meta property=\"og:image\" content=\"https:\/\/loeilduloup.fr\/wp-content\/uploads\/2022\/09\/Bannie\u0300re-site-scolaire1-1024x512.png\" \/>\n\t<meta property=\"og:image:width\" content=\"1024\" \/>\n\t<meta property=\"og:image:height\" content=\"512\" \/>\n\t<meta property=\"og:image:type\" content=\"image\/png\" \/>\n<meta name=\"twitter:card\" content=\"summary_large_image\" \/>\n<meta name=\"twitter:label1\" content=\"Estimated reading time\" \/>\n\t<meta name=\"twitter:data1\" content=\"2 minutes\" \/>\n<script type=\"application\/ld+json\" class=\"yoast-schema-graph\">{\"@context\":\"https:\\\/\\\/schema.org\",\"@graph\":[{\"@type\":\"WebPage\",\"@id\":\"https:\\\/\\\/loeilduloup.fr\\\/ateliers-en-milieu-scolaire\\\/\",\"url\":\"https:\\\/\\\/loeilduloup.fr\\\/ateliers-en-milieu-scolaire\\\/\",\"name\":\"Ateliers en milieu scolaire -\",\"isPartOf\":{\"@id\":\"https:\\\/\\\/loeilduloup.fr\\\/#website\"},\"primaryImageOfPage\":{\"@id\":\"https:\\\/\\\/loeilduloup.fr\\\/ateliers-en-milieu-scolaire\\\/#primaryimage\"},\"image\":{\"@id\":\"https:\\\/\\\/loeilduloup.fr\\\/ateliers-en-milieu-scolaire\\\/#primaryimage\"},\"thumbnailUrl\":\"https:\\\/\\\/i0.wp.com\\\/loeilduloup.fr\\\/wp-content\\\/uploads\\\/2022\\\/09\\\/Bannie%CC%80re-site-scolaire1.png?fit=6912%2C3456&ssl=1\",\"datePublished\":\"2022-09-01T09:04:50+00:00\",\"dateModified\":\"2024-06-19T09:06:27+00:00\",\"breadcrumb\":{\"@id\":\"https:\\\/\\\/loeilduloup.fr\\\/ateliers-en-milieu-scolaire\\\/#breadcrumb\"},\"inLanguage\":\"en-GB\",\"potentialAction\":[{\"@type\":\"ReadAction\",\"target\":[\"https:\\\/\\\/loeilduloup.fr\\\/ateliers-en-milieu-scolaire\\\/\"]}]},{\"@type\":\"ImageObject\",\"inLanguage\":\"en-GB\",\"@id\":\"https:\\\/\\\/loeilduloup.fr\\\/ateliers-en-milieu-scolaire\\\/#primaryimage\",\"url\":\"https:\\\/\\\/i0.wp.com\\\/loeilduloup.fr\\\/wp-content\\\/uploads\\\/2022\\\/09\\\/Bannie%CC%80re-site-scolaire1.png?fit=6912%2C3456&ssl=1\",\"contentUrl\":\"https:\\\/\\\/i0.wp.com\\\/loeilduloup.fr\\\/wp-content\\\/uploads\\\/2022\\\/09\\\/Bannie%CC%80re-site-scolaire1.png?fit=6912%2C3456&ssl=1\",\"width\":6912,\"height\":3456},{\"@type\":\"BreadcrumbList\",\"@id\":\"https:\\\/\\\/loeilduloup.fr\\\/ateliers-en-milieu-scolaire\\\/#breadcrumb\",\"itemListElement\":[{\"@type\":\"ListItem\",\"position\":1,\"name\":\"Accueil\",\"item\":\"https:\\\/\\\/loeilduloup.fr\\\/\"},{\"@type\":\"ListItem\",\"position\":2,\"name\":\"Ateliers en milieu scolaire\"}]},{\"@type\":\"WebSite\",\"@id\":\"https:\\\/\\\/loeilduloup.fr\\\/#website\",\"url\":\"https:\\\/\\\/loeilduloup.fr\\\/\",\"name\":\"\",\"description\":\"Promouvoir le bien-\u00eatre pour r\u00e9duire les violences\",\"potentialAction\":[{\"@type\":\"SearchAction\",\"target\":{\"@type\":\"EntryPoint\",\"urlTemplate\":\"https:\\\/\\\/loeilduloup.fr\\\/?s={search_term_string}\"},\"query-input\":{\"@type\":\"PropertyValueSpecification\",\"valueRequired\":true,\"valueName\":\"search_term_string\"}}],\"inLanguage\":\"en-GB\"}]}<\/script>\n<!-- \/ Yoast SEO plugin. -->","yoast_head_json":{"title":"Ateliers en milieu scolaire -","robots":{"index":"index","follow":"follow","max-snippet":"max-snippet:-1","max-image-preview":"max-image-preview:large","max-video-preview":"max-video-preview:-1"},"canonical":"https:\/\/loeilduloup.fr\/en\/ateliers-en-milieu-scolaire\/","og_locale":"en_GB","og_type":"article","og_title":"Ateliers en milieu scolaire -","og_description":"D\u00e9velopper l&rsquo;esprit critique et la culture du consentement dans la vie amoureuse et sexuelle des adolescents Lors de nos diverses interventions en coll\u00e8ges et lyc\u00e9es, les affirmations et questionnements des jeunes nous montrent \u00e0 quel point la sexualit\u00e9 peut \u00eatre source d\u2019ignorance et de confusion, d\u2019incompr\u00e9hension et d\u2019anxi\u00e9t\u00e9 (modes de contraction et soin des IST,&hellip; Continue reading Ateliers en milieu scolaire","og_url":"https:\/\/loeilduloup.fr\/en\/ateliers-en-milieu-scolaire\/","article_modified_time":"2024-06-19T09:06:27+00:00","og_image":[{"width":1024,"height":512,"url":"https:\/\/loeilduloup.fr\/wp-content\/uploads\/2022\/09\/Bannie\u0300re-site-scolaire1-1024x512.png","type":"image\/png"}],"twitter_card":"summary_large_image","twitter_misc":{"Estimated reading time":"2 minutes"},"schema":{"@context":"https:\/\/schema.org","@graph":[{"@type":"WebPage","@id":"https:\/\/loeilduloup.fr\/ateliers-en-milieu-scolaire\/","url":"https:\/\/loeilduloup.fr\/ateliers-en-milieu-scolaire\/","name":"Ateliers en milieu scolaire -","isPartOf":{"@id":"https:\/\/loeilduloup.fr\/#website"},"primaryImageOfPage":{"@id":"https:\/\/loeilduloup.fr\/ateliers-en-milieu-scolaire\/#primaryimage"},"image":{"@id":"https:\/\/loeilduloup.fr\/ateliers-en-milieu-scolaire\/#primaryimage"},"thumbnailUrl":"https:\/\/i0.wp.com\/loeilduloup.fr\/wp-content\/uploads\/2022\/09\/Bannie%CC%80re-site-scolaire1.png?fit=6912%2C3456&ssl=1","datePublished":"2022-09-01T09:04:50+00:00","dateModified":"2024-06-19T09:06:27+00:00","breadcrumb":{"@id":"https:\/\/loeilduloup.fr\/ateliers-en-milieu-scolaire\/#breadcrumb"},"inLanguage":"en-GB","potentialAction":[{"@type":"ReadAction","target":["https:\/\/loeilduloup.fr\/ateliers-en-milieu-scolaire\/"]}]},{"@type":"ImageObject","inLanguage":"en-GB","@id":"https:\/\/loeilduloup.fr\/ateliers-en-milieu-scolaire\/#primaryimage","url":"https:\/\/i0.wp.com\/loeilduloup.fr\/wp-content\/uploads\/2022\/09\/Bannie%CC%80re-site-scolaire1.png?fit=6912%2C3456&ssl=1","contentUrl":"https:\/\/i0.wp.com\/loeilduloup.fr\/wp-content\/uploads\/2022\/09\/Bannie%CC%80re-site-scolaire1.png?fit=6912%2C3456&ssl=1","width":6912,"height":3456},{"@type":"BreadcrumbList","@id":"https:\/\/loeilduloup.fr\/ateliers-en-milieu-scolaire\/#breadcrumb","itemListElement":[{"@type":"ListItem","position":1,"name":"Accueil","item":"https:\/\/loeilduloup.fr\/"},{"@type":"ListItem","position":2,"name":"Ateliers en milieu scolaire"}]},{"@type":"WebSite","@id":"https:\/\/loeilduloup.fr\/#website","url":"https:\/\/loeilduloup.fr\/","name":"","description":"Promoting well-being to reduce violence","potentialAction":[{"@type":"SearchAction","target":{"@type":"EntryPoint","urlTemplate":"https:\/\/loeilduloup.fr\/?s={search_term_string}"},"query-input":{"@type":"PropertyValueSpecification","valueRequired":true,"valueName":"search_term_string"}}],"inLanguage":"en-GB"}]}},"jetpack-related-posts":[{"id":1347,"url":"https:\/\/loeilduloup.fr\/en\/formations\/formation-adolescence-consentement\/","url_meta":{"origin":969,"position":0},"title":"Lutter contres les st\u00e9r\u00e9otypes de genre pour pr\u00e9venir les violences dans les m\u00e9tiers de l\u2019animation","author":"L'oeil du Loup","date":"5 October 2022","format":false,"excerpt":"Violences sexistes et sexuelles chez les adolescent\u00b7es : pr\u00e9venir et agir Depuis sept ans, nous menons de nombreuses interventions de promotion de l\u2019\u00e9galit\u00e9 de genre et d\u2019\u00e9ducation \u00e0 la vie affective, relationnelle et sexuelle aupr\u00e8s de diff\u00e9rents publics, dans lesquelles la question du consentement tient une place majeure. Ces interventions\u2026","rel":"","context":"Similar post","block_context":{"text":"Similar post","link":""},"img":{"alt_text":"","src":"https:\/\/i0.wp.com\/loeilduloup.fr\/wp-content\/uploads\/2017\/12\/cropped-Banniere_site_ODL.jpg?fit=1180%2C435&ssl=1&resize=350%2C200","width":350,"height":200,"srcset":"https:\/\/i0.wp.com\/loeilduloup.fr\/wp-content\/uploads\/2017\/12\/cropped-Banniere_site_ODL.jpg?fit=1180%2C435&ssl=1&resize=350%2C200 1x, https:\/\/i0.wp.com\/loeilduloup.fr\/wp-content\/uploads\/2017\/12\/cropped-Banniere_site_ODL.jpg?fit=1180%2C435&ssl=1&resize=525%2C300 1.5x, https:\/\/i0.wp.com\/loeilduloup.fr\/wp-content\/uploads\/2017\/12\/cropped-Banniere_site_ODL.jpg?fit=1180%2C435&ssl=1&resize=700%2C400 2x, https:\/\/i0.wp.com\/loeilduloup.fr\/wp-content\/uploads\/2017\/12\/cropped-Banniere_site_ODL.jpg?fit=1180%2C435&ssl=1&resize=1050%2C600 3x"},"classes":[]},{"id":1525,"url":"https:\/\/loeilduloup.fr\/en\/formation-competences-psychosociales\/","url_meta":{"origin":969,"position":1},"title":"Comp\u00e9tences Psychosociales et pratique professionnelle","author":"L'oeil du Loup","date":"13 June 2023","format":false,"excerpt":"Int\u00e9grer les CPS dans sa pratique professionnelle Les comp\u00e9tences psychosociales (CPS) sont un ensemble de capacit\u00e9s cognitives, \u00e9motionnelles et sociales qui augmentent l'autonomie, favorisent le bien-\u00eatre psychique et le d\u00e9veloppent d\u2019interactions constructives. Les recherches internationales des trente derni\u00e8res ann\u00e9es montrent que le d\u00e9veloppement des CPS est essentiel pour la sant\u00e9\u2026","rel":"","context":"Similar post","block_context":{"text":"Similar post","link":""},"img":{"alt_text":"","src":"","width":0,"height":0},"classes":[]},{"id":946,"url":"https:\/\/loeilduloup.fr\/en\/structures-sociales\/","url_meta":{"origin":969,"position":2},"title":"Workshops in social organizations","author":"L'oeil du Loup","date":"31 August 2022","format":false,"excerpt":"R\u00e9pondre aux in\u00e9galit\u00e9s sociales de sant\u00e9 Nous collaborons avec diverses structures sociales pour intervenir aupr\u00e8s de femmes victimes de violences, ancien\u00b7nes d\u00e9tenu\u00b7es, personnes au parcours migratoire souvent jalonn\u00e9 de violences... Ces publics dits \"vuln\u00e9rables aux risques de sant\u00e9\" forment des groupes d'une grande h\u00e9t\u00e9rog\u00e9n\u00e9it\u00e9 : ma\u00eetrise du fran\u00e7ais, origine sociale\u2026","rel":"","context":"Similar post","block_context":{"text":"Similar post","link":""},"img":{"alt_text":"","src":"https:\/\/i0.wp.com\/loeilduloup.fr\/wp-content\/uploads\/2022\/10\/Banniere-site-social-scaled.jpg?fit=1200%2C600&ssl=1&resize=350%2C200","width":350,"height":200,"srcset":"https:\/\/i0.wp.com\/loeilduloup.fr\/wp-content\/uploads\/2022\/10\/Banniere-site-social-scaled.jpg?fit=1200%2C600&ssl=1&resize=350%2C200 1x, https:\/\/i0.wp.com\/loeilduloup.fr\/wp-content\/uploads\/2022\/10\/Banniere-site-social-scaled.jpg?fit=1200%2C600&ssl=1&resize=525%2C300 1.5x, https:\/\/i0.wp.com\/loeilduloup.fr\/wp-content\/uploads\/2022\/10\/Banniere-site-social-scaled.jpg?fit=1200%2C600&ssl=1&resize=700%2C400 2x, https:\/\/i0.wp.com\/loeilduloup.fr\/wp-content\/uploads\/2022\/10\/Banniere-site-social-scaled.jpg?fit=1200%2C600&ssl=1&resize=1050%2C600 3x"},"classes":[]},{"id":2023,"url":"https:\/\/loeilduloup.fr\/en\/ressources-2\/la-serie-audio-educative-nour-marin-et-les-perles-de-magie\/","url_meta":{"origin":969,"position":3},"title":"S\u00e9rie audio \u00e9ducative \u00ab Nour, Marin et les perles de magie \u00bb","author":"L'oeil du Loup","date":"10 April 2026","format":false,"excerpt":"Comment parler de consentement, de respect du corps et des \u00e9motions avec les enfants d\u00e8s 5 ans, de mani\u00e8re accessible et adapt\u00e9e ? C\u2019est tout l\u2019enjeu de notre s\u00e9rie audio \u00ab Nour, Marin et les perles de magie \u00bb, con\u00e7ue comme un outil p\u00e9dagogique innovant au service de la pr\u00e9vention\u2026","rel":"","context":"Similar post","block_context":{"text":"Similar post","link":""},"img":{"alt_text":"","src":"https:\/\/i0.wp.com\/loeilduloup.fr\/wp-content\/uploads\/2026\/04\/clap-audio-logo.webp?resize=350%2C200","width":350,"height":200},"classes":[]},{"id":1985,"url":"https:\/\/loeilduloup.fr\/en\/les-competences-psychosociales\/","url_meta":{"origin":969,"position":4},"title":"Les comp\u00e9tences psychosociales","author":"L'oeil du Loup","date":"22 April 2025","format":false,"excerpt":"Les comp\u00e9tences psychosociales (CPS) constituent un ensemble int\u00e9gr\u00e9 de capacit\u00e9s cognitives, \u00e9motionnelles et sociales. Elles favorisent l\u2019autonomie, le bien\u2011\u00eatre psychique et la qualit\u00e9 des interactions en activant les fonctions ex\u00e9cutives du cerveau, comme la concentration et la prise de d\u00e9cision, tout en limitant les r\u00e9actions impulsives face au stress1. Pourquoi\u2026","rel":"","context":"Similar post","block_context":{"text":"Similar post","link":""},"img":{"alt_text":"","src":"","width":0,"height":0},"classes":[]},{"id":802,"url":"https:\/\/loeilduloup.fr\/en\/","url_meta":{"origin":969,"position":5},"title":"Our perspective","author":"L'oeil du Loup","date":"30 August 2022","format":false,"excerpt":"L\u2019\u0153il du loup est une association de pr\u00e9vention des violences et de promotion du bien-\u00eatre, sp\u00e9cialis\u00e9e dans la pr\u00e9vention des violences sexistes et sexuelles (VSS). Depuis 2015, L\u2019\u0153il du loup d\u00e9veloppe des actions de pr\u00e9vention aupr\u00e8s d\u2019enfants, de jeunes et d\u2019adultes, avec une p\u00e9dagogie active qui allie conscience de soi,\u2026","rel":"","context":"In \"approche\"","block_context":{"text":"approche","link":"https:\/\/loeilduloup.fr\/en\/tag\/approche\/"},"img":{"alt_text":"","src":"https:\/\/i0.wp.com\/loeilduloup.fr\/wp-content\/uploads\/2017\/12\/Banniere_site_ODL.jpg?fit=1200%2C576&ssl=1&resize=350%2C200","width":350,"height":200,"srcset":"https:\/\/i0.wp.com\/loeilduloup.fr\/wp-content\/uploads\/2017\/12\/Banniere_site_ODL.jpg?fit=1200%2C576&ssl=1&resize=350%2C200 1x, https:\/\/i0.wp.com\/loeilduloup.fr\/wp-content\/uploads\/2017\/12\/Banniere_site_ODL.jpg?fit=1200%2C576&ssl=1&resize=525%2C300 1.5x, https:\/\/i0.wp.com\/loeilduloup.fr\/wp-content\/uploads\/2017\/12\/Banniere_site_ODL.jpg?fit=1200%2C576&ssl=1&resize=700%2C400 2x, https:\/\/i0.wp.com\/loeilduloup.fr\/wp-content\/uploads\/2017\/12\/Banniere_site_ODL.jpg?fit=1200%2C576&ssl=1&resize=1050%2C600 3x"},"classes":[]}],"jetpack_sharing_enabled":true,"_links":{"self":[{"href":"https:\/\/loeilduloup.fr\/en\/wp-json\/wp\/v2\/pages\/969","targetHints":{"allow":["GET"]}}],"collection":[{"href":"https:\/\/loeilduloup.fr\/en\/wp-json\/wp\/v2\/pages"}],"about":[{"href":"https:\/\/loeilduloup.fr\/en\/wp-json\/wp\/v2\/types\/page"}],"author":[{"embeddable":true,"href":"https:\/\/loeilduloup.fr\/en\/wp-json\/wp\/v2\/users\/1"}],"replies":[{"embeddable":true,"href":"https:\/\/loeilduloup.fr\/en\/wp-json\/wp\/v2\/comments?post=969"}],"version-history":[{"count":20,"href":"https:\/\/loeilduloup.fr\/en\/wp-json\/wp\/v2\/pages\/969\/revisions"}],"predecessor-version":[{"id":1652,"href":"https:\/\/loeilduloup.fr\/en\/wp-json\/wp\/v2\/pages\/969\/revisions\/1652"}],"wp:featuredmedia":[{"embeddable":true,"href":"https:\/\/loeilduloup.fr\/en\/wp-json\/wp\/v2\/media\/1121"}],"wp:attachment":[{"href":"https:\/\/loeilduloup.fr\/en\/wp-json\/wp\/v2\/media?parent=969"}],"wp:term":[{"taxonomy":"post_tag","embeddable":true,"href":"https:\/\/loeilduloup.fr\/en\/wp-json\/wp\/v2\/tags?post=969"}],"curies":[{"name":"wp","href":"https:\/\/api.w.org\/{rel}","templated":true}]}}