{"id":946,"date":"2022-08-31T17:15:36","date_gmt":"2022-08-31T15:15:36","guid":{"rendered":"http:\/\/loeilduloup.fr\/?page_id=946"},"modified":"2024-06-19T11:06:48","modified_gmt":"2024-06-19T09:06:48","slug":"structures-sociales","status":"publish","type":"page","link":"https:\/\/loeilduloup.fr\/en\/structures-sociales\/","title":{"rendered":"Workshops in social organizations"},"content":{"rendered":"<p><strong><mark style=\"background-color:rgba(0, 0, 0, 0);color:#aa2d66\" class=\"has-inline-color\">Addressing social inequalities in health<\/mark><\/strong><\/p>\n\n\n\n<p>We work with various social organizations to provide support to women who are victims of violence, former prisoners, people with a migration background often marked by violence, etc. These <strong>members of the public considered \u201cvulnerable to health risks\u201d<\/strong> form groups of <strong>great diversity<\/strong> : proficiency in French, social and cultural background, level of education and knowledge, etc.<\/p>\n\n\n\n<p>Social inequalities in health are systematic, avoidable and significant differences in health observed between social groups. <strong>These social health inequalities also imply less autonomy from a health point of view.<\/strong> : lack of knowledge about social rights and assistance, lack of knowledge about resource centers, difficulties in asking for help, discrimination in access to care, etc.<\/p>\n\n\n\n<p>Our work, which is <strong>primarily in co-construction with the reception facilities<\/strong>, therefore, covers several angles. The first is to <strong>restoring an active posture and the power to act in people<\/strong> by our participative and non-judgmental approach. The second is to <strong>make fundamental knowledge about health accessible<\/strong> : anatomy, reproduction, contraception, STI prevention, definition of sexual violence and consent.<\/p>\n\n\n\n<p>Our workshops are also an opportunity to create a space for <strong>discussion on the relational dimension of sexuality through the development of psychosocial skills<\/strong>, with a particular focus on identifying and expressing emotions, communication and the issue of sexual consent. The issues of self-respect and respect for others are given a great deal of attention.<\/p>\n\n\n\n<p><strong><mark style=\"background-color:rgba(0, 0, 0, 0);color:#66bcbe\" class=\"has-inline-color\">PUBLIC<\/mark><\/strong><br>Young people, unaccompanied minors, adults in social centers, reception and social integration centers, children's homes, etc.<\/p>\n\n\n\n<p><strong><mark style=\"background-color:rgba(0, 0, 0, 0);color:#66bcbe\" class=\"has-inline-color\">FORMATS AND TYPE OF INTERVENTION<\/mark><\/strong><br>One or more sessions lasting 1 hour 30 minutes each (maximum 15 people)<br>\u2013 Discussion and awareness-raising groups<br>- Moving debate<\/p>\n\n\n\n<div class=\"wp-block-columns is-layout-flex wp-container-core-columns-is-layout-9d6595d7 wp-block-columns-is-layout-flex\">\n<div class=\"wp-block-column is-layout-flow wp-block-column-is-layout-flow\">\n<p><strong><mark style=\"background-color:rgba(0, 0, 0, 0);color:#66bcbe\" class=\"has-inline-color\">AIMS<\/mark><mark style=\"background-color:rgba(0, 0, 0, 0);color:#66bcbe\" class=\"has-inline-color\"><\/mark><\/strong><\/p>\n\n\n\n<ul class=\"wp-block-list\">\n<li>Stimulating critical thinking<\/li>\n\n\n\n<li>Begin the deconstruction of representations, stereotypes and prejudices<\/li>\n\n\n\n<li>Developing self-awareness and awareness of one's behavior<\/li>\n\n\n\n<li>Strengthening the power to act<\/li>\n\n\n\n<li>Acquire the knowledge necessary to take care of your relational, emotional and sexual life<\/li>\n<\/ul>\n<\/div>\n\n\n\n<div class=\"wp-block-column is-layout-flow wp-block-column-is-layout-flow\">\n<p><strong><mark style=\"background-color:rgba(0, 0, 0, 0);color:#66bcbe\" class=\"has-inline-color\">SUBJECTS<\/mark><\/strong><\/p>\n\n\n\n<ul class=\"wp-block-list\">\n<li>Inequalities and discrimination<\/li>\n\n\n\n<li>Relationships between girls and boys, sexism, LGBTQIphobias, gender issues<\/li>\n\n\n\n<li>Anatomy, puberty<\/li>\n\n\n\n<li>Drague, s\u00e9duction, sentiment amoureux<\/li>\n\n\n\n<li>Sexual and emotional life, risk prevention and violence prevention<\/li>\n<\/ul>\n<\/div>\n<\/div>\n\n\n\n<div class=\"wp-block-file\"><a id=\"wp-block-file--media-1e490988-20aa-46f4-9607-dfee21d41261\" href=\"http:\/\/loeilduloup.fr\/wp-content\/uploads\/2023\/01\/ProgAnim-AES-structures-sociales.pdf\">Consulter notre programme d&rsquo;animation<\/a><a href=\"http:\/\/loeilduloup.fr\/wp-content\/uploads\/2023\/01\/ProgAnim-AES-structures-sociales.pdf\" class=\"wp-block-file__button wp-element-button\" download aria-describedby=\"wp-block-file--media-1e490988-20aa-46f4-9607-dfee21d41261\">Download (french language)<\/a><\/div>\n\n\n\n<p class=\"has-text-align-center has-medium-font-size\"><strong><a href=\"http:\/\/loeilduloup.fr\/en\/contact\/\"><mark style=\"background-color:rgba(0, 0, 0, 0);color:#db6232\" class=\"has-inline-color\">Nous contacter pour organiser un atelier<\/mark><\/a><\/strong><\/p>","protected":false},"excerpt":{"rendered":"<p>R\u00e9pondre aux in\u00e9galit\u00e9s sociales de sant\u00e9 Nous collaborons avec diverses structures sociales pour intervenir aupr\u00e8s de femmes victimes de violences, ancien\u00b7nes d\u00e9tenu\u00b7es, personnes au parcours migratoire souvent jalonn\u00e9 de violences&#8230; Ces publics dits \u00ab\u00a0vuln\u00e9rables aux risques de sant\u00e9\u00a0\u00bb forment des groupes d&rsquo;une grande h\u00e9t\u00e9rog\u00e9n\u00e9it\u00e9 : ma\u00eetrise du fran\u00e7ais, origine sociale et culturelle, niveau d&rsquo;\u00e9ducation et&hellip; <a href=\"https:\/\/loeilduloup.fr\/en\/structures-sociales\/\" class=\"more-link\">Continue reading <span class=\"screen-reader-text\">Workshops in social organizations<\/span><\/a><\/p>","protected":false},"author":1,"featured_media":1382,"parent":0,"menu_order":0,"comment_status":"closed","ping_status":"closed","template":"templates\/full-width-page.php","meta":{"footnotes":""},"tags":[],"class_list":["post-946","page","type-page","status-publish","has-post-thumbnail","hentry","without-featured-image"],"yoast_head":"<!-- This site is optimized with the Yoast SEO plugin v27.4 - https:\/\/yoast.com\/product\/yoast-seo-wordpress\/ -->\n<title>Ateliers en structures sociales -<\/title>\n<meta name=\"robots\" content=\"index, follow, max-snippet:-1, max-image-preview:large, max-video-preview:-1\" \/>\n<link rel=\"canonical\" href=\"https:\/\/loeilduloup.fr\/en\/structures-sociales\/\" \/>\n<meta property=\"og:locale\" content=\"en_GB\" \/>\n<meta property=\"og:type\" content=\"article\" \/>\n<meta property=\"og:title\" content=\"Ateliers en structures sociales -\" \/>\n<meta property=\"og:description\" content=\"R\u00e9pondre aux in\u00e9galit\u00e9s sociales de sant\u00e9 Nous collaborons avec diverses structures sociales pour intervenir aupr\u00e8s de femmes victimes de violences, ancien\u00b7nes d\u00e9tenu\u00b7es, personnes au parcours migratoire souvent jalonn\u00e9 de violences&#8230; Ces publics dits \u00ab\u00a0vuln\u00e9rables aux risques de sant\u00e9\u00a0\u00bb forment des groupes d&rsquo;une grande h\u00e9t\u00e9rog\u00e9n\u00e9it\u00e9 : ma\u00eetrise du fran\u00e7ais, origine sociale et culturelle, niveau d&rsquo;\u00e9ducation et&hellip; Continue reading Ateliers en structures sociales\" \/>\n<meta property=\"og:url\" content=\"https:\/\/loeilduloup.fr\/en\/structures-sociales\/\" \/>\n<meta property=\"article:modified_time\" content=\"2024-06-19T09:06:48+00:00\" \/>\n<meta property=\"og:image\" content=\"https:\/\/i0.wp.com\/loeilduloup.fr\/wp-content\/uploads\/2022\/10\/Banniere-site-social-scaled.jpg?fit=2560%2C1280&ssl=1\" \/>\n\t<meta property=\"og:image:width\" content=\"2560\" \/>\n\t<meta property=\"og:image:height\" content=\"1280\" \/>\n\t<meta property=\"og:image:type\" content=\"image\/jpeg\" \/>\n<meta name=\"twitter:card\" content=\"summary_large_image\" \/>\n<meta name=\"twitter:label1\" content=\"Estimated reading time\" \/>\n\t<meta name=\"twitter:data1\" content=\"2 minutes\" \/>\n<script type=\"application\/ld+json\" class=\"yoast-schema-graph\">{\"@context\":\"https:\\\/\\\/schema.org\",\"@graph\":[{\"@type\":\"WebPage\",\"@id\":\"https:\\\/\\\/loeilduloup.fr\\\/structures-sociales\\\/\",\"url\":\"https:\\\/\\\/loeilduloup.fr\\\/structures-sociales\\\/\",\"name\":\"Ateliers en structures sociales -\",\"isPartOf\":{\"@id\":\"https:\\\/\\\/loeilduloup.fr\\\/#website\"},\"primaryImageOfPage\":{\"@id\":\"https:\\\/\\\/loeilduloup.fr\\\/structures-sociales\\\/#primaryimage\"},\"image\":{\"@id\":\"https:\\\/\\\/loeilduloup.fr\\\/structures-sociales\\\/#primaryimage\"},\"thumbnailUrl\":\"https:\\\/\\\/i0.wp.com\\\/loeilduloup.fr\\\/wp-content\\\/uploads\\\/2022\\\/10\\\/Banniere-site-social-scaled.jpg?fit=2560%2C1280&ssl=1\",\"datePublished\":\"2022-08-31T15:15:36+00:00\",\"dateModified\":\"2024-06-19T09:06:48+00:00\",\"breadcrumb\":{\"@id\":\"https:\\\/\\\/loeilduloup.fr\\\/structures-sociales\\\/#breadcrumb\"},\"inLanguage\":\"en-GB\",\"potentialAction\":[{\"@type\":\"ReadAction\",\"target\":[\"https:\\\/\\\/loeilduloup.fr\\\/structures-sociales\\\/\"]}]},{\"@type\":\"ImageObject\",\"inLanguage\":\"en-GB\",\"@id\":\"https:\\\/\\\/loeilduloup.fr\\\/structures-sociales\\\/#primaryimage\",\"url\":\"https:\\\/\\\/i0.wp.com\\\/loeilduloup.fr\\\/wp-content\\\/uploads\\\/2022\\\/10\\\/Banniere-site-social-scaled.jpg?fit=2560%2C1280&ssl=1\",\"contentUrl\":\"https:\\\/\\\/i0.wp.com\\\/loeilduloup.fr\\\/wp-content\\\/uploads\\\/2022\\\/10\\\/Banniere-site-social-scaled.jpg?fit=2560%2C1280&ssl=1\",\"width\":2560,\"height\":1280},{\"@type\":\"BreadcrumbList\",\"@id\":\"https:\\\/\\\/loeilduloup.fr\\\/structures-sociales\\\/#breadcrumb\",\"itemListElement\":[{\"@type\":\"ListItem\",\"position\":1,\"name\":\"Accueil\",\"item\":\"https:\\\/\\\/loeilduloup.fr\\\/\"},{\"@type\":\"ListItem\",\"position\":2,\"name\":\"Ateliers en structures sociales\"}]},{\"@type\":\"WebSite\",\"@id\":\"https:\\\/\\\/loeilduloup.fr\\\/#website\",\"url\":\"https:\\\/\\\/loeilduloup.fr\\\/\",\"name\":\"\",\"description\":\"Promouvoir le bien-\u00eatre pour r\u00e9duire les violences\",\"potentialAction\":[{\"@type\":\"SearchAction\",\"target\":{\"@type\":\"EntryPoint\",\"urlTemplate\":\"https:\\\/\\\/loeilduloup.fr\\\/?s={search_term_string}\"},\"query-input\":{\"@type\":\"PropertyValueSpecification\",\"valueRequired\":true,\"valueName\":\"search_term_string\"}}],\"inLanguage\":\"en-GB\"}]}<\/script>\n<!-- \/ Yoast SEO plugin. -->","yoast_head_json":{"title":"Ateliers en structures sociales -","robots":{"index":"index","follow":"follow","max-snippet":"max-snippet:-1","max-image-preview":"max-image-preview:large","max-video-preview":"max-video-preview:-1"},"canonical":"https:\/\/loeilduloup.fr\/en\/structures-sociales\/","og_locale":"en_GB","og_type":"article","og_title":"Ateliers en structures sociales -","og_description":"R\u00e9pondre aux in\u00e9galit\u00e9s sociales de sant\u00e9 Nous collaborons avec diverses structures sociales pour intervenir aupr\u00e8s de femmes victimes de violences, ancien\u00b7nes d\u00e9tenu\u00b7es, personnes au parcours migratoire souvent jalonn\u00e9 de violences&#8230; Ces publics dits \u00ab\u00a0vuln\u00e9rables aux risques de sant\u00e9\u00a0\u00bb forment des groupes d&rsquo;une grande h\u00e9t\u00e9rog\u00e9n\u00e9it\u00e9 : ma\u00eetrise du fran\u00e7ais, origine sociale et culturelle, niveau d&rsquo;\u00e9ducation et&hellip; Continue reading Ateliers en structures sociales","og_url":"https:\/\/loeilduloup.fr\/en\/structures-sociales\/","article_modified_time":"2024-06-19T09:06:48+00:00","og_image":[{"width":2560,"height":1280,"url":"https:\/\/i0.wp.com\/loeilduloup.fr\/wp-content\/uploads\/2022\/10\/Banniere-site-social-scaled.jpg?fit=2560%2C1280&ssl=1","type":"image\/jpeg"}],"twitter_card":"summary_large_image","twitter_misc":{"Estimated reading time":"2 minutes"},"schema":{"@context":"https:\/\/schema.org","@graph":[{"@type":"WebPage","@id":"https:\/\/loeilduloup.fr\/structures-sociales\/","url":"https:\/\/loeilduloup.fr\/structures-sociales\/","name":"Ateliers en structures sociales -","isPartOf":{"@id":"https:\/\/loeilduloup.fr\/#website"},"primaryImageOfPage":{"@id":"https:\/\/loeilduloup.fr\/structures-sociales\/#primaryimage"},"image":{"@id":"https:\/\/loeilduloup.fr\/structures-sociales\/#primaryimage"},"thumbnailUrl":"https:\/\/i0.wp.com\/loeilduloup.fr\/wp-content\/uploads\/2022\/10\/Banniere-site-social-scaled.jpg?fit=2560%2C1280&ssl=1","datePublished":"2022-08-31T15:15:36+00:00","dateModified":"2024-06-19T09:06:48+00:00","breadcrumb":{"@id":"https:\/\/loeilduloup.fr\/structures-sociales\/#breadcrumb"},"inLanguage":"en-GB","potentialAction":[{"@type":"ReadAction","target":["https:\/\/loeilduloup.fr\/structures-sociales\/"]}]},{"@type":"ImageObject","inLanguage":"en-GB","@id":"https:\/\/loeilduloup.fr\/structures-sociales\/#primaryimage","url":"https:\/\/i0.wp.com\/loeilduloup.fr\/wp-content\/uploads\/2022\/10\/Banniere-site-social-scaled.jpg?fit=2560%2C1280&ssl=1","contentUrl":"https:\/\/i0.wp.com\/loeilduloup.fr\/wp-content\/uploads\/2022\/10\/Banniere-site-social-scaled.jpg?fit=2560%2C1280&ssl=1","width":2560,"height":1280},{"@type":"BreadcrumbList","@id":"https:\/\/loeilduloup.fr\/structures-sociales\/#breadcrumb","itemListElement":[{"@type":"ListItem","position":1,"name":"Accueil","item":"https:\/\/loeilduloup.fr\/"},{"@type":"ListItem","position":2,"name":"Ateliers en structures sociales"}]},{"@type":"WebSite","@id":"https:\/\/loeilduloup.fr\/#website","url":"https:\/\/loeilduloup.fr\/","name":"","description":"Promoting well-being to reduce violence","potentialAction":[{"@type":"SearchAction","target":{"@type":"EntryPoint","urlTemplate":"https:\/\/loeilduloup.fr\/?s={search_term_string}"},"query-input":{"@type":"PropertyValueSpecification","valueRequired":true,"valueName":"search_term_string"}}],"inLanguage":"en-GB"}]}},"jetpack-related-posts":[{"id":361,"url":"https:\/\/loeilduloup.fr\/en\/vie-affective-et-sexuelle\/","url_meta":{"origin":946,"position":0},"title":"Education in emotional, relational and sexual life","author":"L'oeil du Loup","date":"9 April 2018","format":false,"excerpt":"Promouvoir l'\u00e9galit\u00e9 et pr\u00e9venir les violences sont des enjeux de sant\u00e9 L\u2019\u00e9ducation \u00e0 la vie affective, relationnelle et sexuelle (EVARS) est une \u00e9ducation \u00e0 une citoyennet\u00e9 compl\u00e8te promouvant des relations\u00a0 affectives saines, l\u2019imp\u00e9ratif de consentement, la reconnaissance des orientations sexuelles et des minorit\u00e9s de genre et la lutte contre les\u2026","rel":"","context":"In \"coll\u00e8ge\"","block_context":{"text":"coll\u00e8ge","link":"https:\/\/loeilduloup.fr\/en\/tag\/college\/"},"img":{"alt_text":"","src":"https:\/\/i0.wp.com\/loeilduloup.fr\/wp-content\/uploads\/2022\/09\/Bannie%CC%80re-site-scolaire1.png?fit=1200%2C600&ssl=1&resize=350%2C200","width":350,"height":200,"srcset":"https:\/\/i0.wp.com\/loeilduloup.fr\/wp-content\/uploads\/2022\/09\/Bannie%CC%80re-site-scolaire1.png?fit=1200%2C600&ssl=1&resize=350%2C200 1x, https:\/\/i0.wp.com\/loeilduloup.fr\/wp-content\/uploads\/2022\/09\/Bannie%CC%80re-site-scolaire1.png?fit=1200%2C600&ssl=1&resize=525%2C300 1.5x, https:\/\/i0.wp.com\/loeilduloup.fr\/wp-content\/uploads\/2022\/09\/Bannie%CC%80re-site-scolaire1.png?fit=1200%2C600&ssl=1&resize=700%2C400 2x, https:\/\/i0.wp.com\/loeilduloup.fr\/wp-content\/uploads\/2022\/09\/Bannie%CC%80re-site-scolaire1.png?fit=1200%2C600&ssl=1&resize=1050%2C600 3x"},"classes":[]},{"id":30,"url":"https:\/\/loeilduloup.fr\/en\/formations\/","url_meta":{"origin":946,"position":1},"title":"Training courses","author":"L'oeil du Loup","date":"11 December 2017","format":false,"excerpt":"D\u00e9velopper des pratiques professionnelles positives Toutes nos formations sont con\u00e7ues de mani\u00e8re ludique et participative.Elles peuvent \u00eatre co-construites avec vous et adapt\u00e9es \u00e0 vos besoins sp\u00e9cifiques. PUBLICSResponsables, salari\u00e9\u00b7es et b\u00e9n\u00e9voles des secteurs \u00e9ducatif, petite enfance, social, m\u00e9dico-social, sportif et culturel NOS FORMATIONS Mieux g\u00e9rer les situations de conflits et de\u2026","rel":"","context":"Similar post","block_context":{"text":"Similar post","link":""},"img":{"alt_text":"","src":"https:\/\/i0.wp.com\/loeilduloup.fr\/wp-content\/uploads\/2022\/10\/Banniere-site-formations-scaled.jpg?fit=1200%2C600&ssl=1&resize=350%2C200","width":350,"height":200,"srcset":"https:\/\/i0.wp.com\/loeilduloup.fr\/wp-content\/uploads\/2022\/10\/Banniere-site-formations-scaled.jpg?fit=1200%2C600&ssl=1&resize=350%2C200 1x, https:\/\/i0.wp.com\/loeilduloup.fr\/wp-content\/uploads\/2022\/10\/Banniere-site-formations-scaled.jpg?fit=1200%2C600&ssl=1&resize=525%2C300 1.5x, https:\/\/i0.wp.com\/loeilduloup.fr\/wp-content\/uploads\/2022\/10\/Banniere-site-formations-scaled.jpg?fit=1200%2C600&ssl=1&resize=700%2C400 2x, https:\/\/i0.wp.com\/loeilduloup.fr\/wp-content\/uploads\/2022\/10\/Banniere-site-formations-scaled.jpg?fit=1200%2C600&ssl=1&resize=1050%2C600 3x"},"classes":[]},{"id":1204,"url":"https:\/\/loeilduloup.fr\/en\/formations\/formation-petite-enfance-egalite\/","url_meta":{"origin":946,"position":2},"title":"Lutter contres les st\u00e9r\u00e9otypes de genre pour pr\u00e9venir les violences dans les m\u00e9tiers de la petite enfance","author":"L'oeil du Loup","date":"6 September 2022","format":false,"excerpt":"L\u2019\u00e9galit\u00e9 filles-gar\u00e7ons dans les modes d'accueil de la petite enfance De nombreuses recherches ont d\u00e9montr\u00e9 que filles et gar\u00e7ons re\u00e7oivent \u00e0 travers des attitudes, paroles et interactions, des messages implicites diff\u00e9rents qui influencent leurs comportements et leurs choix d\u00e8s le plus jeunes \u00e2ge. Le rapport de l\u2019IGAS* sur \u00abl\u2019\u00e9galit\u00e9 entre\u2026","rel":"","context":"Similar post","block_context":{"text":"Similar post","link":""},"img":{"alt_text":"","src":"https:\/\/i0.wp.com\/loeilduloup.fr\/wp-content\/uploads\/2022\/09\/pexels-photo-8612921.jpeg?fit=1200%2C800&ssl=1&resize=350%2C200","width":350,"height":200,"srcset":"https:\/\/i0.wp.com\/loeilduloup.fr\/wp-content\/uploads\/2022\/09\/pexels-photo-8612921.jpeg?fit=1200%2C800&ssl=1&resize=350%2C200 1x, https:\/\/i0.wp.com\/loeilduloup.fr\/wp-content\/uploads\/2022\/09\/pexels-photo-8612921.jpeg?fit=1200%2C800&ssl=1&resize=525%2C300 1.5x, https:\/\/i0.wp.com\/loeilduloup.fr\/wp-content\/uploads\/2022\/09\/pexels-photo-8612921.jpeg?fit=1200%2C800&ssl=1&resize=700%2C400 2x, https:\/\/i0.wp.com\/loeilduloup.fr\/wp-content\/uploads\/2022\/09\/pexels-photo-8612921.jpeg?fit=1200%2C800&ssl=1&resize=1050%2C600 3x"},"classes":[]},{"id":808,"url":"https:\/\/loeilduloup.fr\/en\/notre-equipe\/","url_meta":{"origin":946,"position":3},"title":"Our staff team","author":"L'oeil du Loup","date":"30 August 2022","format":false,"excerpt":"Alex Pommatau Animateur\u00b7rice de pr\u00e9vention et formateur\u00b7ice . Johanne Ranson Directrice et co-fondatriceAnimatrice de pr\u00e9vention et formatrice Marie Beaurepaire Charg\u00e9e de d\u00e9veloppementAnimatrice de pr\u00e9vention et formatrice \u00c9tudes de Genre\u00c9ducation \u00e0 la sexualit\u00e9 & pr\u00e9vention en sant\u00e9 sexuelle Conseil Conjugal et Familial10 ans d'exp\u00e9rience en structure sociale Relations Internationales F\u00e9ministes\u00c9ducation \u00e0\u2026","rel":"","context":"In \"bureau\"","block_context":{"text":"bureau","link":"https:\/\/loeilduloup.fr\/en\/tag\/bureau\/"},"img":{"alt_text":"","src":"https:\/\/i0.wp.com\/loeilduloup.fr\/wp-content\/uploads\/2017\/12\/Banniere_site_ODL.jpg?fit=1200%2C576&ssl=1&resize=350%2C200","width":350,"height":200,"srcset":"https:\/\/i0.wp.com\/loeilduloup.fr\/wp-content\/uploads\/2017\/12\/Banniere_site_ODL.jpg?fit=1200%2C576&ssl=1&resize=350%2C200 1x, https:\/\/i0.wp.com\/loeilduloup.fr\/wp-content\/uploads\/2017\/12\/Banniere_site_ODL.jpg?fit=1200%2C576&ssl=1&resize=525%2C300 1.5x, https:\/\/i0.wp.com\/loeilduloup.fr\/wp-content\/uploads\/2017\/12\/Banniere_site_ODL.jpg?fit=1200%2C576&ssl=1&resize=700%2C400 2x, https:\/\/i0.wp.com\/loeilduloup.fr\/wp-content\/uploads\/2017\/12\/Banniere_site_ODL.jpg?fit=1200%2C576&ssl=1&resize=1050%2C600 3x"},"classes":[]},{"id":805,"url":"https:\/\/loeilduloup.fr\/en\/notre-histoire\/","url_meta":{"origin":946,"position":4},"title":"Our history","author":"L'oeil du Loup","date":"30 August 2022","format":false,"excerpt":"L'Oeil du Loup a \u00e9t\u00e9 fond\u00e9e par Laureline Carbuccia, psychologue sociale, et Johanne Ranson, conseill\u00e8re conjugale et familiale \u00e9galement form\u00e9e au PRODAS* et \u00e0 la Communication Non-Violente**. Ensemble, elles d\u00e9cident de croiser leurs comp\u00e9tences pour cr\u00e9er une expertise dans les domaines :- des in\u00e9galit\u00e9s, des discriminations et des m\u00e9canismes psychologiques\u2026","rel":"","context":"In \"CCF\"","block_context":{"text":"CCF","link":"https:\/\/loeilduloup.fr\/en\/tag\/ccf\/"},"img":{"alt_text":"","src":"https:\/\/i0.wp.com\/loeilduloup.fr\/wp-content\/uploads\/2017\/12\/Banniere_site_ODL.jpg?fit=1200%2C576&ssl=1&resize=350%2C200","width":350,"height":200,"srcset":"https:\/\/i0.wp.com\/loeilduloup.fr\/wp-content\/uploads\/2017\/12\/Banniere_site_ODL.jpg?fit=1200%2C576&ssl=1&resize=350%2C200 1x, https:\/\/i0.wp.com\/loeilduloup.fr\/wp-content\/uploads\/2017\/12\/Banniere_site_ODL.jpg?fit=1200%2C576&ssl=1&resize=525%2C300 1.5x, https:\/\/i0.wp.com\/loeilduloup.fr\/wp-content\/uploads\/2017\/12\/Banniere_site_ODL.jpg?fit=1200%2C576&ssl=1&resize=700%2C400 2x, https:\/\/i0.wp.com\/loeilduloup.fr\/wp-content\/uploads\/2017\/12\/Banniere_site_ODL.jpg?fit=1200%2C576&ssl=1&resize=1050%2C600 3x"},"classes":[]},{"id":1879,"url":"https:\/\/loeilduloup.fr\/en\/evars-accompagnement-a-la-posture\/","url_meta":{"origin":946,"position":5},"title":"EVARS &#8211; Accompagnement \u00e0 la posture","author":"L'oeil du Loup","date":"8 April 2025","format":false,"excerpt":"La gestion de groupe et prise en compte des r\u00e9sistances durant les s\u00e9ances EVARS L\u2019\u00e9ducation \u00e0 la vie affective, relationnelle et sexuelle (EVARS) constitue un levier indispensable de pr\u00e9vention, de promotion de la sant\u00e9 et de construction de relations respectueuses. Pourtant, intervenir sur ces sujets peut soulever des r\u00e9sistances, des\u2026","rel":"","context":"Similar post","block_context":{"text":"Similar post","link":""},"img":{"alt_text":"","src":"","width":0,"height":0},"classes":[]}],"jetpack_sharing_enabled":true,"_links":{"self":[{"href":"https:\/\/loeilduloup.fr\/en\/wp-json\/wp\/v2\/pages\/946","targetHints":{"allow":["GET"]}}],"collection":[{"href":"https:\/\/loeilduloup.fr\/en\/wp-json\/wp\/v2\/pages"}],"about":[{"href":"https:\/\/loeilduloup.fr\/en\/wp-json\/wp\/v2\/types\/page"}],"author":[{"embeddable":true,"href":"https:\/\/loeilduloup.fr\/en\/wp-json\/wp\/v2\/users\/1"}],"replies":[{"embeddable":true,"href":"https:\/\/loeilduloup.fr\/en\/wp-json\/wp\/v2\/comments?post=946"}],"version-history":[{"count":20,"href":"https:\/\/loeilduloup.fr\/en\/wp-json\/wp\/v2\/pages\/946\/revisions"}],"predecessor-version":[{"id":1653,"href":"https:\/\/loeilduloup.fr\/en\/wp-json\/wp\/v2\/pages\/946\/revisions\/1653"}],"wp:featuredmedia":[{"embeddable":true,"href":"https:\/\/loeilduloup.fr\/en\/wp-json\/wp\/v2\/media\/1382"}],"wp:attachment":[{"href":"https:\/\/loeilduloup.fr\/en\/wp-json\/wp\/v2\/media?parent=946"}],"wp:term":[{"taxonomy":"post_tag","embeddable":true,"href":"https:\/\/loeilduloup.fr\/en\/wp-json\/wp\/v2\/tags?post=946"}],"curies":[{"name":"wp","href":"https:\/\/api.w.org\/{rel}","templated":true}]}}