{"id":808,"date":"2022-08-30T11:37:14","date_gmt":"2022-08-30T09:37:14","guid":{"rendered":"http:\/\/loeilduloup.fr\/?page_id=808"},"modified":"2025-04-14T16:54:17","modified_gmt":"2025-04-14T14:54:17","slug":"notre-equipe","status":"publish","type":"page","link":"https:\/\/loeilduloup.fr\/en\/notre-equipe\/","title":{"rendered":"Our staff team"},"content":{"rendered":"<div class=\"wp-block-columns is-layout-flex wp-container-core-columns-is-layout-9d6595d7 wp-block-columns-is-layout-flex\">\n<div class=\"wp-block-column is-vertically-aligned-top is-layout-flow wp-block-column-is-layout-flow\">\n<figure class=\"wp-block-image size-full\"><img data-recalc-dims=\"1\" loading=\"lazy\" decoding=\"async\" width=\"584\" height=\"562\" src=\"https:\/\/i0.wp.com\/loeilduloup.fr\/wp-content\/uploads\/2023\/02\/Capture-decran-2023-02-14-a-18.01.52.png?resize=584%2C562\" alt=\"\" class=\"wp-image-1500\" srcset=\"https:\/\/i0.wp.com\/loeilduloup.fr\/wp-content\/uploads\/2023\/02\/Capture-decran-2023-02-14-a-18.01.52.png?w=584&amp;ssl=1 584w, https:\/\/i0.wp.com\/loeilduloup.fr\/wp-content\/uploads\/2023\/02\/Capture-decran-2023-02-14-a-18.01.52.png?resize=300%2C289&amp;ssl=1 300w\" sizes=\"auto, (max-width: 584px) 100vw, 584px\" \/><\/figure>\n\n\n\n<p class=\"has-text-align-center has-medium-font-size\"><strong>Alex Pommatau<\/strong><\/p>\n\n\n\n<p class=\"has-text-align-center\">Prevention organizer and trainer<\/p>\n\n\n\n<p class=\"has-white-color has-text-color\">.<\/p>\n<\/div>\n\n\n\n<div class=\"wp-block-column is-vertically-aligned-top is-layout-flow wp-block-column-is-layout-flow\">\n<figure class=\"wp-block-image size-full\"><img data-recalc-dims=\"1\" loading=\"lazy\" decoding=\"async\" width=\"305\" height=\"295\" src=\"https:\/\/i0.wp.com\/loeilduloup.fr\/wp-content\/uploads\/2023\/02\/Capture-decran-2023-02-14-a-18.09.06.png?resize=305%2C295\" alt=\"\" class=\"wp-image-1502\" srcset=\"https:\/\/i0.wp.com\/loeilduloup.fr\/wp-content\/uploads\/2023\/02\/Capture-decran-2023-02-14-a-18.09.06.png?w=305&amp;ssl=1 305w, https:\/\/i0.wp.com\/loeilduloup.fr\/wp-content\/uploads\/2023\/02\/Capture-decran-2023-02-14-a-18.09.06.png?resize=300%2C290&amp;ssl=1 300w\" sizes=\"auto, (max-width: 305px) 100vw, 305px\" \/><\/figure>\n\n\n\n<p class=\"has-text-align-center has-medium-font-size\"><strong>Johanne Ranson<\/strong><\/p>\n\n\n\n<p class=\"has-text-align-center\">Director and co-founder<br>Prevention facilitator and trainer<\/p>\n<\/div>\n\n\n\n<div class=\"wp-block-column is-vertically-aligned-top is-layout-flow wp-block-column-is-layout-flow\">\n<figure class=\"wp-block-image size-full\"><img data-recalc-dims=\"1\" loading=\"lazy\" decoding=\"async\" width=\"303\" height=\"290\" src=\"https:\/\/i0.wp.com\/loeilduloup.fr\/wp-content\/uploads\/2025\/04\/Photo-Marie-site-ODL-303-x-290-px.jpg?resize=303%2C290&#038;ssl=1\" alt=\"\" class=\"wp-image-1822\" srcset=\"https:\/\/i0.wp.com\/loeilduloup.fr\/wp-content\/uploads\/2025\/04\/Photo-Marie-site-ODL-303-x-290-px.jpg?w=303&amp;ssl=1 303w, https:\/\/i0.wp.com\/loeilduloup.fr\/wp-content\/uploads\/2025\/04\/Photo-Marie-site-ODL-303-x-290-px.jpg?resize=300%2C287&amp;ssl=1 300w, https:\/\/i0.wp.com\/loeilduloup.fr\/wp-content\/uploads\/2025\/04\/Photo-Marie-site-ODL-303-x-290-px.jpg?resize=13%2C12&amp;ssl=1 13w\" sizes=\"auto, (max-width: 303px) 100vw, 303px\" \/><\/figure>\n\n\n\n<p class=\"has-text-align-center has-medium-font-size\"><strong>Marie Beaurepaire<\/strong><\/p>\n\n\n\n<p class=\"has-text-align-center\">Development manager<br>Prevention facilitator and trainer<\/p>\n<\/div>\n<\/div>\n\n\n\n<div class=\"wp-block-columns is-layout-flex wp-container-core-columns-is-layout-9d6595d7 wp-block-columns-is-layout-flex\">\n<div class=\"wp-block-column is-layout-flow wp-block-column-is-layout-flow\">\n<p class=\"has-text-align-center\"><mark style=\"background-color:rgba(0, 0, 0, 0);color:#aa2d66\" class=\"has-inline-color\">Gender Studies<br><\/mark>Sex education &amp; sexual health prevention<\/p>\n<\/div>\n\n\n\n<div class=\"wp-block-column is-layout-flow wp-block-column-is-layout-flow\">\n<p class=\"has-text-align-center\"><mark style=\"background-color:rgba(0, 0, 0, 0);color:#aa2d66\" class=\"has-inline-color\">Marriage and Family Counseling<br><\/mark>10 years of experience in social structure<\/p>\n<\/div>\n\n\n\n<div class=\"wp-block-column is-layout-flow wp-block-column-is-layout-flow\">\n<p class=\"has-text-align-center\"><mark style=\"background-color:rgba(0, 0, 0, 0);color:#aa2d66\" class=\"has-inline-color\">Relations Internationales F\u00e9ministes<br><\/mark>Sex education &amp; sexual health prevention<\/p>\n<\/div>\n<\/div>\n\n\n\n<p><\/p>","protected":false},"excerpt":{"rendered":"<p>Alex Pommatau Animateur\u00b7rice de pr\u00e9vention et formateur\u00b7ice . Johanne Ranson Directrice et co-fondatriceAnimatrice de pr\u00e9vention et formatrice Marie Beaurepaire Charg\u00e9e de d\u00e9veloppementAnimatrice de pr\u00e9vention et formatrice \u00c9tudes de Genre\u00c9ducation \u00e0 la sexualit\u00e9 &amp; pr\u00e9vention en sant\u00e9 sexuelle Conseil Conjugal et Familial10 ans d&rsquo;exp\u00e9rience en structure sociale Relations Internationales F\u00e9ministes\u00c9ducation \u00e0 la sexualit\u00e9 &amp; pr\u00e9vention en&hellip; <a href=\"https:\/\/loeilduloup.fr\/en\/notre-equipe\/\" class=\"more-link\">Continue reading <span class=\"screen-reader-text\">Our staff team<\/span><\/a><\/p>","protected":false},"author":1,"featured_media":571,"parent":0,"menu_order":3,"comment_status":"closed","ping_status":"closed","template":"templates\/full-width-page.php","meta":{"footnotes":""},"tags":[10,9],"class_list":["post-808","page","type-page","status-publish","has-post-thumbnail","hentry","tag-bureau","tag-equipe","without-featured-image"],"yoast_head":"<!-- This site is optimized with the Yoast SEO plugin v27.4 - https:\/\/yoast.com\/product\/yoast-seo-wordpress\/ -->\n<title>Notre \u00e9quipe salari\u00e9e -<\/title>\n<meta name=\"robots\" content=\"index, follow, max-snippet:-1, max-image-preview:large, max-video-preview:-1\" \/>\n<link rel=\"canonical\" href=\"https:\/\/loeilduloup.fr\/en\/notre-equipe\/\" \/>\n<meta property=\"og:locale\" content=\"en_GB\" \/>\n<meta property=\"og:type\" content=\"article\" \/>\n<meta property=\"og:title\" content=\"Notre \u00e9quipe salari\u00e9e -\" \/>\n<meta property=\"og:description\" content=\"Alex Pommatau Animateur\u00b7rice de pr\u00e9vention et formateur\u00b7ice . Johanne Ranson Directrice et co-fondatriceAnimatrice de pr\u00e9vention et formatrice Marie Beaurepaire Charg\u00e9e de d\u00e9veloppementAnimatrice de pr\u00e9vention et formatrice \u00c9tudes de Genre\u00c9ducation \u00e0 la sexualit\u00e9 &amp; pr\u00e9vention en sant\u00e9 sexuelle Conseil Conjugal et Familial10 ans d&rsquo;exp\u00e9rience en structure sociale Relations Internationales F\u00e9ministes\u00c9ducation \u00e0 la sexualit\u00e9 &amp; pr\u00e9vention en&hellip; Continue reading Notre \u00e9quipe salari\u00e9e\" \/>\n<meta property=\"og:url\" content=\"https:\/\/loeilduloup.fr\/en\/notre-equipe\/\" \/>\n<meta property=\"article:modified_time\" content=\"2025-04-14T14:54:17+00:00\" \/>\n<meta property=\"og:image\" content=\"https:\/\/loeilduloup.fr\/wp-content\/uploads\/2017\/12\/Banniere_site_ODL.jpg\" \/>\n\t<meta property=\"og:image:width\" content=\"2500\" \/>\n\t<meta property=\"og:image:height\" content=\"1200\" \/>\n\t<meta property=\"og:image:type\" content=\"image\/jpeg\" \/>\n<meta name=\"twitter:card\" content=\"summary_large_image\" \/>\n<meta name=\"twitter:label1\" content=\"Estimated reading time\" \/>\n\t<meta name=\"twitter:data1\" content=\"2 minutes\" \/>\n<script type=\"application\/ld+json\" class=\"yoast-schema-graph\">{\"@context\":\"https:\\\/\\\/schema.org\",\"@graph\":[{\"@type\":\"WebPage\",\"@id\":\"https:\\\/\\\/loeilduloup.fr\\\/notre-equipe\\\/\",\"url\":\"https:\\\/\\\/loeilduloup.fr\\\/notre-equipe\\\/\",\"name\":\"Notre \u00e9quipe salari\u00e9e -\",\"isPartOf\":{\"@id\":\"https:\\\/\\\/loeilduloup.fr\\\/#website\"},\"primaryImageOfPage\":{\"@id\":\"https:\\\/\\\/loeilduloup.fr\\\/notre-equipe\\\/#primaryimage\"},\"image\":{\"@id\":\"https:\\\/\\\/loeilduloup.fr\\\/notre-equipe\\\/#primaryimage\"},\"thumbnailUrl\":\"https:\\\/\\\/i0.wp.com\\\/loeilduloup.fr\\\/wp-content\\\/uploads\\\/2017\\\/12\\\/Banniere_site_ODL.jpg?fit=2500%2C1200&ssl=1\",\"datePublished\":\"2022-08-30T09:37:14+00:00\",\"dateModified\":\"2025-04-14T14:54:17+00:00\",\"breadcrumb\":{\"@id\":\"https:\\\/\\\/loeilduloup.fr\\\/notre-equipe\\\/#breadcrumb\"},\"inLanguage\":\"en-GB\",\"potentialAction\":[{\"@type\":\"ReadAction\",\"target\":[\"https:\\\/\\\/loeilduloup.fr\\\/notre-equipe\\\/\"]}]},{\"@type\":\"ImageObject\",\"inLanguage\":\"en-GB\",\"@id\":\"https:\\\/\\\/loeilduloup.fr\\\/notre-equipe\\\/#primaryimage\",\"url\":\"https:\\\/\\\/i0.wp.com\\\/loeilduloup.fr\\\/wp-content\\\/uploads\\\/2017\\\/12\\\/Banniere_site_ODL.jpg?fit=2500%2C1200&ssl=1\",\"contentUrl\":\"https:\\\/\\\/i0.wp.com\\\/loeilduloup.fr\\\/wp-content\\\/uploads\\\/2017\\\/12\\\/Banniere_site_ODL.jpg?fit=2500%2C1200&ssl=1\",\"width\":2500,\"height\":1200},{\"@type\":\"BreadcrumbList\",\"@id\":\"https:\\\/\\\/loeilduloup.fr\\\/notre-equipe\\\/#breadcrumb\",\"itemListElement\":[{\"@type\":\"ListItem\",\"position\":1,\"name\":\"Accueil\",\"item\":\"https:\\\/\\\/loeilduloup.fr\\\/\"},{\"@type\":\"ListItem\",\"position\":2,\"name\":\"Notre \u00e9quipe salari\u00e9e\"}]},{\"@type\":\"WebSite\",\"@id\":\"https:\\\/\\\/loeilduloup.fr\\\/#website\",\"url\":\"https:\\\/\\\/loeilduloup.fr\\\/\",\"name\":\"\",\"description\":\"Promouvoir le bien-\u00eatre pour r\u00e9duire les violences\",\"potentialAction\":[{\"@type\":\"SearchAction\",\"target\":{\"@type\":\"EntryPoint\",\"urlTemplate\":\"https:\\\/\\\/loeilduloup.fr\\\/?s={search_term_string}\"},\"query-input\":{\"@type\":\"PropertyValueSpecification\",\"valueRequired\":true,\"valueName\":\"search_term_string\"}}],\"inLanguage\":\"en-GB\"}]}<\/script>\n<!-- \/ Yoast SEO plugin. -->","yoast_head_json":{"title":"Notre \u00e9quipe salari\u00e9e -","robots":{"index":"index","follow":"follow","max-snippet":"max-snippet:-1","max-image-preview":"max-image-preview:large","max-video-preview":"max-video-preview:-1"},"canonical":"https:\/\/loeilduloup.fr\/en\/notre-equipe\/","og_locale":"en_GB","og_type":"article","og_title":"Notre \u00e9quipe salari\u00e9e -","og_description":"Alex Pommatau Animateur\u00b7rice de pr\u00e9vention et formateur\u00b7ice . Johanne Ranson Directrice et co-fondatriceAnimatrice de pr\u00e9vention et formatrice Marie Beaurepaire Charg\u00e9e de d\u00e9veloppementAnimatrice de pr\u00e9vention et formatrice \u00c9tudes de Genre\u00c9ducation \u00e0 la sexualit\u00e9 &amp; pr\u00e9vention en sant\u00e9 sexuelle Conseil Conjugal et Familial10 ans d&rsquo;exp\u00e9rience en structure sociale Relations Internationales F\u00e9ministes\u00c9ducation \u00e0 la sexualit\u00e9 &amp; pr\u00e9vention en&hellip; Continue reading Notre \u00e9quipe salari\u00e9e","og_url":"https:\/\/loeilduloup.fr\/en\/notre-equipe\/","article_modified_time":"2025-04-14T14:54:17+00:00","og_image":[{"width":2500,"height":1200,"url":"https:\/\/loeilduloup.fr\/wp-content\/uploads\/2017\/12\/Banniere_site_ODL.jpg","type":"image\/jpeg"}],"twitter_card":"summary_large_image","twitter_misc":{"Estimated reading time":"2 minutes"},"schema":{"@context":"https:\/\/schema.org","@graph":[{"@type":"WebPage","@id":"https:\/\/loeilduloup.fr\/notre-equipe\/","url":"https:\/\/loeilduloup.fr\/notre-equipe\/","name":"Notre \u00e9quipe salari\u00e9e -","isPartOf":{"@id":"https:\/\/loeilduloup.fr\/#website"},"primaryImageOfPage":{"@id":"https:\/\/loeilduloup.fr\/notre-equipe\/#primaryimage"},"image":{"@id":"https:\/\/loeilduloup.fr\/notre-equipe\/#primaryimage"},"thumbnailUrl":"https:\/\/i0.wp.com\/loeilduloup.fr\/wp-content\/uploads\/2017\/12\/Banniere_site_ODL.jpg?fit=2500%2C1200&ssl=1","datePublished":"2022-08-30T09:37:14+00:00","dateModified":"2025-04-14T14:54:17+00:00","breadcrumb":{"@id":"https:\/\/loeilduloup.fr\/notre-equipe\/#breadcrumb"},"inLanguage":"en-GB","potentialAction":[{"@type":"ReadAction","target":["https:\/\/loeilduloup.fr\/notre-equipe\/"]}]},{"@type":"ImageObject","inLanguage":"en-GB","@id":"https:\/\/loeilduloup.fr\/notre-equipe\/#primaryimage","url":"https:\/\/i0.wp.com\/loeilduloup.fr\/wp-content\/uploads\/2017\/12\/Banniere_site_ODL.jpg?fit=2500%2C1200&ssl=1","contentUrl":"https:\/\/i0.wp.com\/loeilduloup.fr\/wp-content\/uploads\/2017\/12\/Banniere_site_ODL.jpg?fit=2500%2C1200&ssl=1","width":2500,"height":1200},{"@type":"BreadcrumbList","@id":"https:\/\/loeilduloup.fr\/notre-equipe\/#breadcrumb","itemListElement":[{"@type":"ListItem","position":1,"name":"Accueil","item":"https:\/\/loeilduloup.fr\/"},{"@type":"ListItem","position":2,"name":"Notre \u00e9quipe salari\u00e9e"}]},{"@type":"WebSite","@id":"https:\/\/loeilduloup.fr\/#website","url":"https:\/\/loeilduloup.fr\/","name":"","description":"Promoting well-being to reduce violence","potentialAction":[{"@type":"SearchAction","target":{"@type":"EntryPoint","urlTemplate":"https:\/\/loeilduloup.fr\/?s={search_term_string}"},"query-input":{"@type":"PropertyValueSpecification","valueRequired":true,"valueName":"search_term_string"}}],"inLanguage":"en-GB"}]}},"jetpack-related-posts":[{"id":30,"url":"https:\/\/loeilduloup.fr\/en\/formations\/","url_meta":{"origin":808,"position":0},"title":"Training courses","author":"L'oeil du Loup","date":"11 December 2017","format":false,"excerpt":"D\u00e9velopper des pratiques professionnelles positives Toutes nos formations sont con\u00e7ues de mani\u00e8re ludique et participative.Elles peuvent \u00eatre co-construites avec vous et adapt\u00e9es \u00e0 vos besoins sp\u00e9cifiques. PUBLICSResponsables, salari\u00e9\u00b7es et b\u00e9n\u00e9voles des secteurs \u00e9ducatif, petite enfance, social, m\u00e9dico-social, sportif et culturel NOS FORMATIONS Mieux g\u00e9rer les situations de conflits et de\u2026","rel":"","context":"Similar post","block_context":{"text":"Similar post","link":""},"img":{"alt_text":"","src":"https:\/\/i0.wp.com\/loeilduloup.fr\/wp-content\/uploads\/2022\/10\/Banniere-site-formations-scaled.jpg?fit=1200%2C600&ssl=1&resize=350%2C200","width":350,"height":200,"srcset":"https:\/\/i0.wp.com\/loeilduloup.fr\/wp-content\/uploads\/2022\/10\/Banniere-site-formations-scaled.jpg?fit=1200%2C600&ssl=1&resize=350%2C200 1x, https:\/\/i0.wp.com\/loeilduloup.fr\/wp-content\/uploads\/2022\/10\/Banniere-site-formations-scaled.jpg?fit=1200%2C600&ssl=1&resize=525%2C300 1.5x, https:\/\/i0.wp.com\/loeilduloup.fr\/wp-content\/uploads\/2022\/10\/Banniere-site-formations-scaled.jpg?fit=1200%2C600&ssl=1&resize=700%2C400 2x, https:\/\/i0.wp.com\/loeilduloup.fr\/wp-content\/uploads\/2022\/10\/Banniere-site-formations-scaled.jpg?fit=1200%2C600&ssl=1&resize=1050%2C600 3x"},"classes":[]},{"id":1722,"url":"https:\/\/loeilduloup.fr\/en\/consentement-enfants-outils\/","url_meta":{"origin":808,"position":1},"title":"Bo\u00eete \u00e0 outils \u00ab\u00a0Des comp\u00e9tences pour les relations\u00a0\u00bb","author":"L'oeil du Loup","date":"24 February 2025","format":false,"excerpt":"La bo\u00eete \u00e0 outils \"Des comp\u00e9tences pour les relations\", un outil p\u00e9dagogique gratuit pour les professionnel\u00b7les de l\u2019enfance \"Des comp\u00e9tences pour les relations\" est une bo\u00eete \u00e0 outils financ\u00e9e par le programme Erasmus+ de l\u2019Union Europ\u00e9enne, con\u00e7ue pour accompagner les enseignant\u00b7es, \u00e9ducateur\u00b7rices, animateur\u00b7rices et autres professionnel\u00b7les travaillant avec des enfants\u2026","rel":"","context":"Similar post","block_context":{"text":"Similar post","link":""},"img":{"alt_text":"","src":"https:\/\/i0.wp.com\/loeilduloup.fr\/wp-content\/uploads\/2026\/03\/Couverture_boite_outil_consentement_enfants_Loeil_du_loup.png?resize=350%2C200&ssl=1","width":350,"height":200,"srcset":"https:\/\/i0.wp.com\/loeilduloup.fr\/wp-content\/uploads\/2026\/03\/Couverture_boite_outil_consentement_enfants_Loeil_du_loup.png?resize=350%2C200&ssl=1 1x, https:\/\/i0.wp.com\/loeilduloup.fr\/wp-content\/uploads\/2026\/03\/Couverture_boite_outil_consentement_enfants_Loeil_du_loup.png?resize=525%2C300&ssl=1 1.5x"},"classes":[]},{"id":802,"url":"https:\/\/loeilduloup.fr\/en\/","url_meta":{"origin":808,"position":2},"title":"Our perspective","author":"L'oeil du Loup","date":"30 August 2022","format":false,"excerpt":"L\u2019\u0153il du loup est une association de pr\u00e9vention des violences et de promotion du bien-\u00eatre, sp\u00e9cialis\u00e9e dans la pr\u00e9vention des violences sexistes et sexuelles (VSS). Depuis 2015, L\u2019\u0153il du loup d\u00e9veloppe des actions de pr\u00e9vention aupr\u00e8s d\u2019enfants, de jeunes et d\u2019adultes, avec une p\u00e9dagogie active qui allie conscience de soi,\u2026","rel":"","context":"In \"approche\"","block_context":{"text":"approche","link":"https:\/\/loeilduloup.fr\/en\/tag\/approche\/"},"img":{"alt_text":"","src":"https:\/\/i0.wp.com\/loeilduloup.fr\/wp-content\/uploads\/2017\/12\/Banniere_site_ODL.jpg?fit=1200%2C576&ssl=1&resize=350%2C200","width":350,"height":200,"srcset":"https:\/\/i0.wp.com\/loeilduloup.fr\/wp-content\/uploads\/2017\/12\/Banniere_site_ODL.jpg?fit=1200%2C576&ssl=1&resize=350%2C200 1x, https:\/\/i0.wp.com\/loeilduloup.fr\/wp-content\/uploads\/2017\/12\/Banniere_site_ODL.jpg?fit=1200%2C576&ssl=1&resize=525%2C300 1.5x, https:\/\/i0.wp.com\/loeilduloup.fr\/wp-content\/uploads\/2017\/12\/Banniere_site_ODL.jpg?fit=1200%2C576&ssl=1&resize=700%2C400 2x, https:\/\/i0.wp.com\/loeilduloup.fr\/wp-content\/uploads\/2017\/12\/Banniere_site_ODL.jpg?fit=1200%2C576&ssl=1&resize=1050%2C600 3x"},"classes":[]},{"id":27,"url":"https:\/\/loeilduloup.fr\/en\/animations\/","url_meta":{"origin":808,"position":3},"title":"Entertainment","author":"L'oeil du Loup","date":"11 December 2017","format":false,"excerpt":"Ouvrir une discussion bienveillante et d\u00e9passer les tabous Toutes nos animations sont d\u00e9clinables avec l\u2019ensemble de nos th\u00e9matiques.Elles peuvent \u00eatre co-con\u00e7ues avec vous et adapt\u00e9es \u00e0 vos besoins sp\u00e9cifiques. PUBLICSEnfants, adolescent\u00b7es, adultes FORMATS ET TYPES D'INTERVENTIONS- Groupes de parole et de sensibilisation\u00a0: Une ou plusieurs s\u00e9ances de 2 heures chacune\u2026","rel":"","context":"In \"adolescents\"","block_context":{"text":"adolescents","link":"https:\/\/loeilduloup.fr\/en\/tag\/adolescents\/"},"img":{"alt_text":"","src":"https:\/\/i0.wp.com\/loeilduloup.fr\/wp-content\/uploads\/2022\/09\/Bannie%CC%80re-site-animations-1.png?fit=1200%2C600&ssl=1&resize=350%2C200","width":350,"height":200,"srcset":"https:\/\/i0.wp.com\/loeilduloup.fr\/wp-content\/uploads\/2022\/09\/Bannie%CC%80re-site-animations-1.png?fit=1200%2C600&ssl=1&resize=350%2C200 1x, https:\/\/i0.wp.com\/loeilduloup.fr\/wp-content\/uploads\/2022\/09\/Bannie%CC%80re-site-animations-1.png?fit=1200%2C600&ssl=1&resize=525%2C300 1.5x, https:\/\/i0.wp.com\/loeilduloup.fr\/wp-content\/uploads\/2022\/09\/Bannie%CC%80re-site-animations-1.png?fit=1200%2C600&ssl=1&resize=700%2C400 2x, https:\/\/i0.wp.com\/loeilduloup.fr\/wp-content\/uploads\/2022\/09\/Bannie%CC%80re-site-animations-1.png?fit=1200%2C600&ssl=1&resize=1050%2C600 3x"},"classes":[]},{"id":1873,"url":"https:\/\/loeilduloup.fr\/en\/les-violences-educatives-ordinaires-les-prevenir-dans-sa-pratique-professionnelle\/","url_meta":{"origin":808,"position":4},"title":"Violences \u00c9ducatives Ordinaires et pratique professionnelle","author":"L'oeil du Loup","date":"8 April 2025","format":false,"excerpt":"Pr\u00e9venir les violences \u00e9ducatives ordinaires dans sa pratique professionnelle Les violences \u00e9ducatives ordinaires (VEO) sont encore fr\u00e9quentes dans les pratiques \u00e9ducatives, parfois de mani\u00e8re inconsciente, sous couvert de cadre, d\u2019autorit\u00e9 ou de gestion de groupe. Pourtant, de nombreuses recherches montrent que ces pratiques ont des effets d\u00e9l\u00e9t\u00e8res durables sur la\u2026","rel":"","context":"Similar post","block_context":{"text":"Similar post","link":""},"img":{"alt_text":"","src":"","width":0,"height":0},"classes":[]},{"id":1615,"url":"https:\/\/loeilduloup.fr\/en\/skills-for-consent\/","url_meta":{"origin":808,"position":5},"title":"Skills for consent","author":"L'oeil du Loup","date":"11 January 2024","format":false,"excerpt":"D\u00e9velopper les comp\u00e9tences psychosociales pour \u00e9duquer au consentement d\u00e8s le plus jeune \u00e2ge Selon le rapport de la Ciivise (2023), on estime \u00e0 160 000 le nombre d'enfants victimes de violences sexuelles chaque ann\u00e9e en France. Ce m\u00eame rapport indique que les premi\u00e8res violences surviennent en moyenne autour de l'\u00e2ge\u2026","rel":"","context":"Similar post","block_context":{"text":"Similar post","link":""},"img":{"alt_text":"","src":"https:\/\/i0.wp.com\/loeilduloup.fr\/wp-content\/uploads\/2024\/01\/Capture-decran-2024-01-11-a-16.13.28.png?resize=350%2C200&ssl=1","width":350,"height":200},"classes":[]}],"jetpack_sharing_enabled":true,"_links":{"self":[{"href":"https:\/\/loeilduloup.fr\/en\/wp-json\/wp\/v2\/pages\/808","targetHints":{"allow":["GET"]}}],"collection":[{"href":"https:\/\/loeilduloup.fr\/en\/wp-json\/wp\/v2\/pages"}],"about":[{"href":"https:\/\/loeilduloup.fr\/en\/wp-json\/wp\/v2\/types\/page"}],"author":[{"embeddable":true,"href":"https:\/\/loeilduloup.fr\/en\/wp-json\/wp\/v2\/users\/1"}],"replies":[{"embeddable":true,"href":"https:\/\/loeilduloup.fr\/en\/wp-json\/wp\/v2\/comments?post=808"}],"version-history":[{"count":21,"href":"https:\/\/loeilduloup.fr\/en\/wp-json\/wp\/v2\/pages\/808\/revisions"}],"predecessor-version":[{"id":1961,"href":"https:\/\/loeilduloup.fr\/en\/wp-json\/wp\/v2\/pages\/808\/revisions\/1961"}],"wp:featuredmedia":[{"embeddable":true,"href":"https:\/\/loeilduloup.fr\/en\/wp-json\/wp\/v2\/media\/571"}],"wp:attachment":[{"href":"https:\/\/loeilduloup.fr\/en\/wp-json\/wp\/v2\/media?parent=808"}],"wp:term":[{"taxonomy":"post_tag","embeddable":true,"href":"https:\/\/loeilduloup.fr\/en\/wp-json\/wp\/v2\/tags?post=808"}],"curies":[{"name":"wp","href":"https:\/\/api.w.org\/{rel}","templated":true}]}}