{"id":805,"date":"2022-08-30T11:38:46","date_gmt":"2022-08-30T09:38:46","guid":{"rendered":"http:\/\/loeilduloup.fr\/?page_id=805"},"modified":"2023-06-16T11:59:16","modified_gmt":"2023-06-16T09:59:16","slug":"notre-histoire","status":"publish","type":"page","link":"https:\/\/loeilduloup.fr\/en\/notre-histoire\/","title":{"rendered":"Our history"},"content":{"rendered":"<p>L'Oeil du Loup was founded by <strong>Laureline Carbuccia<\/strong>, social psychologist, and <strong>Johanne Ranson<\/strong>, marriage and family counselor also trained in PRODAS* and Non-Violent Communication**. Together, they decided to combine their skills to create expertise in the following areas:<br>- inequalities, discrimination and the psychological and social mechanisms that cause them<br>- gender issues and social relationships between the sexes<br>\u2013 emotional and sexual life and the reduction of risks associated with sexuality<br>- group support for individuals with a view to developing their personal and interpersonal skills and all their psychosocial abilities<br>- communication and conflict management<br>\u2013 scientific expertise and support for organizations (conducting studies and research, popularizing and explaining social issues, support for change, training)<\/p>\n\n\n\n<p><strong>The social-psychology<\/strong> is a scientific discipline that studies the mental processes and behavior of individuals interacting within groups and society as a whole. It sheds valuable light on the causes and effects of behavior. Considered by many to be the science of conflict, it is the field of expertise of social thought - particularly through the study of representations, stereotypes, prejudices and discrimination - of intergroup relations, but also of group facilitation and dynamics.<\/p>\n\n\n\n<p><strong>Marriage and family counseling<\/strong> is a profession of listening to and supporting individuals, couples and families in situations where their emotional, relational and sexual life is at stake. People are supported in identifying these situations, activating their own resources, particularly psychological resources, and informing their decisions.<\/p>\n\n\n\n<p class=\"has-small-font-size\">*The Emotional and Social Development Program is an educational method for personal development, based on the expression of feelings.<br>** Nonviolent Communication (NVC) is a process of conscious communication that seeks the quality of the relationship by promoting authenticity with oneself and with others.<\/p>","protected":false},"excerpt":{"rendered":"<p>L&rsquo;Oeil du Loup a \u00e9t\u00e9 fond\u00e9e par Laureline Carbuccia, psychologue sociale, et Johanne Ranson, conseill\u00e8re conjugale et familiale \u00e9galement form\u00e9e au PRODAS* et \u00e0 la Communication Non-Violente**. Ensemble, elles d\u00e9cident de croiser leurs comp\u00e9tences pour cr\u00e9er une expertise dans les domaines :&#8211; des in\u00e9galit\u00e9s, des discriminations et des m\u00e9canismes psychologiques et sociaux qui en sont&hellip; <a href=\"https:\/\/loeilduloup.fr\/en\/notre-histoire\/\" class=\"more-link\">Continue reading <span class=\"screen-reader-text\">Our history<\/span><\/a><\/p>","protected":false},"author":1,"featured_media":571,"parent":0,"menu_order":0,"comment_status":"closed","ping_status":"closed","template":"templates\/full-width-page.php","meta":{"footnotes":""},"tags":[27,25,26,28,29,24],"class_list":["post-805","page","type-page","status-publish","has-post-thumbnail","hentry","tag-ccf","tag-conseil-conjugal-et-familial","tag-conseillere-conjugale-et-familiale","tag-johanne-ranson","tag-laureline-carbuccia","tag-psychologie-sociale","without-featured-image"],"yoast_head":"<!-- This site is optimized with the Yoast SEO plugin v27.4 - https:\/\/yoast.com\/product\/yoast-seo-wordpress\/ -->\n<title>Notre histoire -<\/title>\n<meta name=\"robots\" content=\"index, follow, max-snippet:-1, max-image-preview:large, max-video-preview:-1\" \/>\n<link rel=\"canonical\" href=\"https:\/\/loeilduloup.fr\/en\/notre-histoire\/\" \/>\n<meta property=\"og:locale\" content=\"en_GB\" \/>\n<meta property=\"og:type\" content=\"article\" \/>\n<meta property=\"og:title\" content=\"Notre histoire -\" \/>\n<meta property=\"og:description\" content=\"L&rsquo;Oeil du Loup a \u00e9t\u00e9 fond\u00e9e par Laureline Carbuccia, psychologue sociale, et Johanne Ranson, conseill\u00e8re conjugale et familiale \u00e9galement form\u00e9e au PRODAS* et \u00e0 la Communication Non-Violente**. Ensemble, elles d\u00e9cident de croiser leurs comp\u00e9tences pour cr\u00e9er une expertise dans les domaines :&#8211; des in\u00e9galit\u00e9s, des discriminations et des m\u00e9canismes psychologiques et sociaux qui en sont&hellip; Continue reading Notre histoire\" \/>\n<meta property=\"og:url\" content=\"https:\/\/loeilduloup.fr\/en\/notre-histoire\/\" \/>\n<meta property=\"article:modified_time\" content=\"2023-06-16T09:59:16+00:00\" \/>\n<meta property=\"og:image\" content=\"https:\/\/i0.wp.com\/loeilduloup.fr\/wp-content\/uploads\/2017\/12\/Banniere_site_ODL.jpg?fit=2500%2C1200&ssl=1\" \/>\n\t<meta property=\"og:image:width\" content=\"2500\" \/>\n\t<meta property=\"og:image:height\" content=\"1200\" \/>\n\t<meta property=\"og:image:type\" content=\"image\/jpeg\" \/>\n<meta name=\"twitter:card\" content=\"summary_large_image\" \/>\n<meta name=\"twitter:label1\" content=\"Estimated reading time\" \/>\n\t<meta name=\"twitter:data1\" content=\"2 minutes\" \/>\n<script type=\"application\/ld+json\" class=\"yoast-schema-graph\">{\"@context\":\"https:\\\/\\\/schema.org\",\"@graph\":[{\"@type\":\"WebPage\",\"@id\":\"https:\\\/\\\/loeilduloup.fr\\\/notre-histoire\\\/\",\"url\":\"https:\\\/\\\/loeilduloup.fr\\\/notre-histoire\\\/\",\"name\":\"Notre histoire -\",\"isPartOf\":{\"@id\":\"https:\\\/\\\/loeilduloup.fr\\\/#website\"},\"primaryImageOfPage\":{\"@id\":\"https:\\\/\\\/loeilduloup.fr\\\/notre-histoire\\\/#primaryimage\"},\"image\":{\"@id\":\"https:\\\/\\\/loeilduloup.fr\\\/notre-histoire\\\/#primaryimage\"},\"thumbnailUrl\":\"https:\\\/\\\/i0.wp.com\\\/loeilduloup.fr\\\/wp-content\\\/uploads\\\/2017\\\/12\\\/Banniere_site_ODL.jpg?fit=2500%2C1200&ssl=1\",\"datePublished\":\"2022-08-30T09:38:46+00:00\",\"dateModified\":\"2023-06-16T09:59:16+00:00\",\"breadcrumb\":{\"@id\":\"https:\\\/\\\/loeilduloup.fr\\\/notre-histoire\\\/#breadcrumb\"},\"inLanguage\":\"en-GB\",\"potentialAction\":[{\"@type\":\"ReadAction\",\"target\":[\"https:\\\/\\\/loeilduloup.fr\\\/notre-histoire\\\/\"]}]},{\"@type\":\"ImageObject\",\"inLanguage\":\"en-GB\",\"@id\":\"https:\\\/\\\/loeilduloup.fr\\\/notre-histoire\\\/#primaryimage\",\"url\":\"https:\\\/\\\/i0.wp.com\\\/loeilduloup.fr\\\/wp-content\\\/uploads\\\/2017\\\/12\\\/Banniere_site_ODL.jpg?fit=2500%2C1200&ssl=1\",\"contentUrl\":\"https:\\\/\\\/i0.wp.com\\\/loeilduloup.fr\\\/wp-content\\\/uploads\\\/2017\\\/12\\\/Banniere_site_ODL.jpg?fit=2500%2C1200&ssl=1\",\"width\":2500,\"height\":1200},{\"@type\":\"BreadcrumbList\",\"@id\":\"https:\\\/\\\/loeilduloup.fr\\\/notre-histoire\\\/#breadcrumb\",\"itemListElement\":[{\"@type\":\"ListItem\",\"position\":1,\"name\":\"Accueil\",\"item\":\"https:\\\/\\\/loeilduloup.fr\\\/\"},{\"@type\":\"ListItem\",\"position\":2,\"name\":\"Notre histoire\"}]},{\"@type\":\"WebSite\",\"@id\":\"https:\\\/\\\/loeilduloup.fr\\\/#website\",\"url\":\"https:\\\/\\\/loeilduloup.fr\\\/\",\"name\":\"\",\"description\":\"Promouvoir le bien-\u00eatre pour r\u00e9duire les violences\",\"potentialAction\":[{\"@type\":\"SearchAction\",\"target\":{\"@type\":\"EntryPoint\",\"urlTemplate\":\"https:\\\/\\\/loeilduloup.fr\\\/?s={search_term_string}\"},\"query-input\":{\"@type\":\"PropertyValueSpecification\",\"valueRequired\":true,\"valueName\":\"search_term_string\"}}],\"inLanguage\":\"en-GB\"}]}<\/script>\n<!-- \/ Yoast SEO plugin. -->","yoast_head_json":{"title":"Notre histoire -","robots":{"index":"index","follow":"follow","max-snippet":"max-snippet:-1","max-image-preview":"max-image-preview:large","max-video-preview":"max-video-preview:-1"},"canonical":"https:\/\/loeilduloup.fr\/en\/notre-histoire\/","og_locale":"en_GB","og_type":"article","og_title":"Notre histoire -","og_description":"L&rsquo;Oeil du Loup a \u00e9t\u00e9 fond\u00e9e par Laureline Carbuccia, psychologue sociale, et Johanne Ranson, conseill\u00e8re conjugale et familiale \u00e9galement form\u00e9e au PRODAS* et \u00e0 la Communication Non-Violente**. Ensemble, elles d\u00e9cident de croiser leurs comp\u00e9tences pour cr\u00e9er une expertise dans les domaines :&#8211; des in\u00e9galit\u00e9s, des discriminations et des m\u00e9canismes psychologiques et sociaux qui en sont&hellip; Continue reading Notre histoire","og_url":"https:\/\/loeilduloup.fr\/en\/notre-histoire\/","article_modified_time":"2023-06-16T09:59:16+00:00","og_image":[{"width":2500,"height":1200,"url":"https:\/\/i0.wp.com\/loeilduloup.fr\/wp-content\/uploads\/2017\/12\/Banniere_site_ODL.jpg?fit=2500%2C1200&ssl=1","type":"image\/jpeg"}],"twitter_card":"summary_large_image","twitter_misc":{"Estimated reading time":"2 minutes"},"schema":{"@context":"https:\/\/schema.org","@graph":[{"@type":"WebPage","@id":"https:\/\/loeilduloup.fr\/notre-histoire\/","url":"https:\/\/loeilduloup.fr\/notre-histoire\/","name":"Notre histoire -","isPartOf":{"@id":"https:\/\/loeilduloup.fr\/#website"},"primaryImageOfPage":{"@id":"https:\/\/loeilduloup.fr\/notre-histoire\/#primaryimage"},"image":{"@id":"https:\/\/loeilduloup.fr\/notre-histoire\/#primaryimage"},"thumbnailUrl":"https:\/\/i0.wp.com\/loeilduloup.fr\/wp-content\/uploads\/2017\/12\/Banniere_site_ODL.jpg?fit=2500%2C1200&ssl=1","datePublished":"2022-08-30T09:38:46+00:00","dateModified":"2023-06-16T09:59:16+00:00","breadcrumb":{"@id":"https:\/\/loeilduloup.fr\/notre-histoire\/#breadcrumb"},"inLanguage":"en-GB","potentialAction":[{"@type":"ReadAction","target":["https:\/\/loeilduloup.fr\/notre-histoire\/"]}]},{"@type":"ImageObject","inLanguage":"en-GB","@id":"https:\/\/loeilduloup.fr\/notre-histoire\/#primaryimage","url":"https:\/\/i0.wp.com\/loeilduloup.fr\/wp-content\/uploads\/2017\/12\/Banniere_site_ODL.jpg?fit=2500%2C1200&ssl=1","contentUrl":"https:\/\/i0.wp.com\/loeilduloup.fr\/wp-content\/uploads\/2017\/12\/Banniere_site_ODL.jpg?fit=2500%2C1200&ssl=1","width":2500,"height":1200},{"@type":"BreadcrumbList","@id":"https:\/\/loeilduloup.fr\/notre-histoire\/#breadcrumb","itemListElement":[{"@type":"ListItem","position":1,"name":"Accueil","item":"https:\/\/loeilduloup.fr\/"},{"@type":"ListItem","position":2,"name":"Notre histoire"}]},{"@type":"WebSite","@id":"https:\/\/loeilduloup.fr\/#website","url":"https:\/\/loeilduloup.fr\/","name":"","description":"Promoting well-being to reduce violence","potentialAction":[{"@type":"SearchAction","target":{"@type":"EntryPoint","urlTemplate":"https:\/\/loeilduloup.fr\/?s={search_term_string}"},"query-input":{"@type":"PropertyValueSpecification","valueRequired":true,"valueName":"search_term_string"}}],"inLanguage":"en-GB"}]}},"jetpack-related-posts":[{"id":808,"url":"https:\/\/loeilduloup.fr\/en\/notre-equipe\/","url_meta":{"origin":805,"position":0},"title":"Our staff team","author":"L'oeil du Loup","date":"30 August 2022","format":false,"excerpt":"Alex Pommatau Animateur\u00b7rice de pr\u00e9vention et formateur\u00b7ice . Johanne Ranson Directrice et co-fondatriceAnimatrice de pr\u00e9vention et formatrice Marie Beaurepaire Charg\u00e9e de d\u00e9veloppementAnimatrice de pr\u00e9vention et formatrice \u00c9tudes de Genre\u00c9ducation \u00e0 la sexualit\u00e9 & pr\u00e9vention en sant\u00e9 sexuelle Conseil Conjugal et Familial10 ans d'exp\u00e9rience en structure sociale Relations Internationales F\u00e9ministes\u00c9ducation \u00e0\u2026","rel":"","context":"In \"bureau\"","block_context":{"text":"bureau","link":"https:\/\/loeilduloup.fr\/en\/tag\/bureau\/"},"img":{"alt_text":"","src":"https:\/\/i0.wp.com\/loeilduloup.fr\/wp-content\/uploads\/2017\/12\/Banniere_site_ODL.jpg?fit=1200%2C576&ssl=1&resize=350%2C200","width":350,"height":200,"srcset":"https:\/\/i0.wp.com\/loeilduloup.fr\/wp-content\/uploads\/2017\/12\/Banniere_site_ODL.jpg?fit=1200%2C576&ssl=1&resize=350%2C200 1x, https:\/\/i0.wp.com\/loeilduloup.fr\/wp-content\/uploads\/2017\/12\/Banniere_site_ODL.jpg?fit=1200%2C576&ssl=1&resize=525%2C300 1.5x, https:\/\/i0.wp.com\/loeilduloup.fr\/wp-content\/uploads\/2017\/12\/Banniere_site_ODL.jpg?fit=1200%2C576&ssl=1&resize=700%2C400 2x, https:\/\/i0.wp.com\/loeilduloup.fr\/wp-content\/uploads\/2017\/12\/Banniere_site_ODL.jpg?fit=1200%2C576&ssl=1&resize=1050%2C600 3x"},"classes":[]},{"id":30,"url":"https:\/\/loeilduloup.fr\/en\/formations\/","url_meta":{"origin":805,"position":1},"title":"Training courses","author":"L'oeil du Loup","date":"11 December 2017","format":false,"excerpt":"D\u00e9velopper des pratiques professionnelles positives Toutes nos formations sont con\u00e7ues de mani\u00e8re ludique et participative.Elles peuvent \u00eatre co-construites avec vous et adapt\u00e9es \u00e0 vos besoins sp\u00e9cifiques. PUBLICSResponsables, salari\u00e9\u00b7es et b\u00e9n\u00e9voles des secteurs \u00e9ducatif, petite enfance, social, m\u00e9dico-social, sportif et culturel NOS FORMATIONS Mieux g\u00e9rer les situations de conflits et de\u2026","rel":"","context":"Similar post","block_context":{"text":"Similar post","link":""},"img":{"alt_text":"","src":"https:\/\/i0.wp.com\/loeilduloup.fr\/wp-content\/uploads\/2022\/10\/Banniere-site-formations-scaled.jpg?fit=1200%2C600&ssl=1&resize=350%2C200","width":350,"height":200,"srcset":"https:\/\/i0.wp.com\/loeilduloup.fr\/wp-content\/uploads\/2022\/10\/Banniere-site-formations-scaled.jpg?fit=1200%2C600&ssl=1&resize=350%2C200 1x, https:\/\/i0.wp.com\/loeilduloup.fr\/wp-content\/uploads\/2022\/10\/Banniere-site-formations-scaled.jpg?fit=1200%2C600&ssl=1&resize=525%2C300 1.5x, https:\/\/i0.wp.com\/loeilduloup.fr\/wp-content\/uploads\/2022\/10\/Banniere-site-formations-scaled.jpg?fit=1200%2C600&ssl=1&resize=700%2C400 2x, https:\/\/i0.wp.com\/loeilduloup.fr\/wp-content\/uploads\/2022\/10\/Banniere-site-formations-scaled.jpg?fit=1200%2C600&ssl=1&resize=1050%2C600 3x"},"classes":[]},{"id":27,"url":"https:\/\/loeilduloup.fr\/en\/animations\/","url_meta":{"origin":805,"position":2},"title":"Entertainment","author":"L'oeil du Loup","date":"11 December 2017","format":false,"excerpt":"Ouvrir une discussion bienveillante et d\u00e9passer les tabous Toutes nos animations sont d\u00e9clinables avec l\u2019ensemble de nos th\u00e9matiques.Elles peuvent \u00eatre co-con\u00e7ues avec vous et adapt\u00e9es \u00e0 vos besoins sp\u00e9cifiques. PUBLICSEnfants, adolescent\u00b7es, adultes FORMATS ET TYPES D'INTERVENTIONS- Groupes de parole et de sensibilisation\u00a0: Une ou plusieurs s\u00e9ances de 2 heures chacune\u2026","rel":"","context":"In \"adolescents\"","block_context":{"text":"adolescents","link":"https:\/\/loeilduloup.fr\/en\/tag\/adolescents\/"},"img":{"alt_text":"","src":"https:\/\/i0.wp.com\/loeilduloup.fr\/wp-content\/uploads\/2022\/09\/Bannie%CC%80re-site-animations-1.png?fit=1200%2C600&ssl=1&resize=350%2C200","width":350,"height":200,"srcset":"https:\/\/i0.wp.com\/loeilduloup.fr\/wp-content\/uploads\/2022\/09\/Bannie%CC%80re-site-animations-1.png?fit=1200%2C600&ssl=1&resize=350%2C200 1x, https:\/\/i0.wp.com\/loeilduloup.fr\/wp-content\/uploads\/2022\/09\/Bannie%CC%80re-site-animations-1.png?fit=1200%2C600&ssl=1&resize=525%2C300 1.5x, https:\/\/i0.wp.com\/loeilduloup.fr\/wp-content\/uploads\/2022\/09\/Bannie%CC%80re-site-animations-1.png?fit=1200%2C600&ssl=1&resize=700%2C400 2x, https:\/\/i0.wp.com\/loeilduloup.fr\/wp-content\/uploads\/2022\/09\/Bannie%CC%80re-site-animations-1.png?fit=1200%2C600&ssl=1&resize=1050%2C600 3x"},"classes":[]},{"id":946,"url":"https:\/\/loeilduloup.fr\/en\/structures-sociales\/","url_meta":{"origin":805,"position":3},"title":"Workshops in social organizations","author":"L'oeil du Loup","date":"31 August 2022","format":false,"excerpt":"R\u00e9pondre aux in\u00e9galit\u00e9s sociales de sant\u00e9 Nous collaborons avec diverses structures sociales pour intervenir aupr\u00e8s de femmes victimes de violences, ancien\u00b7nes d\u00e9tenu\u00b7es, personnes au parcours migratoire souvent jalonn\u00e9 de violences... Ces publics dits \"vuln\u00e9rables aux risques de sant\u00e9\" forment des groupes d'une grande h\u00e9t\u00e9rog\u00e9n\u00e9it\u00e9 : ma\u00eetrise du fran\u00e7ais, origine sociale\u2026","rel":"","context":"Similar post","block_context":{"text":"Similar post","link":""},"img":{"alt_text":"","src":"https:\/\/i0.wp.com\/loeilduloup.fr\/wp-content\/uploads\/2022\/10\/Banniere-site-social-scaled.jpg?fit=1200%2C600&ssl=1&resize=350%2C200","width":350,"height":200,"srcset":"https:\/\/i0.wp.com\/loeilduloup.fr\/wp-content\/uploads\/2022\/10\/Banniere-site-social-scaled.jpg?fit=1200%2C600&ssl=1&resize=350%2C200 1x, https:\/\/i0.wp.com\/loeilduloup.fr\/wp-content\/uploads\/2022\/10\/Banniere-site-social-scaled.jpg?fit=1200%2C600&ssl=1&resize=525%2C300 1.5x, https:\/\/i0.wp.com\/loeilduloup.fr\/wp-content\/uploads\/2022\/10\/Banniere-site-social-scaled.jpg?fit=1200%2C600&ssl=1&resize=700%2C400 2x, https:\/\/i0.wp.com\/loeilduloup.fr\/wp-content\/uploads\/2022\/10\/Banniere-site-social-scaled.jpg?fit=1200%2C600&ssl=1&resize=1050%2C600 3x"},"classes":[]},{"id":1525,"url":"https:\/\/loeilduloup.fr\/en\/formation-competences-psychosociales\/","url_meta":{"origin":805,"position":4},"title":"Comp\u00e9tences Psychosociales et pratique professionnelle","author":"L'oeil du Loup","date":"13 June 2023","format":false,"excerpt":"Int\u00e9grer les CPS dans sa pratique professionnelle Les comp\u00e9tences psychosociales (CPS) sont un ensemble de capacit\u00e9s cognitives, \u00e9motionnelles et sociales qui augmentent l'autonomie, favorisent le bien-\u00eatre psychique et le d\u00e9veloppent d\u2019interactions constructives. Les recherches internationales des trente derni\u00e8res ann\u00e9es montrent que le d\u00e9veloppement des CPS est essentiel pour la sant\u00e9\u2026","rel":"","context":"Similar post","block_context":{"text":"Similar post","link":""},"img":{"alt_text":"","src":"","width":0,"height":0},"classes":[]},{"id":1985,"url":"https:\/\/loeilduloup.fr\/en\/les-competences-psychosociales\/","url_meta":{"origin":805,"position":5},"title":"Les comp\u00e9tences psychosociales","author":"L'oeil du Loup","date":"22 April 2025","format":false,"excerpt":"Les comp\u00e9tences psychosociales (CPS) constituent un ensemble int\u00e9gr\u00e9 de capacit\u00e9s cognitives, \u00e9motionnelles et sociales. Elles favorisent l\u2019autonomie, le bien\u2011\u00eatre psychique et la qualit\u00e9 des interactions en activant les fonctions ex\u00e9cutives du cerveau, comme la concentration et la prise de d\u00e9cision, tout en limitant les r\u00e9actions impulsives face au stress1. Pourquoi\u2026","rel":"","context":"Similar post","block_context":{"text":"Similar post","link":""},"img":{"alt_text":"","src":"","width":0,"height":0},"classes":[]}],"jetpack_sharing_enabled":true,"_links":{"self":[{"href":"https:\/\/loeilduloup.fr\/en\/wp-json\/wp\/v2\/pages\/805","targetHints":{"allow":["GET"]}}],"collection":[{"href":"https:\/\/loeilduloup.fr\/en\/wp-json\/wp\/v2\/pages"}],"about":[{"href":"https:\/\/loeilduloup.fr\/en\/wp-json\/wp\/v2\/types\/page"}],"author":[{"embeddable":true,"href":"https:\/\/loeilduloup.fr\/en\/wp-json\/wp\/v2\/users\/1"}],"replies":[{"embeddable":true,"href":"https:\/\/loeilduloup.fr\/en\/wp-json\/wp\/v2\/comments?post=805"}],"version-history":[{"count":12,"href":"https:\/\/loeilduloup.fr\/en\/wp-json\/wp\/v2\/pages\/805\/revisions"}],"predecessor-version":[{"id":1550,"href":"https:\/\/loeilduloup.fr\/en\/wp-json\/wp\/v2\/pages\/805\/revisions\/1550"}],"wp:featuredmedia":[{"embeddable":true,"href":"https:\/\/loeilduloup.fr\/en\/wp-json\/wp\/v2\/media\/571"}],"wp:attachment":[{"href":"https:\/\/loeilduloup.fr\/en\/wp-json\/wp\/v2\/media?parent=805"}],"wp:term":[{"taxonomy":"post_tag","embeddable":true,"href":"https:\/\/loeilduloup.fr\/en\/wp-json\/wp\/v2\/tags?post=805"}],"curies":[{"name":"wp","href":"https:\/\/api.w.org\/{rel}","templated":true}]}}