{"id":802,"date":"2022-08-30T11:38:58","date_gmt":"2022-08-30T09:38:58","guid":{"rendered":"http:\/\/loeilduloup.fr\/?page_id=802"},"modified":"2025-04-16T12:36:08","modified_gmt":"2025-04-16T10:36:08","slug":"notre-regard","status":"publish","type":"page","link":"https:\/\/loeilduloup.fr\/en\/","title":{"rendered":"Our perspective"},"content":{"rendered":"<p>L\u2019\u0153il du loup est une association de pr\u00e9vention des violences et de promotion du bien-\u00eatre, sp\u00e9cialis\u00e9e dans la pr\u00e9vention des violences sexistes et sexuelles (VSS).<\/p>\n\n\n\n<p>Depuis 2015, L\u2019\u0153il du loup d\u00e9veloppe des actions de pr\u00e9vention aupr\u00e8s d\u2019enfants, de jeunes et d\u2019adultes, avec une <strong><a href=\"https:\/\/loeilduloup.fr\/en\/pedagogie\/\">active teaching<\/a> <\/strong>qui allie conscience de soi, empowerment et travail sur les repr\u00e9sentations.<\/p>\n\n\n\n<p>Pour nous, pr\u00e9venir les violences, c\u2019est agir \u00e0 la racine.<\/p>\n\n\n\n<p>C&rsquo;est pourquoi, nous d\u00e9veloppons des actions de <strong><a href=\"https:\/\/loeilduloup.fr\/en\/competences-psychosociales-et-consentement\/\">pr\u00e9vention pr\u00e9coce des VSS<\/a><\/strong>. Ces actions r\u00e9pondent \u00e0 un double objectif : pr\u00e9venir les violences sexuelles faites aux enfants et cr\u00e9er une culture commune du consentement, en posant les bases d\u2019un rapport respectueux \u00e0 soi et aux autres.<\/p>\n\n\n\n<p>Dans cette m\u00eame vision, nous proposons aussi des actions de <strong><a href=\"https:\/\/loeilduloup.fr\/en\/les-violences-educatives-ordinaires-les-prevenir-dans-sa-pratique-professionnelle\/\">pr\u00e9vention des violences \u00e9ducatives ordinaires<\/a><\/strong>, souvent banalis\u00e9es, mais aux effets durables sur le d\u00e9veloppement des enfants. Les neurosciences montrent combien ces violences, m\u00eame \u201cordinaires\u201d, alt\u00e8rent la s\u00e9curit\u00e9 int\u00e9rieure, peuvent freiner l\u2019empathie et impacter durablement la qualit\u00e9 des relations et la sant\u00e9 mentale. Agir t\u00f4t, c\u2019est \u0153uvrer pour le bien-\u00eatre et la s\u00e9curit\u00e9 affective des enfants, en leur offrant des bases solides pour grandir en confiance et s\u2019\u00e9panouir pleinement mais aussi pour une soci\u00e9t\u00e9 plus juste et plus apais\u00e9e.<\/p>\n\n\n\n<p><\/p>\n\n\n\n<p><\/p>","protected":false},"excerpt":{"rendered":"<p>L\u2019\u0153il du loup est une association de pr\u00e9vention des violences et de promotion du bien-\u00eatre, sp\u00e9cialis\u00e9e dans la pr\u00e9vention des violences sexistes et sexuelles (VSS). Depuis 2015, L\u2019\u0153il du loup d\u00e9veloppe des actions de pr\u00e9vention aupr\u00e8s d\u2019enfants, de jeunes et d\u2019adultes, avec une p\u00e9dagogie active qui allie conscience de soi, empowerment et travail sur les&hellip; <a href=\"https:\/\/loeilduloup.fr\/en\/\" class=\"more-link\">Continue reading <span class=\"screen-reader-text\">Our perspective<\/span><\/a><\/p>","protected":false},"author":1,"featured_media":571,"parent":0,"menu_order":0,"comment_status":"closed","ping_status":"closed","template":"templates\/full-width-page.php","meta":{"footnotes":""},"tags":[11,21,12,20,14,17,18,19,15,13],"class_list":["post-802","page","type-page","status-publish","has-post-thumbnail","hentry","tag-approche","tag-bien-etre","tag-cps","tag-discriminations","tag-education-populaire","tag-inegalites","tag-pedagogie","tag-prevention","tag-stereotypes","tag-violences-sexistes","without-featured-image"],"yoast_head":"<!-- This site is optimized with the Yoast SEO plugin v27.4 - https:\/\/yoast.com\/product\/yoast-seo-wordpress\/ -->\n<title>Notre regard -<\/title>\n<meta name=\"robots\" content=\"index, follow, max-snippet:-1, max-image-preview:large, max-video-preview:-1\" \/>\n<link rel=\"canonical\" href=\"https:\/\/loeilduloup.fr\/en\/\" \/>\n<meta property=\"og:locale\" content=\"en_GB\" \/>\n<meta property=\"og:type\" content=\"article\" \/>\n<meta property=\"og:title\" content=\"Notre regard -\" \/>\n<meta property=\"og:description\" content=\"L\u2019\u0153il du loup est une association de pr\u00e9vention des violences et de promotion du bien-\u00eatre, sp\u00e9cialis\u00e9e dans la pr\u00e9vention des violences sexistes et sexuelles (VSS). Depuis 2015, L\u2019\u0153il du loup d\u00e9veloppe des actions de pr\u00e9vention aupr\u00e8s d\u2019enfants, de jeunes et d\u2019adultes, avec une p\u00e9dagogie active qui allie conscience de soi, empowerment et travail sur les&hellip; Continue reading Notre regard\" \/>\n<meta property=\"og:url\" content=\"https:\/\/loeilduloup.fr\/en\/\" \/>\n<meta property=\"article:modified_time\" content=\"2025-04-16T10:36:08+00:00\" \/>\n<meta property=\"og:image\" content=\"https:\/\/loeilduloup.fr\/wp-content\/uploads\/2017\/12\/Banniere_site_ODL.jpg\" \/>\n\t<meta property=\"og:image:width\" content=\"2500\" \/>\n\t<meta property=\"og:image:height\" content=\"1200\" \/>\n\t<meta property=\"og:image:type\" content=\"image\/jpeg\" \/>\n<meta name=\"twitter:card\" content=\"summary_large_image\" \/>\n<meta name=\"twitter:label1\" content=\"Estimated reading time\" \/>\n\t<meta name=\"twitter:data1\" content=\"2 minutes\" \/>\n<script type=\"application\/ld+json\" class=\"yoast-schema-graph\">{\"@context\":\"https:\\\/\\\/schema.org\",\"@graph\":[{\"@type\":\"WebPage\",\"@id\":\"https:\\\/\\\/loeilduloup.fr\\\/\",\"url\":\"https:\\\/\\\/loeilduloup.fr\\\/\",\"name\":\"Notre regard -\",\"isPartOf\":{\"@id\":\"https:\\\/\\\/loeilduloup.fr\\\/#website\"},\"primaryImageOfPage\":{\"@id\":\"https:\\\/\\\/loeilduloup.fr\\\/#primaryimage\"},\"image\":{\"@id\":\"https:\\\/\\\/loeilduloup.fr\\\/#primaryimage\"},\"thumbnailUrl\":\"https:\\\/\\\/i0.wp.com\\\/loeilduloup.fr\\\/wp-content\\\/uploads\\\/2017\\\/12\\\/Banniere_site_ODL.jpg?fit=2500%2C1200&ssl=1\",\"datePublished\":\"2022-08-30T09:38:58+00:00\",\"dateModified\":\"2025-04-16T10:36:08+00:00\",\"breadcrumb\":{\"@id\":\"https:\\\/\\\/loeilduloup.fr\\\/#breadcrumb\"},\"inLanguage\":\"en-GB\",\"potentialAction\":[{\"@type\":\"ReadAction\",\"target\":[\"https:\\\/\\\/loeilduloup.fr\\\/\"]}]},{\"@type\":\"ImageObject\",\"inLanguage\":\"en-GB\",\"@id\":\"https:\\\/\\\/loeilduloup.fr\\\/#primaryimage\",\"url\":\"https:\\\/\\\/i0.wp.com\\\/loeilduloup.fr\\\/wp-content\\\/uploads\\\/2017\\\/12\\\/Banniere_site_ODL.jpg?fit=2500%2C1200&ssl=1\",\"contentUrl\":\"https:\\\/\\\/i0.wp.com\\\/loeilduloup.fr\\\/wp-content\\\/uploads\\\/2017\\\/12\\\/Banniere_site_ODL.jpg?fit=2500%2C1200&ssl=1\",\"width\":2500,\"height\":1200},{\"@type\":\"BreadcrumbList\",\"@id\":\"https:\\\/\\\/loeilduloup.fr\\\/#breadcrumb\",\"itemListElement\":[{\"@type\":\"ListItem\",\"position\":1,\"name\":\"Accueil\",\"item\":\"https:\\\/\\\/loeilduloup.fr\\\/\"},{\"@type\":\"ListItem\",\"position\":2,\"name\":\"Notre regard\"}]},{\"@type\":\"WebSite\",\"@id\":\"https:\\\/\\\/loeilduloup.fr\\\/#website\",\"url\":\"https:\\\/\\\/loeilduloup.fr\\\/\",\"name\":\"\",\"description\":\"Promouvoir le bien-\u00eatre pour r\u00e9duire les violences\",\"potentialAction\":[{\"@type\":\"SearchAction\",\"target\":{\"@type\":\"EntryPoint\",\"urlTemplate\":\"https:\\\/\\\/loeilduloup.fr\\\/?s={search_term_string}\"},\"query-input\":{\"@type\":\"PropertyValueSpecification\",\"valueRequired\":true,\"valueName\":\"search_term_string\"}}],\"inLanguage\":\"en-GB\"}]}<\/script>\n<!-- \/ Yoast SEO plugin. -->","yoast_head_json":{"title":"Notre regard -","robots":{"index":"index","follow":"follow","max-snippet":"max-snippet:-1","max-image-preview":"max-image-preview:large","max-video-preview":"max-video-preview:-1"},"canonical":"https:\/\/loeilduloup.fr\/en\/","og_locale":"en_GB","og_type":"article","og_title":"Notre regard -","og_description":"L\u2019\u0153il du loup est une association de pr\u00e9vention des violences et de promotion du bien-\u00eatre, sp\u00e9cialis\u00e9e dans la pr\u00e9vention des violences sexistes et sexuelles (VSS). Depuis 2015, L\u2019\u0153il du loup d\u00e9veloppe des actions de pr\u00e9vention aupr\u00e8s d\u2019enfants, de jeunes et d\u2019adultes, avec une p\u00e9dagogie active qui allie conscience de soi, empowerment et travail sur les&hellip; Continue reading Notre regard","og_url":"https:\/\/loeilduloup.fr\/en\/","article_modified_time":"2025-04-16T10:36:08+00:00","og_image":[{"width":2500,"height":1200,"url":"https:\/\/loeilduloup.fr\/wp-content\/uploads\/2017\/12\/Banniere_site_ODL.jpg","type":"image\/jpeg"}],"twitter_card":"summary_large_image","twitter_misc":{"Estimated reading time":"2 minutes"},"schema":{"@context":"https:\/\/schema.org","@graph":[{"@type":"WebPage","@id":"https:\/\/loeilduloup.fr\/","url":"https:\/\/loeilduloup.fr\/","name":"Notre regard -","isPartOf":{"@id":"https:\/\/loeilduloup.fr\/#website"},"primaryImageOfPage":{"@id":"https:\/\/loeilduloup.fr\/#primaryimage"},"image":{"@id":"https:\/\/loeilduloup.fr\/#primaryimage"},"thumbnailUrl":"https:\/\/i0.wp.com\/loeilduloup.fr\/wp-content\/uploads\/2017\/12\/Banniere_site_ODL.jpg?fit=2500%2C1200&ssl=1","datePublished":"2022-08-30T09:38:58+00:00","dateModified":"2025-04-16T10:36:08+00:00","breadcrumb":{"@id":"https:\/\/loeilduloup.fr\/#breadcrumb"},"inLanguage":"en-GB","potentialAction":[{"@type":"ReadAction","target":["https:\/\/loeilduloup.fr\/"]}]},{"@type":"ImageObject","inLanguage":"en-GB","@id":"https:\/\/loeilduloup.fr\/#primaryimage","url":"https:\/\/i0.wp.com\/loeilduloup.fr\/wp-content\/uploads\/2017\/12\/Banniere_site_ODL.jpg?fit=2500%2C1200&ssl=1","contentUrl":"https:\/\/i0.wp.com\/loeilduloup.fr\/wp-content\/uploads\/2017\/12\/Banniere_site_ODL.jpg?fit=2500%2C1200&ssl=1","width":2500,"height":1200},{"@type":"BreadcrumbList","@id":"https:\/\/loeilduloup.fr\/#breadcrumb","itemListElement":[{"@type":"ListItem","position":1,"name":"Accueil","item":"https:\/\/loeilduloup.fr\/"},{"@type":"ListItem","position":2,"name":"Notre regard"}]},{"@type":"WebSite","@id":"https:\/\/loeilduloup.fr\/#website","url":"https:\/\/loeilduloup.fr\/","name":"","description":"Promoting well-being to reduce violence","potentialAction":[{"@type":"SearchAction","target":{"@type":"EntryPoint","urlTemplate":"https:\/\/loeilduloup.fr\/?s={search_term_string}"},"query-input":{"@type":"PropertyValueSpecification","valueRequired":true,"valueName":"search_term_string"}}],"inLanguage":"en-GB"}]}},"jetpack-related-posts":[{"id":1347,"url":"https:\/\/loeilduloup.fr\/en\/formations\/formation-adolescence-consentement\/","url_meta":{"origin":802,"position":0},"title":"Lutter contres les st\u00e9r\u00e9otypes de genre pour pr\u00e9venir les violences dans les m\u00e9tiers de l\u2019animation","author":"L'oeil du Loup","date":"5 October 2022","format":false,"excerpt":"Violences sexistes et sexuelles chez les adolescent\u00b7es : pr\u00e9venir et agir Depuis sept ans, nous menons de nombreuses interventions de promotion de l\u2019\u00e9galit\u00e9 de genre et d\u2019\u00e9ducation \u00e0 la vie affective, relationnelle et sexuelle aupr\u00e8s de diff\u00e9rents publics, dans lesquelles la question du consentement tient une place majeure. Ces interventions\u2026","rel":"","context":"Similar post","block_context":{"text":"Similar post","link":""},"img":{"alt_text":"","src":"https:\/\/i0.wp.com\/loeilduloup.fr\/wp-content\/uploads\/2017\/12\/cropped-Banniere_site_ODL.jpg?fit=1180%2C435&ssl=1&resize=350%2C200","width":350,"height":200,"srcset":"https:\/\/i0.wp.com\/loeilduloup.fr\/wp-content\/uploads\/2017\/12\/cropped-Banniere_site_ODL.jpg?fit=1180%2C435&ssl=1&resize=350%2C200 1x, https:\/\/i0.wp.com\/loeilduloup.fr\/wp-content\/uploads\/2017\/12\/cropped-Banniere_site_ODL.jpg?fit=1180%2C435&ssl=1&resize=525%2C300 1.5x, https:\/\/i0.wp.com\/loeilduloup.fr\/wp-content\/uploads\/2017\/12\/cropped-Banniere_site_ODL.jpg?fit=1180%2C435&ssl=1&resize=700%2C400 2x, https:\/\/i0.wp.com\/loeilduloup.fr\/wp-content\/uploads\/2017\/12\/cropped-Banniere_site_ODL.jpg?fit=1180%2C435&ssl=1&resize=1050%2C600 3x"},"classes":[]},{"id":361,"url":"https:\/\/loeilduloup.fr\/en\/vie-affective-et-sexuelle\/","url_meta":{"origin":802,"position":1},"title":"Education in emotional, relational and sexual life","author":"L'oeil du Loup","date":"9 April 2018","format":false,"excerpt":"Promouvoir l'\u00e9galit\u00e9 et pr\u00e9venir les violences sont des enjeux de sant\u00e9 L\u2019\u00e9ducation \u00e0 la vie affective, relationnelle et sexuelle (EVARS) est une \u00e9ducation \u00e0 une citoyennet\u00e9 compl\u00e8te promouvant des relations\u00a0 affectives saines, l\u2019imp\u00e9ratif de consentement, la reconnaissance des orientations sexuelles et des minorit\u00e9s de genre et la lutte contre les\u2026","rel":"","context":"In \"coll\u00e8ge\"","block_context":{"text":"coll\u00e8ge","link":"https:\/\/loeilduloup.fr\/en\/tag\/college\/"},"img":{"alt_text":"","src":"https:\/\/i0.wp.com\/loeilduloup.fr\/wp-content\/uploads\/2022\/09\/Bannie%CC%80re-site-scolaire1.png?fit=1200%2C600&ssl=1&resize=350%2C200","width":350,"height":200,"srcset":"https:\/\/i0.wp.com\/loeilduloup.fr\/wp-content\/uploads\/2022\/09\/Bannie%CC%80re-site-scolaire1.png?fit=1200%2C600&ssl=1&resize=350%2C200 1x, https:\/\/i0.wp.com\/loeilduloup.fr\/wp-content\/uploads\/2022\/09\/Bannie%CC%80re-site-scolaire1.png?fit=1200%2C600&ssl=1&resize=525%2C300 1.5x, https:\/\/i0.wp.com\/loeilduloup.fr\/wp-content\/uploads\/2022\/09\/Bannie%CC%80re-site-scolaire1.png?fit=1200%2C600&ssl=1&resize=700%2C400 2x, https:\/\/i0.wp.com\/loeilduloup.fr\/wp-content\/uploads\/2022\/09\/Bannie%CC%80re-site-scolaire1.png?fit=1200%2C600&ssl=1&resize=1050%2C600 3x"},"classes":[]},{"id":1882,"url":"https:\/\/loeilduloup.fr\/en\/competences-psychosociales-et-consentement\/","url_meta":{"origin":802,"position":2},"title":"Promouvoir le consentement d\u00e8s le plus jeune \u00e2ge par le d\u00e9veloppement des comp\u00e9tences psychosociales","author":"L'oeil du Loup","date":"8 April 2025","format":false,"excerpt":"Parmi les victimes de violences sexuelles, 81% d\u00e9clarent avoir subi les premi\u00e8res violences avant 18 ans, 51% avant 11 ans et 21% avant 6 ans (UNICEF). Face \u00e0 ce constat alarmant, tr\u00e8s peu de dispositifs sont mis en place en France. Alors que la capacit\u00e9 \u00e0 identifier et \u00e0 exprimer\u2026","rel":"","context":"Similar post","block_context":{"text":"Similar post","link":""},"img":{"alt_text":"","src":"","width":0,"height":0},"classes":[]},{"id":27,"url":"https:\/\/loeilduloup.fr\/en\/animations\/","url_meta":{"origin":802,"position":3},"title":"Entertainment","author":"L'oeil du Loup","date":"11 December 2017","format":false,"excerpt":"Ouvrir une discussion bienveillante et d\u00e9passer les tabous Toutes nos animations sont d\u00e9clinables avec l\u2019ensemble de nos th\u00e9matiques.Elles peuvent \u00eatre co-con\u00e7ues avec vous et adapt\u00e9es \u00e0 vos besoins sp\u00e9cifiques. PUBLICSEnfants, adolescent\u00b7es, adultes FORMATS ET TYPES D'INTERVENTIONS- Groupes de parole et de sensibilisation\u00a0: Une ou plusieurs s\u00e9ances de 2 heures chacune\u2026","rel":"","context":"In \"adolescents\"","block_context":{"text":"adolescents","link":"https:\/\/loeilduloup.fr\/en\/tag\/adolescents\/"},"img":{"alt_text":"","src":"https:\/\/i0.wp.com\/loeilduloup.fr\/wp-content\/uploads\/2022\/09\/Bannie%CC%80re-site-animations-1.png?fit=1200%2C600&ssl=1&resize=350%2C200","width":350,"height":200,"srcset":"https:\/\/i0.wp.com\/loeilduloup.fr\/wp-content\/uploads\/2022\/09\/Bannie%CC%80re-site-animations-1.png?fit=1200%2C600&ssl=1&resize=350%2C200 1x, https:\/\/i0.wp.com\/loeilduloup.fr\/wp-content\/uploads\/2022\/09\/Bannie%CC%80re-site-animations-1.png?fit=1200%2C600&ssl=1&resize=525%2C300 1.5x, https:\/\/i0.wp.com\/loeilduloup.fr\/wp-content\/uploads\/2022\/09\/Bannie%CC%80re-site-animations-1.png?fit=1200%2C600&ssl=1&resize=700%2C400 2x, https:\/\/i0.wp.com\/loeilduloup.fr\/wp-content\/uploads\/2022\/09\/Bannie%CC%80re-site-animations-1.png?fit=1200%2C600&ssl=1&resize=1050%2C600 3x"},"classes":[]},{"id":1722,"url":"https:\/\/loeilduloup.fr\/en\/consentement-enfants-outils\/","url_meta":{"origin":802,"position":4},"title":"Bo\u00eete \u00e0 outils \u00ab\u00a0Des comp\u00e9tences pour les relations\u00a0\u00bb","author":"L'oeil du Loup","date":"24 February 2025","format":false,"excerpt":"La bo\u00eete \u00e0 outils \"Des comp\u00e9tences pour les relations\", un outil p\u00e9dagogique gratuit pour les professionnel\u00b7les de l\u2019enfance \"Des comp\u00e9tences pour les relations\" est une bo\u00eete \u00e0 outils financ\u00e9e par le programme Erasmus+ de l\u2019Union Europ\u00e9enne, con\u00e7ue pour accompagner les enseignant\u00b7es, \u00e9ducateur\u00b7rices, animateur\u00b7rices et autres professionnel\u00b7les travaillant avec des enfants\u2026","rel":"","context":"Similar post","block_context":{"text":"Similar post","link":""},"img":{"alt_text":"","src":"https:\/\/i0.wp.com\/loeilduloup.fr\/wp-content\/uploads\/2026\/03\/Couverture_boite_outil_consentement_enfants_Loeil_du_loup.png?resize=350%2C200&ssl=1","width":350,"height":200,"srcset":"https:\/\/i0.wp.com\/loeilduloup.fr\/wp-content\/uploads\/2026\/03\/Couverture_boite_outil_consentement_enfants_Loeil_du_loup.png?resize=350%2C200&ssl=1 1x, https:\/\/i0.wp.com\/loeilduloup.fr\/wp-content\/uploads\/2026\/03\/Couverture_boite_outil_consentement_enfants_Loeil_du_loup.png?resize=525%2C300&ssl=1 1.5x"},"classes":[]},{"id":1615,"url":"https:\/\/loeilduloup.fr\/en\/skills-for-consent\/","url_meta":{"origin":802,"position":5},"title":"Skills for consent","author":"L'oeil du Loup","date":"11 January 2024","format":false,"excerpt":"D\u00e9velopper les comp\u00e9tences psychosociales pour \u00e9duquer au consentement d\u00e8s le plus jeune \u00e2ge Selon le rapport de la Ciivise (2023), on estime \u00e0 160 000 le nombre d'enfants victimes de violences sexuelles chaque ann\u00e9e en France. Ce m\u00eame rapport indique que les premi\u00e8res violences surviennent en moyenne autour de l'\u00e2ge\u2026","rel":"","context":"Similar post","block_context":{"text":"Similar post","link":""},"img":{"alt_text":"","src":"https:\/\/i0.wp.com\/loeilduloup.fr\/wp-content\/uploads\/2024\/01\/Capture-decran-2024-01-11-a-16.13.28.png?resize=350%2C200&ssl=1","width":350,"height":200},"classes":[]}],"jetpack_sharing_enabled":true,"_links":{"self":[{"href":"https:\/\/loeilduloup.fr\/en\/wp-json\/wp\/v2\/pages\/802","targetHints":{"allow":["GET"]}}],"collection":[{"href":"https:\/\/loeilduloup.fr\/en\/wp-json\/wp\/v2\/pages"}],"about":[{"href":"https:\/\/loeilduloup.fr\/en\/wp-json\/wp\/v2\/types\/page"}],"author":[{"embeddable":true,"href":"https:\/\/loeilduloup.fr\/en\/wp-json\/wp\/v2\/users\/1"}],"replies":[{"embeddable":true,"href":"https:\/\/loeilduloup.fr\/en\/wp-json\/wp\/v2\/comments?post=802"}],"version-history":[{"count":34,"href":"https:\/\/loeilduloup.fr\/en\/wp-json\/wp\/v2\/pages\/802\/revisions"}],"predecessor-version":[{"id":1972,"href":"https:\/\/loeilduloup.fr\/en\/wp-json\/wp\/v2\/pages\/802\/revisions\/1972"}],"wp:featuredmedia":[{"embeddable":true,"href":"https:\/\/loeilduloup.fr\/en\/wp-json\/wp\/v2\/media\/571"}],"wp:attachment":[{"href":"https:\/\/loeilduloup.fr\/en\/wp-json\/wp\/v2\/media?parent=802"}],"wp:term":[{"taxonomy":"post_tag","embeddable":true,"href":"https:\/\/loeilduloup.fr\/en\/wp-json\/wp\/v2\/tags?post=802"}],"curies":[{"name":"wp","href":"https:\/\/api.w.org\/{rel}","templated":true}]}}