{"id":560,"date":"2019-09-17T10:57:04","date_gmt":"2019-09-17T08:57:04","guid":{"rendered":"http:\/\/loeilduloup.fr\/?page_id=560"},"modified":"2023-06-15T12:08:59","modified_gmt":"2023-06-15T10:08:59","slug":"documentaire","status":"publish","type":"page","link":"https:\/\/loeilduloup.fr\/en\/documentaire\/","title":{"rendered":"Masculinit\u00e9s plurielles"},"content":{"rendered":"<div class=\"wp-block-image\">\n<figure class=\"aligncenter size-large is-resized\"><img data-recalc-dims=\"1\" loading=\"lazy\" decoding=\"async\" src=\"https:\/\/i0.wp.com\/loeilduloup.fr\/wp-content\/uploads\/2022\/09\/Capture-d%C3%A9cran-2022-09-02-%C3%A0-11.00.24-1024x586.png?resize=825%2C471\" alt=\"\" class=\"wp-image-1257\" width=\"825\" height=\"471\"\/><\/figure>\n<\/div>\n\n\n<p>While there has been a lot of work and communication on women and their place in society, <strong>take little interest in men and the way in which their social identities are constructed<\/strong>. The actions in favor of equality, which are increasingly encouraged, remain focused on girls and stereotypes linked to femininity without necessarily questioning the norms of virile gender and the valorization of the male model, as if this were unrelated to the problem.<\/p>\n\n\n\n<blockquote class=\"wp-block-quote is-layout-flow wp-block-quote-is-layout-flow\">\n<p><strong>The purpose of this work is to decipher and show how the people interviewed took ownership of or detached themselves from the male figures to which they are exposed.<\/strong><\/p>\n<\/blockquote>\n\n\n\n<p>What was their experience as a child and teenager socialized as a boy? How did the analysis and understanding of gender norms affect their development as adults? How did their relationship to sexuality change? How about their relationship to women? To men? To stereotypes and gender roles?<\/p>\n\n\n\n<p>The aim is to show boys, but also girls and the general public, <strong>a wider range of masculinities and an opening up of possibilities<\/strong>, taking as its starting point the idea that forms of masculinity are diverse and that one can flourish by freeing oneself from stereotypical, toxic and dominant models.<\/p>\n\n\n\n<p><strong>Themes<\/strong>&nbsp;: Adolescence, puberty, pressures to be masculine (felt or not), sexual initiation, fears, anxiety, joys, changing beliefs and perceptions, tenderness, etc.<\/p>\n\n\n\n<p class=\"has-text-align-center has-text-color has-medium-font-size\" style=\"color:#db6232\"><strong><a href=\"https:\/\/www.youtube.com\/watch?v=ZXg0B-6b3ik\" target=\"_blank\" rel=\"noreferrer noopener\"><mark style=\"background-color:rgba(0, 0, 0, 0);color:#db6232\" class=\"has-inline-color\">Watch our pilot<\/mark><\/a><\/strong><\/p>\n\n\n\n<figure class=\"wp-block-embed aligncenter is-type-video is-provider-youtube wp-block-embed-youtube wp-embed-aspect-16-9 wp-has-aspect-ratio\"><div class=\"wp-block-embed__wrapper\">\n<div class=\"jetpack-video-wrapper\"><iframe loading=\"lazy\" title=\"Masculinit\u00e9s Plurielles - Pilote\" width=\"825\" height=\"464\" src=\"https:\/\/www.youtube.com\/embed\/ZXg0B-6b3ik?feature=oembed\" frameborder=\"0\" allow=\"accelerometer; autoplay; clipboard-write; encrypted-media; gyroscope; picture-in-picture; web-share\" allowfullscreen><\/iframe><\/div>\n<\/div><\/figure>\n\n\n\n<p class=\"has-text-align-center\"><strong><a href=\"http:\/\/loeilduloup.fr\/en\/contact\/\"><mark style=\"background-color:rgba(0, 0, 0, 0);color:#db6232\" class=\"has-inline-color\">Organize a screening<\/mark><\/a><\/strong><\/p>","protected":false},"excerpt":{"rendered":"<p>S\u2019il y a eu beaucoup de travaux et de communication sur les femmes et leur place dans la soci\u00e9t\u00e9, peu s\u2019int\u00e9ressent aux hommes et \u00e0 la mani\u00e8re dont se construisent leurs identit\u00e9s sociales. Les actions en faveur de l\u2019\u00e9galit\u00e9, qui sont de plus en plus encourag\u00e9es, restent focalis\u00e9es sur les filles et les st\u00e9r\u00e9otypes li\u00e9s&hellip; <a href=\"https:\/\/loeilduloup.fr\/en\/documentaire\/\" class=\"more-link\">Continue reading <span class=\"screen-reader-text\">Masculinit\u00e9s plurielles<\/span><\/a><\/p>","protected":false},"author":1,"featured_media":0,"parent":0,"menu_order":5,"comment_status":"closed","ping_status":"closed","template":"templates\/full-width-page.php","meta":{"footnotes":""},"tags":[64,59,68,63,43,60,61,65,67,34,15,66],"class_list":["post-560","page","type-page","status-publish","hentry","tag-adolescence","tag-documentaire","tag-femmes","tag-garcons","tag-genre","tag-masculinite","tag-masculinites","tag-puberte","tag-representations","tag-sexualite","tag-stereotypes","tag-virilite","without-featured-image"],"yoast_head":"<!-- This site is optimized with the Yoast SEO plugin v27.5 - https:\/\/yoast.com\/product\/yoast-seo-wordpress\/ -->\n<title>Masculinit\u00e9s plurielles -<\/title>\n<meta name=\"robots\" content=\"index, follow, max-snippet:-1, max-image-preview:large, max-video-preview:-1\" \/>\n<link rel=\"canonical\" href=\"https:\/\/loeilduloup.fr\/en\/documentaire\/\" \/>\n<meta property=\"og:locale\" content=\"en_GB\" \/>\n<meta property=\"og:type\" content=\"article\" \/>\n<meta property=\"og:title\" content=\"Masculinit\u00e9s plurielles -\" \/>\n<meta property=\"og:description\" content=\"S\u2019il y a eu beaucoup de travaux et de communication sur les femmes et leur place dans la soci\u00e9t\u00e9, peu s\u2019int\u00e9ressent aux hommes et \u00e0 la mani\u00e8re dont se construisent leurs identit\u00e9s sociales. Les actions en faveur de l\u2019\u00e9galit\u00e9, qui sont de plus en plus encourag\u00e9es, restent focalis\u00e9es sur les filles et les st\u00e9r\u00e9otypes li\u00e9s&hellip; Continue reading Masculinit\u00e9s plurielles\" \/>\n<meta property=\"og:url\" content=\"https:\/\/loeilduloup.fr\/en\/documentaire\/\" \/>\n<meta property=\"article:modified_time\" content=\"2023-06-15T10:08:59+00:00\" \/>\n<meta name=\"twitter:card\" content=\"summary_large_image\" \/>\n<meta name=\"twitter:label1\" content=\"Estimated reading time\" \/>\n\t<meta name=\"twitter:data1\" content=\"2 minutes\" \/>\n<script type=\"application\/ld+json\" class=\"yoast-schema-graph\">{\"@context\":\"https:\\\/\\\/schema.org\",\"@graph\":[{\"@type\":\"WebPage\",\"@id\":\"https:\\\/\\\/loeilduloup.fr\\\/documentaire\\\/\",\"url\":\"https:\\\/\\\/loeilduloup.fr\\\/documentaire\\\/\",\"name\":\"Masculinit\u00e9s plurielles -\",\"isPartOf\":{\"@id\":\"https:\\\/\\\/loeilduloup.fr\\\/#website\"},\"datePublished\":\"2019-09-17T08:57:04+00:00\",\"dateModified\":\"2023-06-15T10:08:59+00:00\",\"breadcrumb\":{\"@id\":\"https:\\\/\\\/loeilduloup.fr\\\/documentaire\\\/#breadcrumb\"},\"inLanguage\":\"en-GB\",\"potentialAction\":[{\"@type\":\"ReadAction\",\"target\":[\"https:\\\/\\\/loeilduloup.fr\\\/documentaire\\\/\"]}]},{\"@type\":\"BreadcrumbList\",\"@id\":\"https:\\\/\\\/loeilduloup.fr\\\/documentaire\\\/#breadcrumb\",\"itemListElement\":[{\"@type\":\"ListItem\",\"position\":1,\"name\":\"Accueil\",\"item\":\"https:\\\/\\\/loeilduloup.fr\\\/\"},{\"@type\":\"ListItem\",\"position\":2,\"name\":\"Masculinit\u00e9s plurielles\"}]},{\"@type\":\"WebSite\",\"@id\":\"https:\\\/\\\/loeilduloup.fr\\\/#website\",\"url\":\"https:\\\/\\\/loeilduloup.fr\\\/\",\"name\":\"\",\"description\":\"Promouvoir le bien-\u00eatre pour r\u00e9duire les violences\",\"potentialAction\":[{\"@type\":\"SearchAction\",\"target\":{\"@type\":\"EntryPoint\",\"urlTemplate\":\"https:\\\/\\\/loeilduloup.fr\\\/?s={search_term_string}\"},\"query-input\":{\"@type\":\"PropertyValueSpecification\",\"valueRequired\":true,\"valueName\":\"search_term_string\"}}],\"inLanguage\":\"en-GB\"}]}<\/script>\n<!-- \/ Yoast SEO plugin. -->","yoast_head_json":{"title":"Masculinit\u00e9s plurielles -","robots":{"index":"index","follow":"follow","max-snippet":"max-snippet:-1","max-image-preview":"max-image-preview:large","max-video-preview":"max-video-preview:-1"},"canonical":"https:\/\/loeilduloup.fr\/en\/documentaire\/","og_locale":"en_GB","og_type":"article","og_title":"Masculinit\u00e9s plurielles -","og_description":"S\u2019il y a eu beaucoup de travaux et de communication sur les femmes et leur place dans la soci\u00e9t\u00e9, peu s\u2019int\u00e9ressent aux hommes et \u00e0 la mani\u00e8re dont se construisent leurs identit\u00e9s sociales. Les actions en faveur de l\u2019\u00e9galit\u00e9, qui sont de plus en plus encourag\u00e9es, restent focalis\u00e9es sur les filles et les st\u00e9r\u00e9otypes li\u00e9s&hellip; Continue reading Masculinit\u00e9s plurielles","og_url":"https:\/\/loeilduloup.fr\/en\/documentaire\/","article_modified_time":"2023-06-15T10:08:59+00:00","twitter_card":"summary_large_image","twitter_misc":{"Estimated reading time":"2 minutes"},"schema":{"@context":"https:\/\/schema.org","@graph":[{"@type":"WebPage","@id":"https:\/\/loeilduloup.fr\/documentaire\/","url":"https:\/\/loeilduloup.fr\/documentaire\/","name":"Masculinit\u00e9s plurielles -","isPartOf":{"@id":"https:\/\/loeilduloup.fr\/#website"},"datePublished":"2019-09-17T08:57:04+00:00","dateModified":"2023-06-15T10:08:59+00:00","breadcrumb":{"@id":"https:\/\/loeilduloup.fr\/documentaire\/#breadcrumb"},"inLanguage":"en-GB","potentialAction":[{"@type":"ReadAction","target":["https:\/\/loeilduloup.fr\/documentaire\/"]}]},{"@type":"BreadcrumbList","@id":"https:\/\/loeilduloup.fr\/documentaire\/#breadcrumb","itemListElement":[{"@type":"ListItem","position":1,"name":"Accueil","item":"https:\/\/loeilduloup.fr\/"},{"@type":"ListItem","position":2,"name":"Masculinit\u00e9s plurielles"}]},{"@type":"WebSite","@id":"https:\/\/loeilduloup.fr\/#website","url":"https:\/\/loeilduloup.fr\/","name":"","description":"Promoting well-being to reduce violence","potentialAction":[{"@type":"SearchAction","target":{"@type":"EntryPoint","urlTemplate":"https:\/\/loeilduloup.fr\/?s={search_term_string}"},"query-input":{"@type":"PropertyValueSpecification","valueRequired":true,"valueName":"search_term_string"}}],"inLanguage":"en-GB"}]}},"jetpack-related-posts":[{"id":1980,"url":"https:\/\/loeilduloup.fr\/en\/promouvoir-legalite-de-genre\/","url_meta":{"origin":560,"position":0},"title":"Promouvoir l\u2019\u00e9galit\u00e9 de genre","author":"L'oeil du Loup","date":"22 April 2025","format":false,"excerpt":"Contexte et enjeux Tr\u00e8s t\u00f4t, filles et gar\u00e7ons int\u00e9riorisent des \u00ab\u00a0r\u00f4les\u00a0\u00bb genr\u00e9s\u00a0: on pr\u00eate \u00e0 l\u2019un\u00b7e go\u00fbt pour l\u2019aventure, \u00e0 l\u2019autre un int\u00e9r\u00eat pour le soin. Ces assignations invisibles mais puissantes limitent le champ des possibles, orientent les trajectoires scolaires et professionnelles, et participent \u00e0 la reproduction d\u2019in\u00e9galit\u00e9s durables. Pourquoi\u2026","rel":"","context":"Similar post","block_context":{"text":"Similar post","link":""},"img":{"alt_text":"","src":"","width":0,"height":0},"classes":[]},{"id":27,"url":"https:\/\/loeilduloup.fr\/en\/animations\/","url_meta":{"origin":560,"position":1},"title":"Entertainment","author":"L'oeil du Loup","date":"11 December 2017","format":false,"excerpt":"Ouvrir une discussion bienveillante et d\u00e9passer les tabous Toutes nos animations sont d\u00e9clinables avec l\u2019ensemble de nos th\u00e9matiques.Elles peuvent \u00eatre co-con\u00e7ues avec vous et adapt\u00e9es \u00e0 vos besoins sp\u00e9cifiques. PUBLICSEnfants, adolescent\u00b7es, adultes FORMATS ET TYPES D'INTERVENTIONS- Groupes de parole et de sensibilisation\u00a0: Une ou plusieurs s\u00e9ances de 2 heures chacune\u2026","rel":"","context":"In \"adolescents\"","block_context":{"text":"adolescents","link":"https:\/\/loeilduloup.fr\/en\/tag\/adolescents\/"},"img":{"alt_text":"","src":"https:\/\/i0.wp.com\/loeilduloup.fr\/wp-content\/uploads\/2022\/09\/Bannie%CC%80re-site-animations-1.png?fit=1200%2C600&ssl=1&resize=350%2C200","width":350,"height":200,"srcset":"https:\/\/i0.wp.com\/loeilduloup.fr\/wp-content\/uploads\/2022\/09\/Bannie%CC%80re-site-animations-1.png?fit=1200%2C600&ssl=1&resize=350%2C200 1x, https:\/\/i0.wp.com\/loeilduloup.fr\/wp-content\/uploads\/2022\/09\/Bannie%CC%80re-site-animations-1.png?fit=1200%2C600&ssl=1&resize=525%2C300 1.5x, https:\/\/i0.wp.com\/loeilduloup.fr\/wp-content\/uploads\/2022\/09\/Bannie%CC%80re-site-animations-1.png?fit=1200%2C600&ssl=1&resize=700%2C400 2x, https:\/\/i0.wp.com\/loeilduloup.fr\/wp-content\/uploads\/2022\/09\/Bannie%CC%80re-site-animations-1.png?fit=1200%2C600&ssl=1&resize=1050%2C600 3x"},"classes":[]},{"id":361,"url":"https:\/\/loeilduloup.fr\/en\/vie-affective-et-sexuelle\/","url_meta":{"origin":560,"position":2},"title":"Education in emotional, relational and sexual life","author":"L'oeil du Loup","date":"9 April 2018","format":false,"excerpt":"Promouvoir l'\u00e9galit\u00e9 et pr\u00e9venir les violences sont des enjeux de sant\u00e9 L\u2019\u00e9ducation \u00e0 la vie affective, relationnelle et sexuelle (EVARS) est une \u00e9ducation \u00e0 une citoyennet\u00e9 compl\u00e8te promouvant des relations\u00a0 affectives saines, l\u2019imp\u00e9ratif de consentement, la reconnaissance des orientations sexuelles et des minorit\u00e9s de genre et la lutte contre les\u2026","rel":"","context":"In \"coll\u00e8ge\"","block_context":{"text":"coll\u00e8ge","link":"https:\/\/loeilduloup.fr\/en\/tag\/college\/"},"img":{"alt_text":"","src":"https:\/\/i0.wp.com\/loeilduloup.fr\/wp-content\/uploads\/2022\/09\/Bannie%CC%80re-site-scolaire1.png?fit=1200%2C600&ssl=1&resize=350%2C200","width":350,"height":200,"srcset":"https:\/\/i0.wp.com\/loeilduloup.fr\/wp-content\/uploads\/2022\/09\/Bannie%CC%80re-site-scolaire1.png?fit=1200%2C600&ssl=1&resize=350%2C200 1x, https:\/\/i0.wp.com\/loeilduloup.fr\/wp-content\/uploads\/2022\/09\/Bannie%CC%80re-site-scolaire1.png?fit=1200%2C600&ssl=1&resize=525%2C300 1.5x, https:\/\/i0.wp.com\/loeilduloup.fr\/wp-content\/uploads\/2022\/09\/Bannie%CC%80re-site-scolaire1.png?fit=1200%2C600&ssl=1&resize=700%2C400 2x, https:\/\/i0.wp.com\/loeilduloup.fr\/wp-content\/uploads\/2022\/09\/Bannie%CC%80re-site-scolaire1.png?fit=1200%2C600&ssl=1&resize=1050%2C600 3x"},"classes":[]},{"id":1204,"url":"https:\/\/loeilduloup.fr\/en\/formations\/formation-petite-enfance-egalite\/","url_meta":{"origin":560,"position":3},"title":"Lutter contres les st\u00e9r\u00e9otypes de genre pour pr\u00e9venir les violences dans les m\u00e9tiers de la petite enfance","author":"L'oeil du Loup","date":"6 September 2022","format":false,"excerpt":"L\u2019\u00e9galit\u00e9 filles-gar\u00e7ons dans les modes d'accueil de la petite enfance De nombreuses recherches ont d\u00e9montr\u00e9 que filles et gar\u00e7ons re\u00e7oivent \u00e0 travers des attitudes, paroles et interactions, des messages implicites diff\u00e9rents qui influencent leurs comportements et leurs choix d\u00e8s le plus jeunes \u00e2ge. Le rapport de l\u2019IGAS* sur \u00abl\u2019\u00e9galit\u00e9 entre\u2026","rel":"","context":"Similar post","block_context":{"text":"Similar post","link":""},"img":{"alt_text":"","src":"https:\/\/i0.wp.com\/loeilduloup.fr\/wp-content\/uploads\/2022\/09\/pexels-photo-8612921.jpeg?fit=1200%2C800&ssl=1&resize=350%2C200","width":350,"height":200,"srcset":"https:\/\/i0.wp.com\/loeilduloup.fr\/wp-content\/uploads\/2022\/09\/pexels-photo-8612921.jpeg?fit=1200%2C800&ssl=1&resize=350%2C200 1x, https:\/\/i0.wp.com\/loeilduloup.fr\/wp-content\/uploads\/2022\/09\/pexels-photo-8612921.jpeg?fit=1200%2C800&ssl=1&resize=525%2C300 1.5x, https:\/\/i0.wp.com\/loeilduloup.fr\/wp-content\/uploads\/2022\/09\/pexels-photo-8612921.jpeg?fit=1200%2C800&ssl=1&resize=700%2C400 2x, https:\/\/i0.wp.com\/loeilduloup.fr\/wp-content\/uploads\/2022\/09\/pexels-photo-8612921.jpeg?fit=1200%2C800&ssl=1&resize=1050%2C600 3x"},"classes":[]},{"id":1347,"url":"https:\/\/loeilduloup.fr\/en\/formations\/formation-adolescence-consentement\/","url_meta":{"origin":560,"position":4},"title":"Lutter contres les st\u00e9r\u00e9otypes de genre pour pr\u00e9venir les violences dans les m\u00e9tiers de l\u2019animation","author":"L'oeil du Loup","date":"5 October 2022","format":false,"excerpt":"Violences sexistes et sexuelles chez les adolescent\u00b7es : pr\u00e9venir et agir Depuis sept ans, nous menons de nombreuses interventions de promotion de l\u2019\u00e9galit\u00e9 de genre et d\u2019\u00e9ducation \u00e0 la vie affective, relationnelle et sexuelle aupr\u00e8s de diff\u00e9rents publics, dans lesquelles la question du consentement tient une place majeure. Ces interventions\u2026","rel":"","context":"Similar post","block_context":{"text":"Similar post","link":""},"img":{"alt_text":"","src":"https:\/\/i0.wp.com\/loeilduloup.fr\/wp-content\/uploads\/2017\/12\/cropped-Banniere_site_ODL.jpg?fit=1180%2C435&ssl=1&resize=350%2C200","width":350,"height":200,"srcset":"https:\/\/i0.wp.com\/loeilduloup.fr\/wp-content\/uploads\/2017\/12\/cropped-Banniere_site_ODL.jpg?fit=1180%2C435&ssl=1&resize=350%2C200 1x, https:\/\/i0.wp.com\/loeilduloup.fr\/wp-content\/uploads\/2017\/12\/cropped-Banniere_site_ODL.jpg?fit=1180%2C435&ssl=1&resize=525%2C300 1.5x, https:\/\/i0.wp.com\/loeilduloup.fr\/wp-content\/uploads\/2017\/12\/cropped-Banniere_site_ODL.jpg?fit=1180%2C435&ssl=1&resize=700%2C400 2x, https:\/\/i0.wp.com\/loeilduloup.fr\/wp-content\/uploads\/2017\/12\/cropped-Banniere_site_ODL.jpg?fit=1180%2C435&ssl=1&resize=1050%2C600 3x"},"classes":[]},{"id":969,"url":"https:\/\/loeilduloup.fr\/en\/ateliers-en-milieu-scolaire\/","url_meta":{"origin":560,"position":5},"title":"Workshops in schools","author":"L'oeil du Loup","date":"1 September 2022","format":false,"excerpt":"D\u00e9velopper l'esprit critique et la culture du consentement dans la vie amoureuse et sexuelle des adolescents Lors de nos diverses interventions en coll\u00e8ges et lyc\u00e9es, les affirmations et questionnements des jeunes nous montrent \u00e0 quel point la sexualit\u00e9 peut \u00eatre source d\u2019ignorance et de confusion, d\u2019incompr\u00e9hension et d\u2019anxi\u00e9t\u00e9 (modes de\u2026","rel":"","context":"Similar post","block_context":{"text":"Similar post","link":""},"img":{"alt_text":"","src":"https:\/\/i0.wp.com\/loeilduloup.fr\/wp-content\/uploads\/2022\/09\/Bannie%CC%80re-site-scolaire1.png?fit=1200%2C600&ssl=1&resize=350%2C200","width":350,"height":200,"srcset":"https:\/\/i0.wp.com\/loeilduloup.fr\/wp-content\/uploads\/2022\/09\/Bannie%CC%80re-site-scolaire1.png?fit=1200%2C600&ssl=1&resize=350%2C200 1x, https:\/\/i0.wp.com\/loeilduloup.fr\/wp-content\/uploads\/2022\/09\/Bannie%CC%80re-site-scolaire1.png?fit=1200%2C600&ssl=1&resize=525%2C300 1.5x, https:\/\/i0.wp.com\/loeilduloup.fr\/wp-content\/uploads\/2022\/09\/Bannie%CC%80re-site-scolaire1.png?fit=1200%2C600&ssl=1&resize=700%2C400 2x, https:\/\/i0.wp.com\/loeilduloup.fr\/wp-content\/uploads\/2022\/09\/Bannie%CC%80re-site-scolaire1.png?fit=1200%2C600&ssl=1&resize=1050%2C600 3x"},"classes":[]}],"jetpack_sharing_enabled":true,"_links":{"self":[{"href":"https:\/\/loeilduloup.fr\/en\/wp-json\/wp\/v2\/pages\/560","targetHints":{"allow":["GET"]}}],"collection":[{"href":"https:\/\/loeilduloup.fr\/en\/wp-json\/wp\/v2\/pages"}],"about":[{"href":"https:\/\/loeilduloup.fr\/en\/wp-json\/wp\/v2\/types\/page"}],"author":[{"embeddable":true,"href":"https:\/\/loeilduloup.fr\/en\/wp-json\/wp\/v2\/users\/1"}],"replies":[{"embeddable":true,"href":"https:\/\/loeilduloup.fr\/en\/wp-json\/wp\/v2\/comments?post=560"}],"version-history":[{"count":30,"href":"https:\/\/loeilduloup.fr\/en\/wp-json\/wp\/v2\/pages\/560\/revisions"}],"predecessor-version":[{"id":1536,"href":"https:\/\/loeilduloup.fr\/en\/wp-json\/wp\/v2\/pages\/560\/revisions\/1536"}],"wp:attachment":[{"href":"https:\/\/loeilduloup.fr\/en\/wp-json\/wp\/v2\/media?parent=560"}],"wp:term":[{"taxonomy":"post_tag","embeddable":true,"href":"https:\/\/loeilduloup.fr\/en\/wp-json\/wp\/v2\/tags?post=560"}],"curies":[{"name":"wp","href":"https:\/\/api.w.org\/{rel}","templated":true}]}}