{"id":361,"date":"2018-04-09T15:53:55","date_gmt":"2018-04-09T13:53:55","guid":{"rendered":"http:\/\/loeilduloup.fr\/?page_id=361"},"modified":"2023-12-08T16:58:08","modified_gmt":"2023-12-08T15:58:08","slug":"vie-affective-et-sexuelle","status":"publish","type":"page","link":"https:\/\/loeilduloup.fr\/en\/vie-affective-et-sexuelle\/","title":{"rendered":"Education in emotional, relational and sexual life"},"content":{"rendered":"<p><strong><mark style=\"background-color:rgba(0, 0, 0, 0);color:#aa2d66\" class=\"has-inline-color\">Promoting equality and preventing violence are health issues<\/mark><\/strong><\/p>\n\n\n\n<p><strong>Education for emotional, relational and sexual life (EVARS) is education for full citizenship<\/strong> promoting healthy  emotional relationships, the requirement of consent, the recognition of sexual orientations and gender minorities and the fight against inequality. In particular, it is <strong>a means of preventing and combating violence<\/strong> and the sexual exploitation of minors (<a href=\"https:\/\/www.coe.int\/fr\/web\/children\/lanzarote-convention\" target=\"_blank\" rel=\"noreferrer noopener\">Convention de Lanzarote<\/a>, 2007). It also aims to <strong>promoting sexual health<\/strong>, understood as \u201ca state of physical, emotional, mental and social well-being in terms of sexuality and not merely the absence of disease, dysfunction or infirmity\u201d (<a href=\"https:\/\/www.who.int\/fr\/health-topics\/sexual-health#tab=tab_1\" target=\"_blank\" rel=\"noreferrer noopener\">OMS<\/a>).<\/p>\n\n\n\n<p>In its \u201cinternational guidelines for sexuality education\u201d, the<a href=\"https:\/\/unesdoc.unesco.org\/ark:\/48223\/pf0000260840_fre\" target=\"_blank\" rel=\"noreferrer noopener\">UNESCO<\/a>\u00a0aims to enable individuals to make free choices <strong>based on scientifically accurate education<\/strong>, according to cultural resources, adapted to age and level of  development, based on gender equality and in support of human rights.<\/p>\n\n\n\n<p>Finally, it is <strong>an essential tool for achieving gender equality<\/strong> (<a href=\"https:\/\/www.haut-conseil-egalite.gouv.fr\/sante-droits-sexuels-et-reproductifs\/travaux-du-hce\/article\/rapport-relatif-a-l-education-a-la\" target=\"_blank\" rel=\"noreferrer noopener\">HCE<\/a>, 2016). The report of the High Council of Equality states that \u201d\u00a0<em>given what is at stake in terms of citizenship, gender equality and health, it is the responsibility of the public authorities to provide all young people with objective information, free from judgment and stereotypes, and, when they express the need, to provide them with the necessary support\"<\/em>\u00ab\u00a0.<\/p>\n\n\n\n<p>Whereas in France, since 2001, the Aubry law has provided for three annual sessions of sex education, <strong>only 13% of the total number of sessions would actually be carried out<\/strong> (<a href=\"https:\/\/www.noustoutes.org\/enquetes\/\" target=\"_blank\" rel=\"noreferrer noopener\">Survey Nous Toutes<\/a>). L'\u0153il du loup is one of the organizations that runs these sessions, with the aim of promoting health and preventing sexist and sexual violence.<\/p>\n\n\n\n<p class=\"has-text-align-center has-medium-font-size\"><strong><a href=\"http:\/\/loeilduloup.fr\/en\/contact\/\"><mark style=\"background-color:rgba(0, 0, 0, 0);color:#db6232\" class=\"has-inline-color\">Nous contacter pour organiser un atelier<\/mark><\/a><\/strong><\/p>\n\n\n\n<figure class=\"wp-block-image size-large\"><img data-recalc-dims=\"1\" loading=\"lazy\" decoding=\"async\" width=\"825\" height=\"1168\" src=\"https:\/\/i0.wp.com\/loeilduloup.fr\/wp-content\/uploads\/2023\/12\/infographie_education_sexuelle_737367_798683_page-0001-edited.jpg?resize=825%2C1168&#038;ssl=1\" alt=\"\" class=\"wp-image-1593\" srcset=\"https:\/\/i0.wp.com\/loeilduloup.fr\/wp-content\/uploads\/2023\/12\/infographie_education_sexuelle_737367_798683_page-0001-edited.jpg?w=1170&amp;ssl=1 1170w, https:\/\/i0.wp.com\/loeilduloup.fr\/wp-content\/uploads\/2023\/12\/infographie_education_sexuelle_737367_798683_page-0001-edited.jpg?resize=212%2C300&amp;ssl=1 212w, https:\/\/i0.wp.com\/loeilduloup.fr\/wp-content\/uploads\/2023\/12\/infographie_education_sexuelle_737367_798683_page-0001-edited.jpg?resize=723%2C1024&amp;ssl=1 723w, https:\/\/i0.wp.com\/loeilduloup.fr\/wp-content\/uploads\/2023\/12\/infographie_education_sexuelle_737367_798683_page-0001-edited.jpg?resize=768%2C1087&amp;ssl=1 768w, https:\/\/i0.wp.com\/loeilduloup.fr\/wp-content\/uploads\/2023\/12\/infographie_education_sexuelle_737367_798683_page-0001-edited.jpg?resize=1085%2C1536&amp;ssl=1 1085w\" sizes=\"auto, (max-width: 825px) 100vw, 825px\" \/><figcaption class=\"wp-element-caption\">Computer graphics of sexuality education available on the website of the <a href=\"https:\/\/www.education.gouv.fr\/education-la-sexualite-1814\" target=\"_blank\" rel=\"noreferrer noopener\">Ministry of National Education (french)<\/a><\/figcaption><\/figure>","protected":false},"excerpt":{"rendered":"<p>Promouvoir l&rsquo;\u00e9galit\u00e9 et pr\u00e9venir les violences sont des enjeux de sant\u00e9 L\u2019\u00e9ducation \u00e0 la vie affective, relationnelle et sexuelle (EVARS) est une \u00e9ducation \u00e0 une citoyennet\u00e9 compl\u00e8te promouvant des relations\u00a0 affectives saines, l\u2019imp\u00e9ratif de consentement, la reconnaissance des orientations sexuelles et des minorit\u00e9s de genre et la lutte contre les in\u00e9galit\u00e9s. Elle est en particulier&hellip; <a href=\"https:\/\/loeilduloup.fr\/en\/vie-affective-et-sexuelle\/\" class=\"more-link\">Continue reading <span class=\"screen-reader-text\">Education in emotional, relational and sexual life<\/span><\/a><\/p>","protected":false},"author":1,"featured_media":1121,"parent":0,"menu_order":4,"comment_status":"closed","ping_status":"closed","template":"templates\/full-width-page.php","meta":{"footnotes":""},"tags":[39,46,37,31,43,44,45,47,48,40,19,42,38,36,34,15,41,32,33,35,13],"class_list":["post-361","page","type-page","status-publish","has-post-thumbnail","hentry","tag-college","tag-consentement","tag-education","tag-evars","tag-genre","tag-homme-femme","tag-ist","tag-lgbt","tag-lgbtq","tag-lycee","tag-prevention","tag-publics-vulnerables","tag-sensibilisation","tag-sexisme","tag-sexualite","tag-stereotypes","tag-structures-sociales","tag-vie-affective","tag-vie-sexuelle","tag-violences","tag-violences-sexistes","without-featured-image"],"yoast_head":"<!-- This site is optimized with the Yoast SEO plugin v27.4 - https:\/\/yoast.com\/product\/yoast-seo-wordpress\/ -->\n<title>\u00c9ducation \u00e0 la vie affective, relationnelle et sexuelle -<\/title>\n<meta name=\"robots\" content=\"index, follow, max-snippet:-1, max-image-preview:large, max-video-preview:-1\" \/>\n<link rel=\"canonical\" href=\"https:\/\/loeilduloup.fr\/en\/vie-affective-et-sexuelle\/\" \/>\n<meta property=\"og:locale\" content=\"en_GB\" \/>\n<meta property=\"og:type\" content=\"article\" \/>\n<meta property=\"og:title\" content=\"\u00c9ducation \u00e0 la vie affective, relationnelle et sexuelle -\" \/>\n<meta property=\"og:description\" content=\"Promouvoir l&rsquo;\u00e9galit\u00e9 et pr\u00e9venir les violences sont des enjeux de sant\u00e9 L\u2019\u00e9ducation \u00e0 la vie affective, relationnelle et sexuelle (EVARS) est une \u00e9ducation \u00e0 une citoyennet\u00e9 compl\u00e8te promouvant des relations\u00a0 affectives saines, l\u2019imp\u00e9ratif de consentement, la reconnaissance des orientations sexuelles et des minorit\u00e9s de genre et la lutte contre les in\u00e9galit\u00e9s. Elle est en particulier&hellip; Continue reading \u00c9ducation \u00e0 la vie affective, relationnelle et sexuelle\" \/>\n<meta property=\"og:url\" content=\"https:\/\/loeilduloup.fr\/en\/vie-affective-et-sexuelle\/\" \/>\n<meta property=\"article:modified_time\" content=\"2023-12-08T15:58:08+00:00\" \/>\n<meta property=\"og:image\" content=\"https:\/\/loeilduloup.fr\/wp-content\/uploads\/2022\/09\/Bannie\u0300re-site-scolaire1-1024x512.png\" \/>\n\t<meta property=\"og:image:width\" content=\"1024\" \/>\n\t<meta property=\"og:image:height\" content=\"512\" \/>\n\t<meta property=\"og:image:type\" content=\"image\/png\" \/>\n<meta name=\"twitter:card\" content=\"summary_large_image\" \/>\n<meta name=\"twitter:label1\" content=\"Estimated reading time\" \/>\n\t<meta name=\"twitter:data1\" content=\"2 minutes\" \/>\n<script type=\"application\/ld+json\" class=\"yoast-schema-graph\">{\"@context\":\"https:\\\/\\\/schema.org\",\"@graph\":[{\"@type\":\"WebPage\",\"@id\":\"https:\\\/\\\/loeilduloup.fr\\\/vie-affective-et-sexuelle\\\/\",\"url\":\"https:\\\/\\\/loeilduloup.fr\\\/vie-affective-et-sexuelle\\\/\",\"name\":\"\u00c9ducation \u00e0 la vie affective, relationnelle et sexuelle -\",\"isPartOf\":{\"@id\":\"https:\\\/\\\/loeilduloup.fr\\\/#website\"},\"primaryImageOfPage\":{\"@id\":\"https:\\\/\\\/loeilduloup.fr\\\/vie-affective-et-sexuelle\\\/#primaryimage\"},\"image\":{\"@id\":\"https:\\\/\\\/loeilduloup.fr\\\/vie-affective-et-sexuelle\\\/#primaryimage\"},\"thumbnailUrl\":\"https:\\\/\\\/i0.wp.com\\\/loeilduloup.fr\\\/wp-content\\\/uploads\\\/2022\\\/09\\\/Bannie%CC%80re-site-scolaire1.png?fit=6912%2C3456&ssl=1\",\"datePublished\":\"2018-04-09T13:53:55+00:00\",\"dateModified\":\"2023-12-08T15:58:08+00:00\",\"breadcrumb\":{\"@id\":\"https:\\\/\\\/loeilduloup.fr\\\/vie-affective-et-sexuelle\\\/#breadcrumb\"},\"inLanguage\":\"en-GB\",\"potentialAction\":[{\"@type\":\"ReadAction\",\"target\":[\"https:\\\/\\\/loeilduloup.fr\\\/vie-affective-et-sexuelle\\\/\"]}]},{\"@type\":\"ImageObject\",\"inLanguage\":\"en-GB\",\"@id\":\"https:\\\/\\\/loeilduloup.fr\\\/vie-affective-et-sexuelle\\\/#primaryimage\",\"url\":\"https:\\\/\\\/i0.wp.com\\\/loeilduloup.fr\\\/wp-content\\\/uploads\\\/2022\\\/09\\\/Bannie%CC%80re-site-scolaire1.png?fit=6912%2C3456&ssl=1\",\"contentUrl\":\"https:\\\/\\\/i0.wp.com\\\/loeilduloup.fr\\\/wp-content\\\/uploads\\\/2022\\\/09\\\/Bannie%CC%80re-site-scolaire1.png?fit=6912%2C3456&ssl=1\",\"width\":6912,\"height\":3456},{\"@type\":\"BreadcrumbList\",\"@id\":\"https:\\\/\\\/loeilduloup.fr\\\/vie-affective-et-sexuelle\\\/#breadcrumb\",\"itemListElement\":[{\"@type\":\"ListItem\",\"position\":1,\"name\":\"Accueil\",\"item\":\"https:\\\/\\\/loeilduloup.fr\\\/\"},{\"@type\":\"ListItem\",\"position\":2,\"name\":\"\u00c9ducation \u00e0 la vie affective, relationnelle et sexuelle\"}]},{\"@type\":\"WebSite\",\"@id\":\"https:\\\/\\\/loeilduloup.fr\\\/#website\",\"url\":\"https:\\\/\\\/loeilduloup.fr\\\/\",\"name\":\"\",\"description\":\"Promouvoir le bien-\u00eatre pour r\u00e9duire les violences\",\"potentialAction\":[{\"@type\":\"SearchAction\",\"target\":{\"@type\":\"EntryPoint\",\"urlTemplate\":\"https:\\\/\\\/loeilduloup.fr\\\/?s={search_term_string}\"},\"query-input\":{\"@type\":\"PropertyValueSpecification\",\"valueRequired\":true,\"valueName\":\"search_term_string\"}}],\"inLanguage\":\"en-GB\"}]}<\/script>\n<!-- \/ Yoast SEO plugin. -->","yoast_head_json":{"title":"\u00c9ducation \u00e0 la vie affective, relationnelle et sexuelle -","robots":{"index":"index","follow":"follow","max-snippet":"max-snippet:-1","max-image-preview":"max-image-preview:large","max-video-preview":"max-video-preview:-1"},"canonical":"https:\/\/loeilduloup.fr\/en\/vie-affective-et-sexuelle\/","og_locale":"en_GB","og_type":"article","og_title":"\u00c9ducation \u00e0 la vie affective, relationnelle et sexuelle -","og_description":"Promouvoir l&rsquo;\u00e9galit\u00e9 et pr\u00e9venir les violences sont des enjeux de sant\u00e9 L\u2019\u00e9ducation \u00e0 la vie affective, relationnelle et sexuelle (EVARS) est une \u00e9ducation \u00e0 une citoyennet\u00e9 compl\u00e8te promouvant des relations\u00a0 affectives saines, l\u2019imp\u00e9ratif de consentement, la reconnaissance des orientations sexuelles et des minorit\u00e9s de genre et la lutte contre les in\u00e9galit\u00e9s. Elle est en particulier&hellip; Continue reading \u00c9ducation \u00e0 la vie affective, relationnelle et sexuelle","og_url":"https:\/\/loeilduloup.fr\/en\/vie-affective-et-sexuelle\/","article_modified_time":"2023-12-08T15:58:08+00:00","og_image":[{"width":1024,"height":512,"url":"https:\/\/loeilduloup.fr\/wp-content\/uploads\/2022\/09\/Bannie\u0300re-site-scolaire1-1024x512.png","type":"image\/png"}],"twitter_card":"summary_large_image","twitter_misc":{"Estimated reading time":"2 minutes"},"schema":{"@context":"https:\/\/schema.org","@graph":[{"@type":"WebPage","@id":"https:\/\/loeilduloup.fr\/vie-affective-et-sexuelle\/","url":"https:\/\/loeilduloup.fr\/vie-affective-et-sexuelle\/","name":"\u00c9ducation \u00e0 la vie affective, relationnelle et sexuelle -","isPartOf":{"@id":"https:\/\/loeilduloup.fr\/#website"},"primaryImageOfPage":{"@id":"https:\/\/loeilduloup.fr\/vie-affective-et-sexuelle\/#primaryimage"},"image":{"@id":"https:\/\/loeilduloup.fr\/vie-affective-et-sexuelle\/#primaryimage"},"thumbnailUrl":"https:\/\/i0.wp.com\/loeilduloup.fr\/wp-content\/uploads\/2022\/09\/Bannie%CC%80re-site-scolaire1.png?fit=6912%2C3456&ssl=1","datePublished":"2018-04-09T13:53:55+00:00","dateModified":"2023-12-08T15:58:08+00:00","breadcrumb":{"@id":"https:\/\/loeilduloup.fr\/vie-affective-et-sexuelle\/#breadcrumb"},"inLanguage":"en-GB","potentialAction":[{"@type":"ReadAction","target":["https:\/\/loeilduloup.fr\/vie-affective-et-sexuelle\/"]}]},{"@type":"ImageObject","inLanguage":"en-GB","@id":"https:\/\/loeilduloup.fr\/vie-affective-et-sexuelle\/#primaryimage","url":"https:\/\/i0.wp.com\/loeilduloup.fr\/wp-content\/uploads\/2022\/09\/Bannie%CC%80re-site-scolaire1.png?fit=6912%2C3456&ssl=1","contentUrl":"https:\/\/i0.wp.com\/loeilduloup.fr\/wp-content\/uploads\/2022\/09\/Bannie%CC%80re-site-scolaire1.png?fit=6912%2C3456&ssl=1","width":6912,"height":3456},{"@type":"BreadcrumbList","@id":"https:\/\/loeilduloup.fr\/vie-affective-et-sexuelle\/#breadcrumb","itemListElement":[{"@type":"ListItem","position":1,"name":"Accueil","item":"https:\/\/loeilduloup.fr\/"},{"@type":"ListItem","position":2,"name":"\u00c9ducation \u00e0 la vie affective, relationnelle et sexuelle"}]},{"@type":"WebSite","@id":"https:\/\/loeilduloup.fr\/#website","url":"https:\/\/loeilduloup.fr\/","name":"","description":"Promoting well-being to reduce violence","potentialAction":[{"@type":"SearchAction","target":{"@type":"EntryPoint","urlTemplate":"https:\/\/loeilduloup.fr\/?s={search_term_string}"},"query-input":{"@type":"PropertyValueSpecification","valueRequired":true,"valueName":"search_term_string"}}],"inLanguage":"en-GB"}]}},"jetpack-related-posts":[{"id":1988,"url":"https:\/\/loeilduloup.fr\/en\/prevenir-les-violences-sexuelles-et-promouvoir-le-consentement\/","url_meta":{"origin":361,"position":0},"title":"Pr\u00e9venir les violences sexuelles et promouvoir le consentement","author":"L'oeil du Loup","date":"22 April 2025","format":false,"excerpt":"En Europe, on estime qu\u2019un enfant sur cinq subit des violences sexuelles avant 18\u00a0ans, et nombre d\u2019entre elles restent inconnues ou non signal\u00e9es. Face \u00e0 cette r\u00e9alit\u00e9, les professionnel\u00b7les \u00e0 l\u2019\u00e9cole et dans les structures \u00e9ducatives jouent un r\u00f4le essentiel pour offrir aux jeunes et aux enfants des espaces d'apprentissage\u2026","rel":"","context":"Similar post","block_context":{"text":"Similar post","link":""},"img":{"alt_text":"","src":"","width":0,"height":0},"classes":[]},{"id":1347,"url":"https:\/\/loeilduloup.fr\/en\/formations\/formation-adolescence-consentement\/","url_meta":{"origin":361,"position":1},"title":"Lutter contres les st\u00e9r\u00e9otypes de genre pour pr\u00e9venir les violences dans les m\u00e9tiers de l\u2019animation","author":"L'oeil du Loup","date":"5 October 2022","format":false,"excerpt":"Violences sexistes et sexuelles chez les adolescent\u00b7es : pr\u00e9venir et agir Depuis sept ans, nous menons de nombreuses interventions de promotion de l\u2019\u00e9galit\u00e9 de genre et d\u2019\u00e9ducation \u00e0 la vie affective, relationnelle et sexuelle aupr\u00e8s de diff\u00e9rents publics, dans lesquelles la question du consentement tient une place majeure. Ces interventions\u2026","rel":"","context":"Similar post","block_context":{"text":"Similar post","link":""},"img":{"alt_text":"","src":"https:\/\/i0.wp.com\/loeilduloup.fr\/wp-content\/uploads\/2017\/12\/cropped-Banniere_site_ODL.jpg?fit=1180%2C435&ssl=1&resize=350%2C200","width":350,"height":200,"srcset":"https:\/\/i0.wp.com\/loeilduloup.fr\/wp-content\/uploads\/2017\/12\/cropped-Banniere_site_ODL.jpg?fit=1180%2C435&ssl=1&resize=350%2C200 1x, https:\/\/i0.wp.com\/loeilduloup.fr\/wp-content\/uploads\/2017\/12\/cropped-Banniere_site_ODL.jpg?fit=1180%2C435&ssl=1&resize=525%2C300 1.5x, https:\/\/i0.wp.com\/loeilduloup.fr\/wp-content\/uploads\/2017\/12\/cropped-Banniere_site_ODL.jpg?fit=1180%2C435&ssl=1&resize=700%2C400 2x, https:\/\/i0.wp.com\/loeilduloup.fr\/wp-content\/uploads\/2017\/12\/cropped-Banniere_site_ODL.jpg?fit=1180%2C435&ssl=1&resize=1050%2C600 3x"},"classes":[]},{"id":1879,"url":"https:\/\/loeilduloup.fr\/en\/evars-accompagnement-a-la-posture\/","url_meta":{"origin":361,"position":2},"title":"EVARS &#8211; Accompagnement \u00e0 la posture","author":"L'oeil du Loup","date":"8 April 2025","format":false,"excerpt":"La gestion de groupe et prise en compte des r\u00e9sistances durant les s\u00e9ances EVARS L\u2019\u00e9ducation \u00e0 la vie affective, relationnelle et sexuelle (EVARS) constitue un levier indispensable de pr\u00e9vention, de promotion de la sant\u00e9 et de construction de relations respectueuses. Pourtant, intervenir sur ces sujets peut soulever des r\u00e9sistances, des\u2026","rel":"","context":"Similar post","block_context":{"text":"Similar post","link":""},"img":{"alt_text":"","src":"","width":0,"height":0},"classes":[]},{"id":1615,"url":"https:\/\/loeilduloup.fr\/en\/skills-for-consent\/","url_meta":{"origin":361,"position":3},"title":"Skills for consent","author":"L'oeil du Loup","date":"11 January 2024","format":false,"excerpt":"D\u00e9velopper les comp\u00e9tences psychosociales pour \u00e9duquer au consentement d\u00e8s le plus jeune \u00e2ge Selon le rapport de la Ciivise (2023), on estime \u00e0 160 000 le nombre d'enfants victimes de violences sexuelles chaque ann\u00e9e en France. Ce m\u00eame rapport indique que les premi\u00e8res violences surviennent en moyenne autour de l'\u00e2ge\u2026","rel":"","context":"Similar post","block_context":{"text":"Similar post","link":""},"img":{"alt_text":"","src":"https:\/\/i0.wp.com\/loeilduloup.fr\/wp-content\/uploads\/2024\/01\/Capture-decran-2024-01-11-a-16.13.28.png?resize=350%2C200&ssl=1","width":350,"height":200},"classes":[]},{"id":946,"url":"https:\/\/loeilduloup.fr\/en\/structures-sociales\/","url_meta":{"origin":361,"position":4},"title":"Workshops in social organizations","author":"L'oeil du Loup","date":"31 August 2022","format":false,"excerpt":"R\u00e9pondre aux in\u00e9galit\u00e9s sociales de sant\u00e9 Nous collaborons avec diverses structures sociales pour intervenir aupr\u00e8s de femmes victimes de violences, ancien\u00b7nes d\u00e9tenu\u00b7es, personnes au parcours migratoire souvent jalonn\u00e9 de violences... Ces publics dits \"vuln\u00e9rables aux risques de sant\u00e9\" forment des groupes d'une grande h\u00e9t\u00e9rog\u00e9n\u00e9it\u00e9 : ma\u00eetrise du fran\u00e7ais, origine sociale\u2026","rel":"","context":"Similar post","block_context":{"text":"Similar post","link":""},"img":{"alt_text":"","src":"https:\/\/i0.wp.com\/loeilduloup.fr\/wp-content\/uploads\/2022\/10\/Banniere-site-social-scaled.jpg?fit=1200%2C600&ssl=1&resize=350%2C200","width":350,"height":200,"srcset":"https:\/\/i0.wp.com\/loeilduloup.fr\/wp-content\/uploads\/2022\/10\/Banniere-site-social-scaled.jpg?fit=1200%2C600&ssl=1&resize=350%2C200 1x, https:\/\/i0.wp.com\/loeilduloup.fr\/wp-content\/uploads\/2022\/10\/Banniere-site-social-scaled.jpg?fit=1200%2C600&ssl=1&resize=525%2C300 1.5x, https:\/\/i0.wp.com\/loeilduloup.fr\/wp-content\/uploads\/2022\/10\/Banniere-site-social-scaled.jpg?fit=1200%2C600&ssl=1&resize=700%2C400 2x, https:\/\/i0.wp.com\/loeilduloup.fr\/wp-content\/uploads\/2022\/10\/Banniere-site-social-scaled.jpg?fit=1200%2C600&ssl=1&resize=1050%2C600 3x"},"classes":[]},{"id":802,"url":"https:\/\/loeilduloup.fr\/en\/","url_meta":{"origin":361,"position":5},"title":"Our perspective","author":"L'oeil du Loup","date":"30 August 2022","format":false,"excerpt":"L\u2019\u0153il du loup est une association de pr\u00e9vention des violences et de promotion du bien-\u00eatre, sp\u00e9cialis\u00e9e dans la pr\u00e9vention des violences sexistes et sexuelles (VSS). Depuis 2015, L\u2019\u0153il du loup d\u00e9veloppe des actions de pr\u00e9vention aupr\u00e8s d\u2019enfants, de jeunes et d\u2019adultes, avec une p\u00e9dagogie active qui allie conscience de soi,\u2026","rel":"","context":"In \"approche\"","block_context":{"text":"approche","link":"https:\/\/loeilduloup.fr\/en\/tag\/approche\/"},"img":{"alt_text":"","src":"https:\/\/i0.wp.com\/loeilduloup.fr\/wp-content\/uploads\/2017\/12\/Banniere_site_ODL.jpg?fit=1200%2C576&ssl=1&resize=350%2C200","width":350,"height":200,"srcset":"https:\/\/i0.wp.com\/loeilduloup.fr\/wp-content\/uploads\/2017\/12\/Banniere_site_ODL.jpg?fit=1200%2C576&ssl=1&resize=350%2C200 1x, https:\/\/i0.wp.com\/loeilduloup.fr\/wp-content\/uploads\/2017\/12\/Banniere_site_ODL.jpg?fit=1200%2C576&ssl=1&resize=525%2C300 1.5x, https:\/\/i0.wp.com\/loeilduloup.fr\/wp-content\/uploads\/2017\/12\/Banniere_site_ODL.jpg?fit=1200%2C576&ssl=1&resize=700%2C400 2x, https:\/\/i0.wp.com\/loeilduloup.fr\/wp-content\/uploads\/2017\/12\/Banniere_site_ODL.jpg?fit=1200%2C576&ssl=1&resize=1050%2C600 3x"},"classes":[]}],"jetpack_sharing_enabled":true,"_links":{"self":[{"href":"https:\/\/loeilduloup.fr\/en\/wp-json\/wp\/v2\/pages\/361","targetHints":{"allow":["GET"]}}],"collection":[{"href":"https:\/\/loeilduloup.fr\/en\/wp-json\/wp\/v2\/pages"}],"about":[{"href":"https:\/\/loeilduloup.fr\/en\/wp-json\/wp\/v2\/types\/page"}],"author":[{"embeddable":true,"href":"https:\/\/loeilduloup.fr\/en\/wp-json\/wp\/v2\/users\/1"}],"replies":[{"embeddable":true,"href":"https:\/\/loeilduloup.fr\/en\/wp-json\/wp\/v2\/comments?post=361"}],"version-history":[{"count":88,"href":"https:\/\/loeilduloup.fr\/en\/wp-json\/wp\/v2\/pages\/361\/revisions"}],"predecessor-version":[{"id":1595,"href":"https:\/\/loeilduloup.fr\/en\/wp-json\/wp\/v2\/pages\/361\/revisions\/1595"}],"wp:featuredmedia":[{"embeddable":true,"href":"https:\/\/loeilduloup.fr\/en\/wp-json\/wp\/v2\/media\/1121"}],"wp:attachment":[{"href":"https:\/\/loeilduloup.fr\/en\/wp-json\/wp\/v2\/media?parent=361"}],"wp:term":[{"taxonomy":"post_tag","embeddable":true,"href":"https:\/\/loeilduloup.fr\/en\/wp-json\/wp\/v2\/tags?post=361"}],"curies":[{"name":"wp","href":"https:\/\/api.w.org\/{rel}","templated":true}]}}