{"id":32,"date":"2017-12-11T19:16:20","date_gmt":"2017-12-11T18:16:20","guid":{"rendered":"http:\/\/loeilduloup.fr\/?page_id=32"},"modified":"2025-01-17T16:54:18","modified_gmt":"2025-01-17T15:54:18","slug":"contact","status":"publish","type":"page","link":"https:\/\/loeilduloup.fr\/en\/contact\/","title":{"rendered":"Contact"},"content":{"rendered":"<p>Are you interested in one of our activities? Do you need training in your organization? Would you like to develop a specific project? Or do you simply have a question?<br>Contact us directly by email: contact@loeilduloup.fr. <\/p>","protected":false},"excerpt":{"rendered":"<p>Vous \u00eates int\u00e9ress\u00e9\u00b7e par une de nos actions, vous avez un besoin de formation dans votre structure, vous aimeriez d\u00e9velopper un projet sp\u00e9cifique, ou tout simplement, vous avez une question&#8230;Contactez-nous directement par mail : contact@loeilduloup.fr.<\/p>","protected":false},"author":1,"featured_media":571,"parent":0,"menu_order":7,"comment_status":"closed","ping_status":"closed","template":"templates\/full-width-page.php","meta":{"footnotes":""},"tags":[],"class_list":["post-32","page","type-page","status-publish","has-post-thumbnail","hentry","without-featured-image"],"yoast_head":"<!-- This site is optimized with the Yoast SEO plugin v27.4 - https:\/\/yoast.com\/product\/yoast-seo-wordpress\/ -->\n<title>Contact -<\/title>\n<meta name=\"robots\" content=\"index, follow, max-snippet:-1, max-image-preview:large, max-video-preview:-1\" \/>\n<link rel=\"canonical\" href=\"https:\/\/loeilduloup.fr\/en\/contact\/\" \/>\n<meta property=\"og:locale\" content=\"en_GB\" \/>\n<meta property=\"og:type\" content=\"article\" \/>\n<meta property=\"og:title\" content=\"Contact -\" \/>\n<meta property=\"og:description\" content=\"Vous \u00eates int\u00e9ress\u00e9\u00b7e par une de nos actions, vous avez un besoin de formation dans votre structure, vous aimeriez d\u00e9velopper un projet sp\u00e9cifique, ou tout simplement, vous avez une question&#8230;Contactez-nous directement par mail : contact@loeilduloup.fr.\" \/>\n<meta property=\"og:url\" content=\"https:\/\/loeilduloup.fr\/en\/contact\/\" \/>\n<meta property=\"article:modified_time\" content=\"2025-01-17T15:54:18+00:00\" \/>\n<meta property=\"og:image\" content=\"https:\/\/loeilduloup.fr\/wp-content\/uploads\/2017\/12\/Banniere_site_ODL.jpg\" \/>\n\t<meta property=\"og:image:width\" content=\"2500\" \/>\n\t<meta property=\"og:image:height\" content=\"1200\" \/>\n\t<meta property=\"og:image:type\" content=\"image\/jpeg\" \/>\n<meta name=\"twitter:card\" content=\"summary_large_image\" \/>\n<meta name=\"twitter:label1\" content=\"Estimated reading time\" \/>\n\t<meta name=\"twitter:data1\" content=\"1 minute\" \/>\n<script type=\"application\/ld+json\" class=\"yoast-schema-graph\">{\"@context\":\"https:\\\/\\\/schema.org\",\"@graph\":[{\"@type\":\"WebPage\",\"@id\":\"https:\\\/\\\/loeilduloup.fr\\\/contact\\\/\",\"url\":\"https:\\\/\\\/loeilduloup.fr\\\/contact\\\/\",\"name\":\"Contact -\",\"isPartOf\":{\"@id\":\"https:\\\/\\\/loeilduloup.fr\\\/#website\"},\"primaryImageOfPage\":{\"@id\":\"https:\\\/\\\/loeilduloup.fr\\\/contact\\\/#primaryimage\"},\"image\":{\"@id\":\"https:\\\/\\\/loeilduloup.fr\\\/contact\\\/#primaryimage\"},\"thumbnailUrl\":\"https:\\\/\\\/i0.wp.com\\\/loeilduloup.fr\\\/wp-content\\\/uploads\\\/2017\\\/12\\\/Banniere_site_ODL.jpg?fit=2500%2C1200&ssl=1\",\"datePublished\":\"2017-12-11T18:16:20+00:00\",\"dateModified\":\"2025-01-17T15:54:18+00:00\",\"breadcrumb\":{\"@id\":\"https:\\\/\\\/loeilduloup.fr\\\/contact\\\/#breadcrumb\"},\"inLanguage\":\"en-GB\",\"potentialAction\":[{\"@type\":\"ReadAction\",\"target\":[\"https:\\\/\\\/loeilduloup.fr\\\/contact\\\/\"]}]},{\"@type\":\"ImageObject\",\"inLanguage\":\"en-GB\",\"@id\":\"https:\\\/\\\/loeilduloup.fr\\\/contact\\\/#primaryimage\",\"url\":\"https:\\\/\\\/i0.wp.com\\\/loeilduloup.fr\\\/wp-content\\\/uploads\\\/2017\\\/12\\\/Banniere_site_ODL.jpg?fit=2500%2C1200&ssl=1\",\"contentUrl\":\"https:\\\/\\\/i0.wp.com\\\/loeilduloup.fr\\\/wp-content\\\/uploads\\\/2017\\\/12\\\/Banniere_site_ODL.jpg?fit=2500%2C1200&ssl=1\",\"width\":2500,\"height\":1200},{\"@type\":\"BreadcrumbList\",\"@id\":\"https:\\\/\\\/loeilduloup.fr\\\/contact\\\/#breadcrumb\",\"itemListElement\":[{\"@type\":\"ListItem\",\"position\":1,\"name\":\"Accueil\",\"item\":\"https:\\\/\\\/loeilduloup.fr\\\/\"},{\"@type\":\"ListItem\",\"position\":2,\"name\":\"Contact\"}]},{\"@type\":\"WebSite\",\"@id\":\"https:\\\/\\\/loeilduloup.fr\\\/#website\",\"url\":\"https:\\\/\\\/loeilduloup.fr\\\/\",\"name\":\"\",\"description\":\"Promouvoir le bien-\u00eatre pour r\u00e9duire les violences\",\"potentialAction\":[{\"@type\":\"SearchAction\",\"target\":{\"@type\":\"EntryPoint\",\"urlTemplate\":\"https:\\\/\\\/loeilduloup.fr\\\/?s={search_term_string}\"},\"query-input\":{\"@type\":\"PropertyValueSpecification\",\"valueRequired\":true,\"valueName\":\"search_term_string\"}}],\"inLanguage\":\"en-GB\"}]}<\/script>\n<!-- \/ Yoast SEO plugin. -->","yoast_head_json":{"title":"Contact -","robots":{"index":"index","follow":"follow","max-snippet":"max-snippet:-1","max-image-preview":"max-image-preview:large","max-video-preview":"max-video-preview:-1"},"canonical":"https:\/\/loeilduloup.fr\/en\/contact\/","og_locale":"en_GB","og_type":"article","og_title":"Contact -","og_description":"Vous \u00eates int\u00e9ress\u00e9\u00b7e par une de nos actions, vous avez un besoin de formation dans votre structure, vous aimeriez d\u00e9velopper un projet sp\u00e9cifique, ou tout simplement, vous avez une question&#8230;Contactez-nous directement par mail : contact@loeilduloup.fr.","og_url":"https:\/\/loeilduloup.fr\/en\/contact\/","article_modified_time":"2025-01-17T15:54:18+00:00","og_image":[{"width":2500,"height":1200,"url":"https:\/\/loeilduloup.fr\/wp-content\/uploads\/2017\/12\/Banniere_site_ODL.jpg","type":"image\/jpeg"}],"twitter_card":"summary_large_image","twitter_misc":{"Estimated reading time":"1 minute"},"schema":{"@context":"https:\/\/schema.org","@graph":[{"@type":"WebPage","@id":"https:\/\/loeilduloup.fr\/contact\/","url":"https:\/\/loeilduloup.fr\/contact\/","name":"Contact -","isPartOf":{"@id":"https:\/\/loeilduloup.fr\/#website"},"primaryImageOfPage":{"@id":"https:\/\/loeilduloup.fr\/contact\/#primaryimage"},"image":{"@id":"https:\/\/loeilduloup.fr\/contact\/#primaryimage"},"thumbnailUrl":"https:\/\/i0.wp.com\/loeilduloup.fr\/wp-content\/uploads\/2017\/12\/Banniere_site_ODL.jpg?fit=2500%2C1200&ssl=1","datePublished":"2017-12-11T18:16:20+00:00","dateModified":"2025-01-17T15:54:18+00:00","breadcrumb":{"@id":"https:\/\/loeilduloup.fr\/contact\/#breadcrumb"},"inLanguage":"en-GB","potentialAction":[{"@type":"ReadAction","target":["https:\/\/loeilduloup.fr\/contact\/"]}]},{"@type":"ImageObject","inLanguage":"en-GB","@id":"https:\/\/loeilduloup.fr\/contact\/#primaryimage","url":"https:\/\/i0.wp.com\/loeilduloup.fr\/wp-content\/uploads\/2017\/12\/Banniere_site_ODL.jpg?fit=2500%2C1200&ssl=1","contentUrl":"https:\/\/i0.wp.com\/loeilduloup.fr\/wp-content\/uploads\/2017\/12\/Banniere_site_ODL.jpg?fit=2500%2C1200&ssl=1","width":2500,"height":1200},{"@type":"BreadcrumbList","@id":"https:\/\/loeilduloup.fr\/contact\/#breadcrumb","itemListElement":[{"@type":"ListItem","position":1,"name":"Accueil","item":"https:\/\/loeilduloup.fr\/"},{"@type":"ListItem","position":2,"name":"Contact"}]},{"@type":"WebSite","@id":"https:\/\/loeilduloup.fr\/#website","url":"https:\/\/loeilduloup.fr\/","name":"","description":"Promoting well-being to reduce violence","potentialAction":[{"@type":"SearchAction","target":{"@type":"EntryPoint","urlTemplate":"https:\/\/loeilduloup.fr\/?s={search_term_string}"},"query-input":{"@type":"PropertyValueSpecification","valueRequired":true,"valueName":"search_term_string"}}],"inLanguage":"en-GB"}]}},"jetpack-related-posts":[{"id":27,"url":"https:\/\/loeilduloup.fr\/en\/animations\/","url_meta":{"origin":32,"position":0},"title":"Entertainment","author":"L'oeil du Loup","date":"11 December 2017","format":false,"excerpt":"Ouvrir une discussion bienveillante et d\u00e9passer les tabous Toutes nos animations sont d\u00e9clinables avec l\u2019ensemble de nos th\u00e9matiques.Elles peuvent \u00eatre co-con\u00e7ues avec vous et adapt\u00e9es \u00e0 vos besoins sp\u00e9cifiques. PUBLICSEnfants, adolescent\u00b7es, adultes FORMATS ET TYPES D'INTERVENTIONS- Groupes de parole et de sensibilisation\u00a0: Une ou plusieurs s\u00e9ances de 2 heures chacune\u2026","rel":"","context":"In \"adolescents\"","block_context":{"text":"adolescents","link":"https:\/\/loeilduloup.fr\/en\/tag\/adolescents\/"},"img":{"alt_text":"","src":"https:\/\/i0.wp.com\/loeilduloup.fr\/wp-content\/uploads\/2022\/09\/Bannie%CC%80re-site-animations-1.png?fit=1200%2C600&ssl=1&resize=350%2C200","width":350,"height":200,"srcset":"https:\/\/i0.wp.com\/loeilduloup.fr\/wp-content\/uploads\/2022\/09\/Bannie%CC%80re-site-animations-1.png?fit=1200%2C600&ssl=1&resize=350%2C200 1x, https:\/\/i0.wp.com\/loeilduloup.fr\/wp-content\/uploads\/2022\/09\/Bannie%CC%80re-site-animations-1.png?fit=1200%2C600&ssl=1&resize=525%2C300 1.5x, https:\/\/i0.wp.com\/loeilduloup.fr\/wp-content\/uploads\/2022\/09\/Bannie%CC%80re-site-animations-1.png?fit=1200%2C600&ssl=1&resize=700%2C400 2x, https:\/\/i0.wp.com\/loeilduloup.fr\/wp-content\/uploads\/2022\/09\/Bannie%CC%80re-site-animations-1.png?fit=1200%2C600&ssl=1&resize=1050%2C600 3x"},"classes":[]},{"id":943,"url":"https:\/\/loeilduloup.fr\/en\/boite-a-outils-cps\/","url_meta":{"origin":32,"position":1},"title":"Psychosocial skills toolbox","author":"L'oeil du Loup","date":"31 August 2022","format":false,"excerpt":"Les comp\u00e9tences \u00e9motionnelles En partenariat avec les Cit\u00e9s \u00c9ducatives* Marseille Nord et l'\u00e9quipe circonscription Marseille Nord Estaque (\u00c9ducation Nationale), nous avons construit une \"bo\u00eete \u00e0 outils\" \u00e0 destination des enseignant\u00b7es de Grande section de maternelle et de CP pour faciliter la mise en place d'activit\u00e9s de d\u00e9veloppement des CPS. Le\u2026","rel":"","context":"Similar post","block_context":{"text":"Similar post","link":""},"img":{"alt_text":"","src":"https:\/\/i0.wp.com\/loeilduloup.fr\/wp-content\/uploads\/2022\/11\/BAO-banniere.png?fit=1200%2C541&ssl=1&resize=350%2C200","width":350,"height":200,"srcset":"https:\/\/i0.wp.com\/loeilduloup.fr\/wp-content\/uploads\/2022\/11\/BAO-banniere.png?fit=1200%2C541&ssl=1&resize=350%2C200 1x, https:\/\/i0.wp.com\/loeilduloup.fr\/wp-content\/uploads\/2022\/11\/BAO-banniere.png?fit=1200%2C541&ssl=1&resize=525%2C300 1.5x, https:\/\/i0.wp.com\/loeilduloup.fr\/wp-content\/uploads\/2022\/11\/BAO-banniere.png?fit=1200%2C541&ssl=1&resize=700%2C400 2x, https:\/\/i0.wp.com\/loeilduloup.fr\/wp-content\/uploads\/2022\/11\/BAO-banniere.png?fit=1200%2C541&ssl=1&resize=1050%2C600 3x"},"classes":[]},{"id":25,"url":"https:\/\/loeilduloup.fr\/en\/ateliers-cps\/","url_meta":{"origin":32,"position":2},"title":"Developing psychosocial skills","author":"L'oeil du Loup","date":"11 December 2017","format":false,"excerpt":"Tous nos ateliers CPS peuvent \u00eatre co-con\u00e7us avec vous et adapt\u00e9es \u00e0 vos besoins sp\u00e9cifiques. PUBLICSEnfants, adolescent\u00b7es, adultes FORMATS ET TYPES D'INTERVENTIONS Ateliers parents\/enfants, milieu scolaire, petite enfance, accueils collectifs de mineurs (ACM)... Le d\u00e9veloppement des comp\u00e9tences psychosociales est un processus qui se fait dans la dur\u00e9e et dans la\u2026","rel":"","context":"Similar post","block_context":{"text":"Similar post","link":""},"img":{"alt_text":"","src":"https:\/\/i0.wp.com\/loeilduloup.fr\/wp-content\/uploads\/2022\/10\/Banniere-site-BAO-scaled.jpg?fit=1200%2C600&ssl=1&resize=350%2C200","width":350,"height":200,"srcset":"https:\/\/i0.wp.com\/loeilduloup.fr\/wp-content\/uploads\/2022\/10\/Banniere-site-BAO-scaled.jpg?fit=1200%2C600&ssl=1&resize=350%2C200 1x, https:\/\/i0.wp.com\/loeilduloup.fr\/wp-content\/uploads\/2022\/10\/Banniere-site-BAO-scaled.jpg?fit=1200%2C600&ssl=1&resize=525%2C300 1.5x, https:\/\/i0.wp.com\/loeilduloup.fr\/wp-content\/uploads\/2022\/10\/Banniere-site-BAO-scaled.jpg?fit=1200%2C600&ssl=1&resize=700%2C400 2x, https:\/\/i0.wp.com\/loeilduloup.fr\/wp-content\/uploads\/2022\/10\/Banniere-site-BAO-scaled.jpg?fit=1200%2C600&ssl=1&resize=1050%2C600 3x"},"classes":[]},{"id":1976,"url":"https:\/\/loeilduloup.fr\/en\/prevenir-les-violences-educatives-ordinaires-veo\/","url_meta":{"origin":32,"position":3},"title":"Pr\u00e9venir les Violences \u00c9ducatives Ordinaires (VEO)","author":"L'oeil du Loup","date":"22 April 2025","format":false,"excerpt":"Pourquoi agir\u00a0? Les violences \u00e9ducatives ordinaires impactent durablement le d\u00e9veloppement des enfants (psychologique, \u00e9motionnel, cognitif). Plus de 50\u00a0% des parents utilisent des pratiques punitives (Fondation pour l\u2019Enfance, 2023). Les professionnel\u00b7les sont en premi\u00e8re ligne pour rep\u00e9rer, sensibiliser et pr\u00e9venir. Pour les professionnel\u00b7les dans leur pratique Objectif Renforcer vos comp\u00e9tences pour\u2026","rel":"","context":"Similar post","block_context":{"text":"Similar post","link":""},"img":{"alt_text":"","src":"","width":0,"height":0},"classes":[]},{"id":1879,"url":"https:\/\/loeilduloup.fr\/en\/evars-accompagnement-a-la-posture\/","url_meta":{"origin":32,"position":4},"title":"EVARS &#8211; Accompagnement \u00e0 la posture","author":"L'oeil du Loup","date":"8 April 2025","format":false,"excerpt":"La gestion de groupe et prise en compte des r\u00e9sistances durant les s\u00e9ances EVARS L\u2019\u00e9ducation \u00e0 la vie affective, relationnelle et sexuelle (EVARS) constitue un levier indispensable de pr\u00e9vention, de promotion de la sant\u00e9 et de construction de relations respectueuses. Pourtant, intervenir sur ces sujets peut soulever des r\u00e9sistances, des\u2026","rel":"","context":"Similar post","block_context":{"text":"Similar post","link":""},"img":{"alt_text":"","src":"","width":0,"height":0},"classes":[]},{"id":1870,"url":"https:\/\/loeilduloup.fr\/en\/les-violences-educatives-ordinaires-accompagner-les-familles\/","url_meta":{"origin":32,"position":5},"title":"Violences \u00c9ducatives Ordinaires &#8211; Accompagner les familles","author":"L'oeil du Loup","date":"8 April 2025","format":false,"excerpt":"Pr\u00e9venir les violences \u00e9ducatives ordinaires en accompagnant les familles vers une parentalit\u00e9 bienveillante Les violences \u00e9ducatives ordinaires (VEO) sont souvent banalis\u00e9es ou justifi\u00e9es au nom de l'autorit\u00e9 parentale ou de la tradition. Pourtant, leur impact sur le bien-\u00eatre, la sant\u00e9 mentale et le d\u00e9veloppement des enfants est aujourd\u2019hui bien document\u00e9.\u2026","rel":"","context":"Similar post","block_context":{"text":"Similar post","link":""},"img":{"alt_text":"","src":"","width":0,"height":0},"classes":[]}],"jetpack_sharing_enabled":true,"_links":{"self":[{"href":"https:\/\/loeilduloup.fr\/en\/wp-json\/wp\/v2\/pages\/32","targetHints":{"allow":["GET"]}}],"collection":[{"href":"https:\/\/loeilduloup.fr\/en\/wp-json\/wp\/v2\/pages"}],"about":[{"href":"https:\/\/loeilduloup.fr\/en\/wp-json\/wp\/v2\/types\/page"}],"author":[{"embeddable":true,"href":"https:\/\/loeilduloup.fr\/en\/wp-json\/wp\/v2\/users\/1"}],"replies":[{"embeddable":true,"href":"https:\/\/loeilduloup.fr\/en\/wp-json\/wp\/v2\/comments?post=32"}],"version-history":[{"count":29,"href":"https:\/\/loeilduloup.fr\/en\/wp-json\/wp\/v2\/pages\/32\/revisions"}],"predecessor-version":[{"id":1721,"href":"https:\/\/loeilduloup.fr\/en\/wp-json\/wp\/v2\/pages\/32\/revisions\/1721"}],"wp:featuredmedia":[{"embeddable":true,"href":"https:\/\/loeilduloup.fr\/en\/wp-json\/wp\/v2\/media\/571"}],"wp:attachment":[{"href":"https:\/\/loeilduloup.fr\/en\/wp-json\/wp\/v2\/media?parent=32"}],"wp:term":[{"taxonomy":"post_tag","embeddable":true,"href":"https:\/\/loeilduloup.fr\/en\/wp-json\/wp\/v2\/tags?post=32"}],"curies":[{"name":"wp","href":"https:\/\/api.w.org\/{rel}","templated":true}]}}