{"id":27,"date":"2017-12-11T19:14:39","date_gmt":"2017-12-11T18:14:39","guid":{"rendered":"http:\/\/loeilduloup.fr\/?page_id=27"},"modified":"2022-09-05T16:26:59","modified_gmt":"2022-09-05T14:26:59","slug":"animations","status":"publish","type":"page","link":"https:\/\/loeilduloup.fr\/en\/animations\/","title":{"rendered":"Entertainment"},"content":{"rendered":"<p class=\"has-medium-font-size\"><mark style=\"background-color:rgba(0, 0, 0, 0);color:#aa2d66\" class=\"has-inline-color\"><strong>Open a friendly discussion and overcome taboos<\/strong><\/mark><\/p>\n\n\n\n<p class=\"has-text-align-center\"><strong>All our activities can be organized in line with all our themes.<\/strong><br><strong>They can be<\/strong> <strong>co-designed with you and tailored to your specific needs.<\/strong><\/p>\n\n\n\n<p><strong><mark style=\"background-color:rgba(0, 0, 0, 0);color:#66bcbe\" class=\"has-inline-color\">PUBLIC<\/mark><\/strong><br>Children, teenagers, adults<\/p>\n\n\n\n<div class=\"wp-block-columns is-layout-flex wp-container-core-columns-is-layout-9d6595d7 wp-block-columns-is-layout-flex\">\n<div class=\"wp-block-column is-layout-flow wp-block-column-is-layout-flow\">\n<p><strong><mark style=\"background-color:rgba(0, 0, 0, 0);color:#66bcbe\" class=\"has-inline-color\">FORMATS AND TYPES OF INTERVENTIONS<\/mark><\/strong><br>\u2013 Discussion and awareness-raising groups: One or more sessions of 2 hours each (maximum 15 people)<br>\u2013 Debates<br>\u2013 Conferences\/debates<\/p>\n<\/div>\n<\/div>\n\n\n\n<div class=\"wp-block-columns is-layout-flex wp-container-core-columns-is-layout-9d6595d7 wp-block-columns-is-layout-flex\">\n<div class=\"wp-block-column is-layout-flow wp-block-column-is-layout-flow\">\n<p><strong><mark style=\"background-color:rgba(0, 0, 0, 0);color:#66bcbe\" class=\"has-inline-color\">AIMS<\/mark><\/strong><\/p>\n\n\n\n<ul class=\"wp-block-list\"><li>Stimulating critical thinking<\/li><li>Begin the deconstruction of representations, stereotypes and prejudices<\/li><li>Developing self-awareness and awareness of one's behavior<\/li><li>Strengthening the power to act<\/li><\/ul>\n<\/div>\n\n\n\n<div class=\"wp-block-column is-layout-flow wp-block-column-is-layout-flow\">\n<p><strong><mark style=\"background-color:rgba(0, 0, 0, 0);color:#66bcbe\" class=\"has-inline-color\">SUBJECTS<\/mark><\/strong><\/p>\n\n\n\n<ul class=\"wp-block-list\"><li>Inequalities and discrimination<\/li><li>Relationships between girls and boys, sexism, LGBTQIphobias, gender issues<\/li><li>Sexual and emotional life, risk prevention and violence prevention<\/li><li>Communication, conflict management<\/li><li>Parenting and family relationships<\/li><li>Psychosocial skills<\/li><\/ul>\n<\/div>\n<\/div>\n\n\n\n<p class=\"has-text-align-center has-medium-font-size\"><strong><a href=\"http:\/\/loeilduloup.fr\/en\/contact\/\"><mark style=\"background-color:rgba(0, 0, 0, 0);color:#db6232\" class=\"has-inline-color\">Nous contacter pour organiser un atelier<\/mark><\/a><\/strong><\/p>","protected":false},"excerpt":{"rendered":"<p>Ouvrir une discussion bienveillante et d\u00e9passer les tabous Toutes nos animations sont d\u00e9clinables avec l\u2019ensemble de nos th\u00e9matiques.Elles peuvent \u00eatre co-con\u00e7ues avec vous et adapt\u00e9es \u00e0 vos besoins sp\u00e9cifiques. PUBLICSEnfants, adolescent\u00b7es, adultes FORMATS ET TYPES D&rsquo;INTERVENTIONS&#8211; Groupes de parole et de sensibilisation&nbsp;: Une ou plusieurs s\u00e9ances de 2 heures chacune (15 personnes maximum)&#8211; D\u00e9bats&#8211; Conf\u00e9rences\/d\u00e9bats&hellip; <a href=\"https:\/\/loeilduloup.fr\/en\/animations\/\" class=\"more-link\">Continue reading <span class=\"screen-reader-text\">Entertainment<\/span><\/a><\/p>","protected":false},"author":1,"featured_media":1125,"parent":0,"menu_order":4,"comment_status":"closed","ping_status":"closed","template":"templates\/full-width-page.php","meta":{"footnotes":""},"tags":[70,72,73,76,23,75,37,69,22,43,44,71,77,78,19,38,34,15,74,35,13],"class_list":["post-27","page","type-page","status-publish","has-post-thumbnail","hentry","tag-adolescents","tag-animation","tag-bienveillant","tag-conflit","tag-debat","tag-discrimination","tag-education","tag-enfants","tag-esprit-critique","tag-genre","tag-homme-femme","tag-jeunes","tag-parent","tag-parentalite","tag-prevention","tag-sensibilisation","tag-sexualite","tag-stereotypes","tag-tabou","tag-violences","tag-violences-sexistes","without-featured-image"],"yoast_head":"<!-- This site is optimized with the Yoast SEO plugin v27.4 - https:\/\/yoast.com\/product\/yoast-seo-wordpress\/ -->\n<title>Animations -<\/title>\n<meta name=\"robots\" content=\"index, follow, max-snippet:-1, max-image-preview:large, max-video-preview:-1\" \/>\n<link rel=\"canonical\" href=\"https:\/\/loeilduloup.fr\/en\/animations\/\" \/>\n<meta property=\"og:locale\" content=\"en_GB\" \/>\n<meta property=\"og:type\" content=\"article\" \/>\n<meta property=\"og:title\" content=\"Animations -\" \/>\n<meta property=\"og:description\" content=\"Ouvrir une discussion bienveillante et d\u00e9passer les tabous Toutes nos animations sont d\u00e9clinables avec l\u2019ensemble de nos th\u00e9matiques.Elles peuvent \u00eatre co-con\u00e7ues avec vous et adapt\u00e9es \u00e0 vos besoins sp\u00e9cifiques. PUBLICSEnfants, adolescent\u00b7es, adultes FORMATS ET TYPES D&rsquo;INTERVENTIONS&#8211; Groupes de parole et de sensibilisation&nbsp;: Une ou plusieurs s\u00e9ances de 2 heures chacune (15 personnes maximum)&#8211; D\u00e9bats&#8211; Conf\u00e9rences\/d\u00e9bats&hellip; Continue reading Animations\" \/>\n<meta property=\"og:url\" content=\"https:\/\/loeilduloup.fr\/en\/animations\/\" \/>\n<meta property=\"article:modified_time\" content=\"2022-09-05T14:26:59+00:00\" \/>\n<meta property=\"og:image\" content=\"https:\/\/loeilduloup.fr\/wp-content\/uploads\/2022\/09\/Bannie\u0300re-site-animations-1-1024x512.png\" \/>\n\t<meta property=\"og:image:width\" content=\"1024\" \/>\n\t<meta property=\"og:image:height\" content=\"512\" \/>\n\t<meta property=\"og:image:type\" content=\"image\/png\" \/>\n<meta name=\"twitter:card\" content=\"summary_large_image\" \/>\n<meta name=\"twitter:label1\" content=\"Estimated reading time\" \/>\n\t<meta name=\"twitter:data1\" content=\"1 minute\" \/>\n<script type=\"application\/ld+json\" class=\"yoast-schema-graph\">{\"@context\":\"https:\\\/\\\/schema.org\",\"@graph\":[{\"@type\":\"WebPage\",\"@id\":\"https:\\\/\\\/loeilduloup.fr\\\/animations\\\/\",\"url\":\"https:\\\/\\\/loeilduloup.fr\\\/animations\\\/\",\"name\":\"Animations -\",\"isPartOf\":{\"@id\":\"https:\\\/\\\/loeilduloup.fr\\\/#website\"},\"primaryImageOfPage\":{\"@id\":\"https:\\\/\\\/loeilduloup.fr\\\/animations\\\/#primaryimage\"},\"image\":{\"@id\":\"https:\\\/\\\/loeilduloup.fr\\\/animations\\\/#primaryimage\"},\"thumbnailUrl\":\"https:\\\/\\\/i0.wp.com\\\/loeilduloup.fr\\\/wp-content\\\/uploads\\\/2022\\\/09\\\/Bannie%CC%80re-site-animations-1.png?fit=6912%2C3456&ssl=1\",\"datePublished\":\"2017-12-11T18:14:39+00:00\",\"dateModified\":\"2022-09-05T14:26:59+00:00\",\"breadcrumb\":{\"@id\":\"https:\\\/\\\/loeilduloup.fr\\\/animations\\\/#breadcrumb\"},\"inLanguage\":\"en-GB\",\"potentialAction\":[{\"@type\":\"ReadAction\",\"target\":[\"https:\\\/\\\/loeilduloup.fr\\\/animations\\\/\"]}]},{\"@type\":\"ImageObject\",\"inLanguage\":\"en-GB\",\"@id\":\"https:\\\/\\\/loeilduloup.fr\\\/animations\\\/#primaryimage\",\"url\":\"https:\\\/\\\/i0.wp.com\\\/loeilduloup.fr\\\/wp-content\\\/uploads\\\/2022\\\/09\\\/Bannie%CC%80re-site-animations-1.png?fit=6912%2C3456&ssl=1\",\"contentUrl\":\"https:\\\/\\\/i0.wp.com\\\/loeilduloup.fr\\\/wp-content\\\/uploads\\\/2022\\\/09\\\/Bannie%CC%80re-site-animations-1.png?fit=6912%2C3456&ssl=1\",\"width\":6912,\"height\":3456},{\"@type\":\"BreadcrumbList\",\"@id\":\"https:\\\/\\\/loeilduloup.fr\\\/animations\\\/#breadcrumb\",\"itemListElement\":[{\"@type\":\"ListItem\",\"position\":1,\"name\":\"Accueil\",\"item\":\"https:\\\/\\\/loeilduloup.fr\\\/\"},{\"@type\":\"ListItem\",\"position\":2,\"name\":\"Animations\"}]},{\"@type\":\"WebSite\",\"@id\":\"https:\\\/\\\/loeilduloup.fr\\\/#website\",\"url\":\"https:\\\/\\\/loeilduloup.fr\\\/\",\"name\":\"\",\"description\":\"Promouvoir le bien-\u00eatre pour r\u00e9duire les violences\",\"potentialAction\":[{\"@type\":\"SearchAction\",\"target\":{\"@type\":\"EntryPoint\",\"urlTemplate\":\"https:\\\/\\\/loeilduloup.fr\\\/?s={search_term_string}\"},\"query-input\":{\"@type\":\"PropertyValueSpecification\",\"valueRequired\":true,\"valueName\":\"search_term_string\"}}],\"inLanguage\":\"en-GB\"}]}<\/script>\n<!-- \/ Yoast SEO plugin. -->","yoast_head_json":{"title":"Animations -","robots":{"index":"index","follow":"follow","max-snippet":"max-snippet:-1","max-image-preview":"max-image-preview:large","max-video-preview":"max-video-preview:-1"},"canonical":"https:\/\/loeilduloup.fr\/en\/animations\/","og_locale":"en_GB","og_type":"article","og_title":"Animations -","og_description":"Ouvrir une discussion bienveillante et d\u00e9passer les tabous Toutes nos animations sont d\u00e9clinables avec l\u2019ensemble de nos th\u00e9matiques.Elles peuvent \u00eatre co-con\u00e7ues avec vous et adapt\u00e9es \u00e0 vos besoins sp\u00e9cifiques. PUBLICSEnfants, adolescent\u00b7es, adultes FORMATS ET TYPES D&rsquo;INTERVENTIONS&#8211; Groupes de parole et de sensibilisation&nbsp;: Une ou plusieurs s\u00e9ances de 2 heures chacune (15 personnes maximum)&#8211; D\u00e9bats&#8211; Conf\u00e9rences\/d\u00e9bats&hellip; Continue reading Animations","og_url":"https:\/\/loeilduloup.fr\/en\/animations\/","article_modified_time":"2022-09-05T14:26:59+00:00","og_image":[{"width":1024,"height":512,"url":"https:\/\/loeilduloup.fr\/wp-content\/uploads\/2022\/09\/Bannie\u0300re-site-animations-1-1024x512.png","type":"image\/png"}],"twitter_card":"summary_large_image","twitter_misc":{"Estimated reading time":"1 minute"},"schema":{"@context":"https:\/\/schema.org","@graph":[{"@type":"WebPage","@id":"https:\/\/loeilduloup.fr\/animations\/","url":"https:\/\/loeilduloup.fr\/animations\/","name":"Animations -","isPartOf":{"@id":"https:\/\/loeilduloup.fr\/#website"},"primaryImageOfPage":{"@id":"https:\/\/loeilduloup.fr\/animations\/#primaryimage"},"image":{"@id":"https:\/\/loeilduloup.fr\/animations\/#primaryimage"},"thumbnailUrl":"https:\/\/i0.wp.com\/loeilduloup.fr\/wp-content\/uploads\/2022\/09\/Bannie%CC%80re-site-animations-1.png?fit=6912%2C3456&ssl=1","datePublished":"2017-12-11T18:14:39+00:00","dateModified":"2022-09-05T14:26:59+00:00","breadcrumb":{"@id":"https:\/\/loeilduloup.fr\/animations\/#breadcrumb"},"inLanguage":"en-GB","potentialAction":[{"@type":"ReadAction","target":["https:\/\/loeilduloup.fr\/animations\/"]}]},{"@type":"ImageObject","inLanguage":"en-GB","@id":"https:\/\/loeilduloup.fr\/animations\/#primaryimage","url":"https:\/\/i0.wp.com\/loeilduloup.fr\/wp-content\/uploads\/2022\/09\/Bannie%CC%80re-site-animations-1.png?fit=6912%2C3456&ssl=1","contentUrl":"https:\/\/i0.wp.com\/loeilduloup.fr\/wp-content\/uploads\/2022\/09\/Bannie%CC%80re-site-animations-1.png?fit=6912%2C3456&ssl=1","width":6912,"height":3456},{"@type":"BreadcrumbList","@id":"https:\/\/loeilduloup.fr\/animations\/#breadcrumb","itemListElement":[{"@type":"ListItem","position":1,"name":"Accueil","item":"https:\/\/loeilduloup.fr\/"},{"@type":"ListItem","position":2,"name":"Animations"}]},{"@type":"WebSite","@id":"https:\/\/loeilduloup.fr\/#website","url":"https:\/\/loeilduloup.fr\/","name":"","description":"Promoting well-being to reduce violence","potentialAction":[{"@type":"SearchAction","target":{"@type":"EntryPoint","urlTemplate":"https:\/\/loeilduloup.fr\/?s={search_term_string}"},"query-input":{"@type":"PropertyValueSpecification","valueRequired":true,"valueName":"search_term_string"}}],"inLanguage":"en-GB"}]}},"jetpack-related-posts":[{"id":1347,"url":"https:\/\/loeilduloup.fr\/en\/formations\/formation-adolescence-consentement\/","url_meta":{"origin":27,"position":0},"title":"Lutter contres les st\u00e9r\u00e9otypes de genre pour pr\u00e9venir les violences dans les m\u00e9tiers de l\u2019animation","author":"L'oeil du Loup","date":"5 October 2022","format":false,"excerpt":"Violences sexistes et sexuelles chez les adolescent\u00b7es : pr\u00e9venir et agir Depuis sept ans, nous menons de nombreuses interventions de promotion de l\u2019\u00e9galit\u00e9 de genre et d\u2019\u00e9ducation \u00e0 la vie affective, relationnelle et sexuelle aupr\u00e8s de diff\u00e9rents publics, dans lesquelles la question du consentement tient une place majeure. Ces interventions\u2026","rel":"","context":"Similar post","block_context":{"text":"Similar post","link":""},"img":{"alt_text":"","src":"https:\/\/i0.wp.com\/loeilduloup.fr\/wp-content\/uploads\/2017\/12\/cropped-Banniere_site_ODL.jpg?fit=1180%2C435&ssl=1&resize=350%2C200","width":350,"height":200,"srcset":"https:\/\/i0.wp.com\/loeilduloup.fr\/wp-content\/uploads\/2017\/12\/cropped-Banniere_site_ODL.jpg?fit=1180%2C435&ssl=1&resize=350%2C200 1x, https:\/\/i0.wp.com\/loeilduloup.fr\/wp-content\/uploads\/2017\/12\/cropped-Banniere_site_ODL.jpg?fit=1180%2C435&ssl=1&resize=525%2C300 1.5x, https:\/\/i0.wp.com\/loeilduloup.fr\/wp-content\/uploads\/2017\/12\/cropped-Banniere_site_ODL.jpg?fit=1180%2C435&ssl=1&resize=700%2C400 2x, https:\/\/i0.wp.com\/loeilduloup.fr\/wp-content\/uploads\/2017\/12\/cropped-Banniere_site_ODL.jpg?fit=1180%2C435&ssl=1&resize=1050%2C600 3x"},"classes":[]},{"id":1976,"url":"https:\/\/loeilduloup.fr\/en\/prevenir-les-violences-educatives-ordinaires-veo\/","url_meta":{"origin":27,"position":1},"title":"Pr\u00e9venir les Violences \u00c9ducatives Ordinaires (VEO)","author":"L'oeil du Loup","date":"22 April 2025","format":false,"excerpt":"Pourquoi agir\u00a0? Les violences \u00e9ducatives ordinaires impactent durablement le d\u00e9veloppement des enfants (psychologique, \u00e9motionnel, cognitif). Plus de 50\u00a0% des parents utilisent des pratiques punitives (Fondation pour l\u2019Enfance, 2023). Les professionnel\u00b7les sont en premi\u00e8re ligne pour rep\u00e9rer, sensibiliser et pr\u00e9venir. Pour les professionnel\u00b7les dans leur pratique Objectif Renforcer vos comp\u00e9tences pour\u2026","rel":"","context":"Similar post","block_context":{"text":"Similar post","link":""},"img":{"alt_text":"","src":"","width":0,"height":0},"classes":[]},{"id":1870,"url":"https:\/\/loeilduloup.fr\/en\/les-violences-educatives-ordinaires-accompagner-les-familles\/","url_meta":{"origin":27,"position":2},"title":"Violences \u00c9ducatives Ordinaires &#8211; Accompagner les familles","author":"L'oeil du Loup","date":"8 April 2025","format":false,"excerpt":"Pr\u00e9venir les violences \u00e9ducatives ordinaires en accompagnant les familles vers une parentalit\u00e9 bienveillante Les violences \u00e9ducatives ordinaires (VEO) sont souvent banalis\u00e9es ou justifi\u00e9es au nom de l'autorit\u00e9 parentale ou de la tradition. Pourtant, leur impact sur le bien-\u00eatre, la sant\u00e9 mentale et le d\u00e9veloppement des enfants est aujourd\u2019hui bien document\u00e9.\u2026","rel":"","context":"Similar post","block_context":{"text":"Similar post","link":""},"img":{"alt_text":"","src":"","width":0,"height":0},"classes":[]},{"id":1879,"url":"https:\/\/loeilduloup.fr\/en\/evars-accompagnement-a-la-posture\/","url_meta":{"origin":27,"position":3},"title":"EVARS &#8211; Accompagnement \u00e0 la posture","author":"L'oeil du Loup","date":"8 April 2025","format":false,"excerpt":"La gestion de groupe et prise en compte des r\u00e9sistances durant les s\u00e9ances EVARS L\u2019\u00e9ducation \u00e0 la vie affective, relationnelle et sexuelle (EVARS) constitue un levier indispensable de pr\u00e9vention, de promotion de la sant\u00e9 et de construction de relations respectueuses. Pourtant, intervenir sur ces sujets peut soulever des r\u00e9sistances, des\u2026","rel":"","context":"Similar post","block_context":{"text":"Similar post","link":""},"img":{"alt_text":"","src":"","width":0,"height":0},"classes":[]},{"id":1873,"url":"https:\/\/loeilduloup.fr\/en\/les-violences-educatives-ordinaires-les-prevenir-dans-sa-pratique-professionnelle\/","url_meta":{"origin":27,"position":4},"title":"Violences \u00c9ducatives Ordinaires et pratique professionnelle","author":"L'oeil du Loup","date":"8 April 2025","format":false,"excerpt":"Pr\u00e9venir les violences \u00e9ducatives ordinaires dans sa pratique professionnelle Les violences \u00e9ducatives ordinaires (VEO) sont encore fr\u00e9quentes dans les pratiques \u00e9ducatives, parfois de mani\u00e8re inconsciente, sous couvert de cadre, d\u2019autorit\u00e9 ou de gestion de groupe. Pourtant, de nombreuses recherches montrent que ces pratiques ont des effets d\u00e9l\u00e9t\u00e8res durables sur la\u2026","rel":"","context":"Similar post","block_context":{"text":"Similar post","link":""},"img":{"alt_text":"","src":"","width":0,"height":0},"classes":[]},{"id":30,"url":"https:\/\/loeilduloup.fr\/en\/formations\/","url_meta":{"origin":27,"position":5},"title":"Training courses","author":"L'oeil du Loup","date":"11 December 2017","format":false,"excerpt":"D\u00e9velopper des pratiques professionnelles positives Toutes nos formations sont con\u00e7ues de mani\u00e8re ludique et participative.Elles peuvent \u00eatre co-construites avec vous et adapt\u00e9es \u00e0 vos besoins sp\u00e9cifiques. PUBLICSResponsables, salari\u00e9\u00b7es et b\u00e9n\u00e9voles des secteurs \u00e9ducatif, petite enfance, social, m\u00e9dico-social, sportif et culturel NOS FORMATIONS Mieux g\u00e9rer les situations de conflits et de\u2026","rel":"","context":"Similar post","block_context":{"text":"Similar post","link":""},"img":{"alt_text":"","src":"https:\/\/i0.wp.com\/loeilduloup.fr\/wp-content\/uploads\/2022\/10\/Banniere-site-formations-scaled.jpg?fit=1200%2C600&ssl=1&resize=350%2C200","width":350,"height":200,"srcset":"https:\/\/i0.wp.com\/loeilduloup.fr\/wp-content\/uploads\/2022\/10\/Banniere-site-formations-scaled.jpg?fit=1200%2C600&ssl=1&resize=350%2C200 1x, https:\/\/i0.wp.com\/loeilduloup.fr\/wp-content\/uploads\/2022\/10\/Banniere-site-formations-scaled.jpg?fit=1200%2C600&ssl=1&resize=525%2C300 1.5x, https:\/\/i0.wp.com\/loeilduloup.fr\/wp-content\/uploads\/2022\/10\/Banniere-site-formations-scaled.jpg?fit=1200%2C600&ssl=1&resize=700%2C400 2x, https:\/\/i0.wp.com\/loeilduloup.fr\/wp-content\/uploads\/2022\/10\/Banniere-site-formations-scaled.jpg?fit=1200%2C600&ssl=1&resize=1050%2C600 3x"},"classes":[]}],"jetpack_sharing_enabled":true,"_links":{"self":[{"href":"https:\/\/loeilduloup.fr\/en\/wp-json\/wp\/v2\/pages\/27","targetHints":{"allow":["GET"]}}],"collection":[{"href":"https:\/\/loeilduloup.fr\/en\/wp-json\/wp\/v2\/pages"}],"about":[{"href":"https:\/\/loeilduloup.fr\/en\/wp-json\/wp\/v2\/types\/page"}],"author":[{"embeddable":true,"href":"https:\/\/loeilduloup.fr\/en\/wp-json\/wp\/v2\/users\/1"}],"replies":[{"embeddable":true,"href":"https:\/\/loeilduloup.fr\/en\/wp-json\/wp\/v2\/comments?post=27"}],"version-history":[{"count":36,"href":"https:\/\/loeilduloup.fr\/en\/wp-json\/wp\/v2\/pages\/27\/revisions"}],"predecessor-version":[{"id":1187,"href":"https:\/\/loeilduloup.fr\/en\/wp-json\/wp\/v2\/pages\/27\/revisions\/1187"}],"wp:featuredmedia":[{"embeddable":true,"href":"https:\/\/loeilduloup.fr\/en\/wp-json\/wp\/v2\/media\/1125"}],"wp:attachment":[{"href":"https:\/\/loeilduloup.fr\/en\/wp-json\/wp\/v2\/media?parent=27"}],"wp:term":[{"taxonomy":"post_tag","embeddable":true,"href":"https:\/\/loeilduloup.fr\/en\/wp-json\/wp\/v2\/tags?post=27"}],"curies":[{"name":"wp","href":"https:\/\/api.w.org\/{rel}","templated":true}]}}