{"id":25,"date":"2017-12-11T19:12:12","date_gmt":"2017-12-11T18:12:12","guid":{"rendered":"http:\/\/loeilduloup.fr\/?page_id=25"},"modified":"2023-01-06T12:51:54","modified_gmt":"2023-01-06T11:51:54","slug":"ateliers-cps","status":"publish","type":"page","link":"https:\/\/loeilduloup.fr\/en\/ateliers-cps\/","title":{"rendered":"Developing psychosocial skills"},"content":{"rendered":"<p class=\"has-text-align-center\"><strong>All our PSS workshops can be<\/strong> <strong>co-designed with you and tailored to your specific needs.<\/strong><\/p>\n\n\n\n<p><strong><mark style=\"background-color:rgba(0, 0, 0, 0);color:#66bcbe\" class=\"has-inline-color\">PUBLIC<\/mark><\/strong><br>Children, teenagers, adults<\/p>\n\n\n\n<p><strong><mark style=\"background-color:rgba(0, 0, 0, 0);color:#66bcbe\" class=\"has-inline-color\">FORMATS AND TYPES OF INTERVENTIONS<\/mark><\/strong><\/p>\n\n\n\n<p>Workshops for parents\/children, schools, early childhood, community childcare centers, etc.<\/p>\n\n\n\n<p>The development of psychosocial skills is a process that takes place over time and on a regular basis. We offer workshop cycles ranging from 5 sessions to as many as necessary.<br>The duration of a workshop can vary from 40 minutes to 2 hours depending on the activity and the audience concerned.<\/p>\n\n\n\n<div class=\"wp-block-columns is-layout-flex wp-container-core-columns-is-layout-9d6595d7 wp-block-columns-is-layout-flex\">\n<div class=\"wp-block-column is-layout-flow wp-block-column-is-layout-flow\">\n<p><strong><mark style=\"background-color:rgba(0, 0, 0, 0);color:#66bcbe\" class=\"has-inline-color\">AIMS<\/mark><\/strong><\/p>\n\n\n\n<ul class=\"wp-block-list\">\n<li>Developing a critical mind<\/li>\n\n\n\n<li>Initiate learning about oneself in one's relationships with others<\/li>\n\n\n\n<li>Bring about an awareness of one's own intentions, feelings and needs<\/li>\n\n\n\n<li>Developing empathy and self-empathy<\/li>\n\n\n\n<li>Developing the ability to be calm and listen to your inner self<\/li>\n\n\n\n<li>Learning to manage stress<\/li>\n<\/ul>\n<\/div>\n\n\n\n<div class=\"wp-block-column is-layout-flow wp-block-column-is-layout-flow\">\n<p><strong><mark style=\"background-color:rgba(0, 0, 0, 0);color:#66bcbe\" class=\"has-inline-color\">SUBJECTS<\/mark><\/strong><\/p>\n\n\n\n<ul class=\"wp-block-list\">\n<li>Self-awareness<\/li>\n\n\n\n<li>Emotions and needs<\/li>\n\n\n\n<li>Listening, concentration<\/li>\n\n\n\n<li>Empathy<\/li>\n\n\n\n<li>Self-expression, communication<\/li>\n\n\n\n<li>Human relations<\/li>\n\n\n\n<li>Cooperation<\/li>\n<\/ul>\n<\/div>\n<\/div>\n\n\n\n<p class=\"has-text-align-center has-medium-font-size\"><strong><a href=\"http:\/\/loeilduloup.fr\/en\/contact\/\"><mark style=\"background-color:rgba(0, 0, 0, 0);color:#db6232\" class=\"has-inline-color\">Nous contacter pour organiser un atelier<\/mark><\/a><\/strong><\/p>","protected":false},"excerpt":{"rendered":"<p>Tous nos ateliers CPS peuvent \u00eatre co-con\u00e7us avec vous et adapt\u00e9es \u00e0 vos besoins sp\u00e9cifiques. PUBLICSEnfants, adolescent\u00b7es, adultes FORMATS ET TYPES D&rsquo;INTERVENTIONS Ateliers parents\/enfants, milieu scolaire, petite enfance, accueils collectifs de mineurs (ACM)&#8230; Le d\u00e9veloppement des comp\u00e9tences psychosociales est un processus qui se fait dans la dur\u00e9e et dans la r\u00e9gularit\u00e9. Nous proposons des cycles&hellip; <a href=\"https:\/\/loeilduloup.fr\/en\/ateliers-cps\/\" class=\"more-link\">Continue reading <span class=\"screen-reader-text\">Developing psychosocial skills<\/span><\/a><\/p>","protected":false},"author":1,"featured_media":1384,"parent":0,"menu_order":3,"comment_status":"closed","ping_status":"closed","template":"templates\/full-width-page.php","meta":{"footnotes":""},"tags":[],"class_list":["post-25","page","type-page","status-publish","has-post-thumbnail","hentry","without-featured-image"],"yoast_head":"<!-- This site is optimized with the Yoast SEO plugin v27.4 - https:\/\/yoast.com\/product\/yoast-seo-wordpress\/ -->\n<title>D\u00e9velopper les comp\u00e9tences psychosociales -<\/title>\n<meta name=\"robots\" content=\"index, follow, max-snippet:-1, max-image-preview:large, max-video-preview:-1\" \/>\n<link rel=\"canonical\" href=\"https:\/\/loeilduloup.fr\/en\/ateliers-cps\/\" \/>\n<meta property=\"og:locale\" content=\"en_GB\" \/>\n<meta property=\"og:type\" content=\"article\" \/>\n<meta property=\"og:title\" content=\"D\u00e9velopper les comp\u00e9tences psychosociales -\" \/>\n<meta property=\"og:description\" content=\"Tous nos ateliers CPS peuvent \u00eatre co-con\u00e7us avec vous et adapt\u00e9es \u00e0 vos besoins sp\u00e9cifiques. PUBLICSEnfants, adolescent\u00b7es, adultes FORMATS ET TYPES D&rsquo;INTERVENTIONS Ateliers parents\/enfants, milieu scolaire, petite enfance, accueils collectifs de mineurs (ACM)&#8230; Le d\u00e9veloppement des comp\u00e9tences psychosociales est un processus qui se fait dans la dur\u00e9e et dans la r\u00e9gularit\u00e9. Nous proposons des cycles&hellip; Continue reading D\u00e9velopper les comp\u00e9tences psychosociales\" \/>\n<meta property=\"og:url\" content=\"https:\/\/loeilduloup.fr\/en\/ateliers-cps\/\" \/>\n<meta property=\"article:modified_time\" content=\"2023-01-06T11:51:54+00:00\" \/>\n<meta property=\"og:image\" content=\"https:\/\/i0.wp.com\/loeilduloup.fr\/wp-content\/uploads\/2022\/10\/Banniere-site-BAO-scaled.jpg?fit=2560%2C1280&ssl=1\" \/>\n\t<meta property=\"og:image:width\" content=\"2560\" \/>\n\t<meta property=\"og:image:height\" content=\"1280\" \/>\n\t<meta property=\"og:image:type\" content=\"image\/jpeg\" \/>\n<meta name=\"twitter:card\" content=\"summary_large_image\" \/>\n<meta name=\"twitter:label1\" content=\"Estimated reading time\" \/>\n\t<meta name=\"twitter:data1\" content=\"1 minute\" \/>\n<script type=\"application\/ld+json\" class=\"yoast-schema-graph\">{\"@context\":\"https:\\\/\\\/schema.org\",\"@graph\":[{\"@type\":\"WebPage\",\"@id\":\"https:\\\/\\\/loeilduloup.fr\\\/ateliers-cps\\\/\",\"url\":\"https:\\\/\\\/loeilduloup.fr\\\/ateliers-cps\\\/\",\"name\":\"D\u00e9velopper les comp\u00e9tences psychosociales -\",\"isPartOf\":{\"@id\":\"https:\\\/\\\/loeilduloup.fr\\\/#website\"},\"primaryImageOfPage\":{\"@id\":\"https:\\\/\\\/loeilduloup.fr\\\/ateliers-cps\\\/#primaryimage\"},\"image\":{\"@id\":\"https:\\\/\\\/loeilduloup.fr\\\/ateliers-cps\\\/#primaryimage\"},\"thumbnailUrl\":\"https:\\\/\\\/i0.wp.com\\\/loeilduloup.fr\\\/wp-content\\\/uploads\\\/2022\\\/10\\\/Banniere-site-BAO-scaled.jpg?fit=2560%2C1280&ssl=1\",\"datePublished\":\"2017-12-11T18:12:12+00:00\",\"dateModified\":\"2023-01-06T11:51:54+00:00\",\"breadcrumb\":{\"@id\":\"https:\\\/\\\/loeilduloup.fr\\\/ateliers-cps\\\/#breadcrumb\"},\"inLanguage\":\"en-GB\",\"potentialAction\":[{\"@type\":\"ReadAction\",\"target\":[\"https:\\\/\\\/loeilduloup.fr\\\/ateliers-cps\\\/\"]}]},{\"@type\":\"ImageObject\",\"inLanguage\":\"en-GB\",\"@id\":\"https:\\\/\\\/loeilduloup.fr\\\/ateliers-cps\\\/#primaryimage\",\"url\":\"https:\\\/\\\/i0.wp.com\\\/loeilduloup.fr\\\/wp-content\\\/uploads\\\/2022\\\/10\\\/Banniere-site-BAO-scaled.jpg?fit=2560%2C1280&ssl=1\",\"contentUrl\":\"https:\\\/\\\/i0.wp.com\\\/loeilduloup.fr\\\/wp-content\\\/uploads\\\/2022\\\/10\\\/Banniere-site-BAO-scaled.jpg?fit=2560%2C1280&ssl=1\",\"width\":2560,\"height\":1280},{\"@type\":\"BreadcrumbList\",\"@id\":\"https:\\\/\\\/loeilduloup.fr\\\/ateliers-cps\\\/#breadcrumb\",\"itemListElement\":[{\"@type\":\"ListItem\",\"position\":1,\"name\":\"Accueil\",\"item\":\"https:\\\/\\\/loeilduloup.fr\\\/\"},{\"@type\":\"ListItem\",\"position\":2,\"name\":\"D\u00e9velopper les comp\u00e9tences psychosociales\"}]},{\"@type\":\"WebSite\",\"@id\":\"https:\\\/\\\/loeilduloup.fr\\\/#website\",\"url\":\"https:\\\/\\\/loeilduloup.fr\\\/\",\"name\":\"\",\"description\":\"Promouvoir le bien-\u00eatre pour r\u00e9duire les violences\",\"potentialAction\":[{\"@type\":\"SearchAction\",\"target\":{\"@type\":\"EntryPoint\",\"urlTemplate\":\"https:\\\/\\\/loeilduloup.fr\\\/?s={search_term_string}\"},\"query-input\":{\"@type\":\"PropertyValueSpecification\",\"valueRequired\":true,\"valueName\":\"search_term_string\"}}],\"inLanguage\":\"en-GB\"}]}<\/script>\n<!-- \/ Yoast SEO plugin. -->","yoast_head_json":{"title":"D\u00e9velopper les comp\u00e9tences psychosociales -","robots":{"index":"index","follow":"follow","max-snippet":"max-snippet:-1","max-image-preview":"max-image-preview:large","max-video-preview":"max-video-preview:-1"},"canonical":"https:\/\/loeilduloup.fr\/en\/ateliers-cps\/","og_locale":"en_GB","og_type":"article","og_title":"D\u00e9velopper les comp\u00e9tences psychosociales -","og_description":"Tous nos ateliers CPS peuvent \u00eatre co-con\u00e7us avec vous et adapt\u00e9es \u00e0 vos besoins sp\u00e9cifiques. PUBLICSEnfants, adolescent\u00b7es, adultes FORMATS ET TYPES D&rsquo;INTERVENTIONS Ateliers parents\/enfants, milieu scolaire, petite enfance, accueils collectifs de mineurs (ACM)&#8230; Le d\u00e9veloppement des comp\u00e9tences psychosociales est un processus qui se fait dans la dur\u00e9e et dans la r\u00e9gularit\u00e9. Nous proposons des cycles&hellip; Continue reading D\u00e9velopper les comp\u00e9tences psychosociales","og_url":"https:\/\/loeilduloup.fr\/en\/ateliers-cps\/","article_modified_time":"2023-01-06T11:51:54+00:00","og_image":[{"width":2560,"height":1280,"url":"https:\/\/i0.wp.com\/loeilduloup.fr\/wp-content\/uploads\/2022\/10\/Banniere-site-BAO-scaled.jpg?fit=2560%2C1280&ssl=1","type":"image\/jpeg"}],"twitter_card":"summary_large_image","twitter_misc":{"Estimated reading time":"1 minute"},"schema":{"@context":"https:\/\/schema.org","@graph":[{"@type":"WebPage","@id":"https:\/\/loeilduloup.fr\/ateliers-cps\/","url":"https:\/\/loeilduloup.fr\/ateliers-cps\/","name":"D\u00e9velopper les comp\u00e9tences psychosociales -","isPartOf":{"@id":"https:\/\/loeilduloup.fr\/#website"},"primaryImageOfPage":{"@id":"https:\/\/loeilduloup.fr\/ateliers-cps\/#primaryimage"},"image":{"@id":"https:\/\/loeilduloup.fr\/ateliers-cps\/#primaryimage"},"thumbnailUrl":"https:\/\/i0.wp.com\/loeilduloup.fr\/wp-content\/uploads\/2022\/10\/Banniere-site-BAO-scaled.jpg?fit=2560%2C1280&ssl=1","datePublished":"2017-12-11T18:12:12+00:00","dateModified":"2023-01-06T11:51:54+00:00","breadcrumb":{"@id":"https:\/\/loeilduloup.fr\/ateliers-cps\/#breadcrumb"},"inLanguage":"en-GB","potentialAction":[{"@type":"ReadAction","target":["https:\/\/loeilduloup.fr\/ateliers-cps\/"]}]},{"@type":"ImageObject","inLanguage":"en-GB","@id":"https:\/\/loeilduloup.fr\/ateliers-cps\/#primaryimage","url":"https:\/\/i0.wp.com\/loeilduloup.fr\/wp-content\/uploads\/2022\/10\/Banniere-site-BAO-scaled.jpg?fit=2560%2C1280&ssl=1","contentUrl":"https:\/\/i0.wp.com\/loeilduloup.fr\/wp-content\/uploads\/2022\/10\/Banniere-site-BAO-scaled.jpg?fit=2560%2C1280&ssl=1","width":2560,"height":1280},{"@type":"BreadcrumbList","@id":"https:\/\/loeilduloup.fr\/ateliers-cps\/#breadcrumb","itemListElement":[{"@type":"ListItem","position":1,"name":"Accueil","item":"https:\/\/loeilduloup.fr\/"},{"@type":"ListItem","position":2,"name":"D\u00e9velopper les comp\u00e9tences psychosociales"}]},{"@type":"WebSite","@id":"https:\/\/loeilduloup.fr\/#website","url":"https:\/\/loeilduloup.fr\/","name":"","description":"Promoting well-being to reduce violence","potentialAction":[{"@type":"SearchAction","target":{"@type":"EntryPoint","urlTemplate":"https:\/\/loeilduloup.fr\/?s={search_term_string}"},"query-input":{"@type":"PropertyValueSpecification","valueRequired":true,"valueName":"search_term_string"}}],"inLanguage":"en-GB"}]}},"jetpack-related-posts":[{"id":1525,"url":"https:\/\/loeilduloup.fr\/en\/formation-competences-psychosociales\/","url_meta":{"origin":25,"position":0},"title":"Comp\u00e9tences Psychosociales et pratique professionnelle","author":"L'oeil du Loup","date":"13 June 2023","format":false,"excerpt":"Int\u00e9grer les CPS dans sa pratique professionnelle Les comp\u00e9tences psychosociales (CPS) sont un ensemble de capacit\u00e9s cognitives, \u00e9motionnelles et sociales qui augmentent l'autonomie, favorisent le bien-\u00eatre psychique et le d\u00e9veloppent d\u2019interactions constructives. Les recherches internationales des trente derni\u00e8res ann\u00e9es montrent que le d\u00e9veloppement des CPS est essentiel pour la sant\u00e9\u2026","rel":"","context":"Similar post","block_context":{"text":"Similar post","link":""},"img":{"alt_text":"","src":"","width":0,"height":0},"classes":[]},{"id":27,"url":"https:\/\/loeilduloup.fr\/en\/animations\/","url_meta":{"origin":25,"position":1},"title":"Entertainment","author":"L'oeil du Loup","date":"11 December 2017","format":false,"excerpt":"Ouvrir une discussion bienveillante et d\u00e9passer les tabous Toutes nos animations sont d\u00e9clinables avec l\u2019ensemble de nos th\u00e9matiques.Elles peuvent \u00eatre co-con\u00e7ues avec vous et adapt\u00e9es \u00e0 vos besoins sp\u00e9cifiques. PUBLICSEnfants, adolescent\u00b7es, adultes FORMATS ET TYPES D'INTERVENTIONS- Groupes de parole et de sensibilisation\u00a0: Une ou plusieurs s\u00e9ances de 2 heures chacune\u2026","rel":"","context":"In \"adolescents\"","block_context":{"text":"adolescents","link":"https:\/\/loeilduloup.fr\/en\/tag\/adolescents\/"},"img":{"alt_text":"","src":"https:\/\/i0.wp.com\/loeilduloup.fr\/wp-content\/uploads\/2022\/09\/Bannie%CC%80re-site-animations-1.png?fit=1200%2C600&ssl=1&resize=350%2C200","width":350,"height":200,"srcset":"https:\/\/i0.wp.com\/loeilduloup.fr\/wp-content\/uploads\/2022\/09\/Bannie%CC%80re-site-animations-1.png?fit=1200%2C600&ssl=1&resize=350%2C200 1x, https:\/\/i0.wp.com\/loeilduloup.fr\/wp-content\/uploads\/2022\/09\/Bannie%CC%80re-site-animations-1.png?fit=1200%2C600&ssl=1&resize=525%2C300 1.5x, https:\/\/i0.wp.com\/loeilduloup.fr\/wp-content\/uploads\/2022\/09\/Bannie%CC%80re-site-animations-1.png?fit=1200%2C600&ssl=1&resize=700%2C400 2x, https:\/\/i0.wp.com\/loeilduloup.fr\/wp-content\/uploads\/2022\/09\/Bannie%CC%80re-site-animations-1.png?fit=1200%2C600&ssl=1&resize=1050%2C600 3x"},"classes":[]},{"id":1985,"url":"https:\/\/loeilduloup.fr\/en\/les-competences-psychosociales\/","url_meta":{"origin":25,"position":2},"title":"Les comp\u00e9tences psychosociales","author":"L'oeil du Loup","date":"22 April 2025","format":false,"excerpt":"Les comp\u00e9tences psychosociales (CPS) constituent un ensemble int\u00e9gr\u00e9 de capacit\u00e9s cognitives, \u00e9motionnelles et sociales. Elles favorisent l\u2019autonomie, le bien\u2011\u00eatre psychique et la qualit\u00e9 des interactions en activant les fonctions ex\u00e9cutives du cerveau, comme la concentration et la prise de d\u00e9cision, tout en limitant les r\u00e9actions impulsives face au stress1. Pourquoi\u2026","rel":"","context":"Similar post","block_context":{"text":"Similar post","link":""},"img":{"alt_text":"","src":"","width":0,"height":0},"classes":[]},{"id":946,"url":"https:\/\/loeilduloup.fr\/en\/structures-sociales\/","url_meta":{"origin":25,"position":3},"title":"Workshops in social organizations","author":"L'oeil du Loup","date":"31 August 2022","format":false,"excerpt":"R\u00e9pondre aux in\u00e9galit\u00e9s sociales de sant\u00e9 Nous collaborons avec diverses structures sociales pour intervenir aupr\u00e8s de femmes victimes de violences, ancien\u00b7nes d\u00e9tenu\u00b7es, personnes au parcours migratoire souvent jalonn\u00e9 de violences... Ces publics dits \"vuln\u00e9rables aux risques de sant\u00e9\" forment des groupes d'une grande h\u00e9t\u00e9rog\u00e9n\u00e9it\u00e9 : ma\u00eetrise du fran\u00e7ais, origine sociale\u2026","rel":"","context":"Similar post","block_context":{"text":"Similar post","link":""},"img":{"alt_text":"","src":"https:\/\/i0.wp.com\/loeilduloup.fr\/wp-content\/uploads\/2022\/10\/Banniere-site-social-scaled.jpg?fit=1200%2C600&ssl=1&resize=350%2C200","width":350,"height":200,"srcset":"https:\/\/i0.wp.com\/loeilduloup.fr\/wp-content\/uploads\/2022\/10\/Banniere-site-social-scaled.jpg?fit=1200%2C600&ssl=1&resize=350%2C200 1x, https:\/\/i0.wp.com\/loeilduloup.fr\/wp-content\/uploads\/2022\/10\/Banniere-site-social-scaled.jpg?fit=1200%2C600&ssl=1&resize=525%2C300 1.5x, https:\/\/i0.wp.com\/loeilduloup.fr\/wp-content\/uploads\/2022\/10\/Banniere-site-social-scaled.jpg?fit=1200%2C600&ssl=1&resize=700%2C400 2x, https:\/\/i0.wp.com\/loeilduloup.fr\/wp-content\/uploads\/2022\/10\/Banniere-site-social-scaled.jpg?fit=1200%2C600&ssl=1&resize=1050%2C600 3x"},"classes":[]},{"id":1882,"url":"https:\/\/loeilduloup.fr\/en\/competences-psychosociales-et-consentement\/","url_meta":{"origin":25,"position":4},"title":"Promouvoir le consentement d\u00e8s le plus jeune \u00e2ge par le d\u00e9veloppement des comp\u00e9tences psychosociales","author":"L'oeil du Loup","date":"8 April 2025","format":false,"excerpt":"Parmi les victimes de violences sexuelles, 81% d\u00e9clarent avoir subi les premi\u00e8res violences avant 18 ans, 51% avant 11 ans et 21% avant 6 ans (UNICEF). Face \u00e0 ce constat alarmant, tr\u00e8s peu de dispositifs sont mis en place en France. Alors que la capacit\u00e9 \u00e0 identifier et \u00e0 exprimer\u2026","rel":"","context":"Similar post","block_context":{"text":"Similar post","link":""},"img":{"alt_text":"","src":"","width":0,"height":0},"classes":[]},{"id":2023,"url":"https:\/\/loeilduloup.fr\/en\/ressources-2\/la-serie-audio-educative-nour-marin-et-les-perles-de-magie\/","url_meta":{"origin":25,"position":5},"title":"S\u00e9rie audio \u00e9ducative \u00ab Nour, Marin et les perles de magie \u00bb","author":"L'oeil du Loup","date":"10 April 2026","format":false,"excerpt":"Comment parler de consentement, de respect du corps et des \u00e9motions avec les enfants d\u00e8s 5 ans, de mani\u00e8re accessible et adapt\u00e9e ? C\u2019est tout l\u2019enjeu de notre s\u00e9rie audio \u00ab Nour, Marin et les perles de magie \u00bb, con\u00e7ue comme un outil p\u00e9dagogique innovant au service de la pr\u00e9vention\u2026","rel":"","context":"Similar post","block_context":{"text":"Similar post","link":""},"img":{"alt_text":"","src":"https:\/\/i0.wp.com\/loeilduloup.fr\/wp-content\/uploads\/2026\/04\/clap-audio-logo.webp?resize=350%2C200","width":350,"height":200},"classes":[]}],"jetpack_sharing_enabled":true,"_links":{"self":[{"href":"https:\/\/loeilduloup.fr\/en\/wp-json\/wp\/v2\/pages\/25","targetHints":{"allow":["GET"]}}],"collection":[{"href":"https:\/\/loeilduloup.fr\/en\/wp-json\/wp\/v2\/pages"}],"about":[{"href":"https:\/\/loeilduloup.fr\/en\/wp-json\/wp\/v2\/types\/page"}],"author":[{"embeddable":true,"href":"https:\/\/loeilduloup.fr\/en\/wp-json\/wp\/v2\/users\/1"}],"replies":[{"embeddable":true,"href":"https:\/\/loeilduloup.fr\/en\/wp-json\/wp\/v2\/comments?post=25"}],"version-history":[{"count":42,"href":"https:\/\/loeilduloup.fr\/en\/wp-json\/wp\/v2\/pages\/25\/revisions"}],"predecessor-version":[{"id":1453,"href":"https:\/\/loeilduloup.fr\/en\/wp-json\/wp\/v2\/pages\/25\/revisions\/1453"}],"wp:featuredmedia":[{"embeddable":true,"href":"https:\/\/loeilduloup.fr\/en\/wp-json\/wp\/v2\/media\/1384"}],"wp:attachment":[{"href":"https:\/\/loeilduloup.fr\/en\/wp-json\/wp\/v2\/media?parent=25"}],"wp:term":[{"taxonomy":"post_tag","embeddable":true,"href":"https:\/\/loeilduloup.fr\/en\/wp-json\/wp\/v2\/tags?post=25"}],"curies":[{"name":"wp","href":"https:\/\/api.w.org\/{rel}","templated":true}]}}