{"id":1980,"date":"2025-04-22T17:48:44","date_gmt":"2025-04-22T15:48:44","guid":{"rendered":"https:\/\/loeilduloup.fr\/?page_id=1980"},"modified":"2025-04-22T18:00:06","modified_gmt":"2025-04-22T16:00:06","slug":"promouvoir-legalite-de-genre","status":"publish","type":"page","link":"https:\/\/loeilduloup.fr\/en\/promouvoir-legalite-de-genre\/","title":{"rendered":"Promouvoir l\u2019\u00e9galit\u00e9 de genre"},"content":{"rendered":"<h2 class=\"wp-block-heading\">Contexte et enjeux<\/h2>\n\n\n\n<p>Tr\u00e8s t\u00f4t, filles et gar\u00e7ons int\u00e9riorisent des \u00ab&nbsp;r\u00f4les&nbsp;\u00bb genr\u00e9s&nbsp;: on pr\u00eate \u00e0 l\u2019un\u00b7e go\u00fbt pour l\u2019aventure, \u00e0 l\u2019autre un int\u00e9r\u00eat pour le soin. Ces assignations invisibles mais puissantes limitent le champ des possibles, orientent les trajectoires scolaires et professionnelles, et participent \u00e0 la reproduction d\u2019in\u00e9galit\u00e9s durables.<\/p>\n\n\n\n<h2 class=\"wp-block-heading\">Pourquoi d\u00e9construire les st\u00e9r\u00e9otypes de genre&nbsp;?<\/h2>\n\n\n\n<ol class=\"wp-block-list\">\n<li><strong>Origines pr\u00e9coces<\/strong><br>D\u00e8s 4\u00a0ans, la plupart des enfants associent d\u00e9j\u00e0 la masculinit\u00e9 au pouvoir et la f\u00e9minit\u00e9 \u00e0 la douceur<sup><a href=\"https:\/\/cnrs.hal.science\/hal-03039222\/document\">1<\/a><\/sup>.<\/li>\n\n\n\n<li><strong>M\u00e9canismes de renforcement<\/strong><br>Interactions verbales, activit\u00e9s genr\u00e9es, postures \u00e9ducatives : tant de gestes et de mots, souvent inconscients, qui confortent les clich\u00e9s.<\/li>\n\n\n\n<li><strong>Cons\u00e9quences durables<\/strong><br>Meilleurs r\u00e9sultats scolaires chez les filles, mais moindre orientation vers les fili\u00e8res scientifiques\u00a0; temps partiel et \u00e9cart salarial pour les femmes \u00e0 l\u2019\u00e2ge adulte.<\/li>\n\n\n\n<li><strong>Enjeux sociaux et individuels<\/strong><br>Emp\u00eacher chaque enfant d\u2019explorer librement ses talents et construire une soci\u00e9t\u00e9 plus juste, sans pr\u00e9jug\u00e9s de genre.<\/li>\n<\/ol>\n\n\n\n<h2 class=\"wp-block-heading\">Des propositions concr\u00e8tes pour agir en faveur de l&rsquo;\u00e9galit\u00e9 de genre<\/h2>\n\n\n\n<p>Dans nos formations, vous explorerez des id\u00e9es concr\u00e8tes d&rsquo;actions et d&rsquo;animations pour \u00e9viter de reproduire les st\u00e9r\u00e9otypes genr\u00e9s. Voici quelques exemples issus des sessions pass\u00e9es : <\/p>\n\n\n\n<ul class=\"wp-block-list\">\n<li>Prendre conscience de nos propres biais, interroger nos paroles et nos choix d\u2019activit\u00e9s.<\/li>\n\n\n\n<li>Observer et analyser l\u2019environnement, rep\u00e9rer les r\u00e9partitions genr\u00e9es dans les jeux, les groupes et les discussions.<\/li>\n\n\n\n<li>Proposer des ateliers mixtes, varier les jouets et laisser chaque enfant explorer tous les domaines.<\/li>\n\n\n\n<li>Soutenir le consentement d\u00e8s le plus jeune \u00e2ge, apprendre aux enfants \u00e0 dire \u00ab\u00a0oui\u00a0\u00bb ou \u00ab\u00a0non\u00a0\u00bb et \u00e0 respecter les limites de chacun\u00b7e.<\/li>\n<\/ul>\n\n\n\n<h2 class=\"wp-block-heading\">Outillez-vous gr\u00e2ce \u00e0 nos formations d\u00e9di\u00e9es : <\/h2>\n\n\n\n<p>Pour aller plus loin et transformer vos pratiques professionnelles, d\u00e9couvrez nos formations :<\/p>\n\n\n\n<ul class=\"wp-block-list\">\n<li><a href=\"\/en\/formation-stereotypes-animation\/\">Lutter contre les st\u00e9r\u00e9otypes de genre dans les m\u00e9tiers de l\u2019animation<\/a><\/li>\n\n\n\n<li><a href=\"\/en\/formation-stereotypes-petite-enfance\/\">Lutter contre les st\u00e9r\u00e9otypes de genre dans les m\u00e9tiers de la petite enfance<\/a><\/li>\n<\/ul>\n\n\n\n<p><\/p>\n\n\n\n<p><\/p>\n\n\n\n<p><a href=\"https:\/\/cnrs.hal.science\/hal-03039222\/document\">1 : <em>How Preschoolers Associate Power with Gender in Male-Female Interactions<\/em>, Sex Roles, 2020 <\/a><\/p>\n\n\n\n<p><\/p>","protected":false},"excerpt":{"rendered":"<p>Contexte et enjeux Tr\u00e8s t\u00f4t, filles et gar\u00e7ons int\u00e9riorisent des \u00ab&nbsp;r\u00f4les&nbsp;\u00bb genr\u00e9s&nbsp;: on pr\u00eate \u00e0 l\u2019un\u00b7e go\u00fbt pour l\u2019aventure, \u00e0 l\u2019autre un int\u00e9r\u00eat pour le soin. Ces assignations invisibles mais puissantes limitent le champ des possibles, orientent les trajectoires scolaires et professionnelles, et participent \u00e0 la reproduction d\u2019in\u00e9galit\u00e9s durables. Pourquoi d\u00e9construire les st\u00e9r\u00e9otypes de genre&nbsp;?&hellip; <a href=\"https:\/\/loeilduloup.fr\/en\/promouvoir-legalite-de-genre\/\" class=\"more-link\">Continue reading <span class=\"screen-reader-text\">Promouvoir l\u2019\u00e9galit\u00e9 de genre<\/span><\/a><\/p>","protected":false},"author":1,"featured_media":0,"parent":0,"menu_order":0,"comment_status":"closed","ping_status":"closed","template":"","meta":{"footnotes":""},"tags":[],"class_list":["post-1980","page","type-page","status-publish","hentry","without-featured-image"],"yoast_head":"<!-- This site is optimized with the Yoast SEO plugin v27.4 - https:\/\/yoast.com\/product\/yoast-seo-wordpress\/ -->\n<title>Promouvoir l\u2019\u00e9galit\u00e9 de genre -<\/title>\n<meta name=\"description\" content=\"Luttons pour l&#039;\u00e9galit\u00e9 de genre d\u00e8s l\u2019enfance gr\u00e2ce \u00e0 nos formations pratiques et \u00e0 des outils concrets contre les st\u00e9r\u00e9otypes !\" \/>\n<meta name=\"robots\" content=\"index, follow, max-snippet:-1, max-image-preview:large, max-video-preview:-1\" \/>\n<link rel=\"canonical\" href=\"https:\/\/loeilduloup.fr\/en\/promouvoir-legalite-de-genre\/\" \/>\n<meta property=\"og:locale\" content=\"en_GB\" \/>\n<meta property=\"og:type\" content=\"article\" \/>\n<meta property=\"og:title\" content=\"Promouvoir l\u2019\u00e9galit\u00e9 de genre -\" \/>\n<meta property=\"og:description\" content=\"Luttons pour l&#039;\u00e9galit\u00e9 de genre d\u00e8s l\u2019enfance gr\u00e2ce \u00e0 nos formations pratiques et \u00e0 des outils concrets contre les st\u00e9r\u00e9otypes !\" \/>\n<meta property=\"og:url\" content=\"https:\/\/loeilduloup.fr\/en\/promouvoir-legalite-de-genre\/\" \/>\n<meta property=\"article:modified_time\" content=\"2025-04-22T16:00:06+00:00\" \/>\n<meta name=\"twitter:card\" content=\"summary_large_image\" \/>\n<meta name=\"twitter:label1\" content=\"Estimated reading time\" \/>\n\t<meta name=\"twitter:data1\" content=\"2 minutes\" \/>\n<script type=\"application\/ld+json\" class=\"yoast-schema-graph\">{\"@context\":\"https:\\\/\\\/schema.org\",\"@graph\":[{\"@type\":\"WebPage\",\"@id\":\"https:\\\/\\\/loeilduloup.fr\\\/promouvoir-legalite-de-genre\\\/\",\"url\":\"https:\\\/\\\/loeilduloup.fr\\\/promouvoir-legalite-de-genre\\\/\",\"name\":\"Promouvoir l\u2019\u00e9galit\u00e9 de genre -\",\"isPartOf\":{\"@id\":\"https:\\\/\\\/loeilduloup.fr\\\/#website\"},\"datePublished\":\"2025-04-22T15:48:44+00:00\",\"dateModified\":\"2025-04-22T16:00:06+00:00\",\"description\":\"Luttons pour l'\u00e9galit\u00e9 de genre d\u00e8s l\u2019enfance gr\u00e2ce \u00e0 nos formations pratiques et \u00e0 des outils concrets contre les st\u00e9r\u00e9otypes !\",\"breadcrumb\":{\"@id\":\"https:\\\/\\\/loeilduloup.fr\\\/promouvoir-legalite-de-genre\\\/#breadcrumb\"},\"inLanguage\":\"en-GB\",\"potentialAction\":[{\"@type\":\"ReadAction\",\"target\":[\"https:\\\/\\\/loeilduloup.fr\\\/promouvoir-legalite-de-genre\\\/\"]}]},{\"@type\":\"BreadcrumbList\",\"@id\":\"https:\\\/\\\/loeilduloup.fr\\\/promouvoir-legalite-de-genre\\\/#breadcrumb\",\"itemListElement\":[{\"@type\":\"ListItem\",\"position\":1,\"name\":\"Accueil\",\"item\":\"https:\\\/\\\/loeilduloup.fr\\\/\"},{\"@type\":\"ListItem\",\"position\":2,\"name\":\"Promouvoir l\u2019\u00e9galit\u00e9 de genre\"}]},{\"@type\":\"WebSite\",\"@id\":\"https:\\\/\\\/loeilduloup.fr\\\/#website\",\"url\":\"https:\\\/\\\/loeilduloup.fr\\\/\",\"name\":\"\",\"description\":\"Promouvoir le bien-\u00eatre pour r\u00e9duire les violences\",\"potentialAction\":[{\"@type\":\"SearchAction\",\"target\":{\"@type\":\"EntryPoint\",\"urlTemplate\":\"https:\\\/\\\/loeilduloup.fr\\\/?s={search_term_string}\"},\"query-input\":{\"@type\":\"PropertyValueSpecification\",\"valueRequired\":true,\"valueName\":\"search_term_string\"}}],\"inLanguage\":\"en-GB\"}]}<\/script>\n<!-- \/ Yoast SEO plugin. -->","yoast_head_json":{"title":"Promouvoir l\u2019\u00e9galit\u00e9 de genre -","description":"Luttons pour l'\u00e9galit\u00e9 de genre d\u00e8s l\u2019enfance gr\u00e2ce \u00e0 nos formations pratiques et \u00e0 des outils concrets contre les st\u00e9r\u00e9otypes !","robots":{"index":"index","follow":"follow","max-snippet":"max-snippet:-1","max-image-preview":"max-image-preview:large","max-video-preview":"max-video-preview:-1"},"canonical":"https:\/\/loeilduloup.fr\/en\/promouvoir-legalite-de-genre\/","og_locale":"en_GB","og_type":"article","og_title":"Promouvoir l\u2019\u00e9galit\u00e9 de genre -","og_description":"Luttons pour l'\u00e9galit\u00e9 de genre d\u00e8s l\u2019enfance gr\u00e2ce \u00e0 nos formations pratiques et \u00e0 des outils concrets contre les st\u00e9r\u00e9otypes !","og_url":"https:\/\/loeilduloup.fr\/en\/promouvoir-legalite-de-genre\/","article_modified_time":"2025-04-22T16:00:06+00:00","twitter_card":"summary_large_image","twitter_misc":{"Estimated reading time":"2 minutes"},"schema":{"@context":"https:\/\/schema.org","@graph":[{"@type":"WebPage","@id":"https:\/\/loeilduloup.fr\/promouvoir-legalite-de-genre\/","url":"https:\/\/loeilduloup.fr\/promouvoir-legalite-de-genre\/","name":"Promouvoir l\u2019\u00e9galit\u00e9 de genre -","isPartOf":{"@id":"https:\/\/loeilduloup.fr\/#website"},"datePublished":"2025-04-22T15:48:44+00:00","dateModified":"2025-04-22T16:00:06+00:00","description":"Luttons pour l'\u00e9galit\u00e9 de genre d\u00e8s l\u2019enfance gr\u00e2ce \u00e0 nos formations pratiques et \u00e0 des outils concrets contre les st\u00e9r\u00e9otypes !","breadcrumb":{"@id":"https:\/\/loeilduloup.fr\/promouvoir-legalite-de-genre\/#breadcrumb"},"inLanguage":"en-GB","potentialAction":[{"@type":"ReadAction","target":["https:\/\/loeilduloup.fr\/promouvoir-legalite-de-genre\/"]}]},{"@type":"BreadcrumbList","@id":"https:\/\/loeilduloup.fr\/promouvoir-legalite-de-genre\/#breadcrumb","itemListElement":[{"@type":"ListItem","position":1,"name":"Accueil","item":"https:\/\/loeilduloup.fr\/"},{"@type":"ListItem","position":2,"name":"Promouvoir l\u2019\u00e9galit\u00e9 de genre"}]},{"@type":"WebSite","@id":"https:\/\/loeilduloup.fr\/#website","url":"https:\/\/loeilduloup.fr\/","name":"","description":"Promoting well-being to reduce violence","potentialAction":[{"@type":"SearchAction","target":{"@type":"EntryPoint","urlTemplate":"https:\/\/loeilduloup.fr\/?s={search_term_string}"},"query-input":{"@type":"PropertyValueSpecification","valueRequired":true,"valueName":"search_term_string"}}],"inLanguage":"en-GB"}]}},"jetpack-related-posts":[{"id":560,"url":"https:\/\/loeilduloup.fr\/en\/documentaire\/","url_meta":{"origin":1980,"position":0},"title":"Masculinit\u00e9s plurielles","author":"L'oeil du Loup","date":"17 September 2019","format":false,"excerpt":"S\u2019il y a eu beaucoup de travaux et de communication sur les femmes et leur place dans la soci\u00e9t\u00e9, peu s\u2019int\u00e9ressent aux hommes et \u00e0 la mani\u00e8re dont se construisent leurs identit\u00e9s sociales. Les actions en faveur de l\u2019\u00e9galit\u00e9, qui sont de plus en plus encourag\u00e9es, restent focalis\u00e9es sur les\u2026","rel":"","context":"In \"adolescence\"","block_context":{"text":"adolescence","link":"https:\/\/loeilduloup.fr\/en\/tag\/adolescence\/"},"img":{"alt_text":"","src":"https:\/\/i0.wp.com\/loeilduloup.fr\/wp-content\/uploads\/2022\/09\/Capture-de%CC%81cran-2022-09-02-a%CC%80-11.00.24.png?resize=350%2C200&ssl=1","width":350,"height":200,"srcset":"https:\/\/i0.wp.com\/loeilduloup.fr\/wp-content\/uploads\/2022\/09\/Capture-de%CC%81cran-2022-09-02-a%CC%80-11.00.24.png?resize=350%2C200&ssl=1 1x, https:\/\/i0.wp.com\/loeilduloup.fr\/wp-content\/uploads\/2022\/09\/Capture-de%CC%81cran-2022-09-02-a%CC%80-11.00.24.png?resize=525%2C300&ssl=1 1.5x, https:\/\/i0.wp.com\/loeilduloup.fr\/wp-content\/uploads\/2022\/09\/Capture-de%CC%81cran-2022-09-02-a%CC%80-11.00.24.png?resize=700%2C400&ssl=1 2x, https:\/\/i0.wp.com\/loeilduloup.fr\/wp-content\/uploads\/2022\/09\/Capture-de%CC%81cran-2022-09-02-a%CC%80-11.00.24.png?resize=1050%2C600&ssl=1 3x"},"classes":[]},{"id":1347,"url":"https:\/\/loeilduloup.fr\/en\/formations\/formation-adolescence-consentement\/","url_meta":{"origin":1980,"position":1},"title":"Lutter contres les st\u00e9r\u00e9otypes de genre pour pr\u00e9venir les violences dans les m\u00e9tiers de l\u2019animation","author":"L'oeil du Loup","date":"5 October 2022","format":false,"excerpt":"Violences sexistes et sexuelles chez les adolescent\u00b7es : pr\u00e9venir et agir Depuis sept ans, nous menons de nombreuses interventions de promotion de l\u2019\u00e9galit\u00e9 de genre et d\u2019\u00e9ducation \u00e0 la vie affective, relationnelle et sexuelle aupr\u00e8s de diff\u00e9rents publics, dans lesquelles la question du consentement tient une place majeure. Ces interventions\u2026","rel":"","context":"Similar post","block_context":{"text":"Similar post","link":""},"img":{"alt_text":"","src":"https:\/\/i0.wp.com\/loeilduloup.fr\/wp-content\/uploads\/2017\/12\/cropped-Banniere_site_ODL.jpg?fit=1180%2C435&ssl=1&resize=350%2C200","width":350,"height":200,"srcset":"https:\/\/i0.wp.com\/loeilduloup.fr\/wp-content\/uploads\/2017\/12\/cropped-Banniere_site_ODL.jpg?fit=1180%2C435&ssl=1&resize=350%2C200 1x, https:\/\/i0.wp.com\/loeilduloup.fr\/wp-content\/uploads\/2017\/12\/cropped-Banniere_site_ODL.jpg?fit=1180%2C435&ssl=1&resize=525%2C300 1.5x, https:\/\/i0.wp.com\/loeilduloup.fr\/wp-content\/uploads\/2017\/12\/cropped-Banniere_site_ODL.jpg?fit=1180%2C435&ssl=1&resize=700%2C400 2x, https:\/\/i0.wp.com\/loeilduloup.fr\/wp-content\/uploads\/2017\/12\/cropped-Banniere_site_ODL.jpg?fit=1180%2C435&ssl=1&resize=1050%2C600 3x"},"classes":[]},{"id":361,"url":"https:\/\/loeilduloup.fr\/en\/vie-affective-et-sexuelle\/","url_meta":{"origin":1980,"position":2},"title":"Education in emotional, relational and sexual life","author":"L'oeil du Loup","date":"9 April 2018","format":false,"excerpt":"Promouvoir l'\u00e9galit\u00e9 et pr\u00e9venir les violences sont des enjeux de sant\u00e9 L\u2019\u00e9ducation \u00e0 la vie affective, relationnelle et sexuelle (EVARS) est une \u00e9ducation \u00e0 une citoyennet\u00e9 compl\u00e8te promouvant des relations\u00a0 affectives saines, l\u2019imp\u00e9ratif de consentement, la reconnaissance des orientations sexuelles et des minorit\u00e9s de genre et la lutte contre les\u2026","rel":"","context":"In \"coll\u00e8ge\"","block_context":{"text":"coll\u00e8ge","link":"https:\/\/loeilduloup.fr\/en\/tag\/college\/"},"img":{"alt_text":"","src":"https:\/\/i0.wp.com\/loeilduloup.fr\/wp-content\/uploads\/2022\/09\/Bannie%CC%80re-site-scolaire1.png?fit=1200%2C600&ssl=1&resize=350%2C200","width":350,"height":200,"srcset":"https:\/\/i0.wp.com\/loeilduloup.fr\/wp-content\/uploads\/2022\/09\/Bannie%CC%80re-site-scolaire1.png?fit=1200%2C600&ssl=1&resize=350%2C200 1x, https:\/\/i0.wp.com\/loeilduloup.fr\/wp-content\/uploads\/2022\/09\/Bannie%CC%80re-site-scolaire1.png?fit=1200%2C600&ssl=1&resize=525%2C300 1.5x, https:\/\/i0.wp.com\/loeilduloup.fr\/wp-content\/uploads\/2022\/09\/Bannie%CC%80re-site-scolaire1.png?fit=1200%2C600&ssl=1&resize=700%2C400 2x, https:\/\/i0.wp.com\/loeilduloup.fr\/wp-content\/uploads\/2022\/09\/Bannie%CC%80re-site-scolaire1.png?fit=1200%2C600&ssl=1&resize=1050%2C600 3x"},"classes":[]},{"id":1633,"url":"https:\/\/loeilduloup.fr\/en\/e-learning\/","url_meta":{"origin":1980,"position":3},"title":"E-learning","author":"L'oeil du Loup","date":"8 April 2025","format":false,"excerpt":"Un module e-learning de sensibilisation au sexisme et LGBTQphobies en milieu professionnel Pour renforcer la sensibilisation de vos \u00e9quipes sur le harc\u00e8lement et les violences sexistes et sexuel, proposez des modules de e-learning \u00e0 suivre en asynchrone. Sans pr\u00e9tendre remplacer une v\u00e9ritable formation du personnel, ce module de e-learning se\u2026","rel":"","context":"Similar post","block_context":{"text":"Similar post","link":""},"img":{"alt_text":"","src":"","width":0,"height":0},"classes":[]},{"id":27,"url":"https:\/\/loeilduloup.fr\/en\/animations\/","url_meta":{"origin":1980,"position":4},"title":"Entertainment","author":"L'oeil du Loup","date":"11 December 2017","format":false,"excerpt":"Ouvrir une discussion bienveillante et d\u00e9passer les tabous Toutes nos animations sont d\u00e9clinables avec l\u2019ensemble de nos th\u00e9matiques.Elles peuvent \u00eatre co-con\u00e7ues avec vous et adapt\u00e9es \u00e0 vos besoins sp\u00e9cifiques. PUBLICSEnfants, adolescent\u00b7es, adultes FORMATS ET TYPES D'INTERVENTIONS- Groupes de parole et de sensibilisation\u00a0: Une ou plusieurs s\u00e9ances de 2 heures chacune\u2026","rel":"","context":"In \"adolescents\"","block_context":{"text":"adolescents","link":"https:\/\/loeilduloup.fr\/en\/tag\/adolescents\/"},"img":{"alt_text":"","src":"https:\/\/i0.wp.com\/loeilduloup.fr\/wp-content\/uploads\/2022\/09\/Bannie%CC%80re-site-animations-1.png?fit=1200%2C600&ssl=1&resize=350%2C200","width":350,"height":200,"srcset":"https:\/\/i0.wp.com\/loeilduloup.fr\/wp-content\/uploads\/2022\/09\/Bannie%CC%80re-site-animations-1.png?fit=1200%2C600&ssl=1&resize=350%2C200 1x, https:\/\/i0.wp.com\/loeilduloup.fr\/wp-content\/uploads\/2022\/09\/Bannie%CC%80re-site-animations-1.png?fit=1200%2C600&ssl=1&resize=525%2C300 1.5x, https:\/\/i0.wp.com\/loeilduloup.fr\/wp-content\/uploads\/2022\/09\/Bannie%CC%80re-site-animations-1.png?fit=1200%2C600&ssl=1&resize=700%2C400 2x, https:\/\/i0.wp.com\/loeilduloup.fr\/wp-content\/uploads\/2022\/09\/Bannie%CC%80re-site-animations-1.png?fit=1200%2C600&ssl=1&resize=1050%2C600 3x"},"classes":[]},{"id":808,"url":"https:\/\/loeilduloup.fr\/en\/notre-equipe\/","url_meta":{"origin":1980,"position":5},"title":"Our staff team","author":"L'oeil du Loup","date":"30 August 2022","format":false,"excerpt":"Alex Pommatau Animateur\u00b7rice de pr\u00e9vention et formateur\u00b7ice . Johanne Ranson Directrice et co-fondatriceAnimatrice de pr\u00e9vention et formatrice Marie Beaurepaire Charg\u00e9e de d\u00e9veloppementAnimatrice de pr\u00e9vention et formatrice \u00c9tudes de Genre\u00c9ducation \u00e0 la sexualit\u00e9 & pr\u00e9vention en sant\u00e9 sexuelle Conseil Conjugal et Familial10 ans d'exp\u00e9rience en structure sociale Relations Internationales F\u00e9ministes\u00c9ducation \u00e0\u2026","rel":"","context":"In \"bureau\"","block_context":{"text":"bureau","link":"https:\/\/loeilduloup.fr\/en\/tag\/bureau\/"},"img":{"alt_text":"","src":"https:\/\/i0.wp.com\/loeilduloup.fr\/wp-content\/uploads\/2017\/12\/Banniere_site_ODL.jpg?fit=1200%2C576&ssl=1&resize=350%2C200","width":350,"height":200,"srcset":"https:\/\/i0.wp.com\/loeilduloup.fr\/wp-content\/uploads\/2017\/12\/Banniere_site_ODL.jpg?fit=1200%2C576&ssl=1&resize=350%2C200 1x, https:\/\/i0.wp.com\/loeilduloup.fr\/wp-content\/uploads\/2017\/12\/Banniere_site_ODL.jpg?fit=1200%2C576&ssl=1&resize=525%2C300 1.5x, https:\/\/i0.wp.com\/loeilduloup.fr\/wp-content\/uploads\/2017\/12\/Banniere_site_ODL.jpg?fit=1200%2C576&ssl=1&resize=700%2C400 2x, https:\/\/i0.wp.com\/loeilduloup.fr\/wp-content\/uploads\/2017\/12\/Banniere_site_ODL.jpg?fit=1200%2C576&ssl=1&resize=1050%2C600 3x"},"classes":[]}],"jetpack_sharing_enabled":true,"_links":{"self":[{"href":"https:\/\/loeilduloup.fr\/en\/wp-json\/wp\/v2\/pages\/1980","targetHints":{"allow":["GET"]}}],"collection":[{"href":"https:\/\/loeilduloup.fr\/en\/wp-json\/wp\/v2\/pages"}],"about":[{"href":"https:\/\/loeilduloup.fr\/en\/wp-json\/wp\/v2\/types\/page"}],"author":[{"embeddable":true,"href":"https:\/\/loeilduloup.fr\/en\/wp-json\/wp\/v2\/users\/1"}],"replies":[{"embeddable":true,"href":"https:\/\/loeilduloup.fr\/en\/wp-json\/wp\/v2\/comments?post=1980"}],"version-history":[{"count":2,"href":"https:\/\/loeilduloup.fr\/en\/wp-json\/wp\/v2\/pages\/1980\/revisions"}],"predecessor-version":[{"id":1984,"href":"https:\/\/loeilduloup.fr\/en\/wp-json\/wp\/v2\/pages\/1980\/revisions\/1984"}],"wp:attachment":[{"href":"https:\/\/loeilduloup.fr\/en\/wp-json\/wp\/v2\/media?parent=1980"}],"wp:term":[{"taxonomy":"post_tag","embeddable":true,"href":"https:\/\/loeilduloup.fr\/en\/wp-json\/wp\/v2\/tags?post=1980"}],"curies":[{"name":"wp","href":"https:\/\/api.w.org\/{rel}","templated":true}]}}