{"id":1976,"date":"2025-04-22T16:17:24","date_gmt":"2025-04-22T14:17:24","guid":{"rendered":"https:\/\/loeilduloup.fr\/?page_id=1976"},"modified":"2025-04-22T16:23:47","modified_gmt":"2025-04-22T14:23:47","slug":"prevenir-les-violences-educatives-ordinaires-veo","status":"publish","type":"page","link":"https:\/\/loeilduloup.fr\/en\/prevenir-les-violences-educatives-ordinaires-veo\/","title":{"rendered":"Pr\u00e9venir les Violences \u00c9ducatives Ordinaires (VEO)"},"content":{"rendered":"<h2 class=\"wp-block-heading\">Pourquoi agir&nbsp;?<\/h2>\n\n\n\n<ul class=\"wp-block-list\">\n<li>Les violences \u00e9ducatives ordinaires impactent durablement le d\u00e9veloppement des enfants (psychologique, \u00e9motionnel, cognitif).<\/li>\n\n\n\n<li>Plus de 50&nbsp;% des parents utilisent des pratiques punitives (<a href=\"https:\/\/www.fondation-enfance.org\/2024\/06\/06\/la-fondation-publie-son-1er-barometre-sur-les-violences-educatives-ordinaires-2\/\">Fondation pour l\u2019Enfance, 2023<\/a>).<\/li>\n\n\n\n<li>Les professionnel\u00b7les sont en premi\u00e8re ligne pour rep\u00e9rer, sensibiliser et pr\u00e9venir.<\/li>\n<\/ul>\n\n\n\n<h2 class=\"wp-block-heading\">Pour les professionnel\u00b7les dans leur pratique<\/h2>\n\n\n\n<h3 class=\"wp-block-heading\">Objectif<\/h3>\n\n\n\n<p>Renforcer vos comp\u00e9tences pour identifier et pr\u00e9venir les VEO au quotidien.<\/p>\n\n\n\n<h3 class=\"wp-block-heading\">Ce que vous apprendrez<\/h3>\n\n\n\n<ul class=\"wp-block-list\">\n<li>D\u00e9finir et reconna\u00eetre les formes de VEO<\/li>\n\n\n\n<li>Adapter votre posture professionnelle<\/li>\n\n\n\n<li>Mettre en place des interventions bienveillantes<\/li>\n<\/ul>\n\n\n\n<h2 class=\"wp-block-heading\">Pr\u00e9venir les violences \u00e9ducatives ordinaires pour les professionnel\u00b7les en contact avec les parents<\/h2>\n\n\n\n<h3 class=\"wp-block-heading\">Objectif<\/h3>\n\n\n\n<p>Accompagner les parents vers des pratiques \u00e9ducatives bienveillantes, sans jugement ni culpabilisation.<\/p>\n\n\n\n<h3 class=\"wp-block-heading\">Ce que vous apprendrez<\/h3>\n\n\n\n<ul class=\"wp-block-list\">\n<li>Communiquer efficacement sur la parentalit\u00e9 positive<\/li>\n\n\n\n<li>Proposer des outils concrets <\/li>\n\n\n\n<li>G\u00e9rer les r\u00e9sistances et r\u00e9actions \u00e9motionnelles<\/li>\n\n\n\n<li>Co\u2011construire un plan d\u2019action personnalis\u00e9<\/li>\n<\/ul>\n\n\n\n<h2 class=\"wp-block-heading\">Pr\u00eat\u00b7e \u00e0 agir&nbsp;?<\/h2>\n\n\n\n<p>D\u00e9couvrez nos deux formations\u00a0:<\/p>\n\n\n\n<ul class=\"wp-block-list\">\n<li><a href=\"https:\/\/loeilduloup.fr\/en\/les-violences-educatives-ordinaires-accompagner-les-familles\/\">Pr\u00e9vention des violences \u00e9ducatives ordinaires&nbsp;: accompagner les familles<\/a><\/li>\n\n\n\n<li><a href=\"https:\/\/loeilduloup.fr\/en\/les-violences-educatives-ordinaires-les-prevenir-dans-sa-pratique-professionnelle\/\">Violences \u00e9ducatives ordinaires et pratique professionnelle<\/a><\/li>\n<\/ul>\n\n\n\n<p><\/p>","protected":false},"excerpt":{"rendered":"<p>Pourquoi agir&nbsp;? Pour les professionnel\u00b7les dans leur pratique Objectif Renforcer vos comp\u00e9tences pour identifier et pr\u00e9venir les VEO au quotidien. Ce que vous apprendrez Pr\u00e9venir les violences \u00e9ducatives ordinaires pour les professionnel\u00b7les en contact avec les parents Objectif Accompagner les parents vers des pratiques \u00e9ducatives bienveillantes, sans jugement ni culpabilisation. Ce que vous apprendrez Pr\u00eat\u00b7e&hellip; <a href=\"https:\/\/loeilduloup.fr\/en\/prevenir-les-violences-educatives-ordinaires-veo\/\" class=\"more-link\">Continue reading <span class=\"screen-reader-text\">Pr\u00e9venir les Violences \u00c9ducatives Ordinaires (VEO)<\/span><\/a><\/p>","protected":false},"author":1,"featured_media":0,"parent":0,"menu_order":0,"comment_status":"closed","ping_status":"closed","template":"","meta":{"footnotes":""},"tags":[],"class_list":["post-1976","page","type-page","status-publish","hentry","without-featured-image"],"yoast_head":"<!-- This site is optimized with the Yoast SEO plugin v27.4 - https:\/\/yoast.com\/product\/yoast-seo-wordpress\/ -->\n<title>Pr\u00e9venir les Violences \u00c9ducatives Ordinaires (VEO) -<\/title>\n<meta name=\"description\" content=\"D\u00e9couvrez nos formations destin\u00e9es aux professionnel\u00b7les pour lutter contre les violences \u00e9ducatives ordinaires et vers l&#039;\u00e9ducation positive\" \/>\n<meta name=\"robots\" content=\"index, follow, max-snippet:-1, max-image-preview:large, max-video-preview:-1\" \/>\n<link rel=\"canonical\" href=\"https:\/\/loeilduloup.fr\/en\/prevenir-les-violences-educatives-ordinaires-veo\/\" \/>\n<meta property=\"og:locale\" content=\"en_GB\" \/>\n<meta property=\"og:type\" content=\"article\" \/>\n<meta property=\"og:title\" content=\"Pr\u00e9venir les Violences \u00c9ducatives Ordinaires (VEO) -\" \/>\n<meta property=\"og:description\" content=\"D\u00e9couvrez nos formations destin\u00e9es aux professionnel\u00b7les pour lutter contre les violences \u00e9ducatives ordinaires et vers l&#039;\u00e9ducation positive\" \/>\n<meta property=\"og:url\" content=\"https:\/\/loeilduloup.fr\/en\/prevenir-les-violences-educatives-ordinaires-veo\/\" \/>\n<meta property=\"article:modified_time\" content=\"2025-04-22T14:23:47+00:00\" \/>\n<meta name=\"twitter:card\" content=\"summary_large_image\" \/>\n<meta name=\"twitter:label1\" content=\"Estimated reading time\" \/>\n\t<meta name=\"twitter:data1\" content=\"1 minute\" \/>\n<script type=\"application\/ld+json\" class=\"yoast-schema-graph\">{\"@context\":\"https:\\\/\\\/schema.org\",\"@graph\":[{\"@type\":\"WebPage\",\"@id\":\"https:\\\/\\\/loeilduloup.fr\\\/prevenir-les-violences-educatives-ordinaires-veo\\\/\",\"url\":\"https:\\\/\\\/loeilduloup.fr\\\/prevenir-les-violences-educatives-ordinaires-veo\\\/\",\"name\":\"Pr\u00e9venir les Violences \u00c9ducatives Ordinaires (VEO) -\",\"isPartOf\":{\"@id\":\"https:\\\/\\\/loeilduloup.fr\\\/#website\"},\"datePublished\":\"2025-04-22T14:17:24+00:00\",\"dateModified\":\"2025-04-22T14:23:47+00:00\",\"description\":\"D\u00e9couvrez nos formations destin\u00e9es aux professionnel\u00b7les pour lutter contre les violences \u00e9ducatives ordinaires et vers l'\u00e9ducation positive\",\"breadcrumb\":{\"@id\":\"https:\\\/\\\/loeilduloup.fr\\\/prevenir-les-violences-educatives-ordinaires-veo\\\/#breadcrumb\"},\"inLanguage\":\"en-GB\",\"potentialAction\":[{\"@type\":\"ReadAction\",\"target\":[\"https:\\\/\\\/loeilduloup.fr\\\/prevenir-les-violences-educatives-ordinaires-veo\\\/\"]}]},{\"@type\":\"BreadcrumbList\",\"@id\":\"https:\\\/\\\/loeilduloup.fr\\\/prevenir-les-violences-educatives-ordinaires-veo\\\/#breadcrumb\",\"itemListElement\":[{\"@type\":\"ListItem\",\"position\":1,\"name\":\"Accueil\",\"item\":\"https:\\\/\\\/loeilduloup.fr\\\/\"},{\"@type\":\"ListItem\",\"position\":2,\"name\":\"Pr\u00e9venir les Violences \u00c9ducatives Ordinaires (VEO)\"}]},{\"@type\":\"WebSite\",\"@id\":\"https:\\\/\\\/loeilduloup.fr\\\/#website\",\"url\":\"https:\\\/\\\/loeilduloup.fr\\\/\",\"name\":\"\",\"description\":\"Promouvoir le bien-\u00eatre pour r\u00e9duire les violences\",\"potentialAction\":[{\"@type\":\"SearchAction\",\"target\":{\"@type\":\"EntryPoint\",\"urlTemplate\":\"https:\\\/\\\/loeilduloup.fr\\\/?s={search_term_string}\"},\"query-input\":{\"@type\":\"PropertyValueSpecification\",\"valueRequired\":true,\"valueName\":\"search_term_string\"}}],\"inLanguage\":\"en-GB\"}]}<\/script>\n<!-- \/ Yoast SEO plugin. -->","yoast_head_json":{"title":"Pr\u00e9venir les Violences \u00c9ducatives Ordinaires (VEO) -","description":"D\u00e9couvrez nos formations destin\u00e9es aux professionnel\u00b7les pour lutter contre les violences \u00e9ducatives ordinaires et vers l'\u00e9ducation positive","robots":{"index":"index","follow":"follow","max-snippet":"max-snippet:-1","max-image-preview":"max-image-preview:large","max-video-preview":"max-video-preview:-1"},"canonical":"https:\/\/loeilduloup.fr\/en\/prevenir-les-violences-educatives-ordinaires-veo\/","og_locale":"en_GB","og_type":"article","og_title":"Pr\u00e9venir les Violences \u00c9ducatives Ordinaires (VEO) -","og_description":"D\u00e9couvrez nos formations destin\u00e9es aux professionnel\u00b7les pour lutter contre les violences \u00e9ducatives ordinaires et vers l'\u00e9ducation positive","og_url":"https:\/\/loeilduloup.fr\/en\/prevenir-les-violences-educatives-ordinaires-veo\/","article_modified_time":"2025-04-22T14:23:47+00:00","twitter_card":"summary_large_image","twitter_misc":{"Estimated reading time":"1 minute"},"schema":{"@context":"https:\/\/schema.org","@graph":[{"@type":"WebPage","@id":"https:\/\/loeilduloup.fr\/prevenir-les-violences-educatives-ordinaires-veo\/","url":"https:\/\/loeilduloup.fr\/prevenir-les-violences-educatives-ordinaires-veo\/","name":"Pr\u00e9venir les Violences \u00c9ducatives Ordinaires (VEO) -","isPartOf":{"@id":"https:\/\/loeilduloup.fr\/#website"},"datePublished":"2025-04-22T14:17:24+00:00","dateModified":"2025-04-22T14:23:47+00:00","description":"D\u00e9couvrez nos formations destin\u00e9es aux professionnel\u00b7les pour lutter contre les violences \u00e9ducatives ordinaires et vers l'\u00e9ducation positive","breadcrumb":{"@id":"https:\/\/loeilduloup.fr\/prevenir-les-violences-educatives-ordinaires-veo\/#breadcrumb"},"inLanguage":"en-GB","potentialAction":[{"@type":"ReadAction","target":["https:\/\/loeilduloup.fr\/prevenir-les-violences-educatives-ordinaires-veo\/"]}]},{"@type":"BreadcrumbList","@id":"https:\/\/loeilduloup.fr\/prevenir-les-violences-educatives-ordinaires-veo\/#breadcrumb","itemListElement":[{"@type":"ListItem","position":1,"name":"Accueil","item":"https:\/\/loeilduloup.fr\/"},{"@type":"ListItem","position":2,"name":"Pr\u00e9venir les Violences \u00c9ducatives Ordinaires (VEO)"}]},{"@type":"WebSite","@id":"https:\/\/loeilduloup.fr\/#website","url":"https:\/\/loeilduloup.fr\/","name":"","description":"Promoting well-being to reduce violence","potentialAction":[{"@type":"SearchAction","target":{"@type":"EntryPoint","urlTemplate":"https:\/\/loeilduloup.fr\/?s={search_term_string}"},"query-input":{"@type":"PropertyValueSpecification","valueRequired":true,"valueName":"search_term_string"}}],"inLanguage":"en-GB"}]}},"jetpack-related-posts":[{"id":1873,"url":"https:\/\/loeilduloup.fr\/en\/les-violences-educatives-ordinaires-les-prevenir-dans-sa-pratique-professionnelle\/","url_meta":{"origin":1976,"position":0},"title":"Violences \u00c9ducatives Ordinaires et pratique professionnelle","author":"L'oeil du Loup","date":"8 April 2025","format":false,"excerpt":"Pr\u00e9venir les violences \u00e9ducatives ordinaires dans sa pratique professionnelle Les violences \u00e9ducatives ordinaires (VEO) sont encore fr\u00e9quentes dans les pratiques \u00e9ducatives, parfois de mani\u00e8re inconsciente, sous couvert de cadre, d\u2019autorit\u00e9 ou de gestion de groupe. Pourtant, de nombreuses recherches montrent que ces pratiques ont des effets d\u00e9l\u00e9t\u00e8res durables sur la\u2026","rel":"","context":"Similar post","block_context":{"text":"Similar post","link":""},"img":{"alt_text":"","src":"","width":0,"height":0},"classes":[]},{"id":1870,"url":"https:\/\/loeilduloup.fr\/en\/les-violences-educatives-ordinaires-accompagner-les-familles\/","url_meta":{"origin":1976,"position":1},"title":"Violences \u00c9ducatives Ordinaires &#8211; Accompagner les familles","author":"L'oeil du Loup","date":"8 April 2025","format":false,"excerpt":"Pr\u00e9venir les violences \u00e9ducatives ordinaires en accompagnant les familles vers une parentalit\u00e9 bienveillante Les violences \u00e9ducatives ordinaires (VEO) sont souvent banalis\u00e9es ou justifi\u00e9es au nom de l'autorit\u00e9 parentale ou de la tradition. Pourtant, leur impact sur le bien-\u00eatre, la sant\u00e9 mentale et le d\u00e9veloppement des enfants est aujourd\u2019hui bien document\u00e9.\u2026","rel":"","context":"Similar post","block_context":{"text":"Similar post","link":""},"img":{"alt_text":"","src":"","width":0,"height":0},"classes":[]},{"id":802,"url":"https:\/\/loeilduloup.fr\/en\/","url_meta":{"origin":1976,"position":2},"title":"Our perspective","author":"L'oeil du Loup","date":"30 August 2022","format":false,"excerpt":"L\u2019\u0153il du loup est une association de pr\u00e9vention des violences et de promotion du bien-\u00eatre, sp\u00e9cialis\u00e9e dans la pr\u00e9vention des violences sexistes et sexuelles (VSS). Depuis 2015, L\u2019\u0153il du loup d\u00e9veloppe des actions de pr\u00e9vention aupr\u00e8s d\u2019enfants, de jeunes et d\u2019adultes, avec une p\u00e9dagogie active qui allie conscience de soi,\u2026","rel":"","context":"In \"approche\"","block_context":{"text":"approche","link":"https:\/\/loeilduloup.fr\/en\/tag\/approche\/"},"img":{"alt_text":"","src":"https:\/\/i0.wp.com\/loeilduloup.fr\/wp-content\/uploads\/2017\/12\/Banniere_site_ODL.jpg?fit=1200%2C576&ssl=1&resize=350%2C200","width":350,"height":200,"srcset":"https:\/\/i0.wp.com\/loeilduloup.fr\/wp-content\/uploads\/2017\/12\/Banniere_site_ODL.jpg?fit=1200%2C576&ssl=1&resize=350%2C200 1x, https:\/\/i0.wp.com\/loeilduloup.fr\/wp-content\/uploads\/2017\/12\/Banniere_site_ODL.jpg?fit=1200%2C576&ssl=1&resize=525%2C300 1.5x, https:\/\/i0.wp.com\/loeilduloup.fr\/wp-content\/uploads\/2017\/12\/Banniere_site_ODL.jpg?fit=1200%2C576&ssl=1&resize=700%2C400 2x, https:\/\/i0.wp.com\/loeilduloup.fr\/wp-content\/uploads\/2017\/12\/Banniere_site_ODL.jpg?fit=1200%2C576&ssl=1&resize=1050%2C600 3x"},"classes":[]},{"id":1988,"url":"https:\/\/loeilduloup.fr\/en\/prevenir-les-violences-sexuelles-et-promouvoir-le-consentement\/","url_meta":{"origin":1976,"position":3},"title":"Pr\u00e9venir les violences sexuelles et promouvoir le consentement","author":"L'oeil du Loup","date":"22 April 2025","format":false,"excerpt":"En Europe, on estime qu\u2019un enfant sur cinq subit des violences sexuelles avant 18\u00a0ans, et nombre d\u2019entre elles restent inconnues ou non signal\u00e9es. Face \u00e0 cette r\u00e9alit\u00e9, les professionnel\u00b7les \u00e0 l\u2019\u00e9cole et dans les structures \u00e9ducatives jouent un r\u00f4le essentiel pour offrir aux jeunes et aux enfants des espaces d'apprentissage\u2026","rel":"","context":"Similar post","block_context":{"text":"Similar post","link":""},"img":{"alt_text":"","src":"","width":0,"height":0},"classes":[]},{"id":1879,"url":"https:\/\/loeilduloup.fr\/en\/evars-accompagnement-a-la-posture\/","url_meta":{"origin":1976,"position":4},"title":"EVARS &#8211; Accompagnement \u00e0 la posture","author":"L'oeil du Loup","date":"8 April 2025","format":false,"excerpt":"La gestion de groupe et prise en compte des r\u00e9sistances durant les s\u00e9ances EVARS L\u2019\u00e9ducation \u00e0 la vie affective, relationnelle et sexuelle (EVARS) constitue un levier indispensable de pr\u00e9vention, de promotion de la sant\u00e9 et de construction de relations respectueuses. Pourtant, intervenir sur ces sujets peut soulever des r\u00e9sistances, des\u2026","rel":"","context":"Similar post","block_context":{"text":"Similar post","link":""},"img":{"alt_text":"","src":"","width":0,"height":0},"classes":[]},{"id":1347,"url":"https:\/\/loeilduloup.fr\/en\/formations\/formation-adolescence-consentement\/","url_meta":{"origin":1976,"position":5},"title":"Lutter contres les st\u00e9r\u00e9otypes de genre pour pr\u00e9venir les violences dans les m\u00e9tiers de l\u2019animation","author":"L'oeil du Loup","date":"5 October 2022","format":false,"excerpt":"Violences sexistes et sexuelles chez les adolescent\u00b7es : pr\u00e9venir et agir Depuis sept ans, nous menons de nombreuses interventions de promotion de l\u2019\u00e9galit\u00e9 de genre et d\u2019\u00e9ducation \u00e0 la vie affective, relationnelle et sexuelle aupr\u00e8s de diff\u00e9rents publics, dans lesquelles la question du consentement tient une place majeure. Ces interventions\u2026","rel":"","context":"Similar post","block_context":{"text":"Similar post","link":""},"img":{"alt_text":"","src":"https:\/\/i0.wp.com\/loeilduloup.fr\/wp-content\/uploads\/2017\/12\/cropped-Banniere_site_ODL.jpg?fit=1180%2C435&ssl=1&resize=350%2C200","width":350,"height":200,"srcset":"https:\/\/i0.wp.com\/loeilduloup.fr\/wp-content\/uploads\/2017\/12\/cropped-Banniere_site_ODL.jpg?fit=1180%2C435&ssl=1&resize=350%2C200 1x, https:\/\/i0.wp.com\/loeilduloup.fr\/wp-content\/uploads\/2017\/12\/cropped-Banniere_site_ODL.jpg?fit=1180%2C435&ssl=1&resize=525%2C300 1.5x, https:\/\/i0.wp.com\/loeilduloup.fr\/wp-content\/uploads\/2017\/12\/cropped-Banniere_site_ODL.jpg?fit=1180%2C435&ssl=1&resize=700%2C400 2x, https:\/\/i0.wp.com\/loeilduloup.fr\/wp-content\/uploads\/2017\/12\/cropped-Banniere_site_ODL.jpg?fit=1180%2C435&ssl=1&resize=1050%2C600 3x"},"classes":[]}],"jetpack_sharing_enabled":true,"_links":{"self":[{"href":"https:\/\/loeilduloup.fr\/en\/wp-json\/wp\/v2\/pages\/1976","targetHints":{"allow":["GET"]}}],"collection":[{"href":"https:\/\/loeilduloup.fr\/en\/wp-json\/wp\/v2\/pages"}],"about":[{"href":"https:\/\/loeilduloup.fr\/en\/wp-json\/wp\/v2\/types\/page"}],"author":[{"embeddable":true,"href":"https:\/\/loeilduloup.fr\/en\/wp-json\/wp\/v2\/users\/1"}],"replies":[{"embeddable":true,"href":"https:\/\/loeilduloup.fr\/en\/wp-json\/wp\/v2\/comments?post=1976"}],"version-history":[{"count":2,"href":"https:\/\/loeilduloup.fr\/en\/wp-json\/wp\/v2\/pages\/1976\/revisions"}],"predecessor-version":[{"id":1979,"href":"https:\/\/loeilduloup.fr\/en\/wp-json\/wp\/v2\/pages\/1976\/revisions\/1979"}],"wp:attachment":[{"href":"https:\/\/loeilduloup.fr\/en\/wp-json\/wp\/v2\/media?parent=1976"}],"wp:term":[{"taxonomy":"post_tag","embeddable":true,"href":"https:\/\/loeilduloup.fr\/en\/wp-json\/wp\/v2\/tags?post=1976"}],"curies":[{"name":"wp","href":"https:\/\/api.w.org\/{rel}","templated":true}]}}