{"id":1879,"date":"2025-04-08T11:02:27","date_gmt":"2025-04-08T09:02:27","guid":{"rendered":"https:\/\/loeilduloup.fr\/?page_id=1879"},"modified":"2025-04-09T10:49:30","modified_gmt":"2025-04-09T08:49:30","slug":"evars-accompagnement-a-la-posture","status":"publish","type":"page","link":"https:\/\/loeilduloup.fr\/en\/evars-accompagnement-a-la-posture\/","title":{"rendered":"EVARS &#8211; Accompagnement \u00e0 la posture"},"content":{"rendered":"<p><mark style=\"background-color:rgba(0, 0, 0, 0);color:#aa2d66\" class=\"has-inline-color\"><strong>La gestion de groupe et prise en compte des r\u00e9sistances durant les s\u00e9ances EVARS<\/strong><\/mark><\/p>\n\n\n\n<p>L\u2019\u00e9ducation \u00e0 la vie affective, relationnelle et sexuelle (EVARS) constitue un levier indispensable de pr\u00e9vention, de promotion de la sant\u00e9 et de construction de relations respectueuses. Pourtant, intervenir sur ces sujets peut soulever des r\u00e9sistances, des malentendus ou des tensions, et demande une posture professionnelle claire, ancr\u00e9e et bienveillante.<\/p>\n\n\n\n<p>Cette formation vise \u00e0 accompagner les professionnel\u00b7les dans la construction d\u2019un cadre s\u00e9curisant, \u00e0 leur donner des rep\u00e8res pour comprendre les enjeux de l\u2019EVARS, et \u00e0 les outiller pour faire face avec calme et recul aux situations complexes qu\u2019ils\u00b7elles peuvent rencontrer sur le terrain.<\/p>\n\n\n\n<div class=\"wp-block-columns is-layout-flex wp-container-core-columns-is-layout-9d6595d7 wp-block-columns-is-layout-flex\">\n<div class=\"wp-block-column is-layout-flow wp-block-column-is-layout-flow\">\n<p><strong><mark style=\"background-color:rgba(0, 0, 0, 0);color:#aa2d66\" class=\"has-inline-color\">Public<\/mark><\/strong><\/p>\n\n\n\n<p>Professionnel\u00b7les de sant\u00e9, du social ou de l\u2019EVARS<\/p>\n\n\n\n<p><strong><mark style=\"background-color:rgba(0, 0, 0, 0);color:#aa2d66\" class=\"has-inline-color\">Pr\u00e9requis<\/mark><\/strong><\/p>\n\n\n\n<p>Avoir une exp\u00e9rience en EVARS<\/p>\n<\/div>\n\n\n\n<div class=\"wp-block-column is-layout-flow wp-block-column-is-layout-flow\">\n<p><strong><mark style=\"background-color:rgba(0, 0, 0, 0);color:#aa2d66\" class=\"has-inline-color\">Objectifs<\/mark><\/strong><\/p>\n\n\n\n<ul class=\"wp-block-list\">\n<li>Identifier les formes de violences dans son contexte professionnelle<\/li>\n\n\n\n<li>Developing emotional intelligence<\/li>\n\n\n\n<li>Favoriser un cadre \u00e9ducatif respectueux et bienveillant<\/li>\n\n\n\n<li>Cr\u00e9er et appliquer des outils pratiques pour pr\u00e9venir les violences dans son environnement professionnelle<\/li>\n<\/ul>\n<\/div>\n<\/div>\n\n\n\n<p><mark style=\"background-color:rgba(0, 0, 0, 0);color:#345e5e\" class=\"has-inline-color\">Pour conna\u00eetre les modalit\u00e9s et autres d\u00e9tails de la formation<\/mark><\/p>\n\n\n\n<div class=\"wp-block-buttons is-layout-flex wp-block-buttons-is-layout-flex\">\n<div class=\"wp-block-button\"><a class=\"wp-block-button__link wp-element-button\" href=\"https:\/\/loeilduloup.fr\/wp-content\/uploads\/2025\/04\/EVARS_gestion-de-groupe-et-prise-en-compte-des-resistances.pdf\">T\u00e9l\u00e9charger le programme de formation<\/a><\/div>\n<\/div>\n\n\n\n<p class=\"has-text-align-center\"><strong><a href=\"http:\/\/loeilduloup.fr\/en\/contact\/\"><mark style=\"background-color:rgba(0, 0, 0, 0);color:#db6232\" class=\"has-inline-color\">Contact us to organize a training course<\/mark><\/a><\/strong><\/p>","protected":false},"excerpt":{"rendered":"<p>La gestion de groupe et prise en compte des r\u00e9sistances durant les s\u00e9ances EVARS L\u2019\u00e9ducation \u00e0 la vie affective, relationnelle et sexuelle (EVARS) constitue un levier indispensable de pr\u00e9vention, de promotion de la sant\u00e9 et de construction de relations respectueuses. Pourtant, intervenir sur ces sujets peut soulever des r\u00e9sistances, des malentendus ou des tensions, et&hellip; <a href=\"https:\/\/loeilduloup.fr\/en\/evars-accompagnement-a-la-posture\/\" class=\"more-link\">Continue reading <span class=\"screen-reader-text\">EVARS &#8211; Accompagnement \u00e0 la posture<\/span><\/a><\/p>","protected":false},"author":1,"featured_media":0,"parent":0,"menu_order":0,"comment_status":"closed","ping_status":"closed","template":"","meta":{"footnotes":""},"tags":[],"class_list":["post-1879","page","type-page","status-publish","hentry","without-featured-image"],"yoast_head":"<!-- This site is optimized with the Yoast SEO plugin v27.4 - https:\/\/yoast.com\/product\/yoast-seo-wordpress\/ -->\n<title>EVARS - Accompagnement \u00e0 la posture -<\/title>\n<meta name=\"robots\" content=\"index, follow, max-snippet:-1, max-image-preview:large, max-video-preview:-1\" \/>\n<link rel=\"canonical\" href=\"https:\/\/loeilduloup.fr\/en\/evars-accompagnement-a-la-posture\/\" \/>\n<meta property=\"og:locale\" content=\"en_GB\" \/>\n<meta property=\"og:type\" content=\"article\" \/>\n<meta property=\"og:title\" content=\"EVARS - Accompagnement \u00e0 la posture -\" \/>\n<meta property=\"og:description\" content=\"La gestion de groupe et prise en compte des r\u00e9sistances durant les s\u00e9ances EVARS L\u2019\u00e9ducation \u00e0 la vie affective, relationnelle et sexuelle (EVARS) constitue un levier indispensable de pr\u00e9vention, de promotion de la sant\u00e9 et de construction de relations respectueuses. Pourtant, intervenir sur ces sujets peut soulever des r\u00e9sistances, des malentendus ou des tensions, et&hellip; Continue reading EVARS &#8211; Accompagnement \u00e0 la posture\" \/>\n<meta property=\"og:url\" content=\"https:\/\/loeilduloup.fr\/en\/evars-accompagnement-a-la-posture\/\" \/>\n<meta property=\"article:modified_time\" content=\"2025-04-09T08:49:30+00:00\" \/>\n<meta name=\"twitter:card\" content=\"summary_large_image\" \/>\n<meta name=\"twitter:label1\" content=\"Estimated reading time\" \/>\n\t<meta name=\"twitter:data1\" content=\"1 minute\" \/>\n<script type=\"application\/ld+json\" class=\"yoast-schema-graph\">{\"@context\":\"https:\\\/\\\/schema.org\",\"@graph\":[{\"@type\":\"WebPage\",\"@id\":\"https:\\\/\\\/loeilduloup.fr\\\/evars-accompagnement-a-la-posture\\\/\",\"url\":\"https:\\\/\\\/loeilduloup.fr\\\/evars-accompagnement-a-la-posture\\\/\",\"name\":\"EVARS - Accompagnement \u00e0 la posture -\",\"isPartOf\":{\"@id\":\"https:\\\/\\\/loeilduloup.fr\\\/#website\"},\"datePublished\":\"2025-04-08T09:02:27+00:00\",\"dateModified\":\"2025-04-09T08:49:30+00:00\",\"breadcrumb\":{\"@id\":\"https:\\\/\\\/loeilduloup.fr\\\/evars-accompagnement-a-la-posture\\\/#breadcrumb\"},\"inLanguage\":\"en-GB\",\"potentialAction\":[{\"@type\":\"ReadAction\",\"target\":[\"https:\\\/\\\/loeilduloup.fr\\\/evars-accompagnement-a-la-posture\\\/\"]}]},{\"@type\":\"BreadcrumbList\",\"@id\":\"https:\\\/\\\/loeilduloup.fr\\\/evars-accompagnement-a-la-posture\\\/#breadcrumb\",\"itemListElement\":[{\"@type\":\"ListItem\",\"position\":1,\"name\":\"Accueil\",\"item\":\"https:\\\/\\\/loeilduloup.fr\\\/\"},{\"@type\":\"ListItem\",\"position\":2,\"name\":\"EVARS &#8211; Accompagnement \u00e0 la posture\"}]},{\"@type\":\"WebSite\",\"@id\":\"https:\\\/\\\/loeilduloup.fr\\\/#website\",\"url\":\"https:\\\/\\\/loeilduloup.fr\\\/\",\"name\":\"\",\"description\":\"Promouvoir le bien-\u00eatre pour r\u00e9duire les violences\",\"potentialAction\":[{\"@type\":\"SearchAction\",\"target\":{\"@type\":\"EntryPoint\",\"urlTemplate\":\"https:\\\/\\\/loeilduloup.fr\\\/?s={search_term_string}\"},\"query-input\":{\"@type\":\"PropertyValueSpecification\",\"valueRequired\":true,\"valueName\":\"search_term_string\"}}],\"inLanguage\":\"en-GB\"}]}<\/script>\n<!-- \/ Yoast SEO plugin. -->","yoast_head_json":{"title":"EVARS - Accompagnement \u00e0 la posture -","robots":{"index":"index","follow":"follow","max-snippet":"max-snippet:-1","max-image-preview":"max-image-preview:large","max-video-preview":"max-video-preview:-1"},"canonical":"https:\/\/loeilduloup.fr\/en\/evars-accompagnement-a-la-posture\/","og_locale":"en_GB","og_type":"article","og_title":"EVARS - Accompagnement \u00e0 la posture -","og_description":"La gestion de groupe et prise en compte des r\u00e9sistances durant les s\u00e9ances EVARS L\u2019\u00e9ducation \u00e0 la vie affective, relationnelle et sexuelle (EVARS) constitue un levier indispensable de pr\u00e9vention, de promotion de la sant\u00e9 et de construction de relations respectueuses. Pourtant, intervenir sur ces sujets peut soulever des r\u00e9sistances, des malentendus ou des tensions, et&hellip; Continue reading EVARS &#8211; Accompagnement \u00e0 la posture","og_url":"https:\/\/loeilduloup.fr\/en\/evars-accompagnement-a-la-posture\/","article_modified_time":"2025-04-09T08:49:30+00:00","twitter_card":"summary_large_image","twitter_misc":{"Estimated reading time":"1 minute"},"schema":{"@context":"https:\/\/schema.org","@graph":[{"@type":"WebPage","@id":"https:\/\/loeilduloup.fr\/evars-accompagnement-a-la-posture\/","url":"https:\/\/loeilduloup.fr\/evars-accompagnement-a-la-posture\/","name":"EVARS - Accompagnement \u00e0 la posture -","isPartOf":{"@id":"https:\/\/loeilduloup.fr\/#website"},"datePublished":"2025-04-08T09:02:27+00:00","dateModified":"2025-04-09T08:49:30+00:00","breadcrumb":{"@id":"https:\/\/loeilduloup.fr\/evars-accompagnement-a-la-posture\/#breadcrumb"},"inLanguage":"en-GB","potentialAction":[{"@type":"ReadAction","target":["https:\/\/loeilduloup.fr\/evars-accompagnement-a-la-posture\/"]}]},{"@type":"BreadcrumbList","@id":"https:\/\/loeilduloup.fr\/evars-accompagnement-a-la-posture\/#breadcrumb","itemListElement":[{"@type":"ListItem","position":1,"name":"Accueil","item":"https:\/\/loeilduloup.fr\/"},{"@type":"ListItem","position":2,"name":"EVARS &#8211; Accompagnement \u00e0 la posture"}]},{"@type":"WebSite","@id":"https:\/\/loeilduloup.fr\/#website","url":"https:\/\/loeilduloup.fr\/","name":"","description":"Promoting well-being to reduce violence","potentialAction":[{"@type":"SearchAction","target":{"@type":"EntryPoint","urlTemplate":"https:\/\/loeilduloup.fr\/?s={search_term_string}"},"query-input":{"@type":"PropertyValueSpecification","valueRequired":true,"valueName":"search_term_string"}}],"inLanguage":"en-GB"}]}},"jetpack-related-posts":[{"id":1988,"url":"https:\/\/loeilduloup.fr\/en\/prevenir-les-violences-sexuelles-et-promouvoir-le-consentement\/","url_meta":{"origin":1879,"position":0},"title":"Pr\u00e9venir les violences sexuelles et promouvoir le consentement","author":"L'oeil du Loup","date":"22 April 2025","format":false,"excerpt":"En Europe, on estime qu\u2019un enfant sur cinq subit des violences sexuelles avant 18\u00a0ans, et nombre d\u2019entre elles restent inconnues ou non signal\u00e9es. Face \u00e0 cette r\u00e9alit\u00e9, les professionnel\u00b7les \u00e0 l\u2019\u00e9cole et dans les structures \u00e9ducatives jouent un r\u00f4le essentiel pour offrir aux jeunes et aux enfants des espaces d'apprentissage\u2026","rel":"","context":"Similar post","block_context":{"text":"Similar post","link":""},"img":{"alt_text":"","src":"","width":0,"height":0},"classes":[]},{"id":1615,"url":"https:\/\/loeilduloup.fr\/en\/skills-for-consent\/","url_meta":{"origin":1879,"position":1},"title":"Skills for consent","author":"L'oeil du Loup","date":"11 January 2024","format":false,"excerpt":"D\u00e9velopper les comp\u00e9tences psychosociales pour \u00e9duquer au consentement d\u00e8s le plus jeune \u00e2ge Selon le rapport de la Ciivise (2023), on estime \u00e0 160 000 le nombre d'enfants victimes de violences sexuelles chaque ann\u00e9e en France. Ce m\u00eame rapport indique que les premi\u00e8res violences surviennent en moyenne autour de l'\u00e2ge\u2026","rel":"","context":"Similar post","block_context":{"text":"Similar post","link":""},"img":{"alt_text":"","src":"https:\/\/i0.wp.com\/loeilduloup.fr\/wp-content\/uploads\/2024\/01\/Capture-decran-2024-01-11-a-16.13.28.png?resize=350%2C200&ssl=1","width":350,"height":200},"classes":[]},{"id":361,"url":"https:\/\/loeilduloup.fr\/en\/vie-affective-et-sexuelle\/","url_meta":{"origin":1879,"position":2},"title":"Education in emotional, relational and sexual life","author":"L'oeil du Loup","date":"9 April 2018","format":false,"excerpt":"Promouvoir l'\u00e9galit\u00e9 et pr\u00e9venir les violences sont des enjeux de sant\u00e9 L\u2019\u00e9ducation \u00e0 la vie affective, relationnelle et sexuelle (EVARS) est une \u00e9ducation \u00e0 une citoyennet\u00e9 compl\u00e8te promouvant des relations\u00a0 affectives saines, l\u2019imp\u00e9ratif de consentement, la reconnaissance des orientations sexuelles et des minorit\u00e9s de genre et la lutte contre les\u2026","rel":"","context":"In \"coll\u00e8ge\"","block_context":{"text":"coll\u00e8ge","link":"https:\/\/loeilduloup.fr\/en\/tag\/college\/"},"img":{"alt_text":"","src":"https:\/\/i0.wp.com\/loeilduloup.fr\/wp-content\/uploads\/2022\/09\/Bannie%CC%80re-site-scolaire1.png?fit=1200%2C600&ssl=1&resize=350%2C200","width":350,"height":200,"srcset":"https:\/\/i0.wp.com\/loeilduloup.fr\/wp-content\/uploads\/2022\/09\/Bannie%CC%80re-site-scolaire1.png?fit=1200%2C600&ssl=1&resize=350%2C200 1x, https:\/\/i0.wp.com\/loeilduloup.fr\/wp-content\/uploads\/2022\/09\/Bannie%CC%80re-site-scolaire1.png?fit=1200%2C600&ssl=1&resize=525%2C300 1.5x, https:\/\/i0.wp.com\/loeilduloup.fr\/wp-content\/uploads\/2022\/09\/Bannie%CC%80re-site-scolaire1.png?fit=1200%2C600&ssl=1&resize=700%2C400 2x, https:\/\/i0.wp.com\/loeilduloup.fr\/wp-content\/uploads\/2022\/09\/Bannie%CC%80re-site-scolaire1.png?fit=1200%2C600&ssl=1&resize=1050%2C600 3x"},"classes":[]},{"id":1976,"url":"https:\/\/loeilduloup.fr\/en\/prevenir-les-violences-educatives-ordinaires-veo\/","url_meta":{"origin":1879,"position":3},"title":"Pr\u00e9venir les Violences \u00c9ducatives Ordinaires (VEO)","author":"L'oeil du Loup","date":"22 April 2025","format":false,"excerpt":"Pourquoi agir\u00a0? Les violences \u00e9ducatives ordinaires impactent durablement le d\u00e9veloppement des enfants (psychologique, \u00e9motionnel, cognitif). Plus de 50\u00a0% des parents utilisent des pratiques punitives (Fondation pour l\u2019Enfance, 2023). Les professionnel\u00b7les sont en premi\u00e8re ligne pour rep\u00e9rer, sensibiliser et pr\u00e9venir. Pour les professionnel\u00b7les dans leur pratique Objectif Renforcer vos comp\u00e9tences pour\u2026","rel":"","context":"Similar post","block_context":{"text":"Similar post","link":""},"img":{"alt_text":"","src":"","width":0,"height":0},"classes":[]},{"id":2023,"url":"https:\/\/loeilduloup.fr\/en\/ressources-2\/la-serie-audio-educative-nour-marin-et-les-perles-de-magie\/","url_meta":{"origin":1879,"position":4},"title":"S\u00e9rie audio \u00e9ducative \u00ab Nour, Marin et les perles de magie \u00bb","author":"L'oeil du Loup","date":"10 April 2026","format":false,"excerpt":"Comment parler de consentement, de respect du corps et des \u00e9motions avec les enfants d\u00e8s 5 ans, de mani\u00e8re accessible et adapt\u00e9e ? C\u2019est tout l\u2019enjeu de notre s\u00e9rie audio \u00ab Nour, Marin et les perles de magie \u00bb, con\u00e7ue comme un outil p\u00e9dagogique innovant au service de la pr\u00e9vention\u2026","rel":"","context":"Similar post","block_context":{"text":"Similar post","link":""},"img":{"alt_text":"","src":"https:\/\/i0.wp.com\/loeilduloup.fr\/wp-content\/uploads\/2026\/04\/clap-audio-logo.webp?resize=350%2C200","width":350,"height":200},"classes":[]},{"id":1882,"url":"https:\/\/loeilduloup.fr\/en\/competences-psychosociales-et-consentement\/","url_meta":{"origin":1879,"position":5},"title":"Promouvoir le consentement d\u00e8s le plus jeune \u00e2ge par le d\u00e9veloppement des comp\u00e9tences psychosociales","author":"L'oeil du Loup","date":"8 April 2025","format":false,"excerpt":"Parmi les victimes de violences sexuelles, 81% d\u00e9clarent avoir subi les premi\u00e8res violences avant 18 ans, 51% avant 11 ans et 21% avant 6 ans (UNICEF). Face \u00e0 ce constat alarmant, tr\u00e8s peu de dispositifs sont mis en place en France. Alors que la capacit\u00e9 \u00e0 identifier et \u00e0 exprimer\u2026","rel":"","context":"Similar post","block_context":{"text":"Similar post","link":""},"img":{"alt_text":"","src":"","width":0,"height":0},"classes":[]}],"jetpack_sharing_enabled":true,"_links":{"self":[{"href":"https:\/\/loeilduloup.fr\/en\/wp-json\/wp\/v2\/pages\/1879","targetHints":{"allow":["GET"]}}],"collection":[{"href":"https:\/\/loeilduloup.fr\/en\/wp-json\/wp\/v2\/pages"}],"about":[{"href":"https:\/\/loeilduloup.fr\/en\/wp-json\/wp\/v2\/types\/page"}],"author":[{"embeddable":true,"href":"https:\/\/loeilduloup.fr\/en\/wp-json\/wp\/v2\/users\/1"}],"replies":[{"embeddable":true,"href":"https:\/\/loeilduloup.fr\/en\/wp-json\/wp\/v2\/comments?post=1879"}],"version-history":[{"count":7,"href":"https:\/\/loeilduloup.fr\/en\/wp-json\/wp\/v2\/pages\/1879\/revisions"}],"predecessor-version":[{"id":1954,"href":"https:\/\/loeilduloup.fr\/en\/wp-json\/wp\/v2\/pages\/1879\/revisions\/1954"}],"wp:attachment":[{"href":"https:\/\/loeilduloup.fr\/en\/wp-json\/wp\/v2\/media?parent=1879"}],"wp:term":[{"taxonomy":"post_tag","embeddable":true,"href":"https:\/\/loeilduloup.fr\/en\/wp-json\/wp\/v2\/tags?post=1879"}],"curies":[{"name":"wp","href":"https:\/\/api.w.org\/{rel}","templated":true}]}}