{"id":1873,"date":"2025-04-08T11:01:58","date_gmt":"2025-04-08T09:01:58","guid":{"rendered":"https:\/\/loeilduloup.fr\/?page_id=1873"},"modified":"2025-04-09T10:51:11","modified_gmt":"2025-04-09T08:51:11","slug":"les-violences-educatives-ordinaires-les-prevenir-dans-sa-pratique-professionnelle","status":"publish","type":"page","link":"https:\/\/loeilduloup.fr\/en\/les-violences-educatives-ordinaires-les-prevenir-dans-sa-pratique-professionnelle\/","title":{"rendered":"Violences \u00c9ducatives Ordinaires et pratique professionnelle"},"content":{"rendered":"<p><strong><mark style=\"background-color:rgba(0, 0, 0, 0);color:#aa2d66\" class=\"has-inline-color\">Pr\u00e9venir les violences \u00e9ducatives ordinaires dans sa pratique professionnelle<\/mark><\/strong><\/p>\n\n\n\n<p>Les violences \u00e9ducatives ordinaires (VEO) sont encore fr\u00e9quentes dans les pratiques \u00e9ducatives, parfois de mani\u00e8re inconsciente, sous couvert de cadre, d\u2019autorit\u00e9 ou de gestion de groupe. Pourtant, de nombreuses recherches montrent que ces pratiques ont des effets d\u00e9l\u00e9t\u00e8res durables sur la sant\u00e9 mentale, le d\u00e9veloppement \u00e9motionnel et la s\u00e9curit\u00e9 affective des enfants (<a href=\"https:\/\/www.inserm.fr\/wp-content\/uploads\/2017-11\/inserm-rapportthematique-maltraitanceenfants-rapportcomplet-2014.pdf?utm_source=chatgpt.com\" target=\"_blank\" rel=\"noreferrer noopener\">INSERM, 2019 <\/a>; <a href=\"https:\/\/rm.coe.int\/cdenf-2023-27-premier-rapport-de-mise-en-uvre-2022-2023-\/1680ae194d?utm_source=chatgpt.com\" target=\"_blank\" rel=\"noreferrer noopener\">Conseil de l\u2019Europe, 2022<\/a>). Elles nuisent \u00e0 la relation adulte-enfant et entravent le d\u00e9veloppement des comp\u00e9tences sociales et cognitives.<\/p>\n\n\n\n<p>Cette formation propose de r\u00e9interroger ses pratiques professionnelles, de rep\u00e9rer les VEO et de d\u00e9couvrir des postures alternatives, plus respectueuses des besoins des enfants.<\/p>\n\n\n\n<div class=\"wp-block-columns is-layout-flex wp-container-core-columns-is-layout-9d6595d7 wp-block-columns-is-layout-flex\">\n<div class=\"wp-block-column is-layout-flow wp-block-column-is-layout-flow\">\n<p><strong><mark style=\"background-color:rgba(0, 0, 0, 0);color:#aa2d66\" class=\"has-inline-color\">Public<\/mark><\/strong><\/p>\n\n\n\n<p>Professionnel\u00b7les de l\u2019enfance : animateur\u00b7rices, \u00e9ducateur\u00b7rices de jeunes enfants, puericulteur\u2022rices, assistant\u00b7es maternel\u00b7le, r\u00e9f\u00e9rent\u00b7es famille, ATSEM, enseignant\u00b7es, <em>etc<\/em><\/p>\n\n\n\n<p><strong><mark style=\"background-color:rgba(0, 0, 0, 0);color:#aa2d66\" class=\"has-inline-color\">Objectifs<\/mark><\/strong><\/p>\n\n\n\n<ul class=\"wp-block-list\">\n<li>Identifier les formes de violences dans son contexte professionnelle<\/li>\n\n\n\n<li>Developing emotional intelligence<\/li>\n\n\n\n<li>Favoriser un cadre \u00e9ducatif respectueux et bienveillant<\/li>\n\n\n\n<li>Cr\u00e9er et appliquer des outils pratiques pour pr\u00e9venir les violences dans son environnement professionnelle<\/li>\n<\/ul>\n<\/div>\n\n\n\n<div class=\"wp-block-column is-layout-flow wp-block-column-is-layout-flow\">\n<p><strong><mark style=\"background-color:rgba(0, 0, 0, 0);color:#aa2d66\" class=\"has-inline-color\">M\u00e9thodes p\u00e9dagogiques<\/mark><\/strong><\/p>\n\n\n\n<ul class=\"wp-block-list\">\n<li>Approche interactive adapt\u00e9e aux situations rencontr\u00e9es par les participant\u00b7es<\/li>\n\n\n\n<li>Apports th\u00e9oriques : \u00e9motions, besoins, stress, autorit\u00e9<\/li>\n\n\n\n<li>Activit\u00e9s pratiques : d\u00e9bats, mises en situation, exercices en groupe<\/li>\n\n\n\n<li>Supports vari\u00e9s : jeux, vid\u00e9os, discussions, outils collaboratifs, <em>etc<\/em><\/li>\n<\/ul>\n<\/div>\n<\/div>\n\n\n\n<p><mark style=\"background-color:rgba(0, 0, 0, 0);color:#345e5e\" class=\"has-inline-color\">Pour conna\u00eetre les modalit\u00e9s et autres d\u00e9tails de la formation<\/mark><\/p>\n\n\n\n<div class=\"wp-block-buttons is-layout-flex wp-block-buttons-is-layout-flex\">\n<div class=\"wp-block-button\"><a class=\"wp-block-button__link wp-element-button\" href=\"https:\/\/loeilduloup.fr\/wp-content\/uploads\/2025\/04\/Prevenir-les-violences-educatives-ordinaires-dans-sa-pratique-professionnelle.pdf\">T\u00e9l\u00e9charger le programme de formation<\/a><\/div>\n<\/div>\n\n\n\n<p class=\"has-text-align-center\"><strong><a href=\"http:\/\/loeilduloup.fr\/en\/contact\/\"><mark style=\"background-color:rgba(0, 0, 0, 0);color:#db6232\" class=\"has-inline-color\">Contact us to organize a training course<\/mark><\/a><\/strong><\/p>","protected":false},"excerpt":{"rendered":"<p>Pr\u00e9venir les violences \u00e9ducatives ordinaires dans sa pratique professionnelle Les violences \u00e9ducatives ordinaires (VEO) sont encore fr\u00e9quentes dans les pratiques \u00e9ducatives, parfois de mani\u00e8re inconsciente, sous couvert de cadre, d\u2019autorit\u00e9 ou de gestion de groupe. Pourtant, de nombreuses recherches montrent que ces pratiques ont des effets d\u00e9l\u00e9t\u00e8res durables sur la sant\u00e9 mentale, le d\u00e9veloppement \u00e9motionnel&hellip; <a href=\"https:\/\/loeilduloup.fr\/en\/les-violences-educatives-ordinaires-les-prevenir-dans-sa-pratique-professionnelle\/\" class=\"more-link\">Continue reading <span class=\"screen-reader-text\">Violences \u00c9ducatives Ordinaires et pratique professionnelle<\/span><\/a><\/p>","protected":false},"author":1,"featured_media":0,"parent":0,"menu_order":0,"comment_status":"closed","ping_status":"closed","template":"","meta":{"footnotes":""},"tags":[],"class_list":["post-1873","page","type-page","status-publish","hentry","without-featured-image"],"yoast_head":"<!-- This site is optimized with the Yoast SEO plugin v27.4 - https:\/\/yoast.com\/product\/yoast-seo-wordpress\/ -->\n<title>Violences \u00c9ducatives Ordinaires et pratique professionnelle -<\/title>\n<meta name=\"robots\" content=\"index, follow, max-snippet:-1, max-image-preview:large, max-video-preview:-1\" \/>\n<link rel=\"canonical\" href=\"https:\/\/loeilduloup.fr\/en\/les-violences-educatives-ordinaires-les-prevenir-dans-sa-pratique-professionnelle\/\" \/>\n<meta property=\"og:locale\" content=\"en_GB\" \/>\n<meta property=\"og:type\" content=\"article\" \/>\n<meta property=\"og:title\" content=\"Violences \u00c9ducatives Ordinaires et pratique professionnelle -\" \/>\n<meta property=\"og:description\" content=\"Pr\u00e9venir les violences \u00e9ducatives ordinaires dans sa pratique professionnelle Les violences \u00e9ducatives ordinaires (VEO) sont encore fr\u00e9quentes dans les pratiques \u00e9ducatives, parfois de mani\u00e8re inconsciente, sous couvert de cadre, d\u2019autorit\u00e9 ou de gestion de groupe. Pourtant, de nombreuses recherches montrent que ces pratiques ont des effets d\u00e9l\u00e9t\u00e8res durables sur la sant\u00e9 mentale, le d\u00e9veloppement \u00e9motionnel&hellip; Continue reading Violences \u00c9ducatives Ordinaires et pratique professionnelle\" \/>\n<meta property=\"og:url\" content=\"https:\/\/loeilduloup.fr\/en\/les-violences-educatives-ordinaires-les-prevenir-dans-sa-pratique-professionnelle\/\" \/>\n<meta property=\"article:modified_time\" content=\"2025-04-09T08:51:11+00:00\" \/>\n<meta name=\"twitter:card\" content=\"summary_large_image\" \/>\n<meta name=\"twitter:label1\" content=\"Estimated reading time\" \/>\n\t<meta name=\"twitter:data1\" content=\"2 minutes\" \/>\n<script type=\"application\/ld+json\" class=\"yoast-schema-graph\">{\"@context\":\"https:\\\/\\\/schema.org\",\"@graph\":[{\"@type\":\"WebPage\",\"@id\":\"https:\\\/\\\/loeilduloup.fr\\\/les-violences-educatives-ordinaires-les-prevenir-dans-sa-pratique-professionnelle\\\/\",\"url\":\"https:\\\/\\\/loeilduloup.fr\\\/les-violences-educatives-ordinaires-les-prevenir-dans-sa-pratique-professionnelle\\\/\",\"name\":\"Violences \u00c9ducatives Ordinaires et pratique professionnelle -\",\"isPartOf\":{\"@id\":\"https:\\\/\\\/loeilduloup.fr\\\/#website\"},\"datePublished\":\"2025-04-08T09:01:58+00:00\",\"dateModified\":\"2025-04-09T08:51:11+00:00\",\"breadcrumb\":{\"@id\":\"https:\\\/\\\/loeilduloup.fr\\\/les-violences-educatives-ordinaires-les-prevenir-dans-sa-pratique-professionnelle\\\/#breadcrumb\"},\"inLanguage\":\"en-GB\",\"potentialAction\":[{\"@type\":\"ReadAction\",\"target\":[\"https:\\\/\\\/loeilduloup.fr\\\/les-violences-educatives-ordinaires-les-prevenir-dans-sa-pratique-professionnelle\\\/\"]}]},{\"@type\":\"BreadcrumbList\",\"@id\":\"https:\\\/\\\/loeilduloup.fr\\\/les-violences-educatives-ordinaires-les-prevenir-dans-sa-pratique-professionnelle\\\/#breadcrumb\",\"itemListElement\":[{\"@type\":\"ListItem\",\"position\":1,\"name\":\"Accueil\",\"item\":\"https:\\\/\\\/loeilduloup.fr\\\/\"},{\"@type\":\"ListItem\",\"position\":2,\"name\":\"Violences \u00c9ducatives Ordinaires et pratique professionnelle\"}]},{\"@type\":\"WebSite\",\"@id\":\"https:\\\/\\\/loeilduloup.fr\\\/#website\",\"url\":\"https:\\\/\\\/loeilduloup.fr\\\/\",\"name\":\"\",\"description\":\"Promouvoir le bien-\u00eatre pour r\u00e9duire les violences\",\"potentialAction\":[{\"@type\":\"SearchAction\",\"target\":{\"@type\":\"EntryPoint\",\"urlTemplate\":\"https:\\\/\\\/loeilduloup.fr\\\/?s={search_term_string}\"},\"query-input\":{\"@type\":\"PropertyValueSpecification\",\"valueRequired\":true,\"valueName\":\"search_term_string\"}}],\"inLanguage\":\"en-GB\"}]}<\/script>\n<!-- \/ Yoast SEO plugin. -->","yoast_head_json":{"title":"Violences \u00c9ducatives Ordinaires et pratique professionnelle -","robots":{"index":"index","follow":"follow","max-snippet":"max-snippet:-1","max-image-preview":"max-image-preview:large","max-video-preview":"max-video-preview:-1"},"canonical":"https:\/\/loeilduloup.fr\/en\/les-violences-educatives-ordinaires-les-prevenir-dans-sa-pratique-professionnelle\/","og_locale":"en_GB","og_type":"article","og_title":"Violences \u00c9ducatives Ordinaires et pratique professionnelle -","og_description":"Pr\u00e9venir les violences \u00e9ducatives ordinaires dans sa pratique professionnelle Les violences \u00e9ducatives ordinaires (VEO) sont encore fr\u00e9quentes dans les pratiques \u00e9ducatives, parfois de mani\u00e8re inconsciente, sous couvert de cadre, d\u2019autorit\u00e9 ou de gestion de groupe. Pourtant, de nombreuses recherches montrent que ces pratiques ont des effets d\u00e9l\u00e9t\u00e8res durables sur la sant\u00e9 mentale, le d\u00e9veloppement \u00e9motionnel&hellip; Continue reading Violences \u00c9ducatives Ordinaires et pratique professionnelle","og_url":"https:\/\/loeilduloup.fr\/en\/les-violences-educatives-ordinaires-les-prevenir-dans-sa-pratique-professionnelle\/","article_modified_time":"2025-04-09T08:51:11+00:00","twitter_card":"summary_large_image","twitter_misc":{"Estimated reading time":"2 minutes"},"schema":{"@context":"https:\/\/schema.org","@graph":[{"@type":"WebPage","@id":"https:\/\/loeilduloup.fr\/les-violences-educatives-ordinaires-les-prevenir-dans-sa-pratique-professionnelle\/","url":"https:\/\/loeilduloup.fr\/les-violences-educatives-ordinaires-les-prevenir-dans-sa-pratique-professionnelle\/","name":"Violences \u00c9ducatives Ordinaires et pratique professionnelle -","isPartOf":{"@id":"https:\/\/loeilduloup.fr\/#website"},"datePublished":"2025-04-08T09:01:58+00:00","dateModified":"2025-04-09T08:51:11+00:00","breadcrumb":{"@id":"https:\/\/loeilduloup.fr\/les-violences-educatives-ordinaires-les-prevenir-dans-sa-pratique-professionnelle\/#breadcrumb"},"inLanguage":"en-GB","potentialAction":[{"@type":"ReadAction","target":["https:\/\/loeilduloup.fr\/les-violences-educatives-ordinaires-les-prevenir-dans-sa-pratique-professionnelle\/"]}]},{"@type":"BreadcrumbList","@id":"https:\/\/loeilduloup.fr\/les-violences-educatives-ordinaires-les-prevenir-dans-sa-pratique-professionnelle\/#breadcrumb","itemListElement":[{"@type":"ListItem","position":1,"name":"Accueil","item":"https:\/\/loeilduloup.fr\/"},{"@type":"ListItem","position":2,"name":"Violences \u00c9ducatives Ordinaires et pratique professionnelle"}]},{"@type":"WebSite","@id":"https:\/\/loeilduloup.fr\/#website","url":"https:\/\/loeilduloup.fr\/","name":"","description":"Promoting well-being to reduce violence","potentialAction":[{"@type":"SearchAction","target":{"@type":"EntryPoint","urlTemplate":"https:\/\/loeilduloup.fr\/?s={search_term_string}"},"query-input":{"@type":"PropertyValueSpecification","valueRequired":true,"valueName":"search_term_string"}}],"inLanguage":"en-GB"}]}},"jetpack-related-posts":[{"id":1976,"url":"https:\/\/loeilduloup.fr\/en\/prevenir-les-violences-educatives-ordinaires-veo\/","url_meta":{"origin":1873,"position":0},"title":"Pr\u00e9venir les Violences \u00c9ducatives Ordinaires (VEO)","author":"L'oeil du Loup","date":"22 April 2025","format":false,"excerpt":"Pourquoi agir\u00a0? Les violences \u00e9ducatives ordinaires impactent durablement le d\u00e9veloppement des enfants (psychologique, \u00e9motionnel, cognitif). Plus de 50\u00a0% des parents utilisent des pratiques punitives (Fondation pour l\u2019Enfance, 2023). Les professionnel\u00b7les sont en premi\u00e8re ligne pour rep\u00e9rer, sensibiliser et pr\u00e9venir. Pour les professionnel\u00b7les dans leur pratique Objectif Renforcer vos comp\u00e9tences pour\u2026","rel":"","context":"Similar post","block_context":{"text":"Similar post","link":""},"img":{"alt_text":"","src":"","width":0,"height":0},"classes":[]},{"id":1870,"url":"https:\/\/loeilduloup.fr\/en\/les-violences-educatives-ordinaires-accompagner-les-familles\/","url_meta":{"origin":1873,"position":1},"title":"Violences \u00c9ducatives Ordinaires &#8211; Accompagner les familles","author":"L'oeil du Loup","date":"8 April 2025","format":false,"excerpt":"Pr\u00e9venir les violences \u00e9ducatives ordinaires en accompagnant les familles vers une parentalit\u00e9 bienveillante Les violences \u00e9ducatives ordinaires (VEO) sont souvent banalis\u00e9es ou justifi\u00e9es au nom de l'autorit\u00e9 parentale ou de la tradition. Pourtant, leur impact sur le bien-\u00eatre, la sant\u00e9 mentale et le d\u00e9veloppement des enfants est aujourd\u2019hui bien document\u00e9.\u2026","rel":"","context":"Similar post","block_context":{"text":"Similar post","link":""},"img":{"alt_text":"","src":"","width":0,"height":0},"classes":[]},{"id":802,"url":"https:\/\/loeilduloup.fr\/en\/","url_meta":{"origin":1873,"position":2},"title":"Our perspective","author":"L'oeil du Loup","date":"30 August 2022","format":false,"excerpt":"L\u2019\u0153il du loup est une association de pr\u00e9vention des violences et de promotion du bien-\u00eatre, sp\u00e9cialis\u00e9e dans la pr\u00e9vention des violences sexistes et sexuelles (VSS). Depuis 2015, L\u2019\u0153il du loup d\u00e9veloppe des actions de pr\u00e9vention aupr\u00e8s d\u2019enfants, de jeunes et d\u2019adultes, avec une p\u00e9dagogie active qui allie conscience de soi,\u2026","rel":"","context":"In \"approche\"","block_context":{"text":"approche","link":"https:\/\/loeilduloup.fr\/en\/tag\/approche\/"},"img":{"alt_text":"","src":"https:\/\/i0.wp.com\/loeilduloup.fr\/wp-content\/uploads\/2017\/12\/Banniere_site_ODL.jpg?fit=1200%2C576&ssl=1&resize=350%2C200","width":350,"height":200,"srcset":"https:\/\/i0.wp.com\/loeilduloup.fr\/wp-content\/uploads\/2017\/12\/Banniere_site_ODL.jpg?fit=1200%2C576&ssl=1&resize=350%2C200 1x, https:\/\/i0.wp.com\/loeilduloup.fr\/wp-content\/uploads\/2017\/12\/Banniere_site_ODL.jpg?fit=1200%2C576&ssl=1&resize=525%2C300 1.5x, https:\/\/i0.wp.com\/loeilduloup.fr\/wp-content\/uploads\/2017\/12\/Banniere_site_ODL.jpg?fit=1200%2C576&ssl=1&resize=700%2C400 2x, https:\/\/i0.wp.com\/loeilduloup.fr\/wp-content\/uploads\/2017\/12\/Banniere_site_ODL.jpg?fit=1200%2C576&ssl=1&resize=1050%2C600 3x"},"classes":[]},{"id":1879,"url":"https:\/\/loeilduloup.fr\/en\/evars-accompagnement-a-la-posture\/","url_meta":{"origin":1873,"position":3},"title":"EVARS &#8211; Accompagnement \u00e0 la posture","author":"L'oeil du Loup","date":"8 April 2025","format":false,"excerpt":"La gestion de groupe et prise en compte des r\u00e9sistances durant les s\u00e9ances EVARS L\u2019\u00e9ducation \u00e0 la vie affective, relationnelle et sexuelle (EVARS) constitue un levier indispensable de pr\u00e9vention, de promotion de la sant\u00e9 et de construction de relations respectueuses. Pourtant, intervenir sur ces sujets peut soulever des r\u00e9sistances, des\u2026","rel":"","context":"Similar post","block_context":{"text":"Similar post","link":""},"img":{"alt_text":"","src":"","width":0,"height":0},"classes":[]},{"id":1347,"url":"https:\/\/loeilduloup.fr\/en\/formations\/formation-adolescence-consentement\/","url_meta":{"origin":1873,"position":4},"title":"Lutter contres les st\u00e9r\u00e9otypes de genre pour pr\u00e9venir les violences dans les m\u00e9tiers de l\u2019animation","author":"L'oeil du Loup","date":"5 October 2022","format":false,"excerpt":"Violences sexistes et sexuelles chez les adolescent\u00b7es : pr\u00e9venir et agir Depuis sept ans, nous menons de nombreuses interventions de promotion de l\u2019\u00e9galit\u00e9 de genre et d\u2019\u00e9ducation \u00e0 la vie affective, relationnelle et sexuelle aupr\u00e8s de diff\u00e9rents publics, dans lesquelles la question du consentement tient une place majeure. Ces interventions\u2026","rel":"","context":"Similar post","block_context":{"text":"Similar post","link":""},"img":{"alt_text":"","src":"https:\/\/i0.wp.com\/loeilduloup.fr\/wp-content\/uploads\/2017\/12\/cropped-Banniere_site_ODL.jpg?fit=1180%2C435&ssl=1&resize=350%2C200","width":350,"height":200,"srcset":"https:\/\/i0.wp.com\/loeilduloup.fr\/wp-content\/uploads\/2017\/12\/cropped-Banniere_site_ODL.jpg?fit=1180%2C435&ssl=1&resize=350%2C200 1x, https:\/\/i0.wp.com\/loeilduloup.fr\/wp-content\/uploads\/2017\/12\/cropped-Banniere_site_ODL.jpg?fit=1180%2C435&ssl=1&resize=525%2C300 1.5x, https:\/\/i0.wp.com\/loeilduloup.fr\/wp-content\/uploads\/2017\/12\/cropped-Banniere_site_ODL.jpg?fit=1180%2C435&ssl=1&resize=700%2C400 2x, https:\/\/i0.wp.com\/loeilduloup.fr\/wp-content\/uploads\/2017\/12\/cropped-Banniere_site_ODL.jpg?fit=1180%2C435&ssl=1&resize=1050%2C600 3x"},"classes":[]},{"id":1988,"url":"https:\/\/loeilduloup.fr\/en\/prevenir-les-violences-sexuelles-et-promouvoir-le-consentement\/","url_meta":{"origin":1873,"position":5},"title":"Pr\u00e9venir les violences sexuelles et promouvoir le consentement","author":"L'oeil du Loup","date":"22 April 2025","format":false,"excerpt":"En Europe, on estime qu\u2019un enfant sur cinq subit des violences sexuelles avant 18\u00a0ans, et nombre d\u2019entre elles restent inconnues ou non signal\u00e9es. Face \u00e0 cette r\u00e9alit\u00e9, les professionnel\u00b7les \u00e0 l\u2019\u00e9cole et dans les structures \u00e9ducatives jouent un r\u00f4le essentiel pour offrir aux jeunes et aux enfants des espaces d'apprentissage\u2026","rel":"","context":"Similar post","block_context":{"text":"Similar post","link":""},"img":{"alt_text":"","src":"","width":0,"height":0},"classes":[]}],"jetpack_sharing_enabled":true,"_links":{"self":[{"href":"https:\/\/loeilduloup.fr\/en\/wp-json\/wp\/v2\/pages\/1873","targetHints":{"allow":["GET"]}}],"collection":[{"href":"https:\/\/loeilduloup.fr\/en\/wp-json\/wp\/v2\/pages"}],"about":[{"href":"https:\/\/loeilduloup.fr\/en\/wp-json\/wp\/v2\/types\/page"}],"author":[{"embeddable":true,"href":"https:\/\/loeilduloup.fr\/en\/wp-json\/wp\/v2\/users\/1"}],"replies":[{"embeddable":true,"href":"https:\/\/loeilduloup.fr\/en\/wp-json\/wp\/v2\/comments?post=1873"}],"version-history":[{"count":8,"href":"https:\/\/loeilduloup.fr\/en\/wp-json\/wp\/v2\/pages\/1873\/revisions"}],"predecessor-version":[{"id":1957,"href":"https:\/\/loeilduloup.fr\/en\/wp-json\/wp\/v2\/pages\/1873\/revisions\/1957"}],"wp:attachment":[{"href":"https:\/\/loeilduloup.fr\/en\/wp-json\/wp\/v2\/media?parent=1873"}],"wp:term":[{"taxonomy":"post_tag","embeddable":true,"href":"https:\/\/loeilduloup.fr\/en\/wp-json\/wp\/v2\/tags?post=1873"}],"curies":[{"name":"wp","href":"https:\/\/api.w.org\/{rel}","templated":true}]}}