{"id":1870,"date":"2025-04-08T11:01:36","date_gmt":"2025-04-08T09:01:36","guid":{"rendered":"https:\/\/loeilduloup.fr\/?page_id=1870"},"modified":"2025-04-09T10:50:32","modified_gmt":"2025-04-09T08:50:32","slug":"les-violences-educatives-ordinaires-accompagner-les-familles","status":"publish","type":"page","link":"https:\/\/loeilduloup.fr\/en\/les-violences-educatives-ordinaires-accompagner-les-familles\/","title":{"rendered":"Violences \u00c9ducatives Ordinaires &#8211; Accompagner les familles"},"content":{"rendered":"<p><mark style=\"background-color:rgba(0, 0, 0, 0);color:#aa2d66\" class=\"has-inline-color\"><strong>Pr\u00e9venir les violences \u00e9ducatives ordinaires en accompagnant les familles vers une parentalit\u00e9 bienveillante<\/strong><\/mark><\/p>\n\n\n\n<p>Les violences \u00e9ducatives ordinaires (VEO) sont souvent banalis\u00e9es ou justifi\u00e9es au nom de l&rsquo;autorit\u00e9 parentale ou de la tradition. Pourtant, leur impact sur le bien-\u00eatre, la sant\u00e9 mentale et le d\u00e9veloppement des enfants est aujourd\u2019hui bien document\u00e9.<\/p>\n\n\n\n<p>Cette formation permet de cr\u00e9er un espace s\u00e9curis\u00e9 pour r\u00e9fl\u00e9chir ensemble aux pratiques \u00e9ducatives, s\u2019interroger sur nos repr\u00e9sentations de l\u2019enfant et d\u00e9couvrir des alternatives concr\u00e8tes \u00e0 la violence, dans une d\u00e9marche de pr\u00e9vention pr\u00e9coce. Elle outille \u00e9galement les professionnel\u00b7les pour sensibiliser les parents, sans jugement, avec empathie et p\u00e9dagogie.<\/p>\n\n\n\n<div class=\"wp-block-columns is-layout-flex wp-container-core-columns-is-layout-9d6595d7 wp-block-columns-is-layout-flex\">\n<div class=\"wp-block-column is-layout-flow wp-block-column-is-layout-flow\">\n<p><strong><mark style=\"background-color:rgba(0, 0, 0, 0);color:#aa2d66\" class=\"has-inline-color\">Public<\/mark><\/strong><\/p>\n\n\n\n<p>Professionnel\u00b7les et b\u00e9n\u00e9voles en lien avec des parents : r\u00e9f\u00e9rent\u00b7es familles, \u00e9ducateur\u00b7rices, <em>etc.<\/em><\/p>\n\n\n\n<p><strong><mark style=\"background-color:rgba(0, 0, 0, 0);color:#aa2d66\" class=\"has-inline-color\">Objectifs<\/mark><\/strong><\/p>\n\n\n\n<ul class=\"wp-block-list\">\n<li>Comprendre ce que recouvrent les VEO et leurs impacts sur le d\u00e9veloppement de l\u2019enfant<\/li>\n\n\n\n<li>Savoir rep\u00e9rer et identifier les VEO<\/li>\n\n\n\n<li>Explorer des alternatives \u00e9ducatives respectueuses des besoins de l\u2019enfant<\/li>\n\n\n\n<li>D\u00e9velopper des outils pour sensibiliser les familles aux VEO<\/li>\n<\/ul>\n<\/div>\n\n\n\n<div class=\"wp-block-column is-layout-flow wp-block-column-is-layout-flow\">\n<p><strong><mark style=\"background-color:rgba(0, 0, 0, 0);color:#aa2d66\" class=\"has-inline-color\">M\u00e9thodes p\u00e9dagogiques<\/mark><\/strong><\/p>\n\n\n\n<ul class=\"wp-block-list\">\n<li>Interactive approach, adapted to the situations encountered by the participants<\/li>\n\n\n\n<li>Apports th\u00e9oriques issus des neurosciences, de la communication non violente et de l\u2019\u00e9ducation bienveillante<\/li>\n\n\n\n<li>\u00c9tudes de cas, introspection, travaux en sous-groupes<\/li>\n\n\n\n<li>Diversit\u00e9 des supports : jeux, vid\u00e9os, d\u00e9bats, analyse d&rsquo;image, <em>etc.<\/em><\/li>\n<\/ul>\n<\/div>\n<\/div>\n\n\n\n<p><mark style=\"background-color:rgba(0, 0, 0, 0);color:#345e5e\" class=\"has-inline-color\">Pour conna\u00eetre les modalit\u00e9s et autres d\u00e9tails de la formation<\/mark> <\/p>\n\n\n\n<div class=\"wp-block-buttons is-layout-flex wp-block-buttons-is-layout-flex\">\n<div class=\"wp-block-button\"><a class=\"wp-block-button__link wp-element-button\" href=\"https:\/\/loeilduloup.fr\/wp-content\/uploads\/2025\/04\/Prevenir-les-violences-educatives-ordinaires_accompagner-les-familles-vers-une-parentalite-bienveillante.pdf\">T\u00e9l\u00e9charger le programme de formation<\/a><\/div>\n<\/div>\n\n\n\n<p class=\"has-text-align-center\"><strong><a href=\"http:\/\/loeilduloup.fr\/en\/contact\/\"><mark style=\"background-color:rgba(0, 0, 0, 0);color:#db6232\" class=\"has-inline-color\">Contact us to organize a training course<\/mark><\/a><\/strong><\/p>","protected":false},"excerpt":{"rendered":"<p>Pr\u00e9venir les violences \u00e9ducatives ordinaires en accompagnant les familles vers une parentalit\u00e9 bienveillante Les violences \u00e9ducatives ordinaires (VEO) sont souvent banalis\u00e9es ou justifi\u00e9es au nom de l&rsquo;autorit\u00e9 parentale ou de la tradition. Pourtant, leur impact sur le bien-\u00eatre, la sant\u00e9 mentale et le d\u00e9veloppement des enfants est aujourd\u2019hui bien document\u00e9. Cette formation permet de cr\u00e9er&hellip; <a href=\"https:\/\/loeilduloup.fr\/en\/les-violences-educatives-ordinaires-accompagner-les-familles\/\" class=\"more-link\">Continue reading <span class=\"screen-reader-text\">Violences \u00c9ducatives Ordinaires &#8211; Accompagner les familles<\/span><\/a><\/p>","protected":false},"author":1,"featured_media":0,"parent":0,"menu_order":0,"comment_status":"closed","ping_status":"closed","template":"","meta":{"footnotes":""},"tags":[],"class_list":["post-1870","page","type-page","status-publish","hentry","without-featured-image"],"yoast_head":"<!-- This site is optimized with the Yoast SEO plugin v27.4 - https:\/\/yoast.com\/product\/yoast-seo-wordpress\/ -->\n<title>Violences \u00c9ducatives Ordinaires - Accompagner les familles -<\/title>\n<meta name=\"robots\" content=\"index, follow, max-snippet:-1, max-image-preview:large, max-video-preview:-1\" \/>\n<link rel=\"canonical\" href=\"https:\/\/loeilduloup.fr\/en\/les-violences-educatives-ordinaires-accompagner-les-familles\/\" \/>\n<meta property=\"og:locale\" content=\"en_GB\" \/>\n<meta property=\"og:type\" content=\"article\" \/>\n<meta property=\"og:title\" content=\"Violences \u00c9ducatives Ordinaires - Accompagner les familles -\" \/>\n<meta property=\"og:description\" content=\"Pr\u00e9venir les violences \u00e9ducatives ordinaires en accompagnant les familles vers une parentalit\u00e9 bienveillante Les violences \u00e9ducatives ordinaires (VEO) sont souvent banalis\u00e9es ou justifi\u00e9es au nom de l&rsquo;autorit\u00e9 parentale ou de la tradition. Pourtant, leur impact sur le bien-\u00eatre, la sant\u00e9 mentale et le d\u00e9veloppement des enfants est aujourd\u2019hui bien document\u00e9. Cette formation permet de cr\u00e9er&hellip; Continue reading Violences \u00c9ducatives Ordinaires &#8211; Accompagner les familles\" \/>\n<meta property=\"og:url\" content=\"https:\/\/loeilduloup.fr\/en\/les-violences-educatives-ordinaires-accompagner-les-familles\/\" \/>\n<meta property=\"article:modified_time\" content=\"2025-04-09T08:50:32+00:00\" \/>\n<meta name=\"twitter:card\" content=\"summary_large_image\" \/>\n<meta name=\"twitter:label1\" content=\"Estimated reading time\" \/>\n\t<meta name=\"twitter:data1\" content=\"2 minutes\" \/>\n<script type=\"application\/ld+json\" class=\"yoast-schema-graph\">{\"@context\":\"https:\\\/\\\/schema.org\",\"@graph\":[{\"@type\":\"WebPage\",\"@id\":\"https:\\\/\\\/loeilduloup.fr\\\/les-violences-educatives-ordinaires-accompagner-les-familles\\\/\",\"url\":\"https:\\\/\\\/loeilduloup.fr\\\/les-violences-educatives-ordinaires-accompagner-les-familles\\\/\",\"name\":\"Violences \u00c9ducatives Ordinaires - Accompagner les familles -\",\"isPartOf\":{\"@id\":\"https:\\\/\\\/loeilduloup.fr\\\/#website\"},\"datePublished\":\"2025-04-08T09:01:36+00:00\",\"dateModified\":\"2025-04-09T08:50:32+00:00\",\"breadcrumb\":{\"@id\":\"https:\\\/\\\/loeilduloup.fr\\\/les-violences-educatives-ordinaires-accompagner-les-familles\\\/#breadcrumb\"},\"inLanguage\":\"en-GB\",\"potentialAction\":[{\"@type\":\"ReadAction\",\"target\":[\"https:\\\/\\\/loeilduloup.fr\\\/les-violences-educatives-ordinaires-accompagner-les-familles\\\/\"]}]},{\"@type\":\"BreadcrumbList\",\"@id\":\"https:\\\/\\\/loeilduloup.fr\\\/les-violences-educatives-ordinaires-accompagner-les-familles\\\/#breadcrumb\",\"itemListElement\":[{\"@type\":\"ListItem\",\"position\":1,\"name\":\"Accueil\",\"item\":\"https:\\\/\\\/loeilduloup.fr\\\/\"},{\"@type\":\"ListItem\",\"position\":2,\"name\":\"Violences \u00c9ducatives Ordinaires &#8211; Accompagner les familles\"}]},{\"@type\":\"WebSite\",\"@id\":\"https:\\\/\\\/loeilduloup.fr\\\/#website\",\"url\":\"https:\\\/\\\/loeilduloup.fr\\\/\",\"name\":\"\",\"description\":\"Promouvoir le bien-\u00eatre pour r\u00e9duire les violences\",\"potentialAction\":[{\"@type\":\"SearchAction\",\"target\":{\"@type\":\"EntryPoint\",\"urlTemplate\":\"https:\\\/\\\/loeilduloup.fr\\\/?s={search_term_string}\"},\"query-input\":{\"@type\":\"PropertyValueSpecification\",\"valueRequired\":true,\"valueName\":\"search_term_string\"}}],\"inLanguage\":\"en-GB\"}]}<\/script>\n<!-- \/ Yoast SEO plugin. -->","yoast_head_json":{"title":"Violences \u00c9ducatives Ordinaires - Accompagner les familles -","robots":{"index":"index","follow":"follow","max-snippet":"max-snippet:-1","max-image-preview":"max-image-preview:large","max-video-preview":"max-video-preview:-1"},"canonical":"https:\/\/loeilduloup.fr\/en\/les-violences-educatives-ordinaires-accompagner-les-familles\/","og_locale":"en_GB","og_type":"article","og_title":"Violences \u00c9ducatives Ordinaires - Accompagner les familles -","og_description":"Pr\u00e9venir les violences \u00e9ducatives ordinaires en accompagnant les familles vers une parentalit\u00e9 bienveillante Les violences \u00e9ducatives ordinaires (VEO) sont souvent banalis\u00e9es ou justifi\u00e9es au nom de l&rsquo;autorit\u00e9 parentale ou de la tradition. Pourtant, leur impact sur le bien-\u00eatre, la sant\u00e9 mentale et le d\u00e9veloppement des enfants est aujourd\u2019hui bien document\u00e9. Cette formation permet de cr\u00e9er&hellip; Continue reading Violences \u00c9ducatives Ordinaires &#8211; Accompagner les familles","og_url":"https:\/\/loeilduloup.fr\/en\/les-violences-educatives-ordinaires-accompagner-les-familles\/","article_modified_time":"2025-04-09T08:50:32+00:00","twitter_card":"summary_large_image","twitter_misc":{"Estimated reading time":"2 minutes"},"schema":{"@context":"https:\/\/schema.org","@graph":[{"@type":"WebPage","@id":"https:\/\/loeilduloup.fr\/les-violences-educatives-ordinaires-accompagner-les-familles\/","url":"https:\/\/loeilduloup.fr\/les-violences-educatives-ordinaires-accompagner-les-familles\/","name":"Violences \u00c9ducatives Ordinaires - Accompagner les familles -","isPartOf":{"@id":"https:\/\/loeilduloup.fr\/#website"},"datePublished":"2025-04-08T09:01:36+00:00","dateModified":"2025-04-09T08:50:32+00:00","breadcrumb":{"@id":"https:\/\/loeilduloup.fr\/les-violences-educatives-ordinaires-accompagner-les-familles\/#breadcrumb"},"inLanguage":"en-GB","potentialAction":[{"@type":"ReadAction","target":["https:\/\/loeilduloup.fr\/les-violences-educatives-ordinaires-accompagner-les-familles\/"]}]},{"@type":"BreadcrumbList","@id":"https:\/\/loeilduloup.fr\/les-violences-educatives-ordinaires-accompagner-les-familles\/#breadcrumb","itemListElement":[{"@type":"ListItem","position":1,"name":"Accueil","item":"https:\/\/loeilduloup.fr\/"},{"@type":"ListItem","position":2,"name":"Violences \u00c9ducatives Ordinaires &#8211; Accompagner les familles"}]},{"@type":"WebSite","@id":"https:\/\/loeilduloup.fr\/#website","url":"https:\/\/loeilduloup.fr\/","name":"","description":"Promoting well-being to reduce violence","potentialAction":[{"@type":"SearchAction","target":{"@type":"EntryPoint","urlTemplate":"https:\/\/loeilduloup.fr\/?s={search_term_string}"},"query-input":{"@type":"PropertyValueSpecification","valueRequired":true,"valueName":"search_term_string"}}],"inLanguage":"en-GB"}]}},"jetpack-related-posts":[{"id":1976,"url":"https:\/\/loeilduloup.fr\/en\/prevenir-les-violences-educatives-ordinaires-veo\/","url_meta":{"origin":1870,"position":0},"title":"Pr\u00e9venir les Violences \u00c9ducatives Ordinaires (VEO)","author":"L'oeil du Loup","date":"22 April 2025","format":false,"excerpt":"Pourquoi agir\u00a0? Les violences \u00e9ducatives ordinaires impactent durablement le d\u00e9veloppement des enfants (psychologique, \u00e9motionnel, cognitif). Plus de 50\u00a0% des parents utilisent des pratiques punitives (Fondation pour l\u2019Enfance, 2023). Les professionnel\u00b7les sont en premi\u00e8re ligne pour rep\u00e9rer, sensibiliser et pr\u00e9venir. Pour les professionnel\u00b7les dans leur pratique Objectif Renforcer vos comp\u00e9tences pour\u2026","rel":"","context":"Similar post","block_context":{"text":"Similar post","link":""},"img":{"alt_text":"","src":"","width":0,"height":0},"classes":[]},{"id":1873,"url":"https:\/\/loeilduloup.fr\/en\/les-violences-educatives-ordinaires-les-prevenir-dans-sa-pratique-professionnelle\/","url_meta":{"origin":1870,"position":1},"title":"Violences \u00c9ducatives Ordinaires et pratique professionnelle","author":"L'oeil du Loup","date":"8 April 2025","format":false,"excerpt":"Pr\u00e9venir les violences \u00e9ducatives ordinaires dans sa pratique professionnelle Les violences \u00e9ducatives ordinaires (VEO) sont encore fr\u00e9quentes dans les pratiques \u00e9ducatives, parfois de mani\u00e8re inconsciente, sous couvert de cadre, d\u2019autorit\u00e9 ou de gestion de groupe. Pourtant, de nombreuses recherches montrent que ces pratiques ont des effets d\u00e9l\u00e9t\u00e8res durables sur la\u2026","rel":"","context":"Similar post","block_context":{"text":"Similar post","link":""},"img":{"alt_text":"","src":"","width":0,"height":0},"classes":[]},{"id":802,"url":"https:\/\/loeilduloup.fr\/en\/","url_meta":{"origin":1870,"position":2},"title":"Our perspective","author":"L'oeil du Loup","date":"30 August 2022","format":false,"excerpt":"L\u2019\u0153il du loup est une association de pr\u00e9vention des violences et de promotion du bien-\u00eatre, sp\u00e9cialis\u00e9e dans la pr\u00e9vention des violences sexistes et sexuelles (VSS). Depuis 2015, L\u2019\u0153il du loup d\u00e9veloppe des actions de pr\u00e9vention aupr\u00e8s d\u2019enfants, de jeunes et d\u2019adultes, avec une p\u00e9dagogie active qui allie conscience de soi,\u2026","rel":"","context":"In \"approche\"","block_context":{"text":"approche","link":"https:\/\/loeilduloup.fr\/en\/tag\/approche\/"},"img":{"alt_text":"","src":"https:\/\/i0.wp.com\/loeilduloup.fr\/wp-content\/uploads\/2017\/12\/Banniere_site_ODL.jpg?fit=1200%2C576&ssl=1&resize=350%2C200","width":350,"height":200,"srcset":"https:\/\/i0.wp.com\/loeilduloup.fr\/wp-content\/uploads\/2017\/12\/Banniere_site_ODL.jpg?fit=1200%2C576&ssl=1&resize=350%2C200 1x, https:\/\/i0.wp.com\/loeilduloup.fr\/wp-content\/uploads\/2017\/12\/Banniere_site_ODL.jpg?fit=1200%2C576&ssl=1&resize=525%2C300 1.5x, https:\/\/i0.wp.com\/loeilduloup.fr\/wp-content\/uploads\/2017\/12\/Banniere_site_ODL.jpg?fit=1200%2C576&ssl=1&resize=700%2C400 2x, https:\/\/i0.wp.com\/loeilduloup.fr\/wp-content\/uploads\/2017\/12\/Banniere_site_ODL.jpg?fit=1200%2C576&ssl=1&resize=1050%2C600 3x"},"classes":[]},{"id":361,"url":"https:\/\/loeilduloup.fr\/en\/vie-affective-et-sexuelle\/","url_meta":{"origin":1870,"position":3},"title":"Education in emotional, relational and sexual life","author":"L'oeil du Loup","date":"9 April 2018","format":false,"excerpt":"Promouvoir l'\u00e9galit\u00e9 et pr\u00e9venir les violences sont des enjeux de sant\u00e9 L\u2019\u00e9ducation \u00e0 la vie affective, relationnelle et sexuelle (EVARS) est une \u00e9ducation \u00e0 une citoyennet\u00e9 compl\u00e8te promouvant des relations\u00a0 affectives saines, l\u2019imp\u00e9ratif de consentement, la reconnaissance des orientations sexuelles et des minorit\u00e9s de genre et la lutte contre les\u2026","rel":"","context":"In \"coll\u00e8ge\"","block_context":{"text":"coll\u00e8ge","link":"https:\/\/loeilduloup.fr\/en\/tag\/college\/"},"img":{"alt_text":"","src":"https:\/\/i0.wp.com\/loeilduloup.fr\/wp-content\/uploads\/2022\/09\/Bannie%CC%80re-site-scolaire1.png?fit=1200%2C600&ssl=1&resize=350%2C200","width":350,"height":200,"srcset":"https:\/\/i0.wp.com\/loeilduloup.fr\/wp-content\/uploads\/2022\/09\/Bannie%CC%80re-site-scolaire1.png?fit=1200%2C600&ssl=1&resize=350%2C200 1x, https:\/\/i0.wp.com\/loeilduloup.fr\/wp-content\/uploads\/2022\/09\/Bannie%CC%80re-site-scolaire1.png?fit=1200%2C600&ssl=1&resize=525%2C300 1.5x, https:\/\/i0.wp.com\/loeilduloup.fr\/wp-content\/uploads\/2022\/09\/Bannie%CC%80re-site-scolaire1.png?fit=1200%2C600&ssl=1&resize=700%2C400 2x, https:\/\/i0.wp.com\/loeilduloup.fr\/wp-content\/uploads\/2022\/09\/Bannie%CC%80re-site-scolaire1.png?fit=1200%2C600&ssl=1&resize=1050%2C600 3x"},"classes":[]},{"id":1882,"url":"https:\/\/loeilduloup.fr\/en\/competences-psychosociales-et-consentement\/","url_meta":{"origin":1870,"position":4},"title":"Promouvoir le consentement d\u00e8s le plus jeune \u00e2ge par le d\u00e9veloppement des comp\u00e9tences psychosociales","author":"L'oeil du Loup","date":"8 April 2025","format":false,"excerpt":"Parmi les victimes de violences sexuelles, 81% d\u00e9clarent avoir subi les premi\u00e8res violences avant 18 ans, 51% avant 11 ans et 21% avant 6 ans (UNICEF). Face \u00e0 ce constat alarmant, tr\u00e8s peu de dispositifs sont mis en place en France. Alors que la capacit\u00e9 \u00e0 identifier et \u00e0 exprimer\u2026","rel":"","context":"Similar post","block_context":{"text":"Similar post","link":""},"img":{"alt_text":"","src":"","width":0,"height":0},"classes":[]},{"id":1988,"url":"https:\/\/loeilduloup.fr\/en\/prevenir-les-violences-sexuelles-et-promouvoir-le-consentement\/","url_meta":{"origin":1870,"position":5},"title":"Pr\u00e9venir les violences sexuelles et promouvoir le consentement","author":"L'oeil du Loup","date":"22 April 2025","format":false,"excerpt":"En Europe, on estime qu\u2019un enfant sur cinq subit des violences sexuelles avant 18\u00a0ans, et nombre d\u2019entre elles restent inconnues ou non signal\u00e9es. Face \u00e0 cette r\u00e9alit\u00e9, les professionnel\u00b7les \u00e0 l\u2019\u00e9cole et dans les structures \u00e9ducatives jouent un r\u00f4le essentiel pour offrir aux jeunes et aux enfants des espaces d'apprentissage\u2026","rel":"","context":"Similar post","block_context":{"text":"Similar post","link":""},"img":{"alt_text":"","src":"","width":0,"height":0},"classes":[]}],"jetpack_sharing_enabled":true,"_links":{"self":[{"href":"https:\/\/loeilduloup.fr\/en\/wp-json\/wp\/v2\/pages\/1870","targetHints":{"allow":["GET"]}}],"collection":[{"href":"https:\/\/loeilduloup.fr\/en\/wp-json\/wp\/v2\/pages"}],"about":[{"href":"https:\/\/loeilduloup.fr\/en\/wp-json\/wp\/v2\/types\/page"}],"author":[{"embeddable":true,"href":"https:\/\/loeilduloup.fr\/en\/wp-json\/wp\/v2\/users\/1"}],"replies":[{"embeddable":true,"href":"https:\/\/loeilduloup.fr\/en\/wp-json\/wp\/v2\/comments?post=1870"}],"version-history":[{"count":7,"href":"https:\/\/loeilduloup.fr\/en\/wp-json\/wp\/v2\/pages\/1870\/revisions"}],"predecessor-version":[{"id":1956,"href":"https:\/\/loeilduloup.fr\/en\/wp-json\/wp\/v2\/pages\/1870\/revisions\/1956"}],"wp:attachment":[{"href":"https:\/\/loeilduloup.fr\/en\/wp-json\/wp\/v2\/media?parent=1870"}],"wp:term":[{"taxonomy":"post_tag","embeddable":true,"href":"https:\/\/loeilduloup.fr\/en\/wp-json\/wp\/v2\/tags?post=1870"}],"curies":[{"name":"wp","href":"https:\/\/api.w.org\/{rel}","templated":true}]}}