{"id":1834,"date":"2025-04-03T15:29:39","date_gmt":"2025-04-03T13:29:39","guid":{"rendered":"https:\/\/loeilduloup.fr\/?page_id=1834"},"modified":"2025-04-03T15:29:41","modified_gmt":"2025-04-03T13:29:41","slug":"ressources-2","status":"publish","type":"page","link":"https:\/\/loeilduloup.fr\/en\/ressources-2\/","title":{"rendered":"Resources"},"content":{"rendered":"<p>Vous trouverez ici des outils, documents, r\u00e9f\u00e9rences et supports p\u00e9dagogiques pour approfondir les th\u00e9matiques que nous abordons. Cette s\u00e9lection \u00e9volue r\u00e9guli\u00e8rement pour accompagner vos r\u00e9flexions et vos pratiques.<\/p>\n\n\n\n<p><\/p>","protected":false},"excerpt":{"rendered":"<p>Vous trouverez ici des outils, documents, r\u00e9f\u00e9rences et supports p\u00e9dagogiques pour approfondir les th\u00e9matiques que nous abordons. Cette s\u00e9lection \u00e9volue r\u00e9guli\u00e8rement pour accompagner vos r\u00e9flexions et vos pratiques.<\/p>","protected":false},"author":1,"featured_media":0,"parent":0,"menu_order":0,"comment_status":"closed","ping_status":"closed","template":"","meta":{"footnotes":""},"tags":[],"class_list":["post-1834","page","type-page","status-publish","hentry","without-featured-image"],"yoast_head":"<!-- This site is optimized with the Yoast SEO plugin v27.4 - https:\/\/yoast.com\/product\/yoast-seo-wordpress\/ -->\n<title>Ressources -<\/title>\n<meta name=\"robots\" content=\"index, follow, max-snippet:-1, max-image-preview:large, max-video-preview:-1\" \/>\n<link rel=\"canonical\" href=\"https:\/\/loeilduloup.fr\/en\/ressources-2\/\" \/>\n<meta property=\"og:locale\" content=\"en_GB\" \/>\n<meta property=\"og:type\" content=\"article\" \/>\n<meta property=\"og:title\" content=\"Ressources -\" \/>\n<meta property=\"og:description\" content=\"Vous trouverez ici des outils, documents, r\u00e9f\u00e9rences et supports p\u00e9dagogiques pour approfondir les th\u00e9matiques que nous abordons. Cette s\u00e9lection \u00e9volue r\u00e9guli\u00e8rement pour accompagner vos r\u00e9flexions et vos pratiques.\" \/>\n<meta property=\"og:url\" content=\"https:\/\/loeilduloup.fr\/en\/ressources-2\/\" \/>\n<meta property=\"article:modified_time\" content=\"2025-04-03T13:29:41+00:00\" \/>\n<meta name=\"twitter:card\" content=\"summary_large_image\" \/>\n<meta name=\"twitter:label1\" content=\"Estimated reading time\" \/>\n\t<meta name=\"twitter:data1\" content=\"1 minute\" \/>\n<script type=\"application\/ld+json\" class=\"yoast-schema-graph\">{\"@context\":\"https:\\\/\\\/schema.org\",\"@graph\":[{\"@type\":\"WebPage\",\"@id\":\"https:\\\/\\\/loeilduloup.fr\\\/ressources-2\\\/\",\"url\":\"https:\\\/\\\/loeilduloup.fr\\\/ressources-2\\\/\",\"name\":\"Ressources -\",\"isPartOf\":{\"@id\":\"https:\\\/\\\/loeilduloup.fr\\\/#website\"},\"datePublished\":\"2025-04-03T13:29:39+00:00\",\"dateModified\":\"2025-04-03T13:29:41+00:00\",\"breadcrumb\":{\"@id\":\"https:\\\/\\\/loeilduloup.fr\\\/ressources-2\\\/#breadcrumb\"},\"inLanguage\":\"en-GB\",\"potentialAction\":[{\"@type\":\"ReadAction\",\"target\":[\"https:\\\/\\\/loeilduloup.fr\\\/ressources-2\\\/\"]}]},{\"@type\":\"BreadcrumbList\",\"@id\":\"https:\\\/\\\/loeilduloup.fr\\\/ressources-2\\\/#breadcrumb\",\"itemListElement\":[{\"@type\":\"ListItem\",\"position\":1,\"name\":\"Accueil\",\"item\":\"https:\\\/\\\/loeilduloup.fr\\\/\"},{\"@type\":\"ListItem\",\"position\":2,\"name\":\"Ressources\"}]},{\"@type\":\"WebSite\",\"@id\":\"https:\\\/\\\/loeilduloup.fr\\\/#website\",\"url\":\"https:\\\/\\\/loeilduloup.fr\\\/\",\"name\":\"\",\"description\":\"Promouvoir le bien-\u00eatre pour r\u00e9duire les violences\",\"potentialAction\":[{\"@type\":\"SearchAction\",\"target\":{\"@type\":\"EntryPoint\",\"urlTemplate\":\"https:\\\/\\\/loeilduloup.fr\\\/?s={search_term_string}\"},\"query-input\":{\"@type\":\"PropertyValueSpecification\",\"valueRequired\":true,\"valueName\":\"search_term_string\"}}],\"inLanguage\":\"en-GB\"}]}<\/script>\n<!-- \/ Yoast SEO plugin. -->","yoast_head_json":{"title":"Ressources -","robots":{"index":"index","follow":"follow","max-snippet":"max-snippet:-1","max-image-preview":"max-image-preview:large","max-video-preview":"max-video-preview:-1"},"canonical":"https:\/\/loeilduloup.fr\/en\/ressources-2\/","og_locale":"en_GB","og_type":"article","og_title":"Ressources -","og_description":"Vous trouverez ici des outils, documents, r\u00e9f\u00e9rences et supports p\u00e9dagogiques pour approfondir les th\u00e9matiques que nous abordons. Cette s\u00e9lection \u00e9volue r\u00e9guli\u00e8rement pour accompagner vos r\u00e9flexions et vos pratiques.","og_url":"https:\/\/loeilduloup.fr\/en\/ressources-2\/","article_modified_time":"2025-04-03T13:29:41+00:00","twitter_card":"summary_large_image","twitter_misc":{"Estimated reading time":"1 minute"},"schema":{"@context":"https:\/\/schema.org","@graph":[{"@type":"WebPage","@id":"https:\/\/loeilduloup.fr\/ressources-2\/","url":"https:\/\/loeilduloup.fr\/ressources-2\/","name":"Ressources -","isPartOf":{"@id":"https:\/\/loeilduloup.fr\/#website"},"datePublished":"2025-04-03T13:29:39+00:00","dateModified":"2025-04-03T13:29:41+00:00","breadcrumb":{"@id":"https:\/\/loeilduloup.fr\/ressources-2\/#breadcrumb"},"inLanguage":"en-GB","potentialAction":[{"@type":"ReadAction","target":["https:\/\/loeilduloup.fr\/ressources-2\/"]}]},{"@type":"BreadcrumbList","@id":"https:\/\/loeilduloup.fr\/ressources-2\/#breadcrumb","itemListElement":[{"@type":"ListItem","position":1,"name":"Accueil","item":"https:\/\/loeilduloup.fr\/"},{"@type":"ListItem","position":2,"name":"Ressources"}]},{"@type":"WebSite","@id":"https:\/\/loeilduloup.fr\/#website","url":"https:\/\/loeilduloup.fr\/","name":"","description":"Promoting well-being to reduce violence","potentialAction":[{"@type":"SearchAction","target":{"@type":"EntryPoint","urlTemplate":"https:\/\/loeilduloup.fr\/?s={search_term_string}"},"query-input":{"@type":"PropertyValueSpecification","valueRequired":true,"valueName":"search_term_string"}}],"inLanguage":"en-GB"}]}},"jetpack-related-posts":[],"jetpack_sharing_enabled":true,"_links":{"self":[{"href":"https:\/\/loeilduloup.fr\/en\/wp-json\/wp\/v2\/pages\/1834","targetHints":{"allow":["GET"]}}],"collection":[{"href":"https:\/\/loeilduloup.fr\/en\/wp-json\/wp\/v2\/pages"}],"about":[{"href":"https:\/\/loeilduloup.fr\/en\/wp-json\/wp\/v2\/types\/page"}],"author":[{"embeddable":true,"href":"https:\/\/loeilduloup.fr\/en\/wp-json\/wp\/v2\/users\/1"}],"replies":[{"embeddable":true,"href":"https:\/\/loeilduloup.fr\/en\/wp-json\/wp\/v2\/comments?post=1834"}],"version-history":[{"count":1,"href":"https:\/\/loeilduloup.fr\/en\/wp-json\/wp\/v2\/pages\/1834\/revisions"}],"predecessor-version":[{"id":1836,"href":"https:\/\/loeilduloup.fr\/en\/wp-json\/wp\/v2\/pages\/1834\/revisions\/1836"}],"wp:attachment":[{"href":"https:\/\/loeilduloup.fr\/en\/wp-json\/wp\/v2\/media?parent=1834"}],"wp:term":[{"taxonomy":"post_tag","embeddable":true,"href":"https:\/\/loeilduloup.fr\/en\/wp-json\/wp\/v2\/tags?post=1834"}],"curies":[{"name":"wp","href":"https:\/\/api.w.org\/{rel}","templated":true}]}}