{"id":1615,"date":"2024-01-11T15:34:46","date_gmt":"2024-01-11T14:34:46","guid":{"rendered":"https:\/\/loeilduloup.fr\/?page_id=1615"},"modified":"2024-06-26T17:25:21","modified_gmt":"2024-06-26T15:25:21","slug":"skills-for-consent","status":"publish","type":"page","link":"https:\/\/loeilduloup.fr\/en\/skills-for-consent\/","title":{"rendered":"Skills for consent"},"content":{"rendered":"<p><mark style=\"background-color:rgba(0, 0, 0, 0);color:#aa2d66\" class=\"has-inline-color\"><strong>D\u00e9velopper les comp\u00e9tences psychosociales pour \u00e9duquer au consentement d\u00e8s le plus jeune \u00e2ge<\/strong><\/mark><\/p>\n\n\n\n<p>Selon le rapport de la <a href=\"https:\/\/www.ciivise.fr\/le-rapport-public-de-la-ciivise\/\">Ciivise<\/a> (2023), on estime \u00e0 160 000 le nombre d&rsquo;enfants victimes de violences sexuelles chaque ann\u00e9e en France. Ce m\u00eame rapport indique que <strong>les premi\u00e8res violences surviennent en moyenne autour de l&rsquo;\u00e2ge de 8 ans<\/strong>.<\/p>\n\n\n\n<p>Devant ce constat, il semble urgent d&rsquo;agir d\u00e8s l&rsquo;enfance pour pr\u00e9venir les violences. L&rsquo;\u00e9ducation \u00e0 la vie affective et sexuelle (EVARS) est un moyen de pr\u00e9vention qui r\u00e9pond \u00e0 de nombreux enjeux : lutte contre le sexisme, \u00e9ducation au consentement, pr\u00e9vention des violences, protection des personnes vuln\u00e9rables. Pourtant, m\u00eame si la loi Aubry du 4 juillet 2001, en fait une mission obligatoire de l&rsquo;\u00e9cole tout au long de la scolarit\u00e9, la loi reste largement inappliqu\u00e9e et les s\u00e9ances d\u2019EVARS aupr\u00e8s des enfants sont quasi inexistantes avant le coll\u00e8ge.<\/p>\n\n\n\n<p>Notre projet <em>Skills for consent <\/em>ne se substitue pas aux s\u00e9ances d\u2019EVARS, mais propose de r\u00e9pondre \u00e0 l\u2019un de ses nombreux enjeux en outillant les professionnel\u00b7les \u00e0 <strong>initier une culture du consentement aupr\u00e8s des enfants de 5 \u00e0 7 ans<\/strong>.<\/p>\n\n\n\n<p><strong>En \u00e9duquant au consentement d\u00e8s le plus jeune \u00e2ge, nous pouvons contribuer \u00e0 prot\u00e9ger les enfants dans le pr\u00e9sent, mais aussi \u00e0 pr\u00e9venir les violences tout au long de la vie<\/strong>. En mettant au centre le pouvoir d\u2019agir de chaque individu, la culture du consentement pose les bases d\u2019une responsabilit\u00e9 collective pour aller vers une soci\u00e9t\u00e9 \u00e9galitaire et sans violence.<\/p>\n\n\n\n<p>Ce livret est r\u00e9alis\u00e9 en partenariat avec le <a href=\"https:\/\/centerforvoldsforebyggelse.com\/en\/\" target=\"_blank\" rel=\"noreferrer noopener\">Center for Voldforebyggelse<\/a> (CFV), association de pr\u00e9vention des violences situ\u00e9e \u00e0 Copenhague, Danemark. Ensemble, nous mettons en commun nos expertises pour co-construire un outil accessible au plus grand nombre. Ce partenariat a \u00e9t\u00e9 cr\u00e9\u00e9 dans le cadre du dispositif <a href=\"https:\/\/erasmus-plus.ec.europa.eu\/programme-guide\/part-b\/key-action-2\/small-scale-partnerships\" target=\"_blank\" rel=\"noreferrer noopener\">Erasmus +<\/a>, pour un \u00e9change de pratiques et d\u2019exp\u00e9riences de novembre 2023 \u00e0 f\u00e9vrier 2025. <strong>Le livret <em>Skills for consent<\/em> sera \u00e9dit\u00e9 en fran\u00e7ais, danois et anglais, et diffus\u00e9 \u00e0 l&rsquo;\u00e9chelle europ\u00e9enne<\/strong>.<\/p>\n\n\n\n<p>Vous pouvez t\u00e9l\u00e9charger la brochure du projet en cliquant ici :<\/p>\n\n\n<div class=\"wp-block-image\">\n<figure class=\"aligncenter size-full is-resized\"><a href=\"https:\/\/loeilduloup.fr\/wp-content\/uploads\/2024\/01\/Presentation_Skils-for-consent_FR-1.pdf\" target=\"_blank\" rel=\"noreferrer noopener\"><img data-recalc-dims=\"1\" loading=\"lazy\" decoding=\"async\" width=\"454\" height=\"638\" src=\"https:\/\/i0.wp.com\/loeilduloup.fr\/wp-content\/uploads\/2024\/01\/Capture-decran-2024-01-11-a-16.13.28.png?resize=454%2C638&#038;ssl=1\" alt=\"\" class=\"wp-image-1631\" style=\"width:234px;height:auto\" srcset=\"https:\/\/i0.wp.com\/loeilduloup.fr\/wp-content\/uploads\/2024\/01\/Capture-decran-2024-01-11-a-16.13.28.png?w=454&amp;ssl=1 454w, https:\/\/i0.wp.com\/loeilduloup.fr\/wp-content\/uploads\/2024\/01\/Capture-decran-2024-01-11-a-16.13.28.png?resize=213%2C300&amp;ssl=1 213w\" sizes=\"auto, (max-width: 454px) 100vw, 454px\" \/><\/a><\/figure>\n<\/div>\n\n\n<p><strong><mark style=\"background-color:rgba(0, 0, 0, 0);color:#f8be45\" class=\"has-inline-color\">APPEL \u00c0 CONTRIBUTIONS<\/mark><\/strong><\/p>\n\n\n\n<ul class=\"wp-block-list\">\n<li><strong>R\u00e9pondez \u00e0 notre enqu\u00eate<\/strong> : 5 minutes pour nous aider \u00e0 cerner les freins que vous rencontrez concernant la pr\u00e9vention des violences sexuelles intrafamiliales \u00e0 l\u2019\u00e9cole. <a href=\"https:\/\/docs.google.com\/forms\/d\/e\/1FAIpQLScQzaYbMntzqKsF6PZ5mbP0LAjYT8UbovffGm63hRw7TuSCaA\/viewform\">Je r\u00e9ponds au questionnaire anonyme<\/a><\/li>\n\n\n\n<li><strong>Testez notre bo\u00eete \u00e0 outils<\/strong> : d\u00e8s le printemps 2024, testez les activit\u00e9s aupr\u00e8s de vos \u00e9l\u00e8ves et faites-nous un retour sur leur facilit\u00e9 de prise en main, pertinence et faisabilit\u00e9. \u00c9crivez-nous \u00e0 contact@loeilduloup.fr.<\/li>\n<\/ul>","protected":false},"excerpt":{"rendered":"<p>D\u00e9velopper les comp\u00e9tences psychosociales pour \u00e9duquer au consentement d\u00e8s le plus jeune \u00e2ge Selon le rapport de la Ciivise (2023), on estime \u00e0 160 000 le nombre d&rsquo;enfants victimes de violences sexuelles chaque ann\u00e9e en France. Ce m\u00eame rapport indique que les premi\u00e8res violences surviennent en moyenne autour de l&rsquo;\u00e2ge de 8 ans. Devant ce&hellip; <a href=\"https:\/\/loeilduloup.fr\/en\/skills-for-consent\/\" class=\"more-link\">Continue reading <span class=\"screen-reader-text\">Skills for consent<\/span><\/a><\/p>","protected":false},"author":1,"featured_media":0,"parent":0,"menu_order":0,"comment_status":"closed","ping_status":"closed","template":"templates\/full-width-page.php","meta":{"footnotes":""},"tags":[],"class_list":["post-1615","page","type-page","status-publish","hentry","without-featured-image"],"yoast_head":"<!-- This site is optimized with the Yoast SEO plugin v27.3 - https:\/\/yoast.com\/product\/yoast-seo-wordpress\/ -->\n<title>Skills for consent -<\/title>\n<meta name=\"robots\" content=\"index, follow, max-snippet:-1, max-image-preview:large, max-video-preview:-1\" \/>\n<link rel=\"canonical\" href=\"https:\/\/loeilduloup.fr\/en\/skills-for-consent\/\" \/>\n<meta property=\"og:locale\" content=\"en_GB\" \/>\n<meta property=\"og:type\" content=\"article\" \/>\n<meta property=\"og:title\" content=\"Skills for consent -\" \/>\n<meta property=\"og:description\" content=\"D\u00e9velopper les comp\u00e9tences psychosociales pour \u00e9duquer au consentement d\u00e8s le plus jeune \u00e2ge Selon le rapport de la Ciivise (2023), on estime \u00e0 160 000 le nombre d&rsquo;enfants victimes de violences sexuelles chaque ann\u00e9e en France. Ce m\u00eame rapport indique que les premi\u00e8res violences surviennent en moyenne autour de l&rsquo;\u00e2ge de 8 ans. Devant ce&hellip; Continue reading Skills for consent\" \/>\n<meta property=\"og:url\" content=\"https:\/\/loeilduloup.fr\/en\/skills-for-consent\/\" \/>\n<meta property=\"article:modified_time\" content=\"2024-06-26T15:25:21+00:00\" \/>\n<meta property=\"og:image\" content=\"https:\/\/loeilduloup.fr\/wp-content\/uploads\/2024\/01\/Capture-decran-2024-01-11-a-16.13.28.png\" \/>\n<meta name=\"twitter:card\" content=\"summary_large_image\" \/>\n<meta name=\"twitter:label1\" content=\"Estimated reading time\" \/>\n\t<meta name=\"twitter:data1\" content=\"2 minutes\" \/>\n<script type=\"application\/ld+json\" class=\"yoast-schema-graph\">{\"@context\":\"https:\\\/\\\/schema.org\",\"@graph\":[{\"@type\":\"WebPage\",\"@id\":\"https:\\\/\\\/loeilduloup.fr\\\/skills-for-consent\\\/\",\"url\":\"https:\\\/\\\/loeilduloup.fr\\\/skills-for-consent\\\/\",\"name\":\"Skills for consent -\",\"isPartOf\":{\"@id\":\"https:\\\/\\\/loeilduloup.fr\\\/#website\"},\"primaryImageOfPage\":{\"@id\":\"https:\\\/\\\/loeilduloup.fr\\\/skills-for-consent\\\/#primaryimage\"},\"image\":{\"@id\":\"https:\\\/\\\/loeilduloup.fr\\\/skills-for-consent\\\/#primaryimage\"},\"thumbnailUrl\":\"https:\\\/\\\/loeilduloup.fr\\\/wp-content\\\/uploads\\\/2024\\\/01\\\/Capture-decran-2024-01-11-a-16.13.28.png\",\"datePublished\":\"2024-01-11T14:34:46+00:00\",\"dateModified\":\"2024-06-26T15:25:21+00:00\",\"breadcrumb\":{\"@id\":\"https:\\\/\\\/loeilduloup.fr\\\/skills-for-consent\\\/#breadcrumb\"},\"inLanguage\":\"en-GB\",\"potentialAction\":[{\"@type\":\"ReadAction\",\"target\":[\"https:\\\/\\\/loeilduloup.fr\\\/skills-for-consent\\\/\"]}]},{\"@type\":\"ImageObject\",\"inLanguage\":\"en-GB\",\"@id\":\"https:\\\/\\\/loeilduloup.fr\\\/skills-for-consent\\\/#primaryimage\",\"url\":\"https:\\\/\\\/loeilduloup.fr\\\/wp-content\\\/uploads\\\/2024\\\/01\\\/Capture-decran-2024-01-11-a-16.13.28.png\",\"contentUrl\":\"https:\\\/\\\/loeilduloup.fr\\\/wp-content\\\/uploads\\\/2024\\\/01\\\/Capture-decran-2024-01-11-a-16.13.28.png\"},{\"@type\":\"BreadcrumbList\",\"@id\":\"https:\\\/\\\/loeilduloup.fr\\\/skills-for-consent\\\/#breadcrumb\",\"itemListElement\":[{\"@type\":\"ListItem\",\"position\":1,\"name\":\"Accueil\",\"item\":\"https:\\\/\\\/loeilduloup.fr\\\/\"},{\"@type\":\"ListItem\",\"position\":2,\"name\":\"Skills for consent\"}]},{\"@type\":\"WebSite\",\"@id\":\"https:\\\/\\\/loeilduloup.fr\\\/#website\",\"url\":\"https:\\\/\\\/loeilduloup.fr\\\/\",\"name\":\"\",\"description\":\"Promouvoir le bien-\u00eatre pour r\u00e9duire les violences\",\"potentialAction\":[{\"@type\":\"SearchAction\",\"target\":{\"@type\":\"EntryPoint\",\"urlTemplate\":\"https:\\\/\\\/loeilduloup.fr\\\/?s={search_term_string}\"},\"query-input\":{\"@type\":\"PropertyValueSpecification\",\"valueRequired\":true,\"valueName\":\"search_term_string\"}}],\"inLanguage\":\"en-GB\"}]}<\/script>\n<!-- \/ Yoast SEO plugin. -->","yoast_head_json":{"title":"Skills for consent -","robots":{"index":"index","follow":"follow","max-snippet":"max-snippet:-1","max-image-preview":"max-image-preview:large","max-video-preview":"max-video-preview:-1"},"canonical":"https:\/\/loeilduloup.fr\/en\/skills-for-consent\/","og_locale":"en_GB","og_type":"article","og_title":"Skills for consent -","og_description":"D\u00e9velopper les comp\u00e9tences psychosociales pour \u00e9duquer au consentement d\u00e8s le plus jeune \u00e2ge Selon le rapport de la Ciivise (2023), on estime \u00e0 160 000 le nombre d&rsquo;enfants victimes de violences sexuelles chaque ann\u00e9e en France. Ce m\u00eame rapport indique que les premi\u00e8res violences surviennent en moyenne autour de l&rsquo;\u00e2ge de 8 ans. Devant ce&hellip; Continue reading Skills for consent","og_url":"https:\/\/loeilduloup.fr\/en\/skills-for-consent\/","article_modified_time":"2024-06-26T15:25:21+00:00","og_image":[{"url":"https:\/\/loeilduloup.fr\/wp-content\/uploads\/2024\/01\/Capture-decran-2024-01-11-a-16.13.28.png","type":"","width":"","height":""}],"twitter_card":"summary_large_image","twitter_misc":{"Estimated reading time":"2 minutes"},"schema":{"@context":"https:\/\/schema.org","@graph":[{"@type":"WebPage","@id":"https:\/\/loeilduloup.fr\/skills-for-consent\/","url":"https:\/\/loeilduloup.fr\/skills-for-consent\/","name":"Skills for consent -","isPartOf":{"@id":"https:\/\/loeilduloup.fr\/#website"},"primaryImageOfPage":{"@id":"https:\/\/loeilduloup.fr\/skills-for-consent\/#primaryimage"},"image":{"@id":"https:\/\/loeilduloup.fr\/skills-for-consent\/#primaryimage"},"thumbnailUrl":"https:\/\/loeilduloup.fr\/wp-content\/uploads\/2024\/01\/Capture-decran-2024-01-11-a-16.13.28.png","datePublished":"2024-01-11T14:34:46+00:00","dateModified":"2024-06-26T15:25:21+00:00","breadcrumb":{"@id":"https:\/\/loeilduloup.fr\/skills-for-consent\/#breadcrumb"},"inLanguage":"en-GB","potentialAction":[{"@type":"ReadAction","target":["https:\/\/loeilduloup.fr\/skills-for-consent\/"]}]},{"@type":"ImageObject","inLanguage":"en-GB","@id":"https:\/\/loeilduloup.fr\/skills-for-consent\/#primaryimage","url":"https:\/\/loeilduloup.fr\/wp-content\/uploads\/2024\/01\/Capture-decran-2024-01-11-a-16.13.28.png","contentUrl":"https:\/\/loeilduloup.fr\/wp-content\/uploads\/2024\/01\/Capture-decran-2024-01-11-a-16.13.28.png"},{"@type":"BreadcrumbList","@id":"https:\/\/loeilduloup.fr\/skills-for-consent\/#breadcrumb","itemListElement":[{"@type":"ListItem","position":1,"name":"Accueil","item":"https:\/\/loeilduloup.fr\/"},{"@type":"ListItem","position":2,"name":"Skills for consent"}]},{"@type":"WebSite","@id":"https:\/\/loeilduloup.fr\/#website","url":"https:\/\/loeilduloup.fr\/","name":"","description":"Promoting well-being to reduce violence","potentialAction":[{"@type":"SearchAction","target":{"@type":"EntryPoint","urlTemplate":"https:\/\/loeilduloup.fr\/?s={search_term_string}"},"query-input":{"@type":"PropertyValueSpecification","valueRequired":true,"valueName":"search_term_string"}}],"inLanguage":"en-GB"}]}},"jetpack-related-posts":[{"id":1347,"url":"https:\/\/loeilduloup.fr\/en\/formations\/formation-adolescence-consentement\/","url_meta":{"origin":1615,"position":0},"title":"Lutter contres les st\u00e9r\u00e9otypes de genre pour pr\u00e9venir les violences dans les m\u00e9tiers de l\u2019animation","author":"L'oeil du Loup","date":"5 October 2022","format":false,"excerpt":"Violences sexistes et sexuelles chez les adolescent\u00b7es : pr\u00e9venir et agir Depuis sept ans, nous menons de nombreuses interventions de promotion de l\u2019\u00e9galit\u00e9 de genre et d\u2019\u00e9ducation \u00e0 la vie affective, relationnelle et sexuelle aupr\u00e8s de diff\u00e9rents publics, dans lesquelles la question du consentement tient une place majeure. Ces interventions\u2026","rel":"","context":"Similar post","block_context":{"text":"Similar post","link":""},"img":{"alt_text":"","src":"https:\/\/i0.wp.com\/loeilduloup.fr\/wp-content\/uploads\/2017\/12\/cropped-Banniere_site_ODL.jpg?fit=1180%2C435&ssl=1&resize=350%2C200","width":350,"height":200,"srcset":"https:\/\/i0.wp.com\/loeilduloup.fr\/wp-content\/uploads\/2017\/12\/cropped-Banniere_site_ODL.jpg?fit=1180%2C435&ssl=1&resize=350%2C200 1x, https:\/\/i0.wp.com\/loeilduloup.fr\/wp-content\/uploads\/2017\/12\/cropped-Banniere_site_ODL.jpg?fit=1180%2C435&ssl=1&resize=525%2C300 1.5x, https:\/\/i0.wp.com\/loeilduloup.fr\/wp-content\/uploads\/2017\/12\/cropped-Banniere_site_ODL.jpg?fit=1180%2C435&ssl=1&resize=700%2C400 2x, https:\/\/i0.wp.com\/loeilduloup.fr\/wp-content\/uploads\/2017\/12\/cropped-Banniere_site_ODL.jpg?fit=1180%2C435&ssl=1&resize=1050%2C600 3x"},"classes":[]},{"id":802,"url":"https:\/\/loeilduloup.fr\/en\/","url_meta":{"origin":1615,"position":1},"title":"Our perspective","author":"L'oeil du Loup","date":"30 August 2022","format":false,"excerpt":"L\u2019\u0153il du loup est une association de pr\u00e9vention des violences et de promotion du bien-\u00eatre, sp\u00e9cialis\u00e9e dans la pr\u00e9vention des violences sexistes et sexuelles (VSS). Depuis 2015, L\u2019\u0153il du loup d\u00e9veloppe des actions de pr\u00e9vention aupr\u00e8s d\u2019enfants, de jeunes et d\u2019adultes, avec une p\u00e9dagogie active qui allie conscience de soi,\u2026","rel":"","context":"In \"approche\"","block_context":{"text":"approche","link":"https:\/\/loeilduloup.fr\/en\/tag\/approche\/"},"img":{"alt_text":"","src":"https:\/\/i0.wp.com\/loeilduloup.fr\/wp-content\/uploads\/2017\/12\/Banniere_site_ODL.jpg?fit=1200%2C576&ssl=1&resize=350%2C200","width":350,"height":200,"srcset":"https:\/\/i0.wp.com\/loeilduloup.fr\/wp-content\/uploads\/2017\/12\/Banniere_site_ODL.jpg?fit=1200%2C576&ssl=1&resize=350%2C200 1x, https:\/\/i0.wp.com\/loeilduloup.fr\/wp-content\/uploads\/2017\/12\/Banniere_site_ODL.jpg?fit=1200%2C576&ssl=1&resize=525%2C300 1.5x, https:\/\/i0.wp.com\/loeilduloup.fr\/wp-content\/uploads\/2017\/12\/Banniere_site_ODL.jpg?fit=1200%2C576&ssl=1&resize=700%2C400 2x, https:\/\/i0.wp.com\/loeilduloup.fr\/wp-content\/uploads\/2017\/12\/Banniere_site_ODL.jpg?fit=1200%2C576&ssl=1&resize=1050%2C600 3x"},"classes":[]},{"id":361,"url":"https:\/\/loeilduloup.fr\/en\/vie-affective-et-sexuelle\/","url_meta":{"origin":1615,"position":2},"title":"Education in emotional, relational and sexual life","author":"L'oeil du Loup","date":"9 April 2018","format":false,"excerpt":"Promouvoir l'\u00e9galit\u00e9 et pr\u00e9venir les violences sont des enjeux de sant\u00e9 L\u2019\u00e9ducation \u00e0 la vie affective, relationnelle et sexuelle (EVARS) est une \u00e9ducation \u00e0 une citoyennet\u00e9 compl\u00e8te promouvant des relations\u00a0 affectives saines, l\u2019imp\u00e9ratif de consentement, la reconnaissance des orientations sexuelles et des minorit\u00e9s de genre et la lutte contre les\u2026","rel":"","context":"In \"coll\u00e8ge\"","block_context":{"text":"coll\u00e8ge","link":"https:\/\/loeilduloup.fr\/en\/tag\/college\/"},"img":{"alt_text":"","src":"https:\/\/i0.wp.com\/loeilduloup.fr\/wp-content\/uploads\/2022\/09\/Bannie%CC%80re-site-scolaire1.png?fit=1200%2C600&ssl=1&resize=350%2C200","width":350,"height":200,"srcset":"https:\/\/i0.wp.com\/loeilduloup.fr\/wp-content\/uploads\/2022\/09\/Bannie%CC%80re-site-scolaire1.png?fit=1200%2C600&ssl=1&resize=350%2C200 1x, https:\/\/i0.wp.com\/loeilduloup.fr\/wp-content\/uploads\/2022\/09\/Bannie%CC%80re-site-scolaire1.png?fit=1200%2C600&ssl=1&resize=525%2C300 1.5x, https:\/\/i0.wp.com\/loeilduloup.fr\/wp-content\/uploads\/2022\/09\/Bannie%CC%80re-site-scolaire1.png?fit=1200%2C600&ssl=1&resize=700%2C400 2x, https:\/\/i0.wp.com\/loeilduloup.fr\/wp-content\/uploads\/2022\/09\/Bannie%CC%80re-site-scolaire1.png?fit=1200%2C600&ssl=1&resize=1050%2C600 3x"},"classes":[]},{"id":1988,"url":"https:\/\/loeilduloup.fr\/en\/prevenir-les-violences-sexuelles-et-promouvoir-le-consentement\/","url_meta":{"origin":1615,"position":3},"title":"Pr\u00e9venir les violences sexuelles et promouvoir le consentement","author":"L'oeil du Loup","date":"22 April 2025","format":false,"excerpt":"En Europe, on estime qu\u2019un enfant sur cinq subit des violences sexuelles avant 18\u00a0ans, et nombre d\u2019entre elles restent inconnues ou non signal\u00e9es. Face \u00e0 cette r\u00e9alit\u00e9, les professionnel\u00b7les \u00e0 l\u2019\u00e9cole et dans les structures \u00e9ducatives jouent un r\u00f4le essentiel pour offrir aux jeunes et aux enfants des espaces d'apprentissage\u2026","rel":"","context":"Similar post","block_context":{"text":"Similar post","link":""},"img":{"alt_text":"","src":"","width":0,"height":0},"classes":[]},{"id":1882,"url":"https:\/\/loeilduloup.fr\/en\/competences-psychosociales-et-consentement\/","url_meta":{"origin":1615,"position":4},"title":"Promouvoir le consentement d\u00e8s le plus jeune \u00e2ge par le d\u00e9veloppement des comp\u00e9tences psychosociales","author":"L'oeil du Loup","date":"8 April 2025","format":false,"excerpt":"Parmi les victimes de violences sexuelles, 81% d\u00e9clarent avoir subi les premi\u00e8res violences avant 18 ans, 51% avant 11 ans et 21% avant 6 ans (UNICEF). Face \u00e0 ce constat alarmant, tr\u00e8s peu de dispositifs sont mis en place en France. Alors que la capacit\u00e9 \u00e0 identifier et \u00e0 exprimer\u2026","rel":"","context":"Similar post","block_context":{"text":"Similar post","link":""},"img":{"alt_text":"","src":"","width":0,"height":0},"classes":[]},{"id":946,"url":"https:\/\/loeilduloup.fr\/en\/structures-sociales\/","url_meta":{"origin":1615,"position":5},"title":"Workshops in social organizations","author":"L'oeil du Loup","date":"31 August 2022","format":false,"excerpt":"R\u00e9pondre aux in\u00e9galit\u00e9s sociales de sant\u00e9 Nous collaborons avec diverses structures sociales pour intervenir aupr\u00e8s de femmes victimes de violences, ancien\u00b7nes d\u00e9tenu\u00b7es, personnes au parcours migratoire souvent jalonn\u00e9 de violences... Ces publics dits \"vuln\u00e9rables aux risques de sant\u00e9\" forment des groupes d'une grande h\u00e9t\u00e9rog\u00e9n\u00e9it\u00e9 : ma\u00eetrise du fran\u00e7ais, origine sociale\u2026","rel":"","context":"Similar post","block_context":{"text":"Similar post","link":""},"img":{"alt_text":"","src":"https:\/\/i0.wp.com\/loeilduloup.fr\/wp-content\/uploads\/2022\/10\/Banniere-site-social-scaled.jpg?fit=1200%2C600&ssl=1&resize=350%2C200","width":350,"height":200,"srcset":"https:\/\/i0.wp.com\/loeilduloup.fr\/wp-content\/uploads\/2022\/10\/Banniere-site-social-scaled.jpg?fit=1200%2C600&ssl=1&resize=350%2C200 1x, https:\/\/i0.wp.com\/loeilduloup.fr\/wp-content\/uploads\/2022\/10\/Banniere-site-social-scaled.jpg?fit=1200%2C600&ssl=1&resize=525%2C300 1.5x, https:\/\/i0.wp.com\/loeilduloup.fr\/wp-content\/uploads\/2022\/10\/Banniere-site-social-scaled.jpg?fit=1200%2C600&ssl=1&resize=700%2C400 2x, https:\/\/i0.wp.com\/loeilduloup.fr\/wp-content\/uploads\/2022\/10\/Banniere-site-social-scaled.jpg?fit=1200%2C600&ssl=1&resize=1050%2C600 3x"},"classes":[]}],"jetpack_sharing_enabled":true,"_links":{"self":[{"href":"https:\/\/loeilduloup.fr\/en\/wp-json\/wp\/v2\/pages\/1615","targetHints":{"allow":["GET"]}}],"collection":[{"href":"https:\/\/loeilduloup.fr\/en\/wp-json\/wp\/v2\/pages"}],"about":[{"href":"https:\/\/loeilduloup.fr\/en\/wp-json\/wp\/v2\/types\/page"}],"author":[{"embeddable":true,"href":"https:\/\/loeilduloup.fr\/en\/wp-json\/wp\/v2\/users\/1"}],"replies":[{"embeddable":true,"href":"https:\/\/loeilduloup.fr\/en\/wp-json\/wp\/v2\/comments?post=1615"}],"version-history":[{"count":12,"href":"https:\/\/loeilduloup.fr\/en\/wp-json\/wp\/v2\/pages\/1615\/revisions"}],"predecessor-version":[{"id":1666,"href":"https:\/\/loeilduloup.fr\/en\/wp-json\/wp\/v2\/pages\/1615\/revisions\/1666"}],"wp:attachment":[{"href":"https:\/\/loeilduloup.fr\/en\/wp-json\/wp\/v2\/media?parent=1615"}],"wp:term":[{"taxonomy":"post_tag","embeddable":true,"href":"https:\/\/loeilduloup.fr\/en\/wp-json\/wp\/v2\/tags?post=1615"}],"curies":[{"name":"wp","href":"https:\/\/api.w.org\/{rel}","templated":true}]}}