{"id":1525,"date":"2023-06-13T16:39:30","date_gmt":"2023-06-13T14:39:30","guid":{"rendered":"http:\/\/loeilduloup.fr\/?page_id=1525"},"modified":"2025-04-09T10:37:03","modified_gmt":"2025-04-09T08:37:03","slug":"formation-competences-psychosociales","status":"publish","type":"page","link":"https:\/\/loeilduloup.fr\/en\/formation-competences-psychosociales\/","title":{"rendered":"Comp\u00e9tences Psychosociales et pratique professionnelle"},"content":{"rendered":"<p><strong><mark style=\"background-color:rgba(0, 0, 0, 0);color:#aa2d66\" class=\"has-inline-color\">Integrating CPS into your professional practice<\/mark><\/strong><\/p>\n\n\n\n<p>Psychosocial skills (PSS) are a set of cognitive, emotional and social abilities that increase autonomy, promote psychological well-being and develop constructive interactions.<\/p>\n\n\n\n<p>International research over the last thirty years shows that <strong>the development of PSS is essential for overall health, the school climate, and educational and professional success<\/strong>. Conversely, the insufficient development of PCS is one of the main causes of risk behavior, violence and anxiety.<\/p>\n\n\n\n<p>This training course has been specially designed for professionals who want to improve their practice by incorporating skills that are essential to promoting the health and well-being of individuals.<\/p>\n\n\n\n<p><strong><mark style=\"background-color:rgba(0, 0, 0, 0);color:#66bcbe\" class=\"has-inline-color\">PUBLIC<\/mark><\/strong><br>Professionals and volunteers working with groups and\/or individuals<\/p>\n\n\n\n<div class=\"wp-block-columns is-layout-flex wp-container-core-columns-is-layout-9d6595d7 wp-block-columns-is-layout-flex\">\n<div class=\"wp-block-column is-layout-flow wp-block-column-is-layout-flow\">\n<p><strong><mark style=\"background-color:rgba(0, 0, 0, 0);color:#66bcbe\" class=\"has-inline-color\">AIMS<\/mark><\/strong><\/p>\n\n\n\n<ul class=\"wp-block-list\">\n<li>Understanding and clarifying the concept of psychosocial skills.<\/li>\n\n\n\n<li>Developing emotional intelligence<\/li>\n\n\n\n<li>Exploring and acquiring practical means and tools to promote the development of psychosocial skills.<\/li>\n\n\n\n<li>Discover the different areas of application of PSS: mental and sexual health, well-being, academic success, parenting, etc.<\/li>\n<\/ul>\n\n\n\n<div class=\"wp-block-columns is-layout-flex wp-container-core-columns-is-layout-9d6595d7 wp-block-columns-is-layout-flex\">\n<div class=\"wp-block-column is-layout-flow wp-block-column-is-layout-flow\">\n<p><strong><mark style=\"background-color:rgba(0, 0, 0, 0);color:#66bcbe\" class=\"has-inline-color\">TEACHING METHODS<\/mark><\/strong><\/p>\n\n\n\n<ul class=\"wp-block-list\">\n<li>Theoretical input: psychosocial, pedagogical, educational and regulatory insights<\/li>\n\n\n\n<li>Playful and participative approach, adapted to the situations encountered by the participants<\/li>\n\n\n\n<li>Case studies, role-playing, group work<\/li>\n<\/ul>\n<\/div>\n<\/div>\n<\/div>\n\n\n\n<div class=\"wp-block-column is-layout-flow wp-block-column-is-layout-flow\">\n<p><strong><mark style=\"background-color:rgba(0, 0, 0, 0);color:#66bcbe\" class=\"has-inline-color\">CONTENT<\/mark><\/strong><br><mark style=\"background-color:rgba(0, 0, 0, 0);color:#345e5e\" class=\"has-inline-color\"><strong><strong><strong>Introduction to psychosocial skills<\/strong><\/strong><\/strong><\/mark><\/p>\n\n\n\n<ul class=\"wp-block-list\">\n<li>PSS, what is it all about?<\/li>\n\n\n\n<li>Why and how to integrate them into your professional practice?<\/li>\n\n\n\n<li>Focus on a few PSS<\/li>\n<\/ul>\n\n\n\n<p><mark style=\"background-color:rgba(0, 0, 0, 0);color:#345e5e\" class=\"has-inline-color\"><strong><strong>Developing self-awareness<\/strong><\/strong><\/mark><\/p>\n\n\n\n<ul class=\"wp-block-list\">\n<li>Understanding your own reactions and emotions<\/li>\n\n\n\n<li>Stress and strong emotions: how they work and how to manage them<\/li>\n\n\n\n<li>Clarify your intentions<\/li>\n<\/ul>\n\n\n\n<p><mark style=\"background-color:rgba(0, 0, 0, 0);color:#345e5e\" class=\"has-inline-color\"><strong><strong><strong>Prioritize the quality of the relationship<\/strong><\/strong><\/strong><\/mark><\/p>\n\n\n\n<ul class=\"wp-block-list\">\n<li>Setting up the frame<\/li>\n\n\n\n<li>Manage a group with confidence<\/li>\n\n\n\n<li>Empathic communication<\/li>\n<\/ul>\n\n\n\n<p><mark style=\"background-color:rgba(0, 0, 0, 0);color:#345e5e\" class=\"has-inline-color\"><strong><strong><strong>Set up PSS development workshops<\/strong><\/strong><\/strong><\/mark><\/p>\n\n\n\n<ul class=\"wp-block-list\">\n<li>Success factors<\/li>\n\n\n\n<li>Leading a lively debate (leading techniques)<\/li>\n\n\n\n<li>Group work on the creation and implementation of tools for the development of PSS<\/li>\n<\/ul>\n<\/div>\n<\/div>\n\n\n\n<p><strong><mark style=\"background-color:rgba(0, 0, 0, 0);color:#66bcbe\" class=\"has-inline-color\">DURATION<\/mark><\/strong><br>2 days (14 hours)<\/p>\n\n\n\n<p><strong><mark style=\"background-color:rgba(0, 0, 0, 0);color:#66bcbe\" class=\"has-inline-color\">PLACE<\/mark><\/strong><br>Marseille, Cit\u00e9 des Associations, or on your premises<\/p>\n\n\n\n<div class=\"wp-block-buttons is-layout-flex wp-block-buttons-is-layout-flex\">\n<div class=\"wp-block-button\"><a class=\"wp-block-button__link wp-element-button\" href=\"https:\/\/loeilduloup.fr\/wp-content\/uploads\/2025\/04\/Integrer-les-competences-psychosociales-dans-sa-pratique-professionnelle.pdf\">T\u00e9l\u00e9charger le programme de formation<\/a><\/div>\n<\/div>\n\n\n\n<p class=\"has-text-align-center\"><strong><a href=\"http:\/\/loeilduloup.fr\/en\/contact\/\"><mark style=\"background-color:rgba(0, 0, 0, 0);color:#db6232\" class=\"has-inline-color\">Contact us to organize a training course<\/mark><\/a><\/strong><\/p>","protected":false},"excerpt":{"rendered":"<p>Int\u00e9grer les CPS dans sa pratique professionnelle Les comp\u00e9tences psychosociales (CPS) sont un ensemble de capacit\u00e9s cognitives, \u00e9motionnelles et sociales qui augmentent l&rsquo;autonomie, favorisent le bien-\u00eatre psychique et le d\u00e9veloppent d\u2019interactions constructives. Les recherches internationales des trente derni\u00e8res ann\u00e9es montrent que le d\u00e9veloppement des CPS est essentiel pour la sant\u00e9 globale, le climat scolaire, ainsi&hellip; <a href=\"https:\/\/loeilduloup.fr\/en\/formation-competences-psychosociales\/\" class=\"more-link\">Continue reading <span class=\"screen-reader-text\">Comp\u00e9tences Psychosociales et pratique professionnelle<\/span><\/a><\/p>","protected":false},"author":1,"featured_media":0,"parent":0,"menu_order":0,"comment_status":"closed","ping_status":"closed","template":"templates\/full-width-page.php","meta":{"footnotes":""},"tags":[],"class_list":["post-1525","page","type-page","status-publish","hentry","without-featured-image"],"yoast_head":"<!-- This site is optimized with the Yoast SEO plugin v27.4 - https:\/\/yoast.com\/product\/yoast-seo-wordpress\/ -->\n<title>Comp\u00e9tences Psychosociales et pratique professionnelle -<\/title>\n<meta name=\"robots\" content=\"index, follow, max-snippet:-1, max-image-preview:large, max-video-preview:-1\" \/>\n<link rel=\"canonical\" href=\"https:\/\/loeilduloup.fr\/en\/formation-competences-psychosociales\/\" \/>\n<meta property=\"og:locale\" content=\"en_GB\" \/>\n<meta property=\"og:type\" content=\"article\" \/>\n<meta property=\"og:title\" content=\"Comp\u00e9tences Psychosociales et pratique professionnelle -\" \/>\n<meta property=\"og:description\" content=\"Int\u00e9grer les CPS dans sa pratique professionnelle Les comp\u00e9tences psychosociales (CPS) sont un ensemble de capacit\u00e9s cognitives, \u00e9motionnelles et sociales qui augmentent l&rsquo;autonomie, favorisent le bien-\u00eatre psychique et le d\u00e9veloppent d\u2019interactions constructives. Les recherches internationales des trente derni\u00e8res ann\u00e9es montrent que le d\u00e9veloppement des CPS est essentiel pour la sant\u00e9 globale, le climat scolaire, ainsi&hellip; Continue reading Comp\u00e9tences Psychosociales et pratique professionnelle\" \/>\n<meta property=\"og:url\" content=\"https:\/\/loeilduloup.fr\/en\/formation-competences-psychosociales\/\" \/>\n<meta property=\"article:modified_time\" content=\"2025-04-09T08:37:03+00:00\" \/>\n<meta name=\"twitter:card\" content=\"summary_large_image\" \/>\n<meta name=\"twitter:label1\" content=\"Estimated reading time\" \/>\n\t<meta name=\"twitter:data1\" content=\"2 minutes\" \/>\n<script type=\"application\/ld+json\" class=\"yoast-schema-graph\">{\"@context\":\"https:\\\/\\\/schema.org\",\"@graph\":[{\"@type\":\"WebPage\",\"@id\":\"https:\\\/\\\/loeilduloup.fr\\\/formation-competences-psychosociales\\\/\",\"url\":\"https:\\\/\\\/loeilduloup.fr\\\/formation-competences-psychosociales\\\/\",\"name\":\"Comp\u00e9tences Psychosociales et pratique professionnelle -\",\"isPartOf\":{\"@id\":\"https:\\\/\\\/loeilduloup.fr\\\/#website\"},\"datePublished\":\"2023-06-13T14:39:30+00:00\",\"dateModified\":\"2025-04-09T08:37:03+00:00\",\"breadcrumb\":{\"@id\":\"https:\\\/\\\/loeilduloup.fr\\\/formation-competences-psychosociales\\\/#breadcrumb\"},\"inLanguage\":\"en-GB\",\"potentialAction\":[{\"@type\":\"ReadAction\",\"target\":[\"https:\\\/\\\/loeilduloup.fr\\\/formation-competences-psychosociales\\\/\"]}]},{\"@type\":\"BreadcrumbList\",\"@id\":\"https:\\\/\\\/loeilduloup.fr\\\/formation-competences-psychosociales\\\/#breadcrumb\",\"itemListElement\":[{\"@type\":\"ListItem\",\"position\":1,\"name\":\"Accueil\",\"item\":\"https:\\\/\\\/loeilduloup.fr\\\/\"},{\"@type\":\"ListItem\",\"position\":2,\"name\":\"Comp\u00e9tences Psychosociales et pratique professionnelle\"}]},{\"@type\":\"WebSite\",\"@id\":\"https:\\\/\\\/loeilduloup.fr\\\/#website\",\"url\":\"https:\\\/\\\/loeilduloup.fr\\\/\",\"name\":\"\",\"description\":\"Promouvoir le bien-\u00eatre pour r\u00e9duire les violences\",\"potentialAction\":[{\"@type\":\"SearchAction\",\"target\":{\"@type\":\"EntryPoint\",\"urlTemplate\":\"https:\\\/\\\/loeilduloup.fr\\\/?s={search_term_string}\"},\"query-input\":{\"@type\":\"PropertyValueSpecification\",\"valueRequired\":true,\"valueName\":\"search_term_string\"}}],\"inLanguage\":\"en-GB\"}]}<\/script>\n<!-- \/ Yoast SEO plugin. -->","yoast_head_json":{"title":"Comp\u00e9tences Psychosociales et pratique professionnelle -","robots":{"index":"index","follow":"follow","max-snippet":"max-snippet:-1","max-image-preview":"max-image-preview:large","max-video-preview":"max-video-preview:-1"},"canonical":"https:\/\/loeilduloup.fr\/en\/formation-competences-psychosociales\/","og_locale":"en_GB","og_type":"article","og_title":"Comp\u00e9tences Psychosociales et pratique professionnelle -","og_description":"Int\u00e9grer les CPS dans sa pratique professionnelle Les comp\u00e9tences psychosociales (CPS) sont un ensemble de capacit\u00e9s cognitives, \u00e9motionnelles et sociales qui augmentent l&rsquo;autonomie, favorisent le bien-\u00eatre psychique et le d\u00e9veloppent d\u2019interactions constructives. Les recherches internationales des trente derni\u00e8res ann\u00e9es montrent que le d\u00e9veloppement des CPS est essentiel pour la sant\u00e9 globale, le climat scolaire, ainsi&hellip; Continue reading Comp\u00e9tences Psychosociales et pratique professionnelle","og_url":"https:\/\/loeilduloup.fr\/en\/formation-competences-psychosociales\/","article_modified_time":"2025-04-09T08:37:03+00:00","twitter_card":"summary_large_image","twitter_misc":{"Estimated reading time":"2 minutes"},"schema":{"@context":"https:\/\/schema.org","@graph":[{"@type":"WebPage","@id":"https:\/\/loeilduloup.fr\/formation-competences-psychosociales\/","url":"https:\/\/loeilduloup.fr\/formation-competences-psychosociales\/","name":"Comp\u00e9tences Psychosociales et pratique professionnelle -","isPartOf":{"@id":"https:\/\/loeilduloup.fr\/#website"},"datePublished":"2023-06-13T14:39:30+00:00","dateModified":"2025-04-09T08:37:03+00:00","breadcrumb":{"@id":"https:\/\/loeilduloup.fr\/formation-competences-psychosociales\/#breadcrumb"},"inLanguage":"en-GB","potentialAction":[{"@type":"ReadAction","target":["https:\/\/loeilduloup.fr\/formation-competences-psychosociales\/"]}]},{"@type":"BreadcrumbList","@id":"https:\/\/loeilduloup.fr\/formation-competences-psychosociales\/#breadcrumb","itemListElement":[{"@type":"ListItem","position":1,"name":"Accueil","item":"https:\/\/loeilduloup.fr\/"},{"@type":"ListItem","position":2,"name":"Comp\u00e9tences Psychosociales et pratique professionnelle"}]},{"@type":"WebSite","@id":"https:\/\/loeilduloup.fr\/#website","url":"https:\/\/loeilduloup.fr\/","name":"","description":"Promoting well-being to reduce violence","potentialAction":[{"@type":"SearchAction","target":{"@type":"EntryPoint","urlTemplate":"https:\/\/loeilduloup.fr\/?s={search_term_string}"},"query-input":{"@type":"PropertyValueSpecification","valueRequired":true,"valueName":"search_term_string"}}],"inLanguage":"en-GB"}]}},"jetpack-related-posts":[{"id":1985,"url":"https:\/\/loeilduloup.fr\/en\/les-competences-psychosociales\/","url_meta":{"origin":1525,"position":0},"title":"Les comp\u00e9tences psychosociales","author":"L'oeil du Loup","date":"22 April 2025","format":false,"excerpt":"Les comp\u00e9tences psychosociales (CPS) constituent un ensemble int\u00e9gr\u00e9 de capacit\u00e9s cognitives, \u00e9motionnelles et sociales. Elles favorisent l\u2019autonomie, le bien\u2011\u00eatre psychique et la qualit\u00e9 des interactions en activant les fonctions ex\u00e9cutives du cerveau, comme la concentration et la prise de d\u00e9cision, tout en limitant les r\u00e9actions impulsives face au stress1. Pourquoi\u2026","rel":"","context":"Similar post","block_context":{"text":"Similar post","link":""},"img":{"alt_text":"","src":"","width":0,"height":0},"classes":[]},{"id":25,"url":"https:\/\/loeilduloup.fr\/en\/ateliers-cps\/","url_meta":{"origin":1525,"position":1},"title":"Developing psychosocial skills","author":"L'oeil du Loup","date":"11 December 2017","format":false,"excerpt":"Tous nos ateliers CPS peuvent \u00eatre co-con\u00e7us avec vous et adapt\u00e9es \u00e0 vos besoins sp\u00e9cifiques. PUBLICSEnfants, adolescent\u00b7es, adultes FORMATS ET TYPES D'INTERVENTIONS Ateliers parents\/enfants, milieu scolaire, petite enfance, accueils collectifs de mineurs (ACM)... Le d\u00e9veloppement des comp\u00e9tences psychosociales est un processus qui se fait dans la dur\u00e9e et dans la\u2026","rel":"","context":"Similar post","block_context":{"text":"Similar post","link":""},"img":{"alt_text":"","src":"https:\/\/i0.wp.com\/loeilduloup.fr\/wp-content\/uploads\/2022\/10\/Banniere-site-BAO-scaled.jpg?fit=1200%2C600&ssl=1&resize=350%2C200","width":350,"height":200,"srcset":"https:\/\/i0.wp.com\/loeilduloup.fr\/wp-content\/uploads\/2022\/10\/Banniere-site-BAO-scaled.jpg?fit=1200%2C600&ssl=1&resize=350%2C200 1x, https:\/\/i0.wp.com\/loeilduloup.fr\/wp-content\/uploads\/2022\/10\/Banniere-site-BAO-scaled.jpg?fit=1200%2C600&ssl=1&resize=525%2C300 1.5x, https:\/\/i0.wp.com\/loeilduloup.fr\/wp-content\/uploads\/2022\/10\/Banniere-site-BAO-scaled.jpg?fit=1200%2C600&ssl=1&resize=700%2C400 2x, https:\/\/i0.wp.com\/loeilduloup.fr\/wp-content\/uploads\/2022\/10\/Banniere-site-BAO-scaled.jpg?fit=1200%2C600&ssl=1&resize=1050%2C600 3x"},"classes":[]},{"id":943,"url":"https:\/\/loeilduloup.fr\/en\/boite-a-outils-cps\/","url_meta":{"origin":1525,"position":2},"title":"Psychosocial skills toolbox","author":"L'oeil du Loup","date":"31 August 2022","format":false,"excerpt":"Les comp\u00e9tences \u00e9motionnelles En partenariat avec les Cit\u00e9s \u00c9ducatives* Marseille Nord et l'\u00e9quipe circonscription Marseille Nord Estaque (\u00c9ducation Nationale), nous avons construit une \"bo\u00eete \u00e0 outils\" \u00e0 destination des enseignant\u00b7es de Grande section de maternelle et de CP pour faciliter la mise en place d'activit\u00e9s de d\u00e9veloppement des CPS. Le\u2026","rel":"","context":"Similar post","block_context":{"text":"Similar post","link":""},"img":{"alt_text":"","src":"https:\/\/i0.wp.com\/loeilduloup.fr\/wp-content\/uploads\/2022\/11\/BAO-banniere.png?fit=1200%2C541&ssl=1&resize=350%2C200","width":350,"height":200,"srcset":"https:\/\/i0.wp.com\/loeilduloup.fr\/wp-content\/uploads\/2022\/11\/BAO-banniere.png?fit=1200%2C541&ssl=1&resize=350%2C200 1x, https:\/\/i0.wp.com\/loeilduloup.fr\/wp-content\/uploads\/2022\/11\/BAO-banniere.png?fit=1200%2C541&ssl=1&resize=525%2C300 1.5x, https:\/\/i0.wp.com\/loeilduloup.fr\/wp-content\/uploads\/2022\/11\/BAO-banniere.png?fit=1200%2C541&ssl=1&resize=700%2C400 2x, https:\/\/i0.wp.com\/loeilduloup.fr\/wp-content\/uploads\/2022\/11\/BAO-banniere.png?fit=1200%2C541&ssl=1&resize=1050%2C600 3x"},"classes":[]},{"id":2023,"url":"https:\/\/loeilduloup.fr\/en\/ressources-2\/la-serie-audio-educative-nour-marin-et-les-perles-de-magie\/","url_meta":{"origin":1525,"position":3},"title":"S\u00e9rie audio \u00e9ducative \u00ab Nour, Marin et les perles de magie \u00bb","author":"L'oeil du Loup","date":"10 April 2026","format":false,"excerpt":"Comment parler de consentement, de respect du corps et des \u00e9motions avec les enfants d\u00e8s 5 ans, de mani\u00e8re accessible et adapt\u00e9e ? C\u2019est tout l\u2019enjeu de notre s\u00e9rie audio \u00ab Nour, Marin et les perles de magie \u00bb, con\u00e7ue comme un outil p\u00e9dagogique innovant au service de la pr\u00e9vention\u2026","rel":"","context":"Similar post","block_context":{"text":"Similar post","link":""},"img":{"alt_text":"","src":"https:\/\/i0.wp.com\/loeilduloup.fr\/wp-content\/uploads\/2026\/04\/clap-audio-logo.webp?resize=350%2C200","width":350,"height":200},"classes":[]},{"id":1722,"url":"https:\/\/loeilduloup.fr\/en\/consentement-enfants-outils\/","url_meta":{"origin":1525,"position":4},"title":"Bo\u00eete \u00e0 outils \u00ab\u00a0Des comp\u00e9tences pour les relations\u00a0\u00bb","author":"L'oeil du Loup","date":"24 February 2025","format":false,"excerpt":"La bo\u00eete \u00e0 outils \"Des comp\u00e9tences pour les relations\", un outil p\u00e9dagogique gratuit pour les professionnel\u00b7les de l\u2019enfance \"Des comp\u00e9tences pour les relations\" est une bo\u00eete \u00e0 outils financ\u00e9e par le programme Erasmus+ de l\u2019Union Europ\u00e9enne, con\u00e7ue pour accompagner les enseignant\u00b7es, \u00e9ducateur\u00b7rices, animateur\u00b7rices et autres professionnel\u00b7les travaillant avec des enfants\u2026","rel":"","context":"Similar post","block_context":{"text":"Similar post","link":""},"img":{"alt_text":"","src":"https:\/\/i0.wp.com\/loeilduloup.fr\/wp-content\/uploads\/2026\/03\/Couverture_boite_outil_consentement_enfants_Loeil_du_loup.png?resize=350%2C200&ssl=1","width":350,"height":200,"srcset":"https:\/\/i0.wp.com\/loeilduloup.fr\/wp-content\/uploads\/2026\/03\/Couverture_boite_outil_consentement_enfants_Loeil_du_loup.png?resize=350%2C200&ssl=1 1x, https:\/\/i0.wp.com\/loeilduloup.fr\/wp-content\/uploads\/2026\/03\/Couverture_boite_outil_consentement_enfants_Loeil_du_loup.png?resize=525%2C300&ssl=1 1.5x"},"classes":[]},{"id":1882,"url":"https:\/\/loeilduloup.fr\/en\/competences-psychosociales-et-consentement\/","url_meta":{"origin":1525,"position":5},"title":"Promouvoir le consentement d\u00e8s le plus jeune \u00e2ge par le d\u00e9veloppement des comp\u00e9tences psychosociales","author":"L'oeil du Loup","date":"8 April 2025","format":false,"excerpt":"Parmi les victimes de violences sexuelles, 81% d\u00e9clarent avoir subi les premi\u00e8res violences avant 18 ans, 51% avant 11 ans et 21% avant 6 ans (UNICEF). Face \u00e0 ce constat alarmant, tr\u00e8s peu de dispositifs sont mis en place en France. Alors que la capacit\u00e9 \u00e0 identifier et \u00e0 exprimer\u2026","rel":"","context":"Similar post","block_context":{"text":"Similar post","link":""},"img":{"alt_text":"","src":"","width":0,"height":0},"classes":[]}],"jetpack_sharing_enabled":true,"_links":{"self":[{"href":"https:\/\/loeilduloup.fr\/en\/wp-json\/wp\/v2\/pages\/1525","targetHints":{"allow":["GET"]}}],"collection":[{"href":"https:\/\/loeilduloup.fr\/en\/wp-json\/wp\/v2\/pages"}],"about":[{"href":"https:\/\/loeilduloup.fr\/en\/wp-json\/wp\/v2\/types\/page"}],"author":[{"embeddable":true,"href":"https:\/\/loeilduloup.fr\/en\/wp-json\/wp\/v2\/users\/1"}],"replies":[{"embeddable":true,"href":"https:\/\/loeilduloup.fr\/en\/wp-json\/wp\/v2\/comments?post=1525"}],"version-history":[{"count":8,"href":"https:\/\/loeilduloup.fr\/en\/wp-json\/wp\/v2\/pages\/1525\/revisions"}],"predecessor-version":[{"id":1946,"href":"https:\/\/loeilduloup.fr\/en\/wp-json\/wp\/v2\/pages\/1525\/revisions\/1946"}],"wp:attachment":[{"href":"https:\/\/loeilduloup.fr\/en\/wp-json\/wp\/v2\/media?parent=1525"}],"wp:term":[{"taxonomy":"post_tag","embeddable":true,"href":"https:\/\/loeilduloup.fr\/en\/wp-json\/wp\/v2\/tags?post=1525"}],"curies":[{"name":"wp","href":"https:\/\/api.w.org\/{rel}","templated":true}]}}