{"id":1428,"date":"2022-12-28T14:29:53","date_gmt":"2022-12-28T13:29:53","guid":{"rendered":"http:\/\/loeilduloup.fr\/?page_id=1428"},"modified":"2025-04-09T10:48:30","modified_gmt":"2025-04-09T08:48:30","slug":"formation-gestion-des-conflits","status":"publish","type":"page","link":"https:\/\/loeilduloup.fr\/en\/formations\/formation-gestion-des-conflits\/","title":{"rendered":"Conflict management"},"content":{"rendered":"<p><strong><mark style=\"background-color:rgba(0, 0, 0, 0);color:#aa2d66\" class=\"has-inline-color\">Positive conflict management in the workplace<\/mark><\/strong><\/p>\n\n\n\n<p>In a team, between colleagues or with certain audiences, it is common to experience conflicts in the workplace. Situations of stress, poor communication or conflicting objectives can sometimes leave professionals at a dead end. What are the keys to unlocking dialogue, facilitating expression and asserting oneself while respecting others? Knowing how to apply communication based on authenticity, emotional expression and empathy can be a decisive resource.<\/p>\n\n\n\n<p><strong><mark style=\"background-color:rgba(0, 0, 0, 0);color:#66bcbe\" class=\"has-inline-color\">PUBLIC<\/mark><\/strong><br>Professionals and volunteers from all sectors<\/p>\n\n\n\n<div class=\"wp-block-columns is-layout-flex wp-container-core-columns-is-layout-9d6595d7 wp-block-columns-is-layout-flex\">\n<div class=\"wp-block-column is-layout-flow wp-block-column-is-layout-flow\">\n<p><strong><mark style=\"background-color:rgba(0, 0, 0, 0);color:#66bcbe\" class=\"has-inline-color\">AIMS<\/mark><\/strong><\/p>\n\n\n\n<ul class=\"wp-block-list\">\n<li>Understanding the mechanisms that block or open communication<\/li>\n\n\n\n<li>Understanding the mechanisms of stress and aggression<\/li>\n\n\n\n<li>Developing emotional intelligence<\/li>\n\n\n\n<li>Find solutions based on mutual respect and consensus<\/li>\n<\/ul>\n\n\n\n<div class=\"wp-block-columns is-layout-flex wp-container-core-columns-is-layout-9d6595d7 wp-block-columns-is-layout-flex\">\n<div class=\"wp-block-column is-layout-flow wp-block-column-is-layout-flow\">\n<p><strong><mark style=\"background-color:rgba(0, 0, 0, 0);color:#66bcbe\" class=\"has-inline-color\">TEACHING METHODS<\/mark><\/strong><\/p>\n\n\n\n<ul class=\"wp-block-list\">\n<li>Theoretical input: psychosocial, pedagogical, educational and regulatory insights<\/li>\n\n\n\n<li>Playful and participative approach, adapted to the situations encountered by the participants<\/li>\n\n\n\n<li>Case studies, role-playing, group work<\/li>\n<\/ul>\n<\/div>\n<\/div>\n<\/div>\n\n\n\n<div class=\"wp-block-column is-layout-flow wp-block-column-is-layout-flow\">\n<p><strong><mark style=\"background-color:rgba(0, 0, 0, 0);color:#66bcbe\" class=\"has-inline-color\">CONTENT<\/mark><\/strong><br><mark style=\"background-color:rgba(0, 0, 0, 0);color:#345e5e\" class=\"has-inline-color\"><strong><strong>What is a conflict?<\/strong><\/strong><\/mark><\/p>\n\n\n\n<ul class=\"wp-block-list\">\n<li>Representations and conflicts<\/li>\n\n\n\n<li>The causes of a conflict<\/li>\n\n\n\n<li>The human needs behind the conflict<\/li>\n<\/ul>\n\n\n\n<p><mark style=\"background-color:rgba(0, 0, 0, 0);color:#345e5e\" class=\"has-inline-color\"><strong><strong>Developing self-awareness<\/strong><\/strong><\/mark><\/p>\n\n\n\n<ul class=\"wp-block-list\">\n<li>Understanding your own reactions and emotions<\/li>\n\n\n\n<li>Emotional intelligence<\/li>\n\n\n\n<li>Stress and strong emotions: the contribution of affective and social neuroscience<\/li>\n<\/ul>\n\n\n\n<p><mark style=\"background-color:rgba(0, 0, 0, 0);color:#345e5e\" class=\"has-inline-color\"><strong><strong><strong>Prioritize the quality of the relationship<\/strong><\/strong><\/strong><\/mark><\/p>\n\n\n\n<ul class=\"wp-block-list\">\n<li>Knowing how to distinguish facts from our interpretations and judgments<\/li>\n\n\n\n<li>Empathic communication<\/li>\n\n\n\n<li>Learning to assert yourself while respecting others with the tools of non-violent communication (NVC)*<\/li>\n\n\n\n<li>Work around examples of conflicts and situations experienced by the participants<\/li>\n<\/ul>\n<\/div>\n<\/div>\n\n\n\n<p><strong><mark style=\"background-color:rgba(0, 0, 0, 0);color:#66bcbe\" class=\"has-inline-color\">DURATION<\/mark><\/strong><br>2 days (14 hours)<\/p>\n\n\n\n<p><strong><mark style=\"background-color:rgba(0, 0, 0, 0);color:#66bcbe\" class=\"has-inline-color\">PLACE<\/mark><\/strong><br>Marseille, Cit\u00e9 des Associations, or on your premises<\/p>\n\n\n\n<div class=\"wp-block-buttons is-layout-flex wp-block-buttons-is-layout-flex\">\n<div class=\"wp-block-button\"><a class=\"wp-block-button__link wp-element-button\" href=\"https:\/\/loeilduloup.fr\/wp-content\/uploads\/2025\/04\/Gerer-positivement-les-conflits-en-situation-professionnelle.pdf\">T\u00e9l\u00e9charger le programme de formation<\/a><\/div>\n<\/div>\n\n\n\n<p class=\"has-text-align-center\"><strong><a href=\"http:\/\/loeilduloup.fr\/en\/contact\/\"><mark style=\"background-color:rgba(0, 0, 0, 0);color:#db6232\" class=\"has-inline-color\">Contact us to organize a training course<\/mark><\/a><\/strong><\/p>","protected":false},"excerpt":{"rendered":"<p>Positive conflict management in the workplace Conflicts in the workplace are commonplace, whether in a team, between colleagues or with certain audiences. Situations of stress, poor communication or conflicting objectives can sometimes leave professionals at a loss. What are the keys to unlocking dialogue, facilitating expression and asserting oneself in the... <a href=\"https:\/\/loeilduloup.fr\/en\/formations\/formation-gestion-des-conflits\/\" class=\"more-link\">Continue reading <span class=\"screen-reader-text\">Conflict management<\/span><\/a><\/p>","protected":false},"author":1,"featured_media":1790,"parent":30,"menu_order":0,"comment_status":"closed","ping_status":"closed","template":"templates\/full-width-page.php","meta":{"footnotes":""},"tags":[],"class_list":["post-1428","page","type-page","status-publish","has-post-thumbnail","hentry","without-featured-image"],"yoast_head":"<!-- This site is optimized with the Yoast SEO plugin v27.4 - https:\/\/yoast.com\/product\/yoast-seo-wordpress\/ -->\n<title>Gestion des conflits -<\/title>\n<meta name=\"robots\" content=\"index, follow, max-snippet:-1, max-image-preview:large, max-video-preview:-1\" \/>\n<link rel=\"canonical\" href=\"https:\/\/loeilduloup.fr\/en\/formations\/formation-gestion-des-conflits\/\" \/>\n<meta property=\"og:locale\" content=\"en_GB\" \/>\n<meta property=\"og:type\" content=\"article\" \/>\n<meta property=\"og:title\" content=\"Gestion des conflits -\" \/>\n<meta property=\"og:description\" content=\"G\u00e9rer positivement les conflits en situation professionnelle En \u00e9quipe, entre deux coll\u00e8gues ou avec certains publics, il est courant de conna\u00eetre des conflits en milieu professionnel. Les situations de stress, de communication insatisfaisante ou d\u2019objectifs contraires laissent parfois les professionnel\u00b7les dans une impasse. Quelles cl\u00e9s pour d\u00e9bloquer le dialogue, faciliter l\u2019expression et s\u2019affirmer dans le&hellip; Continue reading Gestion des conflits\" \/>\n<meta property=\"og:url\" content=\"https:\/\/loeilduloup.fr\/en\/formations\/formation-gestion-des-conflits\/\" \/>\n<meta property=\"article:modified_time\" content=\"2025-04-09T08:48:30+00:00\" \/>\n<meta property=\"og:image\" content=\"https:\/\/loeilduloup.fr\/wp-content\/uploads\/2025\/03\/Design-sans-titre-2.png\" \/>\n\t<meta property=\"og:image:width\" content=\"1600\" \/>\n\t<meta property=\"og:image:height\" content=\"1067\" \/>\n\t<meta property=\"og:image:type\" content=\"image\/png\" \/>\n<meta name=\"twitter:card\" content=\"summary_large_image\" \/>\n<meta name=\"twitter:label1\" content=\"Estimated reading time\" \/>\n\t<meta name=\"twitter:data1\" content=\"2 minutes\" \/>\n<script type=\"application\/ld+json\" class=\"yoast-schema-graph\">{\"@context\":\"https:\\\/\\\/schema.org\",\"@graph\":[{\"@type\":\"WebPage\",\"@id\":\"https:\\\/\\\/loeilduloup.fr\\\/formations\\\/formation-gestion-des-conflits\\\/\",\"url\":\"https:\\\/\\\/loeilduloup.fr\\\/formations\\\/formation-gestion-des-conflits\\\/\",\"name\":\"Gestion des conflits -\",\"isPartOf\":{\"@id\":\"https:\\\/\\\/loeilduloup.fr\\\/#website\"},\"primaryImageOfPage\":{\"@id\":\"https:\\\/\\\/loeilduloup.fr\\\/formations\\\/formation-gestion-des-conflits\\\/#primaryimage\"},\"image\":{\"@id\":\"https:\\\/\\\/loeilduloup.fr\\\/formations\\\/formation-gestion-des-conflits\\\/#primaryimage\"},\"thumbnailUrl\":\"https:\\\/\\\/i0.wp.com\\\/loeilduloup.fr\\\/wp-content\\\/uploads\\\/2025\\\/03\\\/Design-sans-titre-2.png?fit=1600%2C1067&ssl=1\",\"datePublished\":\"2022-12-28T13:29:53+00:00\",\"dateModified\":\"2025-04-09T08:48:30+00:00\",\"breadcrumb\":{\"@id\":\"https:\\\/\\\/loeilduloup.fr\\\/formations\\\/formation-gestion-des-conflits\\\/#breadcrumb\"},\"inLanguage\":\"en-GB\",\"potentialAction\":[{\"@type\":\"ReadAction\",\"target\":[\"https:\\\/\\\/loeilduloup.fr\\\/formations\\\/formation-gestion-des-conflits\\\/\"]}]},{\"@type\":\"ImageObject\",\"inLanguage\":\"en-GB\",\"@id\":\"https:\\\/\\\/loeilduloup.fr\\\/formations\\\/formation-gestion-des-conflits\\\/#primaryimage\",\"url\":\"https:\\\/\\\/i0.wp.com\\\/loeilduloup.fr\\\/wp-content\\\/uploads\\\/2025\\\/03\\\/Design-sans-titre-2.png?fit=1600%2C1067&ssl=1\",\"contentUrl\":\"https:\\\/\\\/i0.wp.com\\\/loeilduloup.fr\\\/wp-content\\\/uploads\\\/2025\\\/03\\\/Design-sans-titre-2.png?fit=1600%2C1067&ssl=1\",\"width\":1600,\"height\":1067},{\"@type\":\"BreadcrumbList\",\"@id\":\"https:\\\/\\\/loeilduloup.fr\\\/formations\\\/formation-gestion-des-conflits\\\/#breadcrumb\",\"itemListElement\":[{\"@type\":\"ListItem\",\"position\":1,\"name\":\"Accueil\",\"item\":\"https:\\\/\\\/loeilduloup.fr\\\/\"},{\"@type\":\"ListItem\",\"position\":2,\"name\":\"Formations\",\"item\":\"https:\\\/\\\/loeilduloup.fr\\\/formations\\\/\"},{\"@type\":\"ListItem\",\"position\":3,\"name\":\"Gestion des conflits\"}]},{\"@type\":\"WebSite\",\"@id\":\"https:\\\/\\\/loeilduloup.fr\\\/#website\",\"url\":\"https:\\\/\\\/loeilduloup.fr\\\/\",\"name\":\"\",\"description\":\"Promouvoir le bien-\u00eatre pour r\u00e9duire les violences\",\"potentialAction\":[{\"@type\":\"SearchAction\",\"target\":{\"@type\":\"EntryPoint\",\"urlTemplate\":\"https:\\\/\\\/loeilduloup.fr\\\/?s={search_term_string}\"},\"query-input\":{\"@type\":\"PropertyValueSpecification\",\"valueRequired\":true,\"valueName\":\"search_term_string\"}}],\"inLanguage\":\"en-GB\"}]}<\/script>\n<!-- \/ Yoast SEO plugin. -->","yoast_head_json":{"title":"Gestion des conflits -","robots":{"index":"index","follow":"follow","max-snippet":"max-snippet:-1","max-image-preview":"max-image-preview:large","max-video-preview":"max-video-preview:-1"},"canonical":"https:\/\/loeilduloup.fr\/en\/formations\/formation-gestion-des-conflits\/","og_locale":"en_GB","og_type":"article","og_title":"Gestion des conflits -","og_description":"G\u00e9rer positivement les conflits en situation professionnelle En \u00e9quipe, entre deux coll\u00e8gues ou avec certains publics, il est courant de conna\u00eetre des conflits en milieu professionnel. Les situations de stress, de communication insatisfaisante ou d\u2019objectifs contraires laissent parfois les professionnel\u00b7les dans une impasse. Quelles cl\u00e9s pour d\u00e9bloquer le dialogue, faciliter l\u2019expression et s\u2019affirmer dans le&hellip; Continue reading Gestion des conflits","og_url":"https:\/\/loeilduloup.fr\/en\/formations\/formation-gestion-des-conflits\/","article_modified_time":"2025-04-09T08:48:30+00:00","og_image":[{"width":1600,"height":1067,"url":"https:\/\/loeilduloup.fr\/wp-content\/uploads\/2025\/03\/Design-sans-titre-2.png","type":"image\/png"}],"twitter_card":"summary_large_image","twitter_misc":{"Estimated reading time":"2 minutes"},"schema":{"@context":"https:\/\/schema.org","@graph":[{"@type":"WebPage","@id":"https:\/\/loeilduloup.fr\/formations\/formation-gestion-des-conflits\/","url":"https:\/\/loeilduloup.fr\/formations\/formation-gestion-des-conflits\/","name":"Gestion des conflits -","isPartOf":{"@id":"https:\/\/loeilduloup.fr\/#website"},"primaryImageOfPage":{"@id":"https:\/\/loeilduloup.fr\/formations\/formation-gestion-des-conflits\/#primaryimage"},"image":{"@id":"https:\/\/loeilduloup.fr\/formations\/formation-gestion-des-conflits\/#primaryimage"},"thumbnailUrl":"https:\/\/i0.wp.com\/loeilduloup.fr\/wp-content\/uploads\/2025\/03\/Design-sans-titre-2.png?fit=1600%2C1067&ssl=1","datePublished":"2022-12-28T13:29:53+00:00","dateModified":"2025-04-09T08:48:30+00:00","breadcrumb":{"@id":"https:\/\/loeilduloup.fr\/formations\/formation-gestion-des-conflits\/#breadcrumb"},"inLanguage":"en-GB","potentialAction":[{"@type":"ReadAction","target":["https:\/\/loeilduloup.fr\/formations\/formation-gestion-des-conflits\/"]}]},{"@type":"ImageObject","inLanguage":"en-GB","@id":"https:\/\/loeilduloup.fr\/formations\/formation-gestion-des-conflits\/#primaryimage","url":"https:\/\/i0.wp.com\/loeilduloup.fr\/wp-content\/uploads\/2025\/03\/Design-sans-titre-2.png?fit=1600%2C1067&ssl=1","contentUrl":"https:\/\/i0.wp.com\/loeilduloup.fr\/wp-content\/uploads\/2025\/03\/Design-sans-titre-2.png?fit=1600%2C1067&ssl=1","width":1600,"height":1067},{"@type":"BreadcrumbList","@id":"https:\/\/loeilduloup.fr\/formations\/formation-gestion-des-conflits\/#breadcrumb","itemListElement":[{"@type":"ListItem","position":1,"name":"Accueil","item":"https:\/\/loeilduloup.fr\/"},{"@type":"ListItem","position":2,"name":"Formations","item":"https:\/\/loeilduloup.fr\/formations\/"},{"@type":"ListItem","position":3,"name":"Gestion des conflits"}]},{"@type":"WebSite","@id":"https:\/\/loeilduloup.fr\/#website","url":"https:\/\/loeilduloup.fr\/","name":"","description":"Promoting well-being to reduce violence","potentialAction":[{"@type":"SearchAction","target":{"@type":"EntryPoint","urlTemplate":"https:\/\/loeilduloup.fr\/?s={search_term_string}"},"query-input":{"@type":"PropertyValueSpecification","valueRequired":true,"valueName":"search_term_string"}}],"inLanguage":"en-GB"}]}},"jetpack-related-posts":[{"id":1985,"url":"https:\/\/loeilduloup.fr\/en\/les-competences-psychosociales\/","url_meta":{"origin":1428,"position":0},"title":"Les comp\u00e9tences psychosociales","author":"L'oeil du Loup","date":"22 April 2025","format":false,"excerpt":"Les comp\u00e9tences psychosociales (CPS) constituent un ensemble int\u00e9gr\u00e9 de capacit\u00e9s cognitives, \u00e9motionnelles et sociales. Elles favorisent l\u2019autonomie, le bien\u2011\u00eatre psychique et la qualit\u00e9 des interactions en activant les fonctions ex\u00e9cutives du cerveau, comme la concentration et la prise de d\u00e9cision, tout en limitant les r\u00e9actions impulsives face au stress1. Pourquoi\u2026","rel":"","context":"Similar post","block_context":{"text":"Similar post","link":""},"img":{"alt_text":"","src":"","width":0,"height":0},"classes":[]},{"id":30,"url":"https:\/\/loeilduloup.fr\/en\/formations\/","url_meta":{"origin":1428,"position":1},"title":"Training courses","author":"L'oeil du Loup","date":"11 December 2017","format":false,"excerpt":"D\u00e9velopper des pratiques professionnelles positives Toutes nos formations sont con\u00e7ues de mani\u00e8re ludique et participative.Elles peuvent \u00eatre co-construites avec vous et adapt\u00e9es \u00e0 vos besoins sp\u00e9cifiques. PUBLICSResponsables, salari\u00e9\u00b7es et b\u00e9n\u00e9voles des secteurs \u00e9ducatif, petite enfance, social, m\u00e9dico-social, sportif et culturel NOS FORMATIONS Mieux g\u00e9rer les situations de conflits et de\u2026","rel":"","context":"Similar post","block_context":{"text":"Similar post","link":""},"img":{"alt_text":"","src":"https:\/\/i0.wp.com\/loeilduloup.fr\/wp-content\/uploads\/2022\/10\/Banniere-site-formations-scaled.jpg?fit=1200%2C600&ssl=1&resize=350%2C200","width":350,"height":200,"srcset":"https:\/\/i0.wp.com\/loeilduloup.fr\/wp-content\/uploads\/2022\/10\/Banniere-site-formations-scaled.jpg?fit=1200%2C600&ssl=1&resize=350%2C200 1x, https:\/\/i0.wp.com\/loeilduloup.fr\/wp-content\/uploads\/2022\/10\/Banniere-site-formations-scaled.jpg?fit=1200%2C600&ssl=1&resize=525%2C300 1.5x, https:\/\/i0.wp.com\/loeilduloup.fr\/wp-content\/uploads\/2022\/10\/Banniere-site-formations-scaled.jpg?fit=1200%2C600&ssl=1&resize=700%2C400 2x, https:\/\/i0.wp.com\/loeilduloup.fr\/wp-content\/uploads\/2022\/10\/Banniere-site-formations-scaled.jpg?fit=1200%2C600&ssl=1&resize=1050%2C600 3x"},"classes":[]},{"id":805,"url":"https:\/\/loeilduloup.fr\/en\/notre-histoire\/","url_meta":{"origin":1428,"position":2},"title":"Our history","author":"L'oeil du Loup","date":"30 August 2022","format":false,"excerpt":"L'Oeil du Loup a \u00e9t\u00e9 fond\u00e9e par Laureline Carbuccia, psychologue sociale, et Johanne Ranson, conseill\u00e8re conjugale et familiale \u00e9galement form\u00e9e au PRODAS* et \u00e0 la Communication Non-Violente**. Ensemble, elles d\u00e9cident de croiser leurs comp\u00e9tences pour cr\u00e9er une expertise dans les domaines :- des in\u00e9galit\u00e9s, des discriminations et des m\u00e9canismes psychologiques\u2026","rel":"","context":"In \"CCF\"","block_context":{"text":"CCF","link":"https:\/\/loeilduloup.fr\/en\/tag\/ccf\/"},"img":{"alt_text":"","src":"https:\/\/i0.wp.com\/loeilduloup.fr\/wp-content\/uploads\/2017\/12\/Banniere_site_ODL.jpg?fit=1200%2C576&ssl=1&resize=350%2C200","width":350,"height":200,"srcset":"https:\/\/i0.wp.com\/loeilduloup.fr\/wp-content\/uploads\/2017\/12\/Banniere_site_ODL.jpg?fit=1200%2C576&ssl=1&resize=350%2C200 1x, https:\/\/i0.wp.com\/loeilduloup.fr\/wp-content\/uploads\/2017\/12\/Banniere_site_ODL.jpg?fit=1200%2C576&ssl=1&resize=525%2C300 1.5x, https:\/\/i0.wp.com\/loeilduloup.fr\/wp-content\/uploads\/2017\/12\/Banniere_site_ODL.jpg?fit=1200%2C576&ssl=1&resize=700%2C400 2x, https:\/\/i0.wp.com\/loeilduloup.fr\/wp-content\/uploads\/2017\/12\/Banniere_site_ODL.jpg?fit=1200%2C576&ssl=1&resize=1050%2C600 3x"},"classes":[]},{"id":27,"url":"https:\/\/loeilduloup.fr\/en\/animations\/","url_meta":{"origin":1428,"position":3},"title":"Entertainment","author":"L'oeil du Loup","date":"11 December 2017","format":false,"excerpt":"Ouvrir une discussion bienveillante et d\u00e9passer les tabous Toutes nos animations sont d\u00e9clinables avec l\u2019ensemble de nos th\u00e9matiques.Elles peuvent \u00eatre co-con\u00e7ues avec vous et adapt\u00e9es \u00e0 vos besoins sp\u00e9cifiques. PUBLICSEnfants, adolescent\u00b7es, adultes FORMATS ET TYPES D'INTERVENTIONS- Groupes de parole et de sensibilisation\u00a0: Une ou plusieurs s\u00e9ances de 2 heures chacune\u2026","rel":"","context":"In \"adolescents\"","block_context":{"text":"adolescents","link":"https:\/\/loeilduloup.fr\/en\/tag\/adolescents\/"},"img":{"alt_text":"","src":"https:\/\/i0.wp.com\/loeilduloup.fr\/wp-content\/uploads\/2022\/09\/Bannie%CC%80re-site-animations-1.png?fit=1200%2C600&ssl=1&resize=350%2C200","width":350,"height":200,"srcset":"https:\/\/i0.wp.com\/loeilduloup.fr\/wp-content\/uploads\/2022\/09\/Bannie%CC%80re-site-animations-1.png?fit=1200%2C600&ssl=1&resize=350%2C200 1x, https:\/\/i0.wp.com\/loeilduloup.fr\/wp-content\/uploads\/2022\/09\/Bannie%CC%80re-site-animations-1.png?fit=1200%2C600&ssl=1&resize=525%2C300 1.5x, https:\/\/i0.wp.com\/loeilduloup.fr\/wp-content\/uploads\/2022\/09\/Bannie%CC%80re-site-animations-1.png?fit=1200%2C600&ssl=1&resize=700%2C400 2x, https:\/\/i0.wp.com\/loeilduloup.fr\/wp-content\/uploads\/2022\/09\/Bannie%CC%80re-site-animations-1.png?fit=1200%2C600&ssl=1&resize=1050%2C600 3x"},"classes":[]},{"id":1525,"url":"https:\/\/loeilduloup.fr\/en\/formation-competences-psychosociales\/","url_meta":{"origin":1428,"position":4},"title":"Comp\u00e9tences Psychosociales et pratique professionnelle","author":"L'oeil du Loup","date":"13 June 2023","format":false,"excerpt":"Int\u00e9grer les CPS dans sa pratique professionnelle Les comp\u00e9tences psychosociales (CPS) sont un ensemble de capacit\u00e9s cognitives, \u00e9motionnelles et sociales qui augmentent l'autonomie, favorisent le bien-\u00eatre psychique et le d\u00e9veloppent d\u2019interactions constructives. Les recherches internationales des trente derni\u00e8res ann\u00e9es montrent que le d\u00e9veloppement des CPS est essentiel pour la sant\u00e9\u2026","rel":"","context":"Similar post","block_context":{"text":"Similar post","link":""},"img":{"alt_text":"","src":"","width":0,"height":0},"classes":[]},{"id":1882,"url":"https:\/\/loeilduloup.fr\/en\/competences-psychosociales-et-consentement\/","url_meta":{"origin":1428,"position":5},"title":"Promouvoir le consentement d\u00e8s le plus jeune \u00e2ge par le d\u00e9veloppement des comp\u00e9tences psychosociales","author":"L'oeil du Loup","date":"8 April 2025","format":false,"excerpt":"Parmi les victimes de violences sexuelles, 81% d\u00e9clarent avoir subi les premi\u00e8res violences avant 18 ans, 51% avant 11 ans et 21% avant 6 ans (UNICEF). Face \u00e0 ce constat alarmant, tr\u00e8s peu de dispositifs sont mis en place en France. Alors que la capacit\u00e9 \u00e0 identifier et \u00e0 exprimer\u2026","rel":"","context":"Similar post","block_context":{"text":"Similar post","link":""},"img":{"alt_text":"","src":"","width":0,"height":0},"classes":[]}],"jetpack_sharing_enabled":true,"_links":{"self":[{"href":"https:\/\/loeilduloup.fr\/en\/wp-json\/wp\/v2\/pages\/1428","targetHints":{"allow":["GET"]}}],"collection":[{"href":"https:\/\/loeilduloup.fr\/en\/wp-json\/wp\/v2\/pages"}],"about":[{"href":"https:\/\/loeilduloup.fr\/en\/wp-json\/wp\/v2\/types\/page"}],"author":[{"embeddable":true,"href":"https:\/\/loeilduloup.fr\/en\/wp-json\/wp\/v2\/users\/1"}],"replies":[{"embeddable":true,"href":"https:\/\/loeilduloup.fr\/en\/wp-json\/wp\/v2\/comments?post=1428"}],"version-history":[{"count":10,"href":"https:\/\/loeilduloup.fr\/en\/wp-json\/wp\/v2\/pages\/1428\/revisions"}],"predecessor-version":[{"id":1952,"href":"https:\/\/loeilduloup.fr\/en\/wp-json\/wp\/v2\/pages\/1428\/revisions\/1952"}],"up":[{"embeddable":true,"href":"https:\/\/loeilduloup.fr\/en\/wp-json\/wp\/v2\/pages\/30"}],"wp:featuredmedia":[{"embeddable":true,"href":"https:\/\/loeilduloup.fr\/en\/wp-json\/wp\/v2\/media\/1790"}],"wp:attachment":[{"href":"https:\/\/loeilduloup.fr\/en\/wp-json\/wp\/v2\/media?parent=1428"}],"wp:term":[{"taxonomy":"post_tag","embeddable":true,"href":"https:\/\/loeilduloup.fr\/en\/wp-json\/wp\/v2\/tags?post=1428"}],"curies":[{"name":"wp","href":"https:\/\/api.w.org\/{rel}","templated":true}]}}