{"id":1414,"date":"2022-12-09T15:14:07","date_gmt":"2022-12-09T14:14:07","guid":{"rendered":"http:\/\/loeilduloup.fr\/?page_id=1414"},"modified":"2025-04-22T22:20:07","modified_gmt":"2025-04-22T20:20:07","slug":"rapports-dactivites","status":"publish","type":"page","link":"https:\/\/loeilduloup.fr\/en\/rapports-dactivites\/","title":{"rendered":"Activity reports"},"content":{"rendered":"<p>Discover our activity reports to find out more about L'\u0153il du loup! (French language)<\/p>\n\n\n\n<div class=\"wp-block-columns is-layout-flex wp-container-core-columns-is-layout-9d6595d7 wp-block-columns-is-layout-flex\">\n<div class=\"wp-block-column is-layout-flow wp-block-column-is-layout-flow\">\n<figure class=\"wp-block-image size-large\"><a href=\"https:\/\/loeilduloup.fr\/wp-content\/uploads\/2025\/03\/Rapport-dactivites-23-24.pdf\" target=\"_blank\" rel=\" noreferrer noopener\"><img data-recalc-dims=\"1\" loading=\"lazy\" decoding=\"async\" width=\"724\" height=\"1024\" src=\"https:\/\/i0.wp.com\/loeilduloup.fr\/wp-content\/uploads\/2025\/03\/Rapport-dactivites-23-24.png?resize=724%2C1024&#038;ssl=1\" alt=\"\" class=\"wp-image-1791\" srcset=\"https:\/\/i0.wp.com\/loeilduloup.fr\/wp-content\/uploads\/2025\/03\/Rapport-dactivites-23-24.png?resize=724%2C1024&amp;ssl=1 724w, https:\/\/i0.wp.com\/loeilduloup.fr\/wp-content\/uploads\/2025\/03\/Rapport-dactivites-23-24.png?resize=212%2C300&amp;ssl=1 212w, https:\/\/i0.wp.com\/loeilduloup.fr\/wp-content\/uploads\/2025\/03\/Rapport-dactivites-23-24.png?resize=768%2C1086&amp;ssl=1 768w, https:\/\/i0.wp.com\/loeilduloup.fr\/wp-content\/uploads\/2025\/03\/Rapport-dactivites-23-24.png?resize=1086%2C1536&amp;ssl=1 1086w, https:\/\/i0.wp.com\/loeilduloup.fr\/wp-content\/uploads\/2025\/03\/Rapport-dactivites-23-24.png?resize=8%2C12&amp;ssl=1 8w, https:\/\/i0.wp.com\/loeilduloup.fr\/wp-content\/uploads\/2025\/03\/Rapport-dactivites-23-24.png?w=1414&amp;ssl=1 1414w\" sizes=\"auto, (max-width: 724px) 100vw, 724px\" \/><\/a><\/figure>\n<\/div>\n\n\n\n<div class=\"wp-block-column is-layout-flow wp-block-column-is-layout-flow\">\n<figure class=\"wp-block-image size-full\"><a href=\"https:\/\/loeilduloup.fr\/wp-content\/uploads\/2024\/01\/Rapport-dactivites-22-23_WEB.pdf\" target=\"_blank\" rel=\" noreferrer noopener\"><img data-recalc-dims=\"1\" loading=\"lazy\" decoding=\"async\" width=\"454\" height=\"644\" src=\"https:\/\/i0.wp.com\/loeilduloup.fr\/wp-content\/uploads\/2024\/01\/Capture-decran-2024-01-10-a-18.21.49-2.png?resize=454%2C644&#038;ssl=1\" alt=\"\" class=\"wp-image-1611\" srcset=\"https:\/\/i0.wp.com\/loeilduloup.fr\/wp-content\/uploads\/2024\/01\/Capture-decran-2024-01-10-a-18.21.49-2.png?w=454&amp;ssl=1 454w, https:\/\/i0.wp.com\/loeilduloup.fr\/wp-content\/uploads\/2024\/01\/Capture-decran-2024-01-10-a-18.21.49-2.png?resize=211%2C300&amp;ssl=1 211w\" sizes=\"auto, (max-width: 454px) 100vw, 454px\" \/><\/a><\/figure>\n<\/div>\n\n\n\n<div class=\"wp-block-column is-layout-flow wp-block-column-is-layout-flow\">\n<figure class=\"wp-block-gallery has-nested-images columns-default is-cropped wp-block-gallery-1 is-layout-flex wp-block-gallery-is-layout-flex\">\n<figure class=\"wp-block-image size-full\"><a href=\"http:\/\/loeilduloup.fr\/wp-content\/uploads\/2022\/12\/Rapport-dactivites-21-22_MAIL.pdf\" target=\"_blank\" rel=\" noreferrer noopener\"><img data-recalc-dims=\"1\" loading=\"lazy\" decoding=\"async\" width=\"454\" height=\"643\" data-id=\"1612\" src=\"https:\/\/i0.wp.com\/loeilduloup.fr\/wp-content\/uploads\/2024\/01\/Capture-decran-2024-01-10-a-18.33.38.png?resize=454%2C643&#038;ssl=1\" alt=\"\" class=\"wp-image-1612\" srcset=\"https:\/\/i0.wp.com\/loeilduloup.fr\/wp-content\/uploads\/2024\/01\/Capture-decran-2024-01-10-a-18.33.38.png?w=454&amp;ssl=1 454w, https:\/\/i0.wp.com\/loeilduloup.fr\/wp-content\/uploads\/2024\/01\/Capture-decran-2024-01-10-a-18.33.38.png?resize=212%2C300&amp;ssl=1 212w\" sizes=\"auto, (max-width: 454px) 100vw, 454px\" \/><\/a><\/figure>\n<\/figure>\n<\/div>\n<\/div>","protected":false},"excerpt":{"rendered":"<p>Discover our activity reports to find out more about L'\u0153il du loup! (French language)<\/p>","protected":false},"author":1,"featured_media":0,"parent":0,"menu_order":0,"comment_status":"closed","ping_status":"closed","template":"templates\/full-width-page.php","meta":{"footnotes":""},"tags":[],"class_list":["post-1414","page","type-page","status-publish","hentry","without-featured-image"],"yoast_head":"<!-- This site is optimized with the Yoast SEO plugin v27.4 - https:\/\/yoast.com\/product\/yoast-seo-wordpress\/ -->\n<title>Rapports d&#039;activit\u00e9s -<\/title>\n<meta name=\"robots\" content=\"index, follow, max-snippet:-1, max-image-preview:large, max-video-preview:-1\" \/>\n<link rel=\"canonical\" href=\"https:\/\/loeilduloup.fr\/en\/rapports-dactivites\/\" \/>\n<meta property=\"og:locale\" content=\"en_GB\" \/>\n<meta property=\"og:type\" content=\"article\" \/>\n<meta property=\"og:title\" content=\"Rapports d&#039;activit\u00e9s -\" \/>\n<meta property=\"og:description\" content=\"D\u00e9couvrez nos rapports d&rsquo;activit\u00e9s pour en savoir plus sur L\u2019\u0153il du loup !\" \/>\n<meta property=\"og:url\" content=\"https:\/\/loeilduloup.fr\/en\/rapports-dactivites\/\" \/>\n<meta property=\"article:modified_time\" content=\"2025-04-22T20:20:07+00:00\" \/>\n<meta property=\"og:image\" content=\"https:\/\/loeilduloup.fr\/wp-content\/uploads\/2025\/03\/Rapport-dactivites-23-24-724x1024.png\" \/>\n<meta name=\"twitter:card\" content=\"summary_large_image\" \/>\n<meta name=\"twitter:label1\" content=\"Estimated reading time\" \/>\n\t<meta name=\"twitter:data1\" content=\"1 minute\" \/>\n<script type=\"application\/ld+json\" class=\"yoast-schema-graph\">{\"@context\":\"https:\\\/\\\/schema.org\",\"@graph\":[{\"@type\":\"WebPage\",\"@id\":\"https:\\\/\\\/loeilduloup.fr\\\/rapports-dactivites\\\/\",\"url\":\"https:\\\/\\\/loeilduloup.fr\\\/rapports-dactivites\\\/\",\"name\":\"Rapports d'activit\u00e9s -\",\"isPartOf\":{\"@id\":\"https:\\\/\\\/loeilduloup.fr\\\/#website\"},\"primaryImageOfPage\":{\"@id\":\"https:\\\/\\\/loeilduloup.fr\\\/rapports-dactivites\\\/#primaryimage\"},\"image\":{\"@id\":\"https:\\\/\\\/loeilduloup.fr\\\/rapports-dactivites\\\/#primaryimage\"},\"thumbnailUrl\":\"https:\\\/\\\/loeilduloup.fr\\\/wp-content\\\/uploads\\\/2025\\\/03\\\/Rapport-dactivites-23-24-724x1024.png\",\"datePublished\":\"2022-12-09T14:14:07+00:00\",\"dateModified\":\"2025-04-22T20:20:07+00:00\",\"breadcrumb\":{\"@id\":\"https:\\\/\\\/loeilduloup.fr\\\/rapports-dactivites\\\/#breadcrumb\"},\"inLanguage\":\"en-GB\",\"potentialAction\":[{\"@type\":\"ReadAction\",\"target\":[\"https:\\\/\\\/loeilduloup.fr\\\/rapports-dactivites\\\/\"]}]},{\"@type\":\"ImageObject\",\"inLanguage\":\"en-GB\",\"@id\":\"https:\\\/\\\/loeilduloup.fr\\\/rapports-dactivites\\\/#primaryimage\",\"url\":\"https:\\\/\\\/loeilduloup.fr\\\/wp-content\\\/uploads\\\/2025\\\/03\\\/Rapport-dactivites-23-24-724x1024.png\",\"contentUrl\":\"https:\\\/\\\/loeilduloup.fr\\\/wp-content\\\/uploads\\\/2025\\\/03\\\/Rapport-dactivites-23-24-724x1024.png\"},{\"@type\":\"BreadcrumbList\",\"@id\":\"https:\\\/\\\/loeilduloup.fr\\\/rapports-dactivites\\\/#breadcrumb\",\"itemListElement\":[{\"@type\":\"ListItem\",\"position\":1,\"name\":\"Accueil\",\"item\":\"https:\\\/\\\/loeilduloup.fr\\\/\"},{\"@type\":\"ListItem\",\"position\":2,\"name\":\"Rapports d&rsquo;activit\u00e9s\"}]},{\"@type\":\"WebSite\",\"@id\":\"https:\\\/\\\/loeilduloup.fr\\\/#website\",\"url\":\"https:\\\/\\\/loeilduloup.fr\\\/\",\"name\":\"\",\"description\":\"Promouvoir le bien-\u00eatre pour r\u00e9duire les violences\",\"potentialAction\":[{\"@type\":\"SearchAction\",\"target\":{\"@type\":\"EntryPoint\",\"urlTemplate\":\"https:\\\/\\\/loeilduloup.fr\\\/?s={search_term_string}\"},\"query-input\":{\"@type\":\"PropertyValueSpecification\",\"valueRequired\":true,\"valueName\":\"search_term_string\"}}],\"inLanguage\":\"en-GB\"}]}<\/script>\n<!-- \/ Yoast SEO plugin. -->","yoast_head_json":{"title":"Rapports d'activit\u00e9s -","robots":{"index":"index","follow":"follow","max-snippet":"max-snippet:-1","max-image-preview":"max-image-preview:large","max-video-preview":"max-video-preview:-1"},"canonical":"https:\/\/loeilduloup.fr\/en\/rapports-dactivites\/","og_locale":"en_GB","og_type":"article","og_title":"Rapports d'activit\u00e9s -","og_description":"D\u00e9couvrez nos rapports d&rsquo;activit\u00e9s pour en savoir plus sur L\u2019\u0153il du loup !","og_url":"https:\/\/loeilduloup.fr\/en\/rapports-dactivites\/","article_modified_time":"2025-04-22T20:20:07+00:00","og_image":[{"url":"https:\/\/loeilduloup.fr\/wp-content\/uploads\/2025\/03\/Rapport-dactivites-23-24-724x1024.png","type":"","width":"","height":""}],"twitter_card":"summary_large_image","twitter_misc":{"Estimated reading time":"1 minute"},"schema":{"@context":"https:\/\/schema.org","@graph":[{"@type":"WebPage","@id":"https:\/\/loeilduloup.fr\/rapports-dactivites\/","url":"https:\/\/loeilduloup.fr\/rapports-dactivites\/","name":"Rapports d'activit\u00e9s -","isPartOf":{"@id":"https:\/\/loeilduloup.fr\/#website"},"primaryImageOfPage":{"@id":"https:\/\/loeilduloup.fr\/rapports-dactivites\/#primaryimage"},"image":{"@id":"https:\/\/loeilduloup.fr\/rapports-dactivites\/#primaryimage"},"thumbnailUrl":"https:\/\/loeilduloup.fr\/wp-content\/uploads\/2025\/03\/Rapport-dactivites-23-24-724x1024.png","datePublished":"2022-12-09T14:14:07+00:00","dateModified":"2025-04-22T20:20:07+00:00","breadcrumb":{"@id":"https:\/\/loeilduloup.fr\/rapports-dactivites\/#breadcrumb"},"inLanguage":"en-GB","potentialAction":[{"@type":"ReadAction","target":["https:\/\/loeilduloup.fr\/rapports-dactivites\/"]}]},{"@type":"ImageObject","inLanguage":"en-GB","@id":"https:\/\/loeilduloup.fr\/rapports-dactivites\/#primaryimage","url":"https:\/\/loeilduloup.fr\/wp-content\/uploads\/2025\/03\/Rapport-dactivites-23-24-724x1024.png","contentUrl":"https:\/\/loeilduloup.fr\/wp-content\/uploads\/2025\/03\/Rapport-dactivites-23-24-724x1024.png"},{"@type":"BreadcrumbList","@id":"https:\/\/loeilduloup.fr\/rapports-dactivites\/#breadcrumb","itemListElement":[{"@type":"ListItem","position":1,"name":"Accueil","item":"https:\/\/loeilduloup.fr\/"},{"@type":"ListItem","position":2,"name":"Rapports d&rsquo;activit\u00e9s"}]},{"@type":"WebSite","@id":"https:\/\/loeilduloup.fr\/#website","url":"https:\/\/loeilduloup.fr\/","name":"","description":"Promoting well-being to reduce violence","potentialAction":[{"@type":"SearchAction","target":{"@type":"EntryPoint","urlTemplate":"https:\/\/loeilduloup.fr\/?s={search_term_string}"},"query-input":{"@type":"PropertyValueSpecification","valueRequired":true,"valueName":"search_term_string"}}],"inLanguage":"en-GB"}]}},"jetpack-related-posts":[{"id":802,"url":"https:\/\/loeilduloup.fr\/en\/","url_meta":{"origin":1414,"position":0},"title":"Our perspective","author":"L'oeil du Loup","date":"30 August 2022","format":false,"excerpt":"L\u2019\u0153il du loup est une association de pr\u00e9vention des violences et de promotion du bien-\u00eatre, sp\u00e9cialis\u00e9e dans la pr\u00e9vention des violences sexistes et sexuelles (VSS). Depuis 2015, L\u2019\u0153il du loup d\u00e9veloppe des actions de pr\u00e9vention aupr\u00e8s d\u2019enfants, de jeunes et d\u2019adultes, avec une p\u00e9dagogie active qui allie conscience de soi,\u2026","rel":"","context":"In \"approche\"","block_context":{"text":"approche","link":"https:\/\/loeilduloup.fr\/en\/tag\/approche\/"},"img":{"alt_text":"","src":"https:\/\/i0.wp.com\/loeilduloup.fr\/wp-content\/uploads\/2017\/12\/Banniere_site_ODL.jpg?fit=1200%2C576&ssl=1&resize=350%2C200","width":350,"height":200,"srcset":"https:\/\/i0.wp.com\/loeilduloup.fr\/wp-content\/uploads\/2017\/12\/Banniere_site_ODL.jpg?fit=1200%2C576&ssl=1&resize=350%2C200 1x, https:\/\/i0.wp.com\/loeilduloup.fr\/wp-content\/uploads\/2017\/12\/Banniere_site_ODL.jpg?fit=1200%2C576&ssl=1&resize=525%2C300 1.5x, https:\/\/i0.wp.com\/loeilduloup.fr\/wp-content\/uploads\/2017\/12\/Banniere_site_ODL.jpg?fit=1200%2C576&ssl=1&resize=700%2C400 2x, https:\/\/i0.wp.com\/loeilduloup.fr\/wp-content\/uploads\/2017\/12\/Banniere_site_ODL.jpg?fit=1200%2C576&ssl=1&resize=1050%2C600 3x"},"classes":[]},{"id":1722,"url":"https:\/\/loeilduloup.fr\/en\/consentement-enfants-outils\/","url_meta":{"origin":1414,"position":1},"title":"Bo\u00eete \u00e0 outils \u00ab\u00a0Des comp\u00e9tences pour les relations\u00a0\u00bb","author":"L'oeil du Loup","date":"24 February 2025","format":false,"excerpt":"La bo\u00eete \u00e0 outils \"Des comp\u00e9tences pour les relations\", un outil p\u00e9dagogique gratuit pour les professionnel\u00b7les de l\u2019enfance \"Des comp\u00e9tences pour les relations\" est une bo\u00eete \u00e0 outils financ\u00e9e par le programme Erasmus+ de l\u2019Union Europ\u00e9enne, con\u00e7ue pour accompagner les enseignant\u00b7es, \u00e9ducateur\u00b7rices, animateur\u00b7rices et autres professionnel\u00b7les travaillant avec des enfants\u2026","rel":"","context":"Similar post","block_context":{"text":"Similar post","link":""},"img":{"alt_text":"","src":"https:\/\/i0.wp.com\/loeilduloup.fr\/wp-content\/uploads\/2026\/03\/Couverture_boite_outil_consentement_enfants_Loeil_du_loup.png?resize=350%2C200&ssl=1","width":350,"height":200,"srcset":"https:\/\/i0.wp.com\/loeilduloup.fr\/wp-content\/uploads\/2026\/03\/Couverture_boite_outil_consentement_enfants_Loeil_du_loup.png?resize=350%2C200&ssl=1 1x, https:\/\/i0.wp.com\/loeilduloup.fr\/wp-content\/uploads\/2026\/03\/Couverture_boite_outil_consentement_enfants_Loeil_du_loup.png?resize=525%2C300&ssl=1 1.5x"},"classes":[]},{"id":1988,"url":"https:\/\/loeilduloup.fr\/en\/prevenir-les-violences-sexuelles-et-promouvoir-le-consentement\/","url_meta":{"origin":1414,"position":2},"title":"Pr\u00e9venir les violences sexuelles et promouvoir le consentement","author":"L'oeil du Loup","date":"22 April 2025","format":false,"excerpt":"En Europe, on estime qu\u2019un enfant sur cinq subit des violences sexuelles avant 18\u00a0ans, et nombre d\u2019entre elles restent inconnues ou non signal\u00e9es. Face \u00e0 cette r\u00e9alit\u00e9, les professionnel\u00b7les \u00e0 l\u2019\u00e9cole et dans les structures \u00e9ducatives jouent un r\u00f4le essentiel pour offrir aux jeunes et aux enfants des espaces d'apprentissage\u2026","rel":"","context":"Similar post","block_context":{"text":"Similar post","link":""},"img":{"alt_text":"","src":"","width":0,"height":0},"classes":[]},{"id":17,"url":"https:\/\/loeilduloup.fr\/en\/pourquoi-loeil-du-loup\/","url_meta":{"origin":1414,"position":3},"title":"Why \u201cL'\u0153il du loup\u201d?","author":"L'oeil du Loup","date":"11 December 2017","format":false,"excerpt":"D\u00e9couvrez ce qui a inspir\u00e9 le nom de notre association... \u00ab\u00a0Un \u0153il jaune, tout rond, avec, bien au centre, une pupille noire. Un \u0153il qui ne cligne jamais. C'est tout \u00e0 fait comme si le gar\u00e7on regardait une bougie allum\u00e9e dans la nuit\u00a0; il ne voit plus que cet \u0153il\u00a0:\u2026","rel":"","context":"In \"l\u00e9gende\"","block_context":{"text":"l\u00e9gende","link":"https:\/\/loeilduloup.fr\/en\/tag\/legende\/"},"img":{"alt_text":"","src":"","width":0,"height":0},"classes":[]},{"id":1615,"url":"https:\/\/loeilduloup.fr\/en\/skills-for-consent\/","url_meta":{"origin":1414,"position":4},"title":"Skills for consent","author":"L'oeil du Loup","date":"11 January 2024","format":false,"excerpt":"D\u00e9velopper les comp\u00e9tences psychosociales pour \u00e9duquer au consentement d\u00e8s le plus jeune \u00e2ge Selon le rapport de la Ciivise (2023), on estime \u00e0 160 000 le nombre d'enfants victimes de violences sexuelles chaque ann\u00e9e en France. Ce m\u00eame rapport indique que les premi\u00e8res violences surviennent en moyenne autour de l'\u00e2ge\u2026","rel":"","context":"Similar post","block_context":{"text":"Similar post","link":""},"img":{"alt_text":"","src":"https:\/\/i0.wp.com\/loeilduloup.fr\/wp-content\/uploads\/2024\/01\/Capture-decran-2024-01-11-a-16.13.28.png?resize=350%2C200&ssl=1","width":350,"height":200},"classes":[]},{"id":943,"url":"https:\/\/loeilduloup.fr\/en\/boite-a-outils-cps\/","url_meta":{"origin":1414,"position":5},"title":"Psychosocial skills toolbox","author":"L'oeil du Loup","date":"31 August 2022","format":false,"excerpt":"Les comp\u00e9tences \u00e9motionnelles En partenariat avec les Cit\u00e9s \u00c9ducatives* Marseille Nord et l'\u00e9quipe circonscription Marseille Nord Estaque (\u00c9ducation Nationale), nous avons construit une \"bo\u00eete \u00e0 outils\" \u00e0 destination des enseignant\u00b7es de Grande section de maternelle et de CP pour faciliter la mise en place d'activit\u00e9s de d\u00e9veloppement des CPS. Le\u2026","rel":"","context":"Similar post","block_context":{"text":"Similar post","link":""},"img":{"alt_text":"","src":"https:\/\/i0.wp.com\/loeilduloup.fr\/wp-content\/uploads\/2022\/11\/BAO-banniere.png?fit=1200%2C541&ssl=1&resize=350%2C200","width":350,"height":200,"srcset":"https:\/\/i0.wp.com\/loeilduloup.fr\/wp-content\/uploads\/2022\/11\/BAO-banniere.png?fit=1200%2C541&ssl=1&resize=350%2C200 1x, https:\/\/i0.wp.com\/loeilduloup.fr\/wp-content\/uploads\/2022\/11\/BAO-banniere.png?fit=1200%2C541&ssl=1&resize=525%2C300 1.5x, https:\/\/i0.wp.com\/loeilduloup.fr\/wp-content\/uploads\/2022\/11\/BAO-banniere.png?fit=1200%2C541&ssl=1&resize=700%2C400 2x, https:\/\/i0.wp.com\/loeilduloup.fr\/wp-content\/uploads\/2022\/11\/BAO-banniere.png?fit=1200%2C541&ssl=1&resize=1050%2C600 3x"},"classes":[]}],"jetpack_sharing_enabled":true,"_links":{"self":[{"href":"https:\/\/loeilduloup.fr\/en\/wp-json\/wp\/v2\/pages\/1414","targetHints":{"allow":["GET"]}}],"collection":[{"href":"https:\/\/loeilduloup.fr\/en\/wp-json\/wp\/v2\/pages"}],"about":[{"href":"https:\/\/loeilduloup.fr\/en\/wp-json\/wp\/v2\/types\/page"}],"author":[{"embeddable":true,"href":"https:\/\/loeilduloup.fr\/en\/wp-json\/wp\/v2\/users\/1"}],"replies":[{"embeddable":true,"href":"https:\/\/loeilduloup.fr\/en\/wp-json\/wp\/v2\/comments?post=1414"}],"version-history":[{"count":10,"href":"https:\/\/loeilduloup.fr\/en\/wp-json\/wp\/v2\/pages\/1414\/revisions"}],"predecessor-version":[{"id":1994,"href":"https:\/\/loeilduloup.fr\/en\/wp-json\/wp\/v2\/pages\/1414\/revisions\/1994"}],"wp:attachment":[{"href":"https:\/\/loeilduloup.fr\/en\/wp-json\/wp\/v2\/media?parent=1414"}],"wp:term":[{"taxonomy":"post_tag","embeddable":true,"href":"https:\/\/loeilduloup.fr\/en\/wp-json\/wp\/v2\/tags?post=1414"}],"curies":[{"name":"wp","href":"https:\/\/api.w.org\/{rel}","templated":true}]}}