{"id":1347,"date":"2022-10-05T16:20:43","date_gmt":"2022-10-05T14:20:43","guid":{"rendered":"http:\/\/loeilduloup.fr\/?page_id=1347"},"modified":"2025-04-16T12:31:13","modified_gmt":"2025-04-16T10:31:13","slug":"formation-adolescence-consentement","status":"publish","type":"page","link":"https:\/\/loeilduloup.fr\/en\/formations\/formation-adolescence-consentement\/","title":{"rendered":"Lutter contres les st\u00e9r\u00e9otypes de genre pour pr\u00e9venir les violences dans les m\u00e9tiers de l\u2019animation"},"content":{"rendered":"<p><strong><mark style=\"background-color:rgba(0, 0, 0, 0);color:#aa2d66\" class=\"has-inline-color\">Gender-based and sexual violence among adolescents: prevention and action<\/mark><\/strong><\/p>\n\n\n\n<p>For the past seven years, we have been conducting numerous interventions to promote gender equality and education in emotional, relational and sexual life with different audiences, in which the issue of consent plays a major role. These interventions show us the extent to which girls and boys have a very stereotypical view of their roles and places in society, their relationships and sexuality. These beliefs often lead to a trivialization of violent behavior and cause some boys to \u201cinsist\u201d and force a relationship without even realizing its abusive nature (at what point can we talk about rape?), and some girls to give in without managing to express the reality of their desire.<\/p>\n\n\n\n<p>We offer a one-day training course divided into two parts. The morning is designed to raise awareness of the phenomenon and the issues surrounding gender-based and sexual violence. The afternoon focuses on finding solutions with subgroup exercises based on practical cases from situations observed in the field.<\/p>\n\n\n\n<p><strong><mark style=\"background-color:rgba(0, 0, 0, 0);color:#66bcbe\" class=\"has-inline-color\">PUBLIC<\/mark><\/strong><br>Education professionals<\/p>\n\n\n\n<div class=\"wp-block-columns is-layout-flex wp-container-core-columns-is-layout-9d6595d7 wp-block-columns-is-layout-flex\">\n<div class=\"wp-block-column is-layout-flow wp-block-column-is-layout-flow\">\n<p><strong><mark style=\"background-color:rgba(0, 0, 0, 0);color:#66bcbe\" class=\"has-inline-color\">AIMS<\/mark><\/strong><\/p>\n\n\n\n<ul class=\"wp-block-list\">\n<li>Understanding gender norms and their impact on gender-based and sexual violence<\/li>\n\n\n\n<li>Identify your own representations<\/li>\n\n\n\n<li>Create a shared culture of respect and consent<\/li>\n\n\n\n<li>Identifying PSS as a lever for the prevention of violence<\/li>\n<\/ul>\n\n\n\n<div class=\"wp-block-columns is-layout-flex wp-container-core-columns-is-layout-9d6595d7 wp-block-columns-is-layout-flex\">\n<div class=\"wp-block-column is-layout-flow wp-block-column-is-layout-flow\">\n<p><strong><mark style=\"background-color:rgba(0, 0, 0, 0);color:#66bcbe\" class=\"has-inline-color\">TEACHING METHODS<\/mark><\/strong><\/p>\n\n\n\n<ul class=\"wp-block-list\">\n<li>Theoretical input: psychosocial, pedagogical, educational and regulatory insights<\/li>\n\n\n\n<li>Interactive approach, adapted to the situations encountered by the participants<\/li>\n\n\n\n<li>Case studies, role-playing, group work<\/li>\n<\/ul>\n<\/div>\n<\/div>\n<\/div>\n\n\n\n<div class=\"wp-block-column is-layout-flow wp-block-column-is-layout-flow\">\n<p><strong><mark style=\"background-color:rgba(0, 0, 0, 0);color:#66bcbe\" class=\"has-inline-color\">CONTENT<\/mark><\/strong><\/p>\n\n\n\n<p><strong>In\u00e9galit\u00e9s et violences de genre : comprendre les m\u00e9canismes<\/strong><\/p>\n\n\n\n<ul class=\"wp-block-list\">\n<li>La socialisation diff\u00e9renci\u00e9e <\/li>\n\n\n\n<li>Sp\u00e9cificit\u00e9s de l\u2019adolescence<\/li>\n\n\n\n<li>Violences sexistes et sexuelles : quel positionnement pour une pr\u00e9vention d\u00e8s le plus jeune \u00e2ge ?<\/li>\n\n\n\n<li>Introduction au d\u00e9veloppement des comp\u00e9tences psychosociales comme outils de pr\u00e9vention des violences<\/li>\n<\/ul>\n\n\n\n<p><strong>Mettre en \u0153uvre : Impulser une dynamique \u00e9galitaire<\/strong><\/p>\n\n\n\n<ul class=\"wp-block-list\">\n<li>D\u00e9couverte d\u2019activit\u00e9s pour \u00e9duquer au consentement d\u00e8s le plus jeune \u00e2ge<\/li>\n\n\n\n<li>D\u00e9couverte d\u2019activit\u00e9s ludiques pour d\u00e9construire les st\u00e9r\u00e9otypes de genre<\/li>\n\n\n\n<li>Comment communiquer et sensibiliser les parents<\/li>\n<\/ul>\n<\/div>\n<\/div>\n\n\n\n<p><strong><mark style=\"background-color:rgba(0, 0, 0, 0);color:#66bcbe\" class=\"has-inline-color\">DURATION<\/mark><\/strong><br>2 days (14 hours)<\/p>\n\n\n\n<div class=\"wp-block-buttons is-layout-flex wp-block-buttons-is-layout-flex\">\n<div class=\"wp-block-button\"><a class=\"wp-block-button__link wp-element-button\" href=\"https:\/\/loeilduloup.fr\/wp-content\/uploads\/2025\/04\/Lutter-contre-les-stereotypes-de-genre\u2026-petite-enfance.pdf\">T\u00e9l\u00e9charger le programme de formation<\/a><\/div>\n<\/div>\n\n\n\n<p class=\"has-text-align-center\"><strong><a rel=\"noreferrer noopener\" href=\"http:\/\/loeilduloup.fr\/en\/contact\/\" target=\"_blank\"><mark style=\"background-color:rgba(0, 0, 0, 0);color:#db6232\" class=\"has-inline-color\">Contact us to organize a training course<\/mark><\/a><\/strong><\/p>","protected":false},"excerpt":{"rendered":"<p>Violences sexistes et sexuelles chez les adolescent\u00b7es : pr\u00e9venir et agir Depuis sept ans, nous menons de nombreuses interventions de promotion de l\u2019\u00e9galit\u00e9 de genre et d\u2019\u00e9ducation \u00e0 la vie affective, relationnelle et sexuelle aupr\u00e8s de diff\u00e9rents publics, dans lesquelles la question du consentement tient une place majeure. Ces interventions nous montrent \u00e0 quel point&hellip; <a href=\"https:\/\/loeilduloup.fr\/en\/formations\/formation-adolescence-consentement\/\" class=\"more-link\">Continue reading <span class=\"screen-reader-text\">Lutter contres les st\u00e9r\u00e9otypes de genre pour pr\u00e9venir les violences dans les m\u00e9tiers de l\u2019animation<\/span><\/a><\/p>","protected":false},"author":1,"featured_media":842,"parent":30,"menu_order":0,"comment_status":"closed","ping_status":"closed","template":"templates\/full-width-page.php","meta":{"footnotes":""},"tags":[],"class_list":["post-1347","page","type-page","status-publish","has-post-thumbnail","hentry","without-featured-image"],"yoast_head":"<!-- This site is optimized with the Yoast SEO plugin v27.4 - https:\/\/yoast.com\/product\/yoast-seo-wordpress\/ -->\n<title>Lutter contres les st\u00e9r\u00e9otypes de genre pour pr\u00e9venir les violences dans les m\u00e9tiers de l\u2019animation -<\/title>\n<meta name=\"robots\" content=\"index, follow, max-snippet:-1, max-image-preview:large, max-video-preview:-1\" \/>\n<link rel=\"canonical\" href=\"https:\/\/loeilduloup.fr\/en\/formations\/formation-adolescence-consentement\/\" \/>\n<meta property=\"og:locale\" content=\"en_GB\" \/>\n<meta property=\"og:type\" content=\"article\" \/>\n<meta property=\"og:title\" content=\"Lutter contres les st\u00e9r\u00e9otypes de genre pour pr\u00e9venir les violences dans les m\u00e9tiers de l\u2019animation -\" \/>\n<meta property=\"og:description\" content=\"Violences sexistes et sexuelles chez les adolescent\u00b7es : pr\u00e9venir et agir Depuis sept ans, nous menons de nombreuses interventions de promotion de l\u2019\u00e9galit\u00e9 de genre et d\u2019\u00e9ducation \u00e0 la vie affective, relationnelle et sexuelle aupr\u00e8s de diff\u00e9rents publics, dans lesquelles la question du consentement tient une place majeure. Ces interventions nous montrent \u00e0 quel point&hellip; Continue reading Lutter contres les st\u00e9r\u00e9otypes de genre pour pr\u00e9venir les violences dans les m\u00e9tiers de l\u2019animation\" \/>\n<meta property=\"og:url\" content=\"https:\/\/loeilduloup.fr\/en\/formations\/formation-adolescence-consentement\/\" \/>\n<meta property=\"article:modified_time\" content=\"2025-04-16T10:31:13+00:00\" \/>\n<meta property=\"og:image\" content=\"https:\/\/loeilduloup.fr\/wp-content\/uploads\/2017\/12\/cropped-Banniere_site_ODL.jpg\" \/>\n\t<meta property=\"og:image:width\" content=\"1180\" \/>\n\t<meta property=\"og:image:height\" content=\"435\" \/>\n\t<meta property=\"og:image:type\" content=\"image\/jpeg\" \/>\n<meta name=\"twitter:card\" content=\"summary_large_image\" \/>\n<meta name=\"twitter:label1\" content=\"Estimated reading time\" \/>\n\t<meta name=\"twitter:data1\" content=\"2 minutes\" \/>\n<script type=\"application\/ld+json\" class=\"yoast-schema-graph\">{\"@context\":\"https:\\\/\\\/schema.org\",\"@graph\":[{\"@type\":\"WebPage\",\"@id\":\"https:\\\/\\\/loeilduloup.fr\\\/formations\\\/formation-adolescence-consentement\\\/\",\"url\":\"https:\\\/\\\/loeilduloup.fr\\\/formations\\\/formation-adolescence-consentement\\\/\",\"name\":\"Lutter contres les st\u00e9r\u00e9otypes de genre pour pr\u00e9venir les violences dans les m\u00e9tiers de l\u2019animation -\",\"isPartOf\":{\"@id\":\"https:\\\/\\\/loeilduloup.fr\\\/#website\"},\"primaryImageOfPage\":{\"@id\":\"https:\\\/\\\/loeilduloup.fr\\\/formations\\\/formation-adolescence-consentement\\\/#primaryimage\"},\"image\":{\"@id\":\"https:\\\/\\\/loeilduloup.fr\\\/formations\\\/formation-adolescence-consentement\\\/#primaryimage\"},\"thumbnailUrl\":\"https:\\\/\\\/i0.wp.com\\\/loeilduloup.fr\\\/wp-content\\\/uploads\\\/2017\\\/12\\\/cropped-Banniere_site_ODL.jpg?fit=1180%2C435&ssl=1\",\"datePublished\":\"2022-10-05T14:20:43+00:00\",\"dateModified\":\"2025-04-16T10:31:13+00:00\",\"breadcrumb\":{\"@id\":\"https:\\\/\\\/loeilduloup.fr\\\/formations\\\/formation-adolescence-consentement\\\/#breadcrumb\"},\"inLanguage\":\"en-GB\",\"potentialAction\":[{\"@type\":\"ReadAction\",\"target\":[\"https:\\\/\\\/loeilduloup.fr\\\/formations\\\/formation-adolescence-consentement\\\/\"]}]},{\"@type\":\"ImageObject\",\"inLanguage\":\"en-GB\",\"@id\":\"https:\\\/\\\/loeilduloup.fr\\\/formations\\\/formation-adolescence-consentement\\\/#primaryimage\",\"url\":\"https:\\\/\\\/i0.wp.com\\\/loeilduloup.fr\\\/wp-content\\\/uploads\\\/2017\\\/12\\\/cropped-Banniere_site_ODL.jpg?fit=1180%2C435&ssl=1\",\"contentUrl\":\"https:\\\/\\\/i0.wp.com\\\/loeilduloup.fr\\\/wp-content\\\/uploads\\\/2017\\\/12\\\/cropped-Banniere_site_ODL.jpg?fit=1180%2C435&ssl=1\",\"width\":1180,\"height\":435},{\"@type\":\"BreadcrumbList\",\"@id\":\"https:\\\/\\\/loeilduloup.fr\\\/formations\\\/formation-adolescence-consentement\\\/#breadcrumb\",\"itemListElement\":[{\"@type\":\"ListItem\",\"position\":1,\"name\":\"Accueil\",\"item\":\"https:\\\/\\\/loeilduloup.fr\\\/\"},{\"@type\":\"ListItem\",\"position\":2,\"name\":\"Formations\",\"item\":\"https:\\\/\\\/loeilduloup.fr\\\/formations\\\/\"},{\"@type\":\"ListItem\",\"position\":3,\"name\":\"Lutter contres les st\u00e9r\u00e9otypes de genre pour pr\u00e9venir les violences dans les m\u00e9tiers de l\u2019animation\"}]},{\"@type\":\"WebSite\",\"@id\":\"https:\\\/\\\/loeilduloup.fr\\\/#website\",\"url\":\"https:\\\/\\\/loeilduloup.fr\\\/\",\"name\":\"\",\"description\":\"Promouvoir le bien-\u00eatre pour r\u00e9duire les violences\",\"potentialAction\":[{\"@type\":\"SearchAction\",\"target\":{\"@type\":\"EntryPoint\",\"urlTemplate\":\"https:\\\/\\\/loeilduloup.fr\\\/?s={search_term_string}\"},\"query-input\":{\"@type\":\"PropertyValueSpecification\",\"valueRequired\":true,\"valueName\":\"search_term_string\"}}],\"inLanguage\":\"en-GB\"}]}<\/script>\n<!-- \/ Yoast SEO plugin. -->","yoast_head_json":{"title":"Lutter contres les st\u00e9r\u00e9otypes de genre pour pr\u00e9venir les violences dans les m\u00e9tiers de l\u2019animation -","robots":{"index":"index","follow":"follow","max-snippet":"max-snippet:-1","max-image-preview":"max-image-preview:large","max-video-preview":"max-video-preview:-1"},"canonical":"https:\/\/loeilduloup.fr\/en\/formations\/formation-adolescence-consentement\/","og_locale":"en_GB","og_type":"article","og_title":"Lutter contres les st\u00e9r\u00e9otypes de genre pour pr\u00e9venir les violences dans les m\u00e9tiers de l\u2019animation -","og_description":"Violences sexistes et sexuelles chez les adolescent\u00b7es : pr\u00e9venir et agir Depuis sept ans, nous menons de nombreuses interventions de promotion de l\u2019\u00e9galit\u00e9 de genre et d\u2019\u00e9ducation \u00e0 la vie affective, relationnelle et sexuelle aupr\u00e8s de diff\u00e9rents publics, dans lesquelles la question du consentement tient une place majeure. Ces interventions nous montrent \u00e0 quel point&hellip; Continue reading Lutter contres les st\u00e9r\u00e9otypes de genre pour pr\u00e9venir les violences dans les m\u00e9tiers de l\u2019animation","og_url":"https:\/\/loeilduloup.fr\/en\/formations\/formation-adolescence-consentement\/","article_modified_time":"2025-04-16T10:31:13+00:00","og_image":[{"width":1180,"height":435,"url":"https:\/\/loeilduloup.fr\/wp-content\/uploads\/2017\/12\/cropped-Banniere_site_ODL.jpg","type":"image\/jpeg"}],"twitter_card":"summary_large_image","twitter_misc":{"Estimated reading time":"2 minutes"},"schema":{"@context":"https:\/\/schema.org","@graph":[{"@type":"WebPage","@id":"https:\/\/loeilduloup.fr\/formations\/formation-adolescence-consentement\/","url":"https:\/\/loeilduloup.fr\/formations\/formation-adolescence-consentement\/","name":"Lutter contres les st\u00e9r\u00e9otypes de genre pour pr\u00e9venir les violences dans les m\u00e9tiers de l\u2019animation -","isPartOf":{"@id":"https:\/\/loeilduloup.fr\/#website"},"primaryImageOfPage":{"@id":"https:\/\/loeilduloup.fr\/formations\/formation-adolescence-consentement\/#primaryimage"},"image":{"@id":"https:\/\/loeilduloup.fr\/formations\/formation-adolescence-consentement\/#primaryimage"},"thumbnailUrl":"https:\/\/i0.wp.com\/loeilduloup.fr\/wp-content\/uploads\/2017\/12\/cropped-Banniere_site_ODL.jpg?fit=1180%2C435&ssl=1","datePublished":"2022-10-05T14:20:43+00:00","dateModified":"2025-04-16T10:31:13+00:00","breadcrumb":{"@id":"https:\/\/loeilduloup.fr\/formations\/formation-adolescence-consentement\/#breadcrumb"},"inLanguage":"en-GB","potentialAction":[{"@type":"ReadAction","target":["https:\/\/loeilduloup.fr\/formations\/formation-adolescence-consentement\/"]}]},{"@type":"ImageObject","inLanguage":"en-GB","@id":"https:\/\/loeilduloup.fr\/formations\/formation-adolescence-consentement\/#primaryimage","url":"https:\/\/i0.wp.com\/loeilduloup.fr\/wp-content\/uploads\/2017\/12\/cropped-Banniere_site_ODL.jpg?fit=1180%2C435&ssl=1","contentUrl":"https:\/\/i0.wp.com\/loeilduloup.fr\/wp-content\/uploads\/2017\/12\/cropped-Banniere_site_ODL.jpg?fit=1180%2C435&ssl=1","width":1180,"height":435},{"@type":"BreadcrumbList","@id":"https:\/\/loeilduloup.fr\/formations\/formation-adolescence-consentement\/#breadcrumb","itemListElement":[{"@type":"ListItem","position":1,"name":"Accueil","item":"https:\/\/loeilduloup.fr\/"},{"@type":"ListItem","position":2,"name":"Formations","item":"https:\/\/loeilduloup.fr\/formations\/"},{"@type":"ListItem","position":3,"name":"Lutter contres les st\u00e9r\u00e9otypes de genre pour pr\u00e9venir les violences dans les m\u00e9tiers de l\u2019animation"}]},{"@type":"WebSite","@id":"https:\/\/loeilduloup.fr\/#website","url":"https:\/\/loeilduloup.fr\/","name":"","description":"Promoting well-being to reduce violence","potentialAction":[{"@type":"SearchAction","target":{"@type":"EntryPoint","urlTemplate":"https:\/\/loeilduloup.fr\/?s={search_term_string}"},"query-input":{"@type":"PropertyValueSpecification","valueRequired":true,"valueName":"search_term_string"}}],"inLanguage":"en-GB"}]}},"jetpack-related-posts":[{"id":969,"url":"https:\/\/loeilduloup.fr\/en\/ateliers-en-milieu-scolaire\/","url_meta":{"origin":1347,"position":0},"title":"Workshops in schools","author":"L'oeil du Loup","date":"1 September 2022","format":false,"excerpt":"D\u00e9velopper l'esprit critique et la culture du consentement dans la vie amoureuse et sexuelle des adolescents Lors de nos diverses interventions en coll\u00e8ges et lyc\u00e9es, les affirmations et questionnements des jeunes nous montrent \u00e0 quel point la sexualit\u00e9 peut \u00eatre source d\u2019ignorance et de confusion, d\u2019incompr\u00e9hension et d\u2019anxi\u00e9t\u00e9 (modes de\u2026","rel":"","context":"Similar post","block_context":{"text":"Similar post","link":""},"img":{"alt_text":"","src":"https:\/\/i0.wp.com\/loeilduloup.fr\/wp-content\/uploads\/2022\/09\/Bannie%CC%80re-site-scolaire1.png?fit=1200%2C600&ssl=1&resize=350%2C200","width":350,"height":200,"srcset":"https:\/\/i0.wp.com\/loeilduloup.fr\/wp-content\/uploads\/2022\/09\/Bannie%CC%80re-site-scolaire1.png?fit=1200%2C600&ssl=1&resize=350%2C200 1x, https:\/\/i0.wp.com\/loeilduloup.fr\/wp-content\/uploads\/2022\/09\/Bannie%CC%80re-site-scolaire1.png?fit=1200%2C600&ssl=1&resize=525%2C300 1.5x, https:\/\/i0.wp.com\/loeilduloup.fr\/wp-content\/uploads\/2022\/09\/Bannie%CC%80re-site-scolaire1.png?fit=1200%2C600&ssl=1&resize=700%2C400 2x, https:\/\/i0.wp.com\/loeilduloup.fr\/wp-content\/uploads\/2022\/09\/Bannie%CC%80re-site-scolaire1.png?fit=1200%2C600&ssl=1&resize=1050%2C600 3x"},"classes":[]},{"id":27,"url":"https:\/\/loeilduloup.fr\/en\/animations\/","url_meta":{"origin":1347,"position":1},"title":"Entertainment","author":"L'oeil du Loup","date":"11 December 2017","format":false,"excerpt":"Ouvrir une discussion bienveillante et d\u00e9passer les tabous Toutes nos animations sont d\u00e9clinables avec l\u2019ensemble de nos th\u00e9matiques.Elles peuvent \u00eatre co-con\u00e7ues avec vous et adapt\u00e9es \u00e0 vos besoins sp\u00e9cifiques. PUBLICSEnfants, adolescent\u00b7es, adultes FORMATS ET TYPES D'INTERVENTIONS- Groupes de parole et de sensibilisation\u00a0: Une ou plusieurs s\u00e9ances de 2 heures chacune\u2026","rel":"","context":"In \"adolescents\"","block_context":{"text":"adolescents","link":"https:\/\/loeilduloup.fr\/en\/tag\/adolescents\/"},"img":{"alt_text":"","src":"https:\/\/i0.wp.com\/loeilduloup.fr\/wp-content\/uploads\/2022\/09\/Bannie%CC%80re-site-animations-1.png?fit=1200%2C600&ssl=1&resize=350%2C200","width":350,"height":200,"srcset":"https:\/\/i0.wp.com\/loeilduloup.fr\/wp-content\/uploads\/2022\/09\/Bannie%CC%80re-site-animations-1.png?fit=1200%2C600&ssl=1&resize=350%2C200 1x, https:\/\/i0.wp.com\/loeilduloup.fr\/wp-content\/uploads\/2022\/09\/Bannie%CC%80re-site-animations-1.png?fit=1200%2C600&ssl=1&resize=525%2C300 1.5x, https:\/\/i0.wp.com\/loeilduloup.fr\/wp-content\/uploads\/2022\/09\/Bannie%CC%80re-site-animations-1.png?fit=1200%2C600&ssl=1&resize=700%2C400 2x, https:\/\/i0.wp.com\/loeilduloup.fr\/wp-content\/uploads\/2022\/09\/Bannie%CC%80re-site-animations-1.png?fit=1200%2C600&ssl=1&resize=1050%2C600 3x"},"classes":[]},{"id":361,"url":"https:\/\/loeilduloup.fr\/en\/vie-affective-et-sexuelle\/","url_meta":{"origin":1347,"position":2},"title":"Education in emotional, relational and sexual life","author":"L'oeil du Loup","date":"9 April 2018","format":false,"excerpt":"Promouvoir l'\u00e9galit\u00e9 et pr\u00e9venir les violences sont des enjeux de sant\u00e9 L\u2019\u00e9ducation \u00e0 la vie affective, relationnelle et sexuelle (EVARS) est une \u00e9ducation \u00e0 une citoyennet\u00e9 compl\u00e8te promouvant des relations\u00a0 affectives saines, l\u2019imp\u00e9ratif de consentement, la reconnaissance des orientations sexuelles et des minorit\u00e9s de genre et la lutte contre les\u2026","rel":"","context":"In \"coll\u00e8ge\"","block_context":{"text":"coll\u00e8ge","link":"https:\/\/loeilduloup.fr\/en\/tag\/college\/"},"img":{"alt_text":"","src":"https:\/\/i0.wp.com\/loeilduloup.fr\/wp-content\/uploads\/2022\/09\/Bannie%CC%80re-site-scolaire1.png?fit=1200%2C600&ssl=1&resize=350%2C200","width":350,"height":200,"srcset":"https:\/\/i0.wp.com\/loeilduloup.fr\/wp-content\/uploads\/2022\/09\/Bannie%CC%80re-site-scolaire1.png?fit=1200%2C600&ssl=1&resize=350%2C200 1x, https:\/\/i0.wp.com\/loeilduloup.fr\/wp-content\/uploads\/2022\/09\/Bannie%CC%80re-site-scolaire1.png?fit=1200%2C600&ssl=1&resize=525%2C300 1.5x, https:\/\/i0.wp.com\/loeilduloup.fr\/wp-content\/uploads\/2022\/09\/Bannie%CC%80re-site-scolaire1.png?fit=1200%2C600&ssl=1&resize=700%2C400 2x, https:\/\/i0.wp.com\/loeilduloup.fr\/wp-content\/uploads\/2022\/09\/Bannie%CC%80re-site-scolaire1.png?fit=1200%2C600&ssl=1&resize=1050%2C600 3x"},"classes":[]},{"id":802,"url":"https:\/\/loeilduloup.fr\/en\/","url_meta":{"origin":1347,"position":3},"title":"Our perspective","author":"L'oeil du Loup","date":"30 August 2022","format":false,"excerpt":"L\u2019\u0153il du loup est une association de pr\u00e9vention des violences et de promotion du bien-\u00eatre, sp\u00e9cialis\u00e9e dans la pr\u00e9vention des violences sexistes et sexuelles (VSS). Depuis 2015, L\u2019\u0153il du loup d\u00e9veloppe des actions de pr\u00e9vention aupr\u00e8s d\u2019enfants, de jeunes et d\u2019adultes, avec une p\u00e9dagogie active qui allie conscience de soi,\u2026","rel":"","context":"In \"approche\"","block_context":{"text":"approche","link":"https:\/\/loeilduloup.fr\/en\/tag\/approche\/"},"img":{"alt_text":"","src":"https:\/\/i0.wp.com\/loeilduloup.fr\/wp-content\/uploads\/2017\/12\/Banniere_site_ODL.jpg?fit=1200%2C576&ssl=1&resize=350%2C200","width":350,"height":200,"srcset":"https:\/\/i0.wp.com\/loeilduloup.fr\/wp-content\/uploads\/2017\/12\/Banniere_site_ODL.jpg?fit=1200%2C576&ssl=1&resize=350%2C200 1x, https:\/\/i0.wp.com\/loeilduloup.fr\/wp-content\/uploads\/2017\/12\/Banniere_site_ODL.jpg?fit=1200%2C576&ssl=1&resize=525%2C300 1.5x, https:\/\/i0.wp.com\/loeilduloup.fr\/wp-content\/uploads\/2017\/12\/Banniere_site_ODL.jpg?fit=1200%2C576&ssl=1&resize=700%2C400 2x, https:\/\/i0.wp.com\/loeilduloup.fr\/wp-content\/uploads\/2017\/12\/Banniere_site_ODL.jpg?fit=1200%2C576&ssl=1&resize=1050%2C600 3x"},"classes":[]},{"id":946,"url":"https:\/\/loeilduloup.fr\/en\/structures-sociales\/","url_meta":{"origin":1347,"position":4},"title":"Workshops in social organizations","author":"L'oeil du Loup","date":"31 August 2022","format":false,"excerpt":"R\u00e9pondre aux in\u00e9galit\u00e9s sociales de sant\u00e9 Nous collaborons avec diverses structures sociales pour intervenir aupr\u00e8s de femmes victimes de violences, ancien\u00b7nes d\u00e9tenu\u00b7es, personnes au parcours migratoire souvent jalonn\u00e9 de violences... Ces publics dits \"vuln\u00e9rables aux risques de sant\u00e9\" forment des groupes d'une grande h\u00e9t\u00e9rog\u00e9n\u00e9it\u00e9 : ma\u00eetrise du fran\u00e7ais, origine sociale\u2026","rel":"","context":"Similar post","block_context":{"text":"Similar post","link":""},"img":{"alt_text":"","src":"https:\/\/i0.wp.com\/loeilduloup.fr\/wp-content\/uploads\/2022\/10\/Banniere-site-social-scaled.jpg?fit=1200%2C600&ssl=1&resize=350%2C200","width":350,"height":200,"srcset":"https:\/\/i0.wp.com\/loeilduloup.fr\/wp-content\/uploads\/2022\/10\/Banniere-site-social-scaled.jpg?fit=1200%2C600&ssl=1&resize=350%2C200 1x, https:\/\/i0.wp.com\/loeilduloup.fr\/wp-content\/uploads\/2022\/10\/Banniere-site-social-scaled.jpg?fit=1200%2C600&ssl=1&resize=525%2C300 1.5x, https:\/\/i0.wp.com\/loeilduloup.fr\/wp-content\/uploads\/2022\/10\/Banniere-site-social-scaled.jpg?fit=1200%2C600&ssl=1&resize=700%2C400 2x, https:\/\/i0.wp.com\/loeilduloup.fr\/wp-content\/uploads\/2022\/10\/Banniere-site-social-scaled.jpg?fit=1200%2C600&ssl=1&resize=1050%2C600 3x"},"classes":[]},{"id":1988,"url":"https:\/\/loeilduloup.fr\/en\/prevenir-les-violences-sexuelles-et-promouvoir-le-consentement\/","url_meta":{"origin":1347,"position":5},"title":"Pr\u00e9venir les violences sexuelles et promouvoir le consentement","author":"L'oeil du Loup","date":"22 April 2025","format":false,"excerpt":"En Europe, on estime qu\u2019un enfant sur cinq subit des violences sexuelles avant 18\u00a0ans, et nombre d\u2019entre elles restent inconnues ou non signal\u00e9es. Face \u00e0 cette r\u00e9alit\u00e9, les professionnel\u00b7les \u00e0 l\u2019\u00e9cole et dans les structures \u00e9ducatives jouent un r\u00f4le essentiel pour offrir aux jeunes et aux enfants des espaces d'apprentissage\u2026","rel":"","context":"Similar post","block_context":{"text":"Similar post","link":""},"img":{"alt_text":"","src":"","width":0,"height":0},"classes":[]}],"jetpack_sharing_enabled":true,"_links":{"self":[{"href":"https:\/\/loeilduloup.fr\/en\/wp-json\/wp\/v2\/pages\/1347","targetHints":{"allow":["GET"]}}],"collection":[{"href":"https:\/\/loeilduloup.fr\/en\/wp-json\/wp\/v2\/pages"}],"about":[{"href":"https:\/\/loeilduloup.fr\/en\/wp-json\/wp\/v2\/types\/page"}],"author":[{"embeddable":true,"href":"https:\/\/loeilduloup.fr\/en\/wp-json\/wp\/v2\/users\/1"}],"replies":[{"embeddable":true,"href":"https:\/\/loeilduloup.fr\/en\/wp-json\/wp\/v2\/comments?post=1347"}],"version-history":[{"count":15,"href":"https:\/\/loeilduloup.fr\/en\/wp-json\/wp\/v2\/pages\/1347\/revisions"}],"predecessor-version":[{"id":1970,"href":"https:\/\/loeilduloup.fr\/en\/wp-json\/wp\/v2\/pages\/1347\/revisions\/1970"}],"up":[{"embeddable":true,"href":"https:\/\/loeilduloup.fr\/en\/wp-json\/wp\/v2\/pages\/30"}],"wp:featuredmedia":[{"embeddable":true,"href":"https:\/\/loeilduloup.fr\/en\/wp-json\/wp\/v2\/media\/842"}],"wp:attachment":[{"href":"https:\/\/loeilduloup.fr\/en\/wp-json\/wp\/v2\/media?parent=1347"}],"wp:term":[{"taxonomy":"post_tag","embeddable":true,"href":"https:\/\/loeilduloup.fr\/en\/wp-json\/wp\/v2\/tags?post=1347"}],"curies":[{"name":"wp","href":"https:\/\/api.w.org\/{rel}","templated":true}]}}