{"id":1204,"date":"2022-09-06T11:37:25","date_gmt":"2022-09-06T09:37:25","guid":{"rendered":"http:\/\/loeilduloup.fr\/?page_id=1204"},"modified":"2025-04-16T12:33:37","modified_gmt":"2025-04-16T10:33:37","slug":"formation-petite-enfance-egalite","status":"publish","type":"page","link":"https:\/\/loeilduloup.fr\/en\/formations\/formation-petite-enfance-egalite\/","title":{"rendered":"Lutter contres les st\u00e9r\u00e9otypes de genre pour pr\u00e9venir les violences dans les m\u00e9tiers de la petite enfance"},"content":{"rendered":"<p><strong><mark style=\"background-color:rgba(0, 0, 0, 0);color:#aa2d66\" class=\"has-inline-color\">Equality between girls and boys in early childhood care<\/mark><\/strong><\/p>\n\n\n\n<p>Numerous studies have shown that girls and boys receive through attitudes, words and interactions, <strong>different implicit messages that influence their behavior and choices from a very young age<\/strong>. The <a rel=\"noreferrer noopener\" href=\"https:\/\/www.igas.gouv.fr\/spip.php?article306\" target=\"_blank\">IGAS report<\/a>* on \u201cequality between girls and boys in early childhood care\u201d notes that <strong>practices, although perceived by professionals as neutral, actually reinforce stereotypes<\/strong>. This differentiation does not offer the same learning and skills development opportunities to girls and boys, thus helping to perpetuate inequalities.<\/p>\n\n\n\n<p class=\"has-small-font-size\"><em>* Inspection G\u00e9n\u00e9rale des Affaires Sociales<\/em><\/p>\n\n\n\n<p><strong><mark style=\"background-color:rgba(0, 0, 0, 0);color:#66bcbe\" class=\"has-inline-color\">PUBLIC<\/mark><\/strong><br>Early childhood professionals<\/p>\n\n\n\n<div class=\"wp-block-columns is-layout-flex wp-container-core-columns-is-layout-9d6595d7 wp-block-columns-is-layout-flex\">\n<div class=\"wp-block-column is-layout-flow wp-block-column-is-layout-flow\">\n<p><strong><mark style=\"background-color:rgba(0, 0, 0, 0);color:#66bcbe\" class=\"has-inline-color\">AIMS<\/mark><\/strong><\/p>\n\n\n\n<ul class=\"wp-block-list\">\n<li>Becoming aware of stereotypes and their impact on children<\/li>\n\n\n\n<li>Identifying inequalities in professional practices<\/li>\n\n\n\n<li>Promoting an egalitarian educational approach<\/li>\n<\/ul>\n\n\n\n<div class=\"wp-block-columns is-layout-flex wp-container-core-columns-is-layout-9d6595d7 wp-block-columns-is-layout-flex\">\n<div class=\"wp-block-column is-layout-flow wp-block-column-is-layout-flow\">\n<p><strong><mark style=\"background-color:rgba(0, 0, 0, 0);color:#66bcbe\" class=\"has-inline-color\">TEACHING METHODS<\/mark><\/strong><\/p>\n\n\n\n<ul class=\"wp-block-list\">\n<li>Theoretical input: psychosocial, pedagogical, educational and regulatory insights<\/li>\n\n\n\n<li>Interactive approach, adapted to the situations encountered by the participants<\/li>\n\n\n\n<li>Case studies, role-playing, group work<\/li>\n<\/ul>\n<\/div>\n<\/div>\n<\/div>\n\n\n\n<div class=\"wp-block-column is-layout-flow wp-block-column-is-layout-flow\">\n<p><strong><mark style=\"background-color:rgba(0, 0, 0, 0);color:#66bcbe\" class=\"has-inline-color\">CONTENT<\/mark><\/strong><br><mark style=\"background-color:rgba(0, 0, 0, 0);color:#345e5e\" class=\"has-inline-color\"><strong>Gender equality in questions<\/strong><\/mark><\/p>\n\n\n\n<ul class=\"wp-block-list\">\n<li>Stereotypes, prejudices, discrimination: what mechanisms, what issues?<\/li>\n\n\n\n<li>Differentiated socialization: causes and consequences<\/li>\n\n\n\n<li>Child development: contribution of affective and social neuroscience<\/li>\n\n\n\n<li>Preventing violence and abuse: the need for prevention from a very young age<\/li>\n<\/ul>\n\n\n\n<p><mark style=\"background-color:rgba(0, 0, 0, 0);color:#345e5e\" class=\"has-inline-color\"><strong>Promoting equality<\/strong><\/mark><\/p>\n\n\n\n<ul class=\"wp-block-list\">\n<li>Active diversity : opening up the realm of possibilities for children's development<\/li>\n\n\n\n<li>Collaborative work: How can I set up an egalitarian system in my establishment?<\/li>\n\n\n\n<li>How to communicate with parents?<\/li>\n<\/ul>\n<\/div>\n<\/div>\n\n\n\n<p><strong><mark style=\"background-color:rgba(0, 0, 0, 0);color:#66bcbe\" class=\"has-inline-color\">DURATION<\/mark><\/strong><br>1 day (7 hours)<\/p>\n\n\n\n<div class=\"wp-block-buttons is-layout-flex wp-block-buttons-is-layout-flex\">\n<div class=\"wp-block-button\"><a class=\"wp-block-button__link wp-element-button\" href=\"https:\/\/loeilduloup.fr\/wp-content\/uploads\/2025\/04\/Lutter-contres-les-stereotypes-de-genre-pour-prevenir-les-violences-dans-les-metiers-de-la-petite-enfance.pdf\">T\u00e9l\u00e9charger le programme de formation<\/a><\/div>\n<\/div>\n\n\n\n<p class=\"has-text-align-center\"><strong><a href=\"http:\/\/loeilduloup.fr\/en\/contact\/\"><mark style=\"background-color:rgba(0, 0, 0, 0);color:#db6232\" class=\"has-inline-color\">Contact us to organize a training course<\/mark><\/a><\/strong><\/p>\n\n\n\n<p><\/p>","protected":false},"excerpt":{"rendered":"<p>Equality between girls and boys in early childhood care Numerous studies have shown that girls and boys receive different implicit messages through attitudes, words and interactions that influence their behavior and choices from a very young age. The IGAS* report on \u201cequality between girls and boys... <a href=\"https:\/\/loeilduloup.fr\/en\/formations\/formation-petite-enfance-egalite\/\" class=\"more-link\">Continue reading <span class=\"screen-reader-text\">Lutter contres les st\u00e9r\u00e9otypes de genre pour pr\u00e9venir les violences dans les m\u00e9tiers de la petite enfance<\/span><\/a><\/p>","protected":false},"author":1,"featured_media":1226,"parent":30,"menu_order":0,"comment_status":"closed","ping_status":"closed","template":"templates\/full-width-page.php","meta":{"footnotes":""},"tags":[],"class_list":["post-1204","page","type-page","status-publish","has-post-thumbnail","hentry","without-featured-image"],"yoast_head":"<!-- This site is optimized with the Yoast SEO plugin v27.4 - https:\/\/yoast.com\/product\/yoast-seo-wordpress\/ -->\n<title>Lutter contres les st\u00e9r\u00e9otypes de genre pour pr\u00e9venir les violences dans les m\u00e9tiers de la petite enfance -<\/title>\n<meta name=\"robots\" content=\"index, follow, max-snippet:-1, max-image-preview:large, max-video-preview:-1\" \/>\n<link rel=\"canonical\" href=\"https:\/\/loeilduloup.fr\/en\/formations\/formation-petite-enfance-egalite\/\" \/>\n<meta property=\"og:locale\" content=\"en_GB\" \/>\n<meta property=\"og:type\" content=\"article\" \/>\n<meta property=\"og:title\" content=\"Lutter contres les st\u00e9r\u00e9otypes de genre pour pr\u00e9venir les violences dans les m\u00e9tiers de la petite enfance -\" \/>\n<meta property=\"og:description\" content=\"L\u2019\u00e9galit\u00e9 filles-gar\u00e7ons dans les modes d&rsquo;accueil de la petite enfance De nombreuses recherches ont d\u00e9montr\u00e9 que filles et gar\u00e7ons re\u00e7oivent \u00e0 travers des attitudes, paroles et interactions, des messages implicites diff\u00e9rents qui influencent leurs comportements et leurs choix d\u00e8s le plus jeunes \u00e2ge. Le rapport de l\u2019IGAS* sur \u00abl\u2019\u00e9galit\u00e9 entre les filles et les gar\u00e7ons&hellip; Continue reading Lutter contres les st\u00e9r\u00e9otypes de genre pour pr\u00e9venir les violences dans les m\u00e9tiers de la petite enfance\" \/>\n<meta property=\"og:url\" content=\"https:\/\/loeilduloup.fr\/en\/formations\/formation-petite-enfance-egalite\/\" \/>\n<meta property=\"article:modified_time\" content=\"2025-04-16T10:33:37+00:00\" \/>\n<meta property=\"og:image\" content=\"https:\/\/loeilduloup.fr\/wp-content\/uploads\/2022\/09\/pexels-photo-8612921.jpeg\" \/>\n\t<meta property=\"og:image:width\" content=\"1600\" \/>\n\t<meta property=\"og:image:height\" content=\"1067\" \/>\n\t<meta property=\"og:image:type\" content=\"image\/jpeg\" \/>\n<meta name=\"twitter:card\" content=\"summary_large_image\" \/>\n<meta name=\"twitter:label1\" content=\"Estimated reading time\" \/>\n\t<meta name=\"twitter:data1\" content=\"2 minutes\" \/>\n<script type=\"application\/ld+json\" class=\"yoast-schema-graph\">{\"@context\":\"https:\\\/\\\/schema.org\",\"@graph\":[{\"@type\":\"WebPage\",\"@id\":\"https:\\\/\\\/loeilduloup.fr\\\/formations\\\/formation-petite-enfance-egalite\\\/\",\"url\":\"https:\\\/\\\/loeilduloup.fr\\\/formations\\\/formation-petite-enfance-egalite\\\/\",\"name\":\"Lutter contres les st\u00e9r\u00e9otypes de genre pour pr\u00e9venir les violences dans les m\u00e9tiers de la petite enfance -\",\"isPartOf\":{\"@id\":\"https:\\\/\\\/loeilduloup.fr\\\/#website\"},\"primaryImageOfPage\":{\"@id\":\"https:\\\/\\\/loeilduloup.fr\\\/formations\\\/formation-petite-enfance-egalite\\\/#primaryimage\"},\"image\":{\"@id\":\"https:\\\/\\\/loeilduloup.fr\\\/formations\\\/formation-petite-enfance-egalite\\\/#primaryimage\"},\"thumbnailUrl\":\"https:\\\/\\\/i0.wp.com\\\/loeilduloup.fr\\\/wp-content\\\/uploads\\\/2022\\\/09\\\/pexels-photo-8612921.jpeg?fit=1600%2C1067&ssl=1\",\"datePublished\":\"2022-09-06T09:37:25+00:00\",\"dateModified\":\"2025-04-16T10:33:37+00:00\",\"breadcrumb\":{\"@id\":\"https:\\\/\\\/loeilduloup.fr\\\/formations\\\/formation-petite-enfance-egalite\\\/#breadcrumb\"},\"inLanguage\":\"en-GB\",\"potentialAction\":[{\"@type\":\"ReadAction\",\"target\":[\"https:\\\/\\\/loeilduloup.fr\\\/formations\\\/formation-petite-enfance-egalite\\\/\"]}]},{\"@type\":\"ImageObject\",\"inLanguage\":\"en-GB\",\"@id\":\"https:\\\/\\\/loeilduloup.fr\\\/formations\\\/formation-petite-enfance-egalite\\\/#primaryimage\",\"url\":\"https:\\\/\\\/i0.wp.com\\\/loeilduloup.fr\\\/wp-content\\\/uploads\\\/2022\\\/09\\\/pexels-photo-8612921.jpeg?fit=1600%2C1067&ssl=1\",\"contentUrl\":\"https:\\\/\\\/i0.wp.com\\\/loeilduloup.fr\\\/wp-content\\\/uploads\\\/2022\\\/09\\\/pexels-photo-8612921.jpeg?fit=1600%2C1067&ssl=1\",\"width\":1600,\"height\":1067},{\"@type\":\"BreadcrumbList\",\"@id\":\"https:\\\/\\\/loeilduloup.fr\\\/formations\\\/formation-petite-enfance-egalite\\\/#breadcrumb\",\"itemListElement\":[{\"@type\":\"ListItem\",\"position\":1,\"name\":\"Accueil\",\"item\":\"https:\\\/\\\/loeilduloup.fr\\\/\"},{\"@type\":\"ListItem\",\"position\":2,\"name\":\"Formations\",\"item\":\"https:\\\/\\\/loeilduloup.fr\\\/formations\\\/\"},{\"@type\":\"ListItem\",\"position\":3,\"name\":\"Lutter contres les st\u00e9r\u00e9otypes de genre pour pr\u00e9venir les violences dans les m\u00e9tiers de la petite enfance\"}]},{\"@type\":\"WebSite\",\"@id\":\"https:\\\/\\\/loeilduloup.fr\\\/#website\",\"url\":\"https:\\\/\\\/loeilduloup.fr\\\/\",\"name\":\"\",\"description\":\"Promouvoir le bien-\u00eatre pour r\u00e9duire les violences\",\"potentialAction\":[{\"@type\":\"SearchAction\",\"target\":{\"@type\":\"EntryPoint\",\"urlTemplate\":\"https:\\\/\\\/loeilduloup.fr\\\/?s={search_term_string}\"},\"query-input\":{\"@type\":\"PropertyValueSpecification\",\"valueRequired\":true,\"valueName\":\"search_term_string\"}}],\"inLanguage\":\"en-GB\"}]}<\/script>\n<!-- \/ Yoast SEO plugin. -->","yoast_head_json":{"title":"Lutter contres les st\u00e9r\u00e9otypes de genre pour pr\u00e9venir les violences dans les m\u00e9tiers de la petite enfance -","robots":{"index":"index","follow":"follow","max-snippet":"max-snippet:-1","max-image-preview":"max-image-preview:large","max-video-preview":"max-video-preview:-1"},"canonical":"https:\/\/loeilduloup.fr\/en\/formations\/formation-petite-enfance-egalite\/","og_locale":"en_GB","og_type":"article","og_title":"Lutter contres les st\u00e9r\u00e9otypes de genre pour pr\u00e9venir les violences dans les m\u00e9tiers de la petite enfance -","og_description":"L\u2019\u00e9galit\u00e9 filles-gar\u00e7ons dans les modes d&rsquo;accueil de la petite enfance De nombreuses recherches ont d\u00e9montr\u00e9 que filles et gar\u00e7ons re\u00e7oivent \u00e0 travers des attitudes, paroles et interactions, des messages implicites diff\u00e9rents qui influencent leurs comportements et leurs choix d\u00e8s le plus jeunes \u00e2ge. Le rapport de l\u2019IGAS* sur \u00abl\u2019\u00e9galit\u00e9 entre les filles et les gar\u00e7ons&hellip; Continue reading Lutter contres les st\u00e9r\u00e9otypes de genre pour pr\u00e9venir les violences dans les m\u00e9tiers de la petite enfance","og_url":"https:\/\/loeilduloup.fr\/en\/formations\/formation-petite-enfance-egalite\/","article_modified_time":"2025-04-16T10:33:37+00:00","og_image":[{"width":1600,"height":1067,"url":"https:\/\/loeilduloup.fr\/wp-content\/uploads\/2022\/09\/pexels-photo-8612921.jpeg","type":"image\/jpeg"}],"twitter_card":"summary_large_image","twitter_misc":{"Estimated reading time":"2 minutes"},"schema":{"@context":"https:\/\/schema.org","@graph":[{"@type":"WebPage","@id":"https:\/\/loeilduloup.fr\/formations\/formation-petite-enfance-egalite\/","url":"https:\/\/loeilduloup.fr\/formations\/formation-petite-enfance-egalite\/","name":"Lutter contres les st\u00e9r\u00e9otypes de genre pour pr\u00e9venir les violences dans les m\u00e9tiers de la petite enfance -","isPartOf":{"@id":"https:\/\/loeilduloup.fr\/#website"},"primaryImageOfPage":{"@id":"https:\/\/loeilduloup.fr\/formations\/formation-petite-enfance-egalite\/#primaryimage"},"image":{"@id":"https:\/\/loeilduloup.fr\/formations\/formation-petite-enfance-egalite\/#primaryimage"},"thumbnailUrl":"https:\/\/i0.wp.com\/loeilduloup.fr\/wp-content\/uploads\/2022\/09\/pexels-photo-8612921.jpeg?fit=1600%2C1067&ssl=1","datePublished":"2022-09-06T09:37:25+00:00","dateModified":"2025-04-16T10:33:37+00:00","breadcrumb":{"@id":"https:\/\/loeilduloup.fr\/formations\/formation-petite-enfance-egalite\/#breadcrumb"},"inLanguage":"en-GB","potentialAction":[{"@type":"ReadAction","target":["https:\/\/loeilduloup.fr\/formations\/formation-petite-enfance-egalite\/"]}]},{"@type":"ImageObject","inLanguage":"en-GB","@id":"https:\/\/loeilduloup.fr\/formations\/formation-petite-enfance-egalite\/#primaryimage","url":"https:\/\/i0.wp.com\/loeilduloup.fr\/wp-content\/uploads\/2022\/09\/pexels-photo-8612921.jpeg?fit=1600%2C1067&ssl=1","contentUrl":"https:\/\/i0.wp.com\/loeilduloup.fr\/wp-content\/uploads\/2022\/09\/pexels-photo-8612921.jpeg?fit=1600%2C1067&ssl=1","width":1600,"height":1067},{"@type":"BreadcrumbList","@id":"https:\/\/loeilduloup.fr\/formations\/formation-petite-enfance-egalite\/#breadcrumb","itemListElement":[{"@type":"ListItem","position":1,"name":"Accueil","item":"https:\/\/loeilduloup.fr\/"},{"@type":"ListItem","position":2,"name":"Formations","item":"https:\/\/loeilduloup.fr\/formations\/"},{"@type":"ListItem","position":3,"name":"Lutter contres les st\u00e9r\u00e9otypes de genre pour pr\u00e9venir les violences dans les m\u00e9tiers de la petite enfance"}]},{"@type":"WebSite","@id":"https:\/\/loeilduloup.fr\/#website","url":"https:\/\/loeilduloup.fr\/","name":"","description":"Promoting well-being to reduce violence","potentialAction":[{"@type":"SearchAction","target":{"@type":"EntryPoint","urlTemplate":"https:\/\/loeilduloup.fr\/?s={search_term_string}"},"query-input":{"@type":"PropertyValueSpecification","valueRequired":true,"valueName":"search_term_string"}}],"inLanguage":"en-GB"}]}},"jetpack-related-posts":[{"id":1980,"url":"https:\/\/loeilduloup.fr\/en\/promouvoir-legalite-de-genre\/","url_meta":{"origin":1204,"position":0},"title":"Promouvoir l\u2019\u00e9galit\u00e9 de genre","author":"L'oeil du Loup","date":"22 April 2025","format":false,"excerpt":"Contexte et enjeux Tr\u00e8s t\u00f4t, filles et gar\u00e7ons int\u00e9riorisent des \u00ab\u00a0r\u00f4les\u00a0\u00bb genr\u00e9s\u00a0: on pr\u00eate \u00e0 l\u2019un\u00b7e go\u00fbt pour l\u2019aventure, \u00e0 l\u2019autre un int\u00e9r\u00eat pour le soin. Ces assignations invisibles mais puissantes limitent le champ des possibles, orientent les trajectoires scolaires et professionnelles, et participent \u00e0 la reproduction d\u2019in\u00e9galit\u00e9s durables. Pourquoi\u2026","rel":"","context":"Similar post","block_context":{"text":"Similar post","link":""},"img":{"alt_text":"","src":"","width":0,"height":0},"classes":[]},{"id":560,"url":"https:\/\/loeilduloup.fr\/en\/documentaire\/","url_meta":{"origin":1204,"position":1},"title":"Masculinit\u00e9s plurielles","author":"L'oeil du Loup","date":"17 September 2019","format":false,"excerpt":"S\u2019il y a eu beaucoup de travaux et de communication sur les femmes et leur place dans la soci\u00e9t\u00e9, peu s\u2019int\u00e9ressent aux hommes et \u00e0 la mani\u00e8re dont se construisent leurs identit\u00e9s sociales. Les actions en faveur de l\u2019\u00e9galit\u00e9, qui sont de plus en plus encourag\u00e9es, restent focalis\u00e9es sur les\u2026","rel":"","context":"In \"adolescence\"","block_context":{"text":"adolescence","link":"https:\/\/loeilduloup.fr\/en\/tag\/adolescence\/"},"img":{"alt_text":"","src":"https:\/\/i0.wp.com\/loeilduloup.fr\/wp-content\/uploads\/2022\/09\/Capture-de%CC%81cran-2022-09-02-a%CC%80-11.00.24.png?resize=350%2C200&ssl=1","width":350,"height":200,"srcset":"https:\/\/i0.wp.com\/loeilduloup.fr\/wp-content\/uploads\/2022\/09\/Capture-de%CC%81cran-2022-09-02-a%CC%80-11.00.24.png?resize=350%2C200&ssl=1 1x, https:\/\/i0.wp.com\/loeilduloup.fr\/wp-content\/uploads\/2022\/09\/Capture-de%CC%81cran-2022-09-02-a%CC%80-11.00.24.png?resize=525%2C300&ssl=1 1.5x, https:\/\/i0.wp.com\/loeilduloup.fr\/wp-content\/uploads\/2022\/09\/Capture-de%CC%81cran-2022-09-02-a%CC%80-11.00.24.png?resize=700%2C400&ssl=1 2x, https:\/\/i0.wp.com\/loeilduloup.fr\/wp-content\/uploads\/2022\/09\/Capture-de%CC%81cran-2022-09-02-a%CC%80-11.00.24.png?resize=1050%2C600&ssl=1 3x"},"classes":[]},{"id":1347,"url":"https:\/\/loeilduloup.fr\/en\/formations\/formation-adolescence-consentement\/","url_meta":{"origin":1204,"position":2},"title":"Lutter contres les st\u00e9r\u00e9otypes de genre pour pr\u00e9venir les violences dans les m\u00e9tiers de l\u2019animation","author":"L'oeil du Loup","date":"5 October 2022","format":false,"excerpt":"Violences sexistes et sexuelles chez les adolescent\u00b7es : pr\u00e9venir et agir Depuis sept ans, nous menons de nombreuses interventions de promotion de l\u2019\u00e9galit\u00e9 de genre et d\u2019\u00e9ducation \u00e0 la vie affective, relationnelle et sexuelle aupr\u00e8s de diff\u00e9rents publics, dans lesquelles la question du consentement tient une place majeure. Ces interventions\u2026","rel":"","context":"Similar post","block_context":{"text":"Similar post","link":""},"img":{"alt_text":"","src":"https:\/\/i0.wp.com\/loeilduloup.fr\/wp-content\/uploads\/2017\/12\/cropped-Banniere_site_ODL.jpg?fit=1180%2C435&ssl=1&resize=350%2C200","width":350,"height":200,"srcset":"https:\/\/i0.wp.com\/loeilduloup.fr\/wp-content\/uploads\/2017\/12\/cropped-Banniere_site_ODL.jpg?fit=1180%2C435&ssl=1&resize=350%2C200 1x, https:\/\/i0.wp.com\/loeilduloup.fr\/wp-content\/uploads\/2017\/12\/cropped-Banniere_site_ODL.jpg?fit=1180%2C435&ssl=1&resize=525%2C300 1.5x, https:\/\/i0.wp.com\/loeilduloup.fr\/wp-content\/uploads\/2017\/12\/cropped-Banniere_site_ODL.jpg?fit=1180%2C435&ssl=1&resize=700%2C400 2x, https:\/\/i0.wp.com\/loeilduloup.fr\/wp-content\/uploads\/2017\/12\/cropped-Banniere_site_ODL.jpg?fit=1180%2C435&ssl=1&resize=1050%2C600 3x"},"classes":[]},{"id":969,"url":"https:\/\/loeilduloup.fr\/en\/ateliers-en-milieu-scolaire\/","url_meta":{"origin":1204,"position":3},"title":"Workshops in schools","author":"L'oeil du Loup","date":"1 September 2022","format":false,"excerpt":"D\u00e9velopper l'esprit critique et la culture du consentement dans la vie amoureuse et sexuelle des adolescents Lors de nos diverses interventions en coll\u00e8ges et lyc\u00e9es, les affirmations et questionnements des jeunes nous montrent \u00e0 quel point la sexualit\u00e9 peut \u00eatre source d\u2019ignorance et de confusion, d\u2019incompr\u00e9hension et d\u2019anxi\u00e9t\u00e9 (modes de\u2026","rel":"","context":"Similar post","block_context":{"text":"Similar post","link":""},"img":{"alt_text":"","src":"https:\/\/i0.wp.com\/loeilduloup.fr\/wp-content\/uploads\/2022\/09\/Bannie%CC%80re-site-scolaire1.png?fit=1200%2C600&ssl=1&resize=350%2C200","width":350,"height":200,"srcset":"https:\/\/i0.wp.com\/loeilduloup.fr\/wp-content\/uploads\/2022\/09\/Bannie%CC%80re-site-scolaire1.png?fit=1200%2C600&ssl=1&resize=350%2C200 1x, https:\/\/i0.wp.com\/loeilduloup.fr\/wp-content\/uploads\/2022\/09\/Bannie%CC%80re-site-scolaire1.png?fit=1200%2C600&ssl=1&resize=525%2C300 1.5x, https:\/\/i0.wp.com\/loeilduloup.fr\/wp-content\/uploads\/2022\/09\/Bannie%CC%80re-site-scolaire1.png?fit=1200%2C600&ssl=1&resize=700%2C400 2x, https:\/\/i0.wp.com\/loeilduloup.fr\/wp-content\/uploads\/2022\/09\/Bannie%CC%80re-site-scolaire1.png?fit=1200%2C600&ssl=1&resize=1050%2C600 3x"},"classes":[]},{"id":27,"url":"https:\/\/loeilduloup.fr\/en\/animations\/","url_meta":{"origin":1204,"position":4},"title":"Entertainment","author":"L'oeil du Loup","date":"11 December 2017","format":false,"excerpt":"Ouvrir une discussion bienveillante et d\u00e9passer les tabous Toutes nos animations sont d\u00e9clinables avec l\u2019ensemble de nos th\u00e9matiques.Elles peuvent \u00eatre co-con\u00e7ues avec vous et adapt\u00e9es \u00e0 vos besoins sp\u00e9cifiques. PUBLICSEnfants, adolescent\u00b7es, adultes FORMATS ET TYPES D'INTERVENTIONS- Groupes de parole et de sensibilisation\u00a0: Une ou plusieurs s\u00e9ances de 2 heures chacune\u2026","rel":"","context":"In \"adolescents\"","block_context":{"text":"adolescents","link":"https:\/\/loeilduloup.fr\/en\/tag\/adolescents\/"},"img":{"alt_text":"","src":"https:\/\/i0.wp.com\/loeilduloup.fr\/wp-content\/uploads\/2022\/09\/Bannie%CC%80re-site-animations-1.png?fit=1200%2C600&ssl=1&resize=350%2C200","width":350,"height":200,"srcset":"https:\/\/i0.wp.com\/loeilduloup.fr\/wp-content\/uploads\/2022\/09\/Bannie%CC%80re-site-animations-1.png?fit=1200%2C600&ssl=1&resize=350%2C200 1x, https:\/\/i0.wp.com\/loeilduloup.fr\/wp-content\/uploads\/2022\/09\/Bannie%CC%80re-site-animations-1.png?fit=1200%2C600&ssl=1&resize=525%2C300 1.5x, https:\/\/i0.wp.com\/loeilduloup.fr\/wp-content\/uploads\/2022\/09\/Bannie%CC%80re-site-animations-1.png?fit=1200%2C600&ssl=1&resize=700%2C400 2x, https:\/\/i0.wp.com\/loeilduloup.fr\/wp-content\/uploads\/2022\/09\/Bannie%CC%80re-site-animations-1.png?fit=1200%2C600&ssl=1&resize=1050%2C600 3x"},"classes":[]},{"id":361,"url":"https:\/\/loeilduloup.fr\/en\/vie-affective-et-sexuelle\/","url_meta":{"origin":1204,"position":5},"title":"Education in emotional, relational and sexual life","author":"L'oeil du Loup","date":"9 April 2018","format":false,"excerpt":"Promouvoir l'\u00e9galit\u00e9 et pr\u00e9venir les violences sont des enjeux de sant\u00e9 L\u2019\u00e9ducation \u00e0 la vie affective, relationnelle et sexuelle (EVARS) est une \u00e9ducation \u00e0 une citoyennet\u00e9 compl\u00e8te promouvant des relations\u00a0 affectives saines, l\u2019imp\u00e9ratif de consentement, la reconnaissance des orientations sexuelles et des minorit\u00e9s de genre et la lutte contre les\u2026","rel":"","context":"In \"coll\u00e8ge\"","block_context":{"text":"coll\u00e8ge","link":"https:\/\/loeilduloup.fr\/en\/tag\/college\/"},"img":{"alt_text":"","src":"https:\/\/i0.wp.com\/loeilduloup.fr\/wp-content\/uploads\/2022\/09\/Bannie%CC%80re-site-scolaire1.png?fit=1200%2C600&ssl=1&resize=350%2C200","width":350,"height":200,"srcset":"https:\/\/i0.wp.com\/loeilduloup.fr\/wp-content\/uploads\/2022\/09\/Bannie%CC%80re-site-scolaire1.png?fit=1200%2C600&ssl=1&resize=350%2C200 1x, https:\/\/i0.wp.com\/loeilduloup.fr\/wp-content\/uploads\/2022\/09\/Bannie%CC%80re-site-scolaire1.png?fit=1200%2C600&ssl=1&resize=525%2C300 1.5x, https:\/\/i0.wp.com\/loeilduloup.fr\/wp-content\/uploads\/2022\/09\/Bannie%CC%80re-site-scolaire1.png?fit=1200%2C600&ssl=1&resize=700%2C400 2x, https:\/\/i0.wp.com\/loeilduloup.fr\/wp-content\/uploads\/2022\/09\/Bannie%CC%80re-site-scolaire1.png?fit=1200%2C600&ssl=1&resize=1050%2C600 3x"},"classes":[]}],"jetpack_sharing_enabled":true,"_links":{"self":[{"href":"https:\/\/loeilduloup.fr\/en\/wp-json\/wp\/v2\/pages\/1204","targetHints":{"allow":["GET"]}}],"collection":[{"href":"https:\/\/loeilduloup.fr\/en\/wp-json\/wp\/v2\/pages"}],"about":[{"href":"https:\/\/loeilduloup.fr\/en\/wp-json\/wp\/v2\/types\/page"}],"author":[{"embeddable":true,"href":"https:\/\/loeilduloup.fr\/en\/wp-json\/wp\/v2\/users\/1"}],"replies":[{"embeddable":true,"href":"https:\/\/loeilduloup.fr\/en\/wp-json\/wp\/v2\/comments?post=1204"}],"version-history":[{"count":24,"href":"https:\/\/loeilduloup.fr\/en\/wp-json\/wp\/v2\/pages\/1204\/revisions"}],"predecessor-version":[{"id":1971,"href":"https:\/\/loeilduloup.fr\/en\/wp-json\/wp\/v2\/pages\/1204\/revisions\/1971"}],"up":[{"embeddable":true,"href":"https:\/\/loeilduloup.fr\/en\/wp-json\/wp\/v2\/pages\/30"}],"wp:featuredmedia":[{"embeddable":true,"href":"https:\/\/loeilduloup.fr\/en\/wp-json\/wp\/v2\/media\/1226"}],"wp:attachment":[{"href":"https:\/\/loeilduloup.fr\/en\/wp-json\/wp\/v2\/media?parent=1204"}],"wp:term":[{"taxonomy":"post_tag","embeddable":true,"href":"https:\/\/loeilduloup.fr\/en\/wp-json\/wp\/v2\/tags?post=1204"}],"curies":[{"name":"wp","href":"https:\/\/api.w.org\/{rel}","templated":true}]}}